{"id":21015,"date":"2023-05-09T18:20:15","date_gmt":"2023-05-09T16:20:15","guid":{"rendered":"https:\/\/librairie7l.com\/?post_type=product&#038;p=21015"},"modified":"2026-04-05T22:39:18","modified_gmt":"2026-04-05T20:39:18","slug":"djo-bourgeois","status":"publish","type":"product","link":"https:\/\/librairie7l.com\/en\/produit\/djo-bourgeois\/","title":{"rendered":"DJO-BOURGEOIS"},"content":{"rendered":"<p>Georges Bourgeois (1898-1937), dit Djo-Bourgeois est un architecte dont la trajectoire  moderne  est fulgurante. Sorti de l&#8217;\u00e9cole sp\u00e9ciale d&#8217;Architecture en 1922, il pr\u00e9sente tr\u00e8s t\u00f4t ses projets personnels d&#8217;architecture et d&#8217;architecture int\u00e9rieure dans les grands salons de Paris. Ce livre est le premier qui lui est consacr\u00e9 Georges Bourgeois (1898-1937), dit Djo-Bourgeois est un architecte dont la trajectoire  moderne  est fulgurante. Sorti de l&#8217;\u00e9cole sp\u00e9ciale d&#8217;Architecture en 1922, il pr\u00e9sente tr\u00e8s t\u00f4t ses projets personnels d&#8217;architecture et d&#8217;architecture int\u00e9rieure dans les grands salons de Paris : Salon d&#8217;Automne et Salon des Artistes D\u00e9corateurs. <\/p>\n<p> D&#8217;embl\u00e9e son travail r\u00e9v\u00e8le une \u00e9tonnante exigence spatiale, pens\u00e9e \u00e0 partir d&#8217;une minutieuse rationalit\u00e9, d&#8217;une grande modernit\u00e9. Son programme s&#8217;inscrit dans les pas des ma\u00eetres du Bauhaus et du mouvement De Stijl. Son talent est tr\u00e8s vite reconnu par l&#8217;architecte Robert Mallet-Stevens qui lui propose l&#8217;am\u00e9nagement de la Villa des Noailles \u00e0 Hy\u00e8res (1925).<\/p>\n<p> Pr\u00e9curseur, \u00e0 l&#8217;instar de Ren\u00e9 Herbst et Louis Sognot, il c\u00f4toie les fondateurs de l&#8217;UAM (Union des Artistes Modernes), fond\u00e9e en 1929. Il r\u00e9siste cependant \u00e0 la scission avec la soci\u00e9t\u00e9 des Artistes D\u00e9corateurs. Moins dogmatique tout en \u00e9tant fondamentalement moderne et innovant, il produit un mobilier en m\u00e9tal, verre, ciment et bois. Ses int\u00e9rieurs minimalistes lui sont inspir\u00e9s par une volont\u00e9 graphique affirm\u00e9e, port\u00e9e par des compositions de volumes fonctionnels et polyvalents. <\/p>\n<p>Il r\u00e9alise de nombreux int\u00e9rieurs pour des clients priv\u00e9s tout en se consacrant \u00e0 l&#8217;architecture commerciale et \u00e0 la cr\u00e9ation de meubles et de d\u00e9cors de th\u00e9\u00e2tre.<\/p>\n<p>H\u00e9las, la trajectoire de cet artiste sur dou\u00e9, s&#8217;interrompt brutalement \u00e0 la veille de de l&#8217;exposition internationale des arts et des techniques de Paris en 1937. <\/p>\n<p>Ce livre est le premier qui lui est consacr\u00e9, \u00e0 l&#8217;aide de nombreux documents photographiques, textuels et de dessins, qui ont \u00e9t\u00e9 conserv\u00e9 \u00e0 ce jour.<\/p>\n","protected":false},"excerpt":{"rendered":"<p>Georges Bourgeois (1898-1937), dit Djo-Bourgeois est un architecte dont la trajectoire moderne est fulgurante. Sorti de l&#8217;\u00e9cole sp\u00e9ciale d&#8217;Architecture en 1922, il pr\u00e9sente tr\u00e8s t\u00f4t ses projets personnels d&#8217;architecture et d&#8217;architecture int\u00e9rieure dans les grands salons de Paris. Ce livre est le premier qui lui est consacr\u00e9 Georges Bourgeois (1898-1937), dit Djo-Bourgeois est un architecte [&hellip;]<\/p>\n","protected":false},"featured_media":21013,"template":"","meta":[],"product_cat":[2948,2952],"product_tag":[],"acf":[],"yoast_head":"<!-- This site is optimized with the Yoast SEO plugin v20.11 - https:\/\/yoast.com\/wordpress\/plugins\/seo\/ -->\n<title>DJO-BOURGEOIS - Librairie 7L<\/title>\n<meta name=\"robots\" content=\"index, follow, max-snippet:-1, max-image-preview:large, max-video-preview:-1\" \/>\n<link rel=\"canonical\" href=\"https:\/\/librairie7l.com\/en\/produit\/djo-bourgeois\/\" \/>\n<meta property=\"og:locale\" content=\"en_US\" \/>\n<meta property=\"og:type\" content=\"article\" \/>\n<meta property=\"og:title\" content=\"DJO-BOURGEOIS - Librairie 7L\" \/>\n<meta property=\"og:description\" content=\"Georges Bourgeois (1898-1937), dit Djo-Bourgeois est un architecte dont la trajectoire moderne est fulgurante. Sorti de l&#8217;\u00e9cole sp\u00e9ciale d&#8217;Architecture en 1922, il pr\u00e9sente tr\u00e8s t\u00f4t ses projets personnels d&#8217;architecture et d&#8217;architecture int\u00e9rieure dans les grands salons de Paris. Ce livre est le premier qui lui est consacr\u00e9 Georges Bourgeois (1898-1937), dit Djo-Bourgeois est un architecte [&hellip;]\" \/>\n<meta property=\"og:url\" content=\"https:\/\/librairie7l.com\/en\/produit\/djo-bourgeois\/\" \/>\n<meta property=\"og:site_name\" content=\"Librairie 7L\" \/>\n<meta property=\"article:modified_time\" content=\"2026-04-05T20:39:18+00:00\" \/>\n<meta property=\"og:image\" content=\"https:\/\/librairie7l.com\/wp-content\/uploads\/2020\/10\/9782841053971_1_75.jpg\" \/>\n\t<meta property=\"og:image:width\" content=\"400\" \/>\n\t<meta property=\"og:image:height\" content=\"509\" \/>\n\t<meta property=\"og:image:type\" content=\"image\/jpeg\" \/>\n<meta name=\"twitter:card\" content=\"summary_large_image\" \/>\n<meta name=\"twitter:label1\" content=\"Est. reading time\" \/>\n\t<meta name=\"twitter:data1\" content=\"2 minutes\" \/>\n<script type=\"application\/ld+json\" class=\"yoast-schema-graph\">{\"@context\":\"https:\/\/schema.org\",\"@graph\":[{\"@type\":\"WebPage\",\"@id\":\"https:\/\/librairie7l.com\/en\/produit\/djo-bourgeois\/\",\"url\":\"https:\/\/librairie7l.com\/en\/produit\/djo-bourgeois\/\",\"name\":\"DJO-BOURGEOIS - Librairie 7L\",\"isPartOf\":{\"@id\":\"https:\/\/librairie7l.com\/en\/#website\"},\"datePublished\":\"2023-05-09T16:20:15+00:00\",\"dateModified\":\"2026-04-05T20:39:18+00:00\",\"breadcrumb\":{\"@id\":\"https:\/\/librairie7l.com\/en\/produit\/djo-bourgeois\/#breadcrumb\"},\"inLanguage\":\"en-US\",\"potentialAction\":[{\"@type\":\"ReadAction\",\"target\":[\"https:\/\/librairie7l.com\/en\/produit\/djo-bourgeois\/\"]}]},{\"@type\":\"BreadcrumbList\",\"@id\":\"https:\/\/librairie7l.com\/en\/produit\/djo-bourgeois\/#breadcrumb\",\"itemListElement\":[{\"@type\":\"ListItem\",\"position\":1,\"name\":\"Accueil\",\"item\":\"https:\/\/librairie7l.com\/en\/\"},{\"@type\":\"ListItem\",\"position\":2,\"name\":\"Shop\",\"item\":\"https:\/\/librairie7l.com\/en\/shop\/\"},{\"@type\":\"ListItem\",\"position\":3,\"name\":\"DJO-BOURGEOIS\"}]},{\"@type\":\"WebSite\",\"@id\":\"https:\/\/librairie7l.com\/en\/#website\",\"url\":\"https:\/\/librairie7l.com\/en\/\",\"name\":\"Librairie 7L\",\"description\":\"Librairie fond\u00e9e en 1999 par Karl Lagerfeld \u00e0 Paris\",\"publisher\":{\"@id\":\"https:\/\/librairie7l.com\/en\/#organization\"},\"potentialAction\":[{\"@type\":\"SearchAction\",\"target\":{\"@type\":\"EntryPoint\",\"urlTemplate\":\"https:\/\/librairie7l.com\/en\/?s={search_term_string}\"},\"query-input\":\"required name=search_term_string\"}],\"inLanguage\":\"en-US\"},{\"@type\":\"Organization\",\"@id\":\"https:\/\/librairie7l.com\/en\/#organization\",\"name\":\"Librairie 7L\",\"url\":\"https:\/\/librairie7l.com\/en\/\",\"logo\":{\"@type\":\"ImageObject\",\"inLanguage\":\"en-US\",\"@id\":\"https:\/\/librairie7l.com\/en\/#\/schema\/logo\/image\/\",\"url\":\"https:\/\/librairie7l.com\/wp-content\/uploads\/2022\/08\/logo-1.png\",\"contentUrl\":\"https:\/\/librairie7l.com\/wp-content\/uploads\/2022\/08\/logo-1.png\",\"width\":227,\"height\":301,\"caption\":\"Librairie 7L\"},\"image\":{\"@id\":\"https:\/\/librairie7l.com\/en\/#\/schema\/logo\/image\/\"}}]}<\/script>\n<!-- \/ Yoast SEO plugin. -->","yoast_head_json":{"title":"DJO-BOURGEOIS - Librairie 7L","robots":{"index":"index","follow":"follow","max-snippet":"max-snippet:-1","max-image-preview":"max-image-preview:large","max-video-preview":"max-video-preview:-1"},"canonical":"https:\/\/librairie7l.com\/en\/produit\/djo-bourgeois\/","og_locale":"en_US","og_type":"article","og_title":"DJO-BOURGEOIS - Librairie 7L","og_description":"Georges Bourgeois (1898-1937), dit Djo-Bourgeois est un architecte dont la trajectoire moderne est fulgurante. Sorti de l&#8217;\u00e9cole sp\u00e9ciale d&#8217;Architecture en 1922, il pr\u00e9sente tr\u00e8s t\u00f4t ses projets personnels d&#8217;architecture et d&#8217;architecture int\u00e9rieure dans les grands salons de Paris. Ce livre est le premier qui lui est consacr\u00e9 Georges Bourgeois (1898-1937), dit Djo-Bourgeois est un architecte [&hellip;]","og_url":"https:\/\/librairie7l.com\/en\/produit\/djo-bourgeois\/","og_site_name":"Librairie 7L","article_modified_time":"2026-04-05T20:39:18+00:00","og_image":[{"width":400,"height":509,"url":"https:\/\/librairie7l.com\/wp-content\/uploads\/2020\/10\/9782841053971_1_75.jpg","type":"image\/jpeg"}],"twitter_card":"summary_large_image","twitter_misc":{"Est. reading time":"2 minutes"},"schema":{"@context":"https:\/\/schema.org","@graph":[{"@type":"WebPage","@id":"https:\/\/librairie7l.com\/en\/produit\/djo-bourgeois\/","url":"https:\/\/librairie7l.com\/en\/produit\/djo-bourgeois\/","name":"DJO-BOURGEOIS - Librairie 7L","isPartOf":{"@id":"https:\/\/librairie7l.com\/en\/#website"},"datePublished":"2023-05-09T16:20:15+00:00","dateModified":"2026-04-05T20:39:18+00:00","breadcrumb":{"@id":"https:\/\/librairie7l.com\/en\/produit\/djo-bourgeois\/#breadcrumb"},"inLanguage":"en-US","potentialAction":[{"@type":"ReadAction","target":["https:\/\/librairie7l.com\/en\/produit\/djo-bourgeois\/"]}]},{"@type":"BreadcrumbList","@id":"https:\/\/librairie7l.com\/en\/produit\/djo-bourgeois\/#breadcrumb","itemListElement":[{"@type":"ListItem","position":1,"name":"Accueil","item":"https:\/\/librairie7l.com\/en\/"},{"@type":"ListItem","position":2,"name":"Shop","item":"https:\/\/librairie7l.com\/en\/shop\/"},{"@type":"ListItem","position":3,"name":"DJO-BOURGEOIS"}]},{"@type":"WebSite","@id":"https:\/\/librairie7l.com\/en\/#website","url":"https:\/\/librairie7l.com\/en\/","name":"Librairie 7L","description":"Librairie fond\u00e9e en 1999 par Karl Lagerfeld \u00e0 Paris","publisher":{"@id":"https:\/\/librairie7l.com\/en\/#organization"},"potentialAction":[{"@type":"SearchAction","target":{"@type":"EntryPoint","urlTemplate":"https:\/\/librairie7l.com\/en\/?s={search_term_string}"},"query-input":"required name=search_term_string"}],"inLanguage":"en-US"},{"@type":"Organization","@id":"https:\/\/librairie7l.com\/en\/#organization","name":"Librairie 7L","url":"https:\/\/librairie7l.com\/en\/","logo":{"@type":"ImageObject","inLanguage":"en-US","@id":"https:\/\/librairie7l.com\/en\/#\/schema\/logo\/image\/","url":"https:\/\/librairie7l.com\/wp-content\/uploads\/2022\/08\/logo-1.png","contentUrl":"https:\/\/librairie7l.com\/wp-content\/uploads\/2022\/08\/logo-1.png","width":227,"height":301,"caption":"Librairie 7L"},"image":{"@id":"https:\/\/librairie7l.com\/en\/#\/schema\/logo\/image\/"}}]}},"_links":{"self":[{"href":"https:\/\/librairie7l.com\/en\/wp-json\/wp\/v2\/product\/21015"}],"collection":[{"href":"https:\/\/librairie7l.com\/en\/wp-json\/wp\/v2\/product"}],"about":[{"href":"https:\/\/librairie7l.com\/en\/wp-json\/wp\/v2\/types\/product"}],"wp:featuredmedia":[{"embeddable":true,"href":"https:\/\/librairie7l.com\/en\/wp-json\/wp\/v2\/media\/21013"}],"wp:attachment":[{"href":"https:\/\/librairie7l.com\/en\/wp-json\/wp\/v2\/media?parent=21015"}],"wp:term":[{"taxonomy":"product_cat","embeddable":true,"href":"https:\/\/librairie7l.com\/en\/wp-json\/wp\/v2\/product_cat?post=21015"},{"taxonomy":"product_tag","embeddable":true,"href":"https:\/\/librairie7l.com\/en\/wp-json\/wp\/v2\/product_tag?post=21015"}],"curies":[{"name":"wp","href":"https:\/\/api.w.org\/{rel}","templated":true}]}}