{"id":21071,"date":"2023-05-09T18:21:05","date_gmt":"2023-05-09T16:21:05","guid":{"rendered":"https:\/\/librairie7l.com\/?post_type=product&#038;p=21071"},"modified":"2026-04-23T10:27:59","modified_gmt":"2026-04-23T08:27:59","slug":"the-monocle-book-of-the-nordics-and-beyond","status":"publish","type":"product","link":"https:\/\/librairie7l.com\/en\/produit\/the-monocle-book-of-the-nordics-and-beyond\/","title":{"rendered":"THE MONOCLE BOOK OF THE NORDICS AND BEYOND"},"content":{"rendered":"<p>Nouvel opus dans la s\u00e9rie des livres \u00e9manant de la revue Monocle, \u00e9dit\u00e9s par Tyler Brul\u00e9. Ce volume consacr\u00e9 \u00e0 la Scandinavie s&#8217;attache \u00e0 en distinguer les diff\u00e9rents pays, et loin des clich\u00e9s du hygge et du d\u00e9veloppement personnel, explore leurs valeurs partag\u00e9es, leur diplomatie particuli\u00e8re, leur rapport aux traditions et \u00e0 la modernit\u00e9.<\/p>\n","protected":false},"excerpt":{"rendered":"<p>Nouvel opus dans la s\u00e9rie des livres \u00e9manant de la revue Monocle, \u00e9dit\u00e9s par Tyler Brul\u00e9. Ce volume consacr\u00e9 \u00e0 la Scandinavie s&#8217;attache \u00e0 en distinguer les diff\u00e9rents pays, et loin des clich\u00e9s du hygge et du d\u00e9veloppement personnel, explore leurs valeurs partag\u00e9es, leur diplomatie particuli\u00e8re, leur rapport aux traditions et \u00e0 la modernit\u00e9.<\/p>\n","protected":false},"featured_media":21069,"template":"","meta":[],"product_cat":[2948,2952],"product_tag":[],"acf":[],"yoast_head":"<!-- This site is optimized with the Yoast SEO plugin v20.11 - https:\/\/yoast.com\/wordpress\/plugins\/seo\/ -->\n<title>THE MONOCLE BOOK OF THE NORDICS AND BEYOND - Librairie 7L<\/title>\n<meta name=\"robots\" content=\"index, follow, max-snippet:-1, max-image-preview:large, max-video-preview:-1\" \/>\n<link rel=\"canonical\" href=\"https:\/\/librairie7l.com\/en\/produit\/the-monocle-book-of-the-nordics-and-beyond\/\" \/>\n<meta property=\"og:locale\" content=\"en_US\" \/>\n<meta property=\"og:type\" content=\"article\" \/>\n<meta property=\"og:title\" content=\"THE MONOCLE BOOK OF THE NORDICS AND BEYOND - Librairie 7L\" \/>\n<meta property=\"og:description\" content=\"Nouvel opus dans la s\u00e9rie des livres \u00e9manant de la revue Monocle, \u00e9dit\u00e9s par Tyler Brul\u00e9. Ce volume consacr\u00e9 \u00e0 la Scandinavie s&#8217;attache \u00e0 en distinguer les diff\u00e9rents pays, et loin des clich\u00e9s du hygge et du d\u00e9veloppement personnel, explore leurs valeurs partag\u00e9es, leur diplomatie particuli\u00e8re, leur rapport aux traditions et \u00e0 la modernit\u00e9.\" \/>\n<meta property=\"og:url\" content=\"https:\/\/librairie7l.com\/en\/produit\/the-monocle-book-of-the-nordics-and-beyond\/\" \/>\n<meta property=\"og:site_name\" content=\"Librairie 7L\" \/>\n<meta property=\"article:modified_time\" content=\"2026-04-23T08:27:59+00:00\" \/>\n<meta property=\"og:image\" content=\"https:\/\/librairie7l.com\/wp-content\/uploads\/2022\/01\/9780500971215_1_75.jpg\" \/>\n\t<meta property=\"og:image:width\" content=\"379\" \/>\n\t<meta property=\"og:image:height\" content=\"500\" \/>\n\t<meta property=\"og:image:type\" content=\"image\/jpeg\" \/>\n<meta name=\"twitter:card\" content=\"summary_large_image\" \/>\n<script type=\"application\/ld+json\" class=\"yoast-schema-graph\">{\"@context\":\"https:\/\/schema.org\",\"@graph\":[{\"@type\":\"WebPage\",\"@id\":\"https:\/\/librairie7l.com\/en\/produit\/the-monocle-book-of-the-nordics-and-beyond\/\",\"url\":\"https:\/\/librairie7l.com\/en\/produit\/the-monocle-book-of-the-nordics-and-beyond\/\",\"name\":\"THE MONOCLE BOOK OF THE NORDICS AND BEYOND - Librairie 7L\",\"isPartOf\":{\"@id\":\"https:\/\/librairie7l.com\/en\/#website\"},\"datePublished\":\"2023-05-09T16:21:05+00:00\",\"dateModified\":\"2026-04-23T08:27:59+00:00\",\"breadcrumb\":{\"@id\":\"https:\/\/librairie7l.com\/en\/produit\/the-monocle-book-of-the-nordics-and-beyond\/#breadcrumb\"},\"inLanguage\":\"en-US\",\"potentialAction\":[{\"@type\":\"ReadAction\",\"target\":[\"https:\/\/librairie7l.com\/en\/produit\/the-monocle-book-of-the-nordics-and-beyond\/\"]}]},{\"@type\":\"BreadcrumbList\",\"@id\":\"https:\/\/librairie7l.com\/en\/produit\/the-monocle-book-of-the-nordics-and-beyond\/#breadcrumb\",\"itemListElement\":[{\"@type\":\"ListItem\",\"position\":1,\"name\":\"Accueil\",\"item\":\"https:\/\/librairie7l.com\/en\/\"},{\"@type\":\"ListItem\",\"position\":2,\"name\":\"Shop\",\"item\":\"https:\/\/librairie7l.com\/en\/shop\/\"},{\"@type\":\"ListItem\",\"position\":3,\"name\":\"THE MONOCLE BOOK OF THE NORDICS AND BEYOND\"}]},{\"@type\":\"WebSite\",\"@id\":\"https:\/\/librairie7l.com\/en\/#website\",\"url\":\"https:\/\/librairie7l.com\/en\/\",\"name\":\"Librairie 7L\",\"description\":\"Librairie fond\u00e9e en 1999 par Karl Lagerfeld \u00e0 Paris\",\"publisher\":{\"@id\":\"https:\/\/librairie7l.com\/en\/#organization\"},\"potentialAction\":[{\"@type\":\"SearchAction\",\"target\":{\"@type\":\"EntryPoint\",\"urlTemplate\":\"https:\/\/librairie7l.com\/en\/?s={search_term_string}\"},\"query-input\":\"required name=search_term_string\"}],\"inLanguage\":\"en-US\"},{\"@type\":\"Organization\",\"@id\":\"https:\/\/librairie7l.com\/en\/#organization\",\"name\":\"Librairie 7L\",\"url\":\"https:\/\/librairie7l.com\/en\/\",\"logo\":{\"@type\":\"ImageObject\",\"inLanguage\":\"en-US\",\"@id\":\"https:\/\/librairie7l.com\/en\/#\/schema\/logo\/image\/\",\"url\":\"https:\/\/librairie7l.com\/wp-content\/uploads\/2022\/08\/logo-1.png\",\"contentUrl\":\"https:\/\/librairie7l.com\/wp-content\/uploads\/2022\/08\/logo-1.png\",\"width\":227,\"height\":301,\"caption\":\"Librairie 7L\"},\"image\":{\"@id\":\"https:\/\/librairie7l.com\/en\/#\/schema\/logo\/image\/\"}}]}<\/script>\n<!-- \/ Yoast SEO plugin. -->","yoast_head_json":{"title":"THE MONOCLE BOOK OF THE NORDICS AND BEYOND - Librairie 7L","robots":{"index":"index","follow":"follow","max-snippet":"max-snippet:-1","max-image-preview":"max-image-preview:large","max-video-preview":"max-video-preview:-1"},"canonical":"https:\/\/librairie7l.com\/en\/produit\/the-monocle-book-of-the-nordics-and-beyond\/","og_locale":"en_US","og_type":"article","og_title":"THE MONOCLE BOOK OF THE NORDICS AND BEYOND - Librairie 7L","og_description":"Nouvel opus dans la s\u00e9rie des livres \u00e9manant de la revue Monocle, \u00e9dit\u00e9s par Tyler Brul\u00e9. Ce volume consacr\u00e9 \u00e0 la Scandinavie s&#8217;attache \u00e0 en distinguer les diff\u00e9rents pays, et loin des clich\u00e9s du hygge et du d\u00e9veloppement personnel, explore leurs valeurs partag\u00e9es, leur diplomatie particuli\u00e8re, leur rapport aux traditions et \u00e0 la modernit\u00e9.","og_url":"https:\/\/librairie7l.com\/en\/produit\/the-monocle-book-of-the-nordics-and-beyond\/","og_site_name":"Librairie 7L","article_modified_time":"2026-04-23T08:27:59+00:00","og_image":[{"width":379,"height":500,"url":"https:\/\/librairie7l.com\/wp-content\/uploads\/2022\/01\/9780500971215_1_75.jpg","type":"image\/jpeg"}],"twitter_card":"summary_large_image","schema":{"@context":"https:\/\/schema.org","@graph":[{"@type":"WebPage","@id":"https:\/\/librairie7l.com\/en\/produit\/the-monocle-book-of-the-nordics-and-beyond\/","url":"https:\/\/librairie7l.com\/en\/produit\/the-monocle-book-of-the-nordics-and-beyond\/","name":"THE MONOCLE BOOK OF THE NORDICS AND BEYOND - Librairie 7L","isPartOf":{"@id":"https:\/\/librairie7l.com\/en\/#website"},"datePublished":"2023-05-09T16:21:05+00:00","dateModified":"2026-04-23T08:27:59+00:00","breadcrumb":{"@id":"https:\/\/librairie7l.com\/en\/produit\/the-monocle-book-of-the-nordics-and-beyond\/#breadcrumb"},"inLanguage":"en-US","potentialAction":[{"@type":"ReadAction","target":["https:\/\/librairie7l.com\/en\/produit\/the-monocle-book-of-the-nordics-and-beyond\/"]}]},{"@type":"BreadcrumbList","@id":"https:\/\/librairie7l.com\/en\/produit\/the-monocle-book-of-the-nordics-and-beyond\/#breadcrumb","itemListElement":[{"@type":"ListItem","position":1,"name":"Accueil","item":"https:\/\/librairie7l.com\/en\/"},{"@type":"ListItem","position":2,"name":"Shop","item":"https:\/\/librairie7l.com\/en\/shop\/"},{"@type":"ListItem","position":3,"name":"THE MONOCLE BOOK OF THE NORDICS AND BEYOND"}]},{"@type":"WebSite","@id":"https:\/\/librairie7l.com\/en\/#website","url":"https:\/\/librairie7l.com\/en\/","name":"Librairie 7L","description":"Librairie fond\u00e9e en 1999 par Karl Lagerfeld \u00e0 Paris","publisher":{"@id":"https:\/\/librairie7l.com\/en\/#organization"},"potentialAction":[{"@type":"SearchAction","target":{"@type":"EntryPoint","urlTemplate":"https:\/\/librairie7l.com\/en\/?s={search_term_string}"},"query-input":"required name=search_term_string"}],"inLanguage":"en-US"},{"@type":"Organization","@id":"https:\/\/librairie7l.com\/en\/#organization","name":"Librairie 7L","url":"https:\/\/librairie7l.com\/en\/","logo":{"@type":"ImageObject","inLanguage":"en-US","@id":"https:\/\/librairie7l.com\/en\/#\/schema\/logo\/image\/","url":"https:\/\/librairie7l.com\/wp-content\/uploads\/2022\/08\/logo-1.png","contentUrl":"https:\/\/librairie7l.com\/wp-content\/uploads\/2022\/08\/logo-1.png","width":227,"height":301,"caption":"Librairie 7L"},"image":{"@id":"https:\/\/librairie7l.com\/en\/#\/schema\/logo\/image\/"}}]}},"_links":{"self":[{"href":"https:\/\/librairie7l.com\/en\/wp-json\/wp\/v2\/product\/21071"}],"collection":[{"href":"https:\/\/librairie7l.com\/en\/wp-json\/wp\/v2\/product"}],"about":[{"href":"https:\/\/librairie7l.com\/en\/wp-json\/wp\/v2\/types\/product"}],"wp:featuredmedia":[{"embeddable":true,"href":"https:\/\/librairie7l.com\/en\/wp-json\/wp\/v2\/media\/21069"}],"wp:attachment":[{"href":"https:\/\/librairie7l.com\/en\/wp-json\/wp\/v2\/media?parent=21071"}],"wp:term":[{"taxonomy":"product_cat","embeddable":true,"href":"https:\/\/librairie7l.com\/en\/wp-json\/wp\/v2\/product_cat?post=21071"},{"taxonomy":"product_tag","embeddable":true,"href":"https:\/\/librairie7l.com\/en\/wp-json\/wp\/v2\/product_tag?post=21071"}],"curies":[{"name":"wp","href":"https:\/\/api.w.org\/{rel}","templated":true}]}}