{"id":21131,"date":"2023-05-09T18:21:54","date_gmt":"2023-05-09T16:21:54","guid":{"rendered":"https:\/\/librairie7l.com\/?post_type=product&#038;p=21131"},"modified":"2026-04-07T03:53:11","modified_gmt":"2026-04-07T01:53:11","slug":"jean-francois-dubreuil","status":"publish","type":"product","link":"https:\/\/librairie7l.com\/en\/produit\/jean-francois-dubreuil\/","title":{"rendered":"JEAN FRANCOIS DUBREUIL"},"content":{"rendered":"<p>Jean-Fran\u00e7ois Dubreuil est n\u00e9 en 1946 et vit \u00e0 Paris. Repr\u00e9sent\u00e9 par plusieurs galeries, dont Lahumi\u00e8re en France, ses oeuvres sont pr\u00e9sentes dans de nombreuses collections priv\u00e9es et publiques (Espace de l&#8217;Art Concret \u00e0 Mouans-Sartoux, Frac de Normandie-Caen, de Bourgogne et de Bretagne). Autodidacte et m\u00e9thodique, il a, au milieu des ann\u00e9es 1970, mis au point un syst\u00e8me intangible de report sur tableau des diff\u00e9rentes surfaces de journaux de la presse quotidienne r\u00e9gionale, nationale et internationale. \u00c0 la base, le rouge pour la publicit\u00e9, le noir pour la photographie et le gris ou le blanc pour tout ce qui n&#8217;est pas attribu\u00e9 \u00e0 une autre couleur. Le r\u00e9sultat visuel, d&#8217;une originalit\u00e9, d&#8217;une force et d&#8217;une vari\u00e9t\u00e9 \u00e9tonnantes, peut faire un instant croire \u00e0 de la peinture abstraite g\u00e9om\u00e9trique, de celle des h\u00e9ritiers de Mondrian ou d&#8217;Aurelie Nemours. Il s&#8217;agit en fait d&#8217;une oeuvre r\u00e9solument conceptuelle de laquelle l&#8217;irr\u00e9v\u00e9rence dada\u00efste n&#8217;est jamais absente : une peinture aussi joyeuse que rigoureuse, parsem\u00e9e de leurres, certes fond\u00e9e sur un programme mais ouverte au hasard et o\u00f9 la pr\u00e9visibilit\u00e9 n&#8217;exclut pas la surprise.<br \/>\nCette monographie est la premi\u00e8re consacr\u00e9e \u00e0 l&#8217;artiste. L&#8217;auteur, le critique d&#8217;art Jean-Marc Huitorel, suit et d\u00e9fend ce travail depuis une trentaine d&#8217;ann\u00e9es.<\/p>\n","protected":false},"excerpt":{"rendered":"<p>Jean-Fran\u00e7ois Dubreuil est n\u00e9 en 1946 et vit \u00e0 Paris. Repr\u00e9sent\u00e9 par plusieurs galeries, dont Lahumi\u00e8re en France, ses oeuvres sont pr\u00e9sentes dans de nombreuses collections priv\u00e9es et publiques (Espace de l&#8217;Art Concret \u00e0 Mouans-Sartoux, Frac de Normandie-Caen, de Bourgogne et de Bretagne). Autodidacte et m\u00e9thodique, il a, au milieu des ann\u00e9es 1970, mis au [&hellip;]<\/p>\n","protected":false},"featured_media":21129,"template":"","meta":[],"product_cat":[2948,2953],"product_tag":[],"acf":[],"yoast_head":"<!-- This site is optimized with the Yoast SEO plugin v20.11 - https:\/\/yoast.com\/wordpress\/plugins\/seo\/ -->\n<title>JEAN FRANCOIS DUBREUIL - Librairie 7L<\/title>\n<meta name=\"robots\" content=\"index, follow, max-snippet:-1, max-image-preview:large, max-video-preview:-1\" \/>\n<link rel=\"canonical\" href=\"https:\/\/librairie7l.com\/en\/produit\/jean-francois-dubreuil\/\" \/>\n<meta property=\"og:locale\" content=\"en_US\" \/>\n<meta property=\"og:type\" content=\"article\" \/>\n<meta property=\"og:title\" content=\"JEAN FRANCOIS DUBREUIL - Librairie 7L\" \/>\n<meta property=\"og:description\" content=\"Jean-Fran\u00e7ois Dubreuil est n\u00e9 en 1946 et vit \u00e0 Paris. Repr\u00e9sent\u00e9 par plusieurs galeries, dont Lahumi\u00e8re en France, ses oeuvres sont pr\u00e9sentes dans de nombreuses collections priv\u00e9es et publiques (Espace de l&#8217;Art Concret \u00e0 Mouans-Sartoux, Frac de Normandie-Caen, de Bourgogne et de Bretagne). Autodidacte et m\u00e9thodique, il a, au milieu des ann\u00e9es 1970, mis au [&hellip;]\" \/>\n<meta property=\"og:url\" content=\"https:\/\/librairie7l.com\/en\/produit\/jean-francois-dubreuil\/\" \/>\n<meta property=\"og:site_name\" content=\"Librairie 7L\" \/>\n<meta property=\"article:modified_time\" content=\"2026-04-07T01:53:11+00:00\" \/>\n<meta property=\"og:image\" content=\"https:\/\/librairie7l.com\/wp-content\/uploads\/2022\/08\/9782841054138_1_75.jpg\" \/>\n\t<meta property=\"og:image:width\" content=\"600\" \/>\n\t<meta property=\"og:image:height\" content=\"740\" \/>\n\t<meta property=\"og:image:type\" content=\"image\/jpeg\" \/>\n<meta name=\"twitter:card\" content=\"summary_large_image\" \/>\n<meta name=\"twitter:label1\" content=\"Est. reading time\" \/>\n\t<meta name=\"twitter:data1\" content=\"1 minute\" \/>\n<script type=\"application\/ld+json\" class=\"yoast-schema-graph\">{\"@context\":\"https:\/\/schema.org\",\"@graph\":[{\"@type\":\"WebPage\",\"@id\":\"https:\/\/librairie7l.com\/en\/produit\/jean-francois-dubreuil\/\",\"url\":\"https:\/\/librairie7l.com\/en\/produit\/jean-francois-dubreuil\/\",\"name\":\"JEAN FRANCOIS DUBREUIL - Librairie 7L\",\"isPartOf\":{\"@id\":\"https:\/\/librairie7l.com\/en\/#website\"},\"datePublished\":\"2023-05-09T16:21:54+00:00\",\"dateModified\":\"2026-04-07T01:53:11+00:00\",\"breadcrumb\":{\"@id\":\"https:\/\/librairie7l.com\/en\/produit\/jean-francois-dubreuil\/#breadcrumb\"},\"inLanguage\":\"en-US\",\"potentialAction\":[{\"@type\":\"ReadAction\",\"target\":[\"https:\/\/librairie7l.com\/en\/produit\/jean-francois-dubreuil\/\"]}]},{\"@type\":\"BreadcrumbList\",\"@id\":\"https:\/\/librairie7l.com\/en\/produit\/jean-francois-dubreuil\/#breadcrumb\",\"itemListElement\":[{\"@type\":\"ListItem\",\"position\":1,\"name\":\"Accueil\",\"item\":\"https:\/\/librairie7l.com\/en\/\"},{\"@type\":\"ListItem\",\"position\":2,\"name\":\"Shop\",\"item\":\"https:\/\/librairie7l.com\/en\/shop\/\"},{\"@type\":\"ListItem\",\"position\":3,\"name\":\"JEAN FRANCOIS DUBREUIL\"}]},{\"@type\":\"WebSite\",\"@id\":\"https:\/\/librairie7l.com\/en\/#website\",\"url\":\"https:\/\/librairie7l.com\/en\/\",\"name\":\"Librairie 7L\",\"description\":\"Librairie fond\u00e9e en 1999 par Karl Lagerfeld \u00e0 Paris\",\"publisher\":{\"@id\":\"https:\/\/librairie7l.com\/en\/#organization\"},\"potentialAction\":[{\"@type\":\"SearchAction\",\"target\":{\"@type\":\"EntryPoint\",\"urlTemplate\":\"https:\/\/librairie7l.com\/en\/?s={search_term_string}\"},\"query-input\":\"required name=search_term_string\"}],\"inLanguage\":\"en-US\"},{\"@type\":\"Organization\",\"@id\":\"https:\/\/librairie7l.com\/en\/#organization\",\"name\":\"Librairie 7L\",\"url\":\"https:\/\/librairie7l.com\/en\/\",\"logo\":{\"@type\":\"ImageObject\",\"inLanguage\":\"en-US\",\"@id\":\"https:\/\/librairie7l.com\/en\/#\/schema\/logo\/image\/\",\"url\":\"https:\/\/librairie7l.com\/wp-content\/uploads\/2022\/08\/logo-1.png\",\"contentUrl\":\"https:\/\/librairie7l.com\/wp-content\/uploads\/2022\/08\/logo-1.png\",\"width\":227,\"height\":301,\"caption\":\"Librairie 7L\"},\"image\":{\"@id\":\"https:\/\/librairie7l.com\/en\/#\/schema\/logo\/image\/\"}}]}<\/script>\n<!-- \/ Yoast SEO plugin. -->","yoast_head_json":{"title":"JEAN FRANCOIS DUBREUIL - Librairie 7L","robots":{"index":"index","follow":"follow","max-snippet":"max-snippet:-1","max-image-preview":"max-image-preview:large","max-video-preview":"max-video-preview:-1"},"canonical":"https:\/\/librairie7l.com\/en\/produit\/jean-francois-dubreuil\/","og_locale":"en_US","og_type":"article","og_title":"JEAN FRANCOIS DUBREUIL - Librairie 7L","og_description":"Jean-Fran\u00e7ois Dubreuil est n\u00e9 en 1946 et vit \u00e0 Paris. Repr\u00e9sent\u00e9 par plusieurs galeries, dont Lahumi\u00e8re en France, ses oeuvres sont pr\u00e9sentes dans de nombreuses collections priv\u00e9es et publiques (Espace de l&#8217;Art Concret \u00e0 Mouans-Sartoux, Frac de Normandie-Caen, de Bourgogne et de Bretagne). Autodidacte et m\u00e9thodique, il a, au milieu des ann\u00e9es 1970, mis au [&hellip;]","og_url":"https:\/\/librairie7l.com\/en\/produit\/jean-francois-dubreuil\/","og_site_name":"Librairie 7L","article_modified_time":"2026-04-07T01:53:11+00:00","og_image":[{"width":600,"height":740,"url":"https:\/\/librairie7l.com\/wp-content\/uploads\/2022\/08\/9782841054138_1_75.jpg","type":"image\/jpeg"}],"twitter_card":"summary_large_image","twitter_misc":{"Est. reading time":"1 minute"},"schema":{"@context":"https:\/\/schema.org","@graph":[{"@type":"WebPage","@id":"https:\/\/librairie7l.com\/en\/produit\/jean-francois-dubreuil\/","url":"https:\/\/librairie7l.com\/en\/produit\/jean-francois-dubreuil\/","name":"JEAN FRANCOIS DUBREUIL - Librairie 7L","isPartOf":{"@id":"https:\/\/librairie7l.com\/en\/#website"},"datePublished":"2023-05-09T16:21:54+00:00","dateModified":"2026-04-07T01:53:11+00:00","breadcrumb":{"@id":"https:\/\/librairie7l.com\/en\/produit\/jean-francois-dubreuil\/#breadcrumb"},"inLanguage":"en-US","potentialAction":[{"@type":"ReadAction","target":["https:\/\/librairie7l.com\/en\/produit\/jean-francois-dubreuil\/"]}]},{"@type":"BreadcrumbList","@id":"https:\/\/librairie7l.com\/en\/produit\/jean-francois-dubreuil\/#breadcrumb","itemListElement":[{"@type":"ListItem","position":1,"name":"Accueil","item":"https:\/\/librairie7l.com\/en\/"},{"@type":"ListItem","position":2,"name":"Shop","item":"https:\/\/librairie7l.com\/en\/shop\/"},{"@type":"ListItem","position":3,"name":"JEAN FRANCOIS DUBREUIL"}]},{"@type":"WebSite","@id":"https:\/\/librairie7l.com\/en\/#website","url":"https:\/\/librairie7l.com\/en\/","name":"Librairie 7L","description":"Librairie fond\u00e9e en 1999 par Karl Lagerfeld \u00e0 Paris","publisher":{"@id":"https:\/\/librairie7l.com\/en\/#organization"},"potentialAction":[{"@type":"SearchAction","target":{"@type":"EntryPoint","urlTemplate":"https:\/\/librairie7l.com\/en\/?s={search_term_string}"},"query-input":"required name=search_term_string"}],"inLanguage":"en-US"},{"@type":"Organization","@id":"https:\/\/librairie7l.com\/en\/#organization","name":"Librairie 7L","url":"https:\/\/librairie7l.com\/en\/","logo":{"@type":"ImageObject","inLanguage":"en-US","@id":"https:\/\/librairie7l.com\/en\/#\/schema\/logo\/image\/","url":"https:\/\/librairie7l.com\/wp-content\/uploads\/2022\/08\/logo-1.png","contentUrl":"https:\/\/librairie7l.com\/wp-content\/uploads\/2022\/08\/logo-1.png","width":227,"height":301,"caption":"Librairie 7L"},"image":{"@id":"https:\/\/librairie7l.com\/en\/#\/schema\/logo\/image\/"}}]}},"_links":{"self":[{"href":"https:\/\/librairie7l.com\/en\/wp-json\/wp\/v2\/product\/21131"}],"collection":[{"href":"https:\/\/librairie7l.com\/en\/wp-json\/wp\/v2\/product"}],"about":[{"href":"https:\/\/librairie7l.com\/en\/wp-json\/wp\/v2\/types\/product"}],"wp:featuredmedia":[{"embeddable":true,"href":"https:\/\/librairie7l.com\/en\/wp-json\/wp\/v2\/media\/21129"}],"wp:attachment":[{"href":"https:\/\/librairie7l.com\/en\/wp-json\/wp\/v2\/media?parent=21131"}],"wp:term":[{"taxonomy":"product_cat","embeddable":true,"href":"https:\/\/librairie7l.com\/en\/wp-json\/wp\/v2\/product_cat?post=21131"},{"taxonomy":"product_tag","embeddable":true,"href":"https:\/\/librairie7l.com\/en\/wp-json\/wp\/v2\/product_tag?post=21131"}],"curies":[{"name":"wp","href":"https:\/\/api.w.org\/{rel}","templated":true}]}}