{"id":21207,"date":"2023-05-09T18:23:01","date_gmt":"2023-05-09T16:23:01","guid":{"rendered":"https:\/\/librairie7l.com\/?post_type=product&#038;p=21207"},"modified":"2026-04-28T20:06:02","modified_gmt":"2026-04-28T18:06:02","slug":"the-brutalists-brutalisms-best-architects","status":"publish","type":"product","link":"https:\/\/librairie7l.com\/en\/produit\/the-brutalists-brutalisms-best-architects\/","title":{"rendered":"THE BRUTALISTS : BRUTALISM&#8217;S BEST ARCHITECTS"},"content":{"rendered":"<p>An unprecedented survey of more than 250 architects who continue to define one of the most polarizing yet celebrated of styles.<\/p>\n<p>Brutalist architecture inspires a passionate response, be it adulation or contempt. There is no disputing, however, that the style produces some of the world&#8217;s most breathtaking buildings. This landmark volume documents the movement as never before, by profiling the architects behind the style.<\/p>\n<p>Featuring more than 250 historic and contemporary architects (organised alphabetically) along with specially selected examples of their work, this book includes international icons alongside those who are less well known or who have for too long been neglected, providing a unique record of this influential global architecture movement. The book includes 350 stunning images of more than 200 iconic Brutalist buildings, alongside fresh and surprising masterworks from 1936 to the present day, creating the ultimate companion to the Brutalist masters.<\/p>\n<p>Featured architects include: John Andrews; Jo\u00e3o Batista Vilanova Artigas; Lina Bo Bardi; Bogdan Bogdanovic; Marcel Breuer; Douglas Cardinal; Andr\u00e9-Jacques Dunoyer de Segonzac; Bertrand Goldberg; Erno Goldfinger; Jadwiga Grabowska-Hawrylak; Agust\u00edn Hern\u00e1ndez Navarro; John M. Johansen; Louis I. Kahn; Denys Lasdun; Le Corbusier; Jo\u00e3o da Gama Filgueiras Lima; Alberto Linner D\u00edaz; Owen Luder; Paulo Mendes da Rocha; Oscar Niemeyer; William L. Pereira; Affonso Eduardo Reidy; Paul Rudolph; Moshe Safdie; Alison Smithson; Clorindo Testa; Decio Tozzi; and John Carl Warnecke<\/p>\n","protected":false},"excerpt":{"rendered":"<p>An unprecedented survey of more than 250 architects who continue to define one of the most polarizing yet celebrated of styles. Brutalist architecture inspires a passionate response, be it adulation or contempt. There is no disputing, however, that the style produces some of the world&#8217;s most breathtaking buildings. This landmark volume documents the movement as [&hellip;]<\/p>\n","protected":false},"featured_media":21205,"template":"","meta":[],"product_cat":[2948,2950],"product_tag":[],"acf":[],"yoast_head":"<!-- This site is optimized with the Yoast SEO plugin v20.11 - https:\/\/yoast.com\/wordpress\/plugins\/seo\/ -->\n<title>THE BRUTALISTS : BRUTALISM&#039;S BEST ARCHITECTS - Librairie 7L<\/title>\n<meta name=\"robots\" content=\"index, follow, max-snippet:-1, max-image-preview:large, max-video-preview:-1\" \/>\n<link rel=\"canonical\" href=\"https:\/\/librairie7l.com\/en\/produit\/the-brutalists-brutalisms-best-architects\/\" \/>\n<meta property=\"og:locale\" content=\"en_US\" \/>\n<meta property=\"og:type\" content=\"article\" \/>\n<meta property=\"og:title\" content=\"THE BRUTALISTS : BRUTALISM&#039;S BEST ARCHITECTS - Librairie 7L\" \/>\n<meta property=\"og:description\" content=\"An unprecedented survey of more than 250 architects who continue to define one of the most polarizing yet celebrated of styles. Brutalist architecture inspires a passionate response, be it adulation or contempt. There is no disputing, however, that the style produces some of the world&#8217;s most breathtaking buildings. This landmark volume documents the movement as [&hellip;]\" \/>\n<meta property=\"og:url\" content=\"https:\/\/librairie7l.com\/en\/produit\/the-brutalists-brutalisms-best-architects\/\" \/>\n<meta property=\"og:site_name\" content=\"Librairie 7L\" \/>\n<meta property=\"article:modified_time\" content=\"2026-04-28T18:06:02+00:00\" \/>\n<meta property=\"og:image\" content=\"https:\/\/librairie7l.com\/wp-content\/uploads\/2023\/03\/9781838665630_1_75.jpg\" \/>\n\t<meta property=\"og:image:width\" content=\"600\" \/>\n\t<meta property=\"og:image:height\" content=\"800\" \/>\n\t<meta property=\"og:image:type\" content=\"image\/jpeg\" \/>\n<meta name=\"twitter:card\" content=\"summary_large_image\" \/>\n<meta name=\"twitter:label1\" content=\"Est. reading time\" \/>\n\t<meta name=\"twitter:data1\" content=\"1 minute\" \/>\n<script type=\"application\/ld+json\" class=\"yoast-schema-graph\">{\"@context\":\"https:\/\/schema.org\",\"@graph\":[{\"@type\":\"WebPage\",\"@id\":\"https:\/\/librairie7l.com\/en\/produit\/the-brutalists-brutalisms-best-architects\/\",\"url\":\"https:\/\/librairie7l.com\/en\/produit\/the-brutalists-brutalisms-best-architects\/\",\"name\":\"THE BRUTALISTS : BRUTALISM'S BEST ARCHITECTS - Librairie 7L\",\"isPartOf\":{\"@id\":\"https:\/\/librairie7l.com\/en\/#website\"},\"datePublished\":\"2023-05-09T16:23:01+00:00\",\"dateModified\":\"2026-04-28T18:06:02+00:00\",\"breadcrumb\":{\"@id\":\"https:\/\/librairie7l.com\/en\/produit\/the-brutalists-brutalisms-best-architects\/#breadcrumb\"},\"inLanguage\":\"en-US\",\"potentialAction\":[{\"@type\":\"ReadAction\",\"target\":[\"https:\/\/librairie7l.com\/en\/produit\/the-brutalists-brutalisms-best-architects\/\"]}]},{\"@type\":\"BreadcrumbList\",\"@id\":\"https:\/\/librairie7l.com\/en\/produit\/the-brutalists-brutalisms-best-architects\/#breadcrumb\",\"itemListElement\":[{\"@type\":\"ListItem\",\"position\":1,\"name\":\"Accueil\",\"item\":\"https:\/\/librairie7l.com\/en\/\"},{\"@type\":\"ListItem\",\"position\":2,\"name\":\"Shop\",\"item\":\"https:\/\/librairie7l.com\/en\/shop\/\"},{\"@type\":\"ListItem\",\"position\":3,\"name\":\"THE BRUTALISTS : BRUTALISM&#8217;S BEST ARCHITECTS\"}]},{\"@type\":\"WebSite\",\"@id\":\"https:\/\/librairie7l.com\/en\/#website\",\"url\":\"https:\/\/librairie7l.com\/en\/\",\"name\":\"Librairie 7L\",\"description\":\"Librairie fond\u00e9e en 1999 par Karl Lagerfeld \u00e0 Paris\",\"publisher\":{\"@id\":\"https:\/\/librairie7l.com\/en\/#organization\"},\"potentialAction\":[{\"@type\":\"SearchAction\",\"target\":{\"@type\":\"EntryPoint\",\"urlTemplate\":\"https:\/\/librairie7l.com\/en\/?s={search_term_string}\"},\"query-input\":\"required name=search_term_string\"}],\"inLanguage\":\"en-US\"},{\"@type\":\"Organization\",\"@id\":\"https:\/\/librairie7l.com\/en\/#organization\",\"name\":\"Librairie 7L\",\"url\":\"https:\/\/librairie7l.com\/en\/\",\"logo\":{\"@type\":\"ImageObject\",\"inLanguage\":\"en-US\",\"@id\":\"https:\/\/librairie7l.com\/en\/#\/schema\/logo\/image\/\",\"url\":\"https:\/\/librairie7l.com\/wp-content\/uploads\/2022\/08\/logo-1.png\",\"contentUrl\":\"https:\/\/librairie7l.com\/wp-content\/uploads\/2022\/08\/logo-1.png\",\"width\":227,\"height\":301,\"caption\":\"Librairie 7L\"},\"image\":{\"@id\":\"https:\/\/librairie7l.com\/en\/#\/schema\/logo\/image\/\"}}]}<\/script>\n<!-- \/ Yoast SEO plugin. -->","yoast_head_json":{"title":"THE BRUTALISTS : BRUTALISM'S BEST ARCHITECTS - Librairie 7L","robots":{"index":"index","follow":"follow","max-snippet":"max-snippet:-1","max-image-preview":"max-image-preview:large","max-video-preview":"max-video-preview:-1"},"canonical":"https:\/\/librairie7l.com\/en\/produit\/the-brutalists-brutalisms-best-architects\/","og_locale":"en_US","og_type":"article","og_title":"THE BRUTALISTS : BRUTALISM'S BEST ARCHITECTS - Librairie 7L","og_description":"An unprecedented survey of more than 250 architects who continue to define one of the most polarizing yet celebrated of styles. Brutalist architecture inspires a passionate response, be it adulation or contempt. There is no disputing, however, that the style produces some of the world&#8217;s most breathtaking buildings. This landmark volume documents the movement as [&hellip;]","og_url":"https:\/\/librairie7l.com\/en\/produit\/the-brutalists-brutalisms-best-architects\/","og_site_name":"Librairie 7L","article_modified_time":"2026-04-28T18:06:02+00:00","og_image":[{"width":600,"height":800,"url":"https:\/\/librairie7l.com\/wp-content\/uploads\/2023\/03\/9781838665630_1_75.jpg","type":"image\/jpeg"}],"twitter_card":"summary_large_image","twitter_misc":{"Est. reading time":"1 minute"},"schema":{"@context":"https:\/\/schema.org","@graph":[{"@type":"WebPage","@id":"https:\/\/librairie7l.com\/en\/produit\/the-brutalists-brutalisms-best-architects\/","url":"https:\/\/librairie7l.com\/en\/produit\/the-brutalists-brutalisms-best-architects\/","name":"THE BRUTALISTS : BRUTALISM'S BEST ARCHITECTS - Librairie 7L","isPartOf":{"@id":"https:\/\/librairie7l.com\/en\/#website"},"datePublished":"2023-05-09T16:23:01+00:00","dateModified":"2026-04-28T18:06:02+00:00","breadcrumb":{"@id":"https:\/\/librairie7l.com\/en\/produit\/the-brutalists-brutalisms-best-architects\/#breadcrumb"},"inLanguage":"en-US","potentialAction":[{"@type":"ReadAction","target":["https:\/\/librairie7l.com\/en\/produit\/the-brutalists-brutalisms-best-architects\/"]}]},{"@type":"BreadcrumbList","@id":"https:\/\/librairie7l.com\/en\/produit\/the-brutalists-brutalisms-best-architects\/#breadcrumb","itemListElement":[{"@type":"ListItem","position":1,"name":"Accueil","item":"https:\/\/librairie7l.com\/en\/"},{"@type":"ListItem","position":2,"name":"Shop","item":"https:\/\/librairie7l.com\/en\/shop\/"},{"@type":"ListItem","position":3,"name":"THE BRUTALISTS : BRUTALISM&#8217;S BEST ARCHITECTS"}]},{"@type":"WebSite","@id":"https:\/\/librairie7l.com\/en\/#website","url":"https:\/\/librairie7l.com\/en\/","name":"Librairie 7L","description":"Librairie fond\u00e9e en 1999 par Karl Lagerfeld \u00e0 Paris","publisher":{"@id":"https:\/\/librairie7l.com\/en\/#organization"},"potentialAction":[{"@type":"SearchAction","target":{"@type":"EntryPoint","urlTemplate":"https:\/\/librairie7l.com\/en\/?s={search_term_string}"},"query-input":"required name=search_term_string"}],"inLanguage":"en-US"},{"@type":"Organization","@id":"https:\/\/librairie7l.com\/en\/#organization","name":"Librairie 7L","url":"https:\/\/librairie7l.com\/en\/","logo":{"@type":"ImageObject","inLanguage":"en-US","@id":"https:\/\/librairie7l.com\/en\/#\/schema\/logo\/image\/","url":"https:\/\/librairie7l.com\/wp-content\/uploads\/2022\/08\/logo-1.png","contentUrl":"https:\/\/librairie7l.com\/wp-content\/uploads\/2022\/08\/logo-1.png","width":227,"height":301,"caption":"Librairie 7L"},"image":{"@id":"https:\/\/librairie7l.com\/en\/#\/schema\/logo\/image\/"}}]}},"_links":{"self":[{"href":"https:\/\/librairie7l.com\/en\/wp-json\/wp\/v2\/product\/21207"}],"collection":[{"href":"https:\/\/librairie7l.com\/en\/wp-json\/wp\/v2\/product"}],"about":[{"href":"https:\/\/librairie7l.com\/en\/wp-json\/wp\/v2\/types\/product"}],"wp:featuredmedia":[{"embeddable":true,"href":"https:\/\/librairie7l.com\/en\/wp-json\/wp\/v2\/media\/21205"}],"wp:attachment":[{"href":"https:\/\/librairie7l.com\/en\/wp-json\/wp\/v2\/media?parent=21207"}],"wp:term":[{"taxonomy":"product_cat","embeddable":true,"href":"https:\/\/librairie7l.com\/en\/wp-json\/wp\/v2\/product_cat?post=21207"},{"taxonomy":"product_tag","embeddable":true,"href":"https:\/\/librairie7l.com\/en\/wp-json\/wp\/v2\/product_tag?post=21207"}],"curies":[{"name":"wp","href":"https:\/\/api.w.org\/{rel}","templated":true}]}}