{"id":21259,"date":"2023-05-09T18:23:46","date_gmt":"2023-05-09T16:23:46","guid":{"rendered":"https:\/\/librairie7l.com\/?post_type=product&#038;p=21259"},"modified":"2026-05-01T13:14:04","modified_gmt":"2026-05-01T11:14:04","slug":"matthieu-salvaing-voyages-interieurs","status":"publish","type":"product","link":"https:\/\/librairie7l.com\/en\/produit\/matthieu-salvaing-voyages-interieurs\/","title":{"rendered":"MATTHIEU SALVAING VOYAGES INTERIEURS"},"content":{"rendered":"<p>Avec un oeil unique qui rappelle Slim Aarons ou Fran\u00e7ois Halard, le photographe parisien Matthieu Salvaing se sp\u00e9cialise dans les images d&#8217;int\u00e9rieurs et sait rendre avec pr\u00e9cision l&#8217;atmosph\u00e8re de lieux uniques. Cette monographie rassemble ses photos de 24 lieux embl\u00e9matiques, parmi lesquels une partie de l&#8217;atelier de Balthus, les d\u00e9cors de plateau d&#8217;un film de Wong Kar-Wai qui rend hommage \u00e0 un Hong Kong depuis longtemps disparu, l&#8217;h\u00f4tel Ivoire \u00e0 Abidjan, la maison de Frank Sinatra et Mia Farrow \u00e0 Acapulco, mais aussi des r\u00e9alisations embl\u00e9matiques de grands noms comme Oscar Niemeyer, Alvar Aalto, Le Corbusier et Barragan.<\/p>\n","protected":false},"excerpt":{"rendered":"<p>Avec un oeil unique qui rappelle Slim Aarons ou Fran\u00e7ois Halard, le photographe parisien Matthieu Salvaing se sp\u00e9cialise dans les images d&#8217;int\u00e9rieurs et sait rendre avec pr\u00e9cision l&#8217;atmosph\u00e8re de lieux uniques. Cette monographie rassemble ses photos de 24 lieux embl\u00e9matiques, parmi lesquels une partie de l&#8217;atelier de Balthus, les d\u00e9cors de plateau d&#8217;un film de [&hellip;]<\/p>\n","protected":false},"featured_media":21257,"template":"","meta":[],"product_cat":[2948,2952],"product_tag":[],"acf":[],"yoast_head":"<!-- This site is optimized with the Yoast SEO plugin v20.11 - https:\/\/yoast.com\/wordpress\/plugins\/seo\/ -->\n<title>MATTHIEU SALVAING VOYAGES INTERIEURS - Librairie 7L<\/title>\n<meta name=\"robots\" content=\"index, follow, max-snippet:-1, max-image-preview:large, max-video-preview:-1\" \/>\n<link rel=\"canonical\" href=\"https:\/\/librairie7l.com\/en\/produit\/matthieu-salvaing-voyages-interieurs\/\" \/>\n<meta property=\"og:locale\" content=\"en_US\" \/>\n<meta property=\"og:type\" content=\"article\" \/>\n<meta property=\"og:title\" content=\"MATTHIEU SALVAING VOYAGES INTERIEURS - Librairie 7L\" \/>\n<meta property=\"og:description\" content=\"Avec un oeil unique qui rappelle Slim Aarons ou Fran\u00e7ois Halard, le photographe parisien Matthieu Salvaing se sp\u00e9cialise dans les images d&#8217;int\u00e9rieurs et sait rendre avec pr\u00e9cision l&#8217;atmosph\u00e8re de lieux uniques. Cette monographie rassemble ses photos de 24 lieux embl\u00e9matiques, parmi lesquels une partie de l&#8217;atelier de Balthus, les d\u00e9cors de plateau d&#8217;un film de [&hellip;]\" \/>\n<meta property=\"og:url\" content=\"https:\/\/librairie7l.com\/en\/produit\/matthieu-salvaing-voyages-interieurs\/\" \/>\n<meta property=\"og:site_name\" content=\"Librairie 7L\" \/>\n<meta property=\"article:modified_time\" content=\"2026-05-01T11:14:04+00:00\" \/>\n<meta property=\"og:image\" content=\"https:\/\/librairie7l.com\/wp-content\/uploads\/2020\/10\/9780847867974_1_75.jpg\" \/>\n\t<meta property=\"og:image:width\" content=\"260\" \/>\n\t<meta property=\"og:image:height\" content=\"319\" \/>\n\t<meta property=\"og:image:type\" content=\"image\/jpeg\" \/>\n<meta name=\"twitter:card\" content=\"summary_large_image\" \/>\n<meta name=\"twitter:label1\" content=\"Est. reading time\" \/>\n\t<meta name=\"twitter:data1\" content=\"1 minute\" \/>\n<script type=\"application\/ld+json\" class=\"yoast-schema-graph\">{\"@context\":\"https:\/\/schema.org\",\"@graph\":[{\"@type\":\"WebPage\",\"@id\":\"https:\/\/librairie7l.com\/en\/produit\/matthieu-salvaing-voyages-interieurs\/\",\"url\":\"https:\/\/librairie7l.com\/en\/produit\/matthieu-salvaing-voyages-interieurs\/\",\"name\":\"MATTHIEU SALVAING VOYAGES INTERIEURS - Librairie 7L\",\"isPartOf\":{\"@id\":\"https:\/\/librairie7l.com\/en\/#website\"},\"datePublished\":\"2023-05-09T16:23:46+00:00\",\"dateModified\":\"2026-05-01T11:14:04+00:00\",\"breadcrumb\":{\"@id\":\"https:\/\/librairie7l.com\/en\/produit\/matthieu-salvaing-voyages-interieurs\/#breadcrumb\"},\"inLanguage\":\"en-US\",\"potentialAction\":[{\"@type\":\"ReadAction\",\"target\":[\"https:\/\/librairie7l.com\/en\/produit\/matthieu-salvaing-voyages-interieurs\/\"]}]},{\"@type\":\"BreadcrumbList\",\"@id\":\"https:\/\/librairie7l.com\/en\/produit\/matthieu-salvaing-voyages-interieurs\/#breadcrumb\",\"itemListElement\":[{\"@type\":\"ListItem\",\"position\":1,\"name\":\"Accueil\",\"item\":\"https:\/\/librairie7l.com\/en\/\"},{\"@type\":\"ListItem\",\"position\":2,\"name\":\"Shop\",\"item\":\"https:\/\/librairie7l.com\/en\/shop\/\"},{\"@type\":\"ListItem\",\"position\":3,\"name\":\"MATTHIEU SALVAING VOYAGES INTERIEURS\"}]},{\"@type\":\"WebSite\",\"@id\":\"https:\/\/librairie7l.com\/en\/#website\",\"url\":\"https:\/\/librairie7l.com\/en\/\",\"name\":\"Librairie 7L\",\"description\":\"Librairie fond\u00e9e en 1999 par Karl Lagerfeld \u00e0 Paris\",\"publisher\":{\"@id\":\"https:\/\/librairie7l.com\/en\/#organization\"},\"potentialAction\":[{\"@type\":\"SearchAction\",\"target\":{\"@type\":\"EntryPoint\",\"urlTemplate\":\"https:\/\/librairie7l.com\/en\/?s={search_term_string}\"},\"query-input\":\"required name=search_term_string\"}],\"inLanguage\":\"en-US\"},{\"@type\":\"Organization\",\"@id\":\"https:\/\/librairie7l.com\/en\/#organization\",\"name\":\"Librairie 7L\",\"url\":\"https:\/\/librairie7l.com\/en\/\",\"logo\":{\"@type\":\"ImageObject\",\"inLanguage\":\"en-US\",\"@id\":\"https:\/\/librairie7l.com\/en\/#\/schema\/logo\/image\/\",\"url\":\"https:\/\/librairie7l.com\/wp-content\/uploads\/2022\/08\/logo-1.png\",\"contentUrl\":\"https:\/\/librairie7l.com\/wp-content\/uploads\/2022\/08\/logo-1.png\",\"width\":227,\"height\":301,\"caption\":\"Librairie 7L\"},\"image\":{\"@id\":\"https:\/\/librairie7l.com\/en\/#\/schema\/logo\/image\/\"}}]}<\/script>\n<!-- \/ Yoast SEO plugin. -->","yoast_head_json":{"title":"MATTHIEU SALVAING VOYAGES INTERIEURS - Librairie 7L","robots":{"index":"index","follow":"follow","max-snippet":"max-snippet:-1","max-image-preview":"max-image-preview:large","max-video-preview":"max-video-preview:-1"},"canonical":"https:\/\/librairie7l.com\/en\/produit\/matthieu-salvaing-voyages-interieurs\/","og_locale":"en_US","og_type":"article","og_title":"MATTHIEU SALVAING VOYAGES INTERIEURS - Librairie 7L","og_description":"Avec un oeil unique qui rappelle Slim Aarons ou Fran\u00e7ois Halard, le photographe parisien Matthieu Salvaing se sp\u00e9cialise dans les images d&#8217;int\u00e9rieurs et sait rendre avec pr\u00e9cision l&#8217;atmosph\u00e8re de lieux uniques. Cette monographie rassemble ses photos de 24 lieux embl\u00e9matiques, parmi lesquels une partie de l&#8217;atelier de Balthus, les d\u00e9cors de plateau d&#8217;un film de [&hellip;]","og_url":"https:\/\/librairie7l.com\/en\/produit\/matthieu-salvaing-voyages-interieurs\/","og_site_name":"Librairie 7L","article_modified_time":"2026-05-01T11:14:04+00:00","og_image":[{"width":260,"height":319,"url":"https:\/\/librairie7l.com\/wp-content\/uploads\/2020\/10\/9780847867974_1_75.jpg","type":"image\/jpeg"}],"twitter_card":"summary_large_image","twitter_misc":{"Est. reading time":"1 minute"},"schema":{"@context":"https:\/\/schema.org","@graph":[{"@type":"WebPage","@id":"https:\/\/librairie7l.com\/en\/produit\/matthieu-salvaing-voyages-interieurs\/","url":"https:\/\/librairie7l.com\/en\/produit\/matthieu-salvaing-voyages-interieurs\/","name":"MATTHIEU SALVAING VOYAGES INTERIEURS - Librairie 7L","isPartOf":{"@id":"https:\/\/librairie7l.com\/en\/#website"},"datePublished":"2023-05-09T16:23:46+00:00","dateModified":"2026-05-01T11:14:04+00:00","breadcrumb":{"@id":"https:\/\/librairie7l.com\/en\/produit\/matthieu-salvaing-voyages-interieurs\/#breadcrumb"},"inLanguage":"en-US","potentialAction":[{"@type":"ReadAction","target":["https:\/\/librairie7l.com\/en\/produit\/matthieu-salvaing-voyages-interieurs\/"]}]},{"@type":"BreadcrumbList","@id":"https:\/\/librairie7l.com\/en\/produit\/matthieu-salvaing-voyages-interieurs\/#breadcrumb","itemListElement":[{"@type":"ListItem","position":1,"name":"Accueil","item":"https:\/\/librairie7l.com\/en\/"},{"@type":"ListItem","position":2,"name":"Shop","item":"https:\/\/librairie7l.com\/en\/shop\/"},{"@type":"ListItem","position":3,"name":"MATTHIEU SALVAING VOYAGES INTERIEURS"}]},{"@type":"WebSite","@id":"https:\/\/librairie7l.com\/en\/#website","url":"https:\/\/librairie7l.com\/en\/","name":"Librairie 7L","description":"Librairie fond\u00e9e en 1999 par Karl Lagerfeld \u00e0 Paris","publisher":{"@id":"https:\/\/librairie7l.com\/en\/#organization"},"potentialAction":[{"@type":"SearchAction","target":{"@type":"EntryPoint","urlTemplate":"https:\/\/librairie7l.com\/en\/?s={search_term_string}"},"query-input":"required name=search_term_string"}],"inLanguage":"en-US"},{"@type":"Organization","@id":"https:\/\/librairie7l.com\/en\/#organization","name":"Librairie 7L","url":"https:\/\/librairie7l.com\/en\/","logo":{"@type":"ImageObject","inLanguage":"en-US","@id":"https:\/\/librairie7l.com\/en\/#\/schema\/logo\/image\/","url":"https:\/\/librairie7l.com\/wp-content\/uploads\/2022\/08\/logo-1.png","contentUrl":"https:\/\/librairie7l.com\/wp-content\/uploads\/2022\/08\/logo-1.png","width":227,"height":301,"caption":"Librairie 7L"},"image":{"@id":"https:\/\/librairie7l.com\/en\/#\/schema\/logo\/image\/"}}]}},"_links":{"self":[{"href":"https:\/\/librairie7l.com\/en\/wp-json\/wp\/v2\/product\/21259"}],"collection":[{"href":"https:\/\/librairie7l.com\/en\/wp-json\/wp\/v2\/product"}],"about":[{"href":"https:\/\/librairie7l.com\/en\/wp-json\/wp\/v2\/types\/product"}],"wp:featuredmedia":[{"embeddable":true,"href":"https:\/\/librairie7l.com\/en\/wp-json\/wp\/v2\/media\/21257"}],"wp:attachment":[{"href":"https:\/\/librairie7l.com\/en\/wp-json\/wp\/v2\/media?parent=21259"}],"wp:term":[{"taxonomy":"product_cat","embeddable":true,"href":"https:\/\/librairie7l.com\/en\/wp-json\/wp\/v2\/product_cat?post=21259"},{"taxonomy":"product_tag","embeddable":true,"href":"https:\/\/librairie7l.com\/en\/wp-json\/wp\/v2\/product_tag?post=21259"}],"curies":[{"name":"wp","href":"https:\/\/api.w.org\/{rel}","templated":true}]}}