{"id":21283,"date":"2023-05-09T18:24:07","date_gmt":"2023-05-09T16:24:07","guid":{"rendered":"https:\/\/librairie7l.com\/?post_type=product&#038;p=21283"},"modified":"2026-04-19T05:31:23","modified_gmt":"2026-04-19T03:31:23","slug":"jean-michel-frank","status":"publish","type":"product","link":"https:\/\/librairie7l.com\/en\/produit\/jean-michel-frank\/","title":{"rendered":"JEAN-MICHEL FRANK"},"content":{"rendered":"<p>Le d\u00e9corateur Jean-Michel Frank (1895-1941) est une figure mythique des arts d\u00e9coratifs. Cousin d&#8217;Anne Frank, auteur du c\u00e9l\u00e8bre journal, sa biographie fait de lui un personnage de roman noir, d&#8217;une guerre mondiale \u00e0 l&#8217;autre, du suicide de son p\u00e8re \u00e0 Paris au sien en mars 1941 \u00e0 New York. Son style qualifi\u00e9 de \u00ab luxe pauvre \u00bb est tout aussi paradoxal que sa vie qui s&#8217;est d\u00e9roul\u00e9e dans une apparente futilit\u00e9 et un certain myst\u00e8re, entre f\u00eates et solitude, avec des amiti\u00e9s fid\u00e8les pour des po\u00e8tes comme Ren\u00e9 Crevel, des artistes comme Giacometti, Dal\u00ed ou B\u00e9rard, mais aussi ses clients, gens du monde, de la mode ou intellectuels : Charles et Marie-Laure de Noailles, Nelson Rockefeller, Cole Porter, Francis Poulenc, Fran\u00e7ois Mauriac, Pierre Drieu La Rochelle, Louis Aragon, Paul Eluard, Lucien Lelong, Elsa Schiaparelli ou Madeleine Vionnet. Les contraignant \u00e0 se d\u00e9faire de leurs objets, de leurs tableaux et de leurs tapis, Frank a invent\u00e9 pour eux des lieux propices \u00e0 la m\u00e9ditation et au r\u00eave. Dans ces d\u00e9cors irr\u00e9els, le mobilier n&#8217;a plus de place assign\u00e9e. D&#8217;une simplicit\u00e9 parfaite, il pr\u00e9sente des affinit\u00e9s avec le n\u00e9oclassicisme fran\u00e7ais du XVIIIe si\u00e8cle. Un n\u00e9oclassicisme qu&#8217;il r\u00e9interpr\u00e8te avec subtilit\u00e9, d\u00e9pouille de ses ornements, m\u00e9langeant les mati\u00e8res sophistiqu\u00e9es et ordinaires, habillant ses lignes pr\u00e9cises de cuir gain\u00e9 par Herm\u00e8s, de parchemin ou de galuchat, sablant ou arrachant le ch\u00eane \u00e0 la gouge, d\u00e9capant les lambris, les mariant au pl\u00e2tre, \u00e0 la paille, \u00e0 la terre cuite, au graphite, \u00e0 la toile de jute. Indiff\u00e9rent aux grands d\u00e9bats de la premi\u00e8re moiti\u00e9 d&#8217;un XXe si\u00e8cle, d\u00e9chir\u00e9 entre les aspirations sociales du mouvement moderne et les tenants de la tradition, Jean-Michel Frank n&#8217;a cherch\u00e9 ni \u00e0 construire un nouveau monde ni \u00e0 se raccrocher \u00e0 un pass\u00e9 nostalgique. Avec \u00e9l\u00e9gance, il a cass\u00e9 les conventions, nettoy\u00e9 les lieux de leur histoire. Peut-\u00eatre est-ce ce m\u00e9lange de l\u00e9g\u00e8ret\u00e9 et de rigueur, de r\u00eave et de po\u00e9sie, ce d\u00e9tournement tr\u00e8s moderne des objets et des mat\u00e9riaux qui ont amen\u00e9 tant de d\u00e9corateurs et de designers \u00e0 se r\u00e9clamer de lui, sans comprendre souvent qu&#8217;une telle oeuvre est indissociable de l&#8217;\u00eatre. Si, aujourd&#8217;hui, ses cr\u00e9ations sont recherch\u00e9es par les antiquaires du monde entier et figurent dans les plus grandes collections, certaines, comme le canap\u00e9 Confortable ou le vase cubique, objet de r\u00e9cup\u00e9ration industriel, sont entr\u00e9es dans l&#8217;univers commun, vulgaris\u00e9es sans que le nom de Jean-Michel Frank ne soit jamais cit\u00e9. La monographie de Pierre-Emmanuel Martin-Vivier replace l&#8217;oeuvre du cr\u00e9ateur dans le contexte artistique, intellectuel et politique de son \u00e9poque, au-del\u00e0 du personnage mondain auquel on l&#8217;a souvent r\u00e9duit. L&#8217;\u00e9tude de l&#8217;ensemble de la production, connue \u00e0 ce jour, de Frank et de ses collaborateurs a permis d&#8217;\u00e9tablir un catalogue de mod\u00e8les et de d\u00e9finir ses \u00e9volutions stylistiques, d\u00e9terminant l&#8217;apport unique du cr\u00e9ateur dans l&#8217;histoire des arts d\u00e9coratifs du XXe si\u00e8cle. Des int\u00e9rieurs anonymes sont identifi\u00e9s, d&#8217;autres r\u00e9v\u00e9l\u00e9s. Des aspects peu connus, comme son association avec Adolphe Chanaux ou ses collaborations avec B\u00e9rard, Giacometti, Laurens, Rodocanachi et Terry, d\u00e9terminantes dans l&#8217;\u00e9laboration de son esth\u00e9tique, sont enfin \u00e9claircis.<\/p>\n","protected":false},"excerpt":{"rendered":"<p>Le d\u00e9corateur Jean-Michel Frank (1895-1941) est une figure mythique des arts d\u00e9coratifs. Cousin d&#8217;Anne Frank, auteur du c\u00e9l\u00e8bre journal, sa biographie fait de lui un personnage de roman noir, d&#8217;une guerre mondiale \u00e0 l&#8217;autre, du suicide de son p\u00e8re \u00e0 Paris au sien en mars 1941 \u00e0 New York. Son style qualifi\u00e9 de \u00ab luxe [&hellip;]<\/p>\n","protected":false},"featured_media":21281,"template":"","meta":[],"product_cat":[2948,2952],"product_tag":[],"acf":[],"yoast_head":"<!-- This site is optimized with the Yoast SEO plugin v20.11 - https:\/\/yoast.com\/wordpress\/plugins\/seo\/ -->\n<title>JEAN-MICHEL FRANK - Librairie 7L<\/title>\n<meta name=\"robots\" content=\"index, follow, max-snippet:-1, max-image-preview:large, max-video-preview:-1\" \/>\n<link rel=\"canonical\" href=\"https:\/\/librairie7l.com\/en\/produit\/jean-michel-frank\/\" \/>\n<meta property=\"og:locale\" content=\"en_US\" \/>\n<meta property=\"og:type\" content=\"article\" \/>\n<meta property=\"og:title\" content=\"JEAN-MICHEL FRANK - Librairie 7L\" \/>\n<meta property=\"og:description\" content=\"Le d\u00e9corateur Jean-Michel Frank (1895-1941) est une figure mythique des arts d\u00e9coratifs. Cousin d&#8217;Anne Frank, auteur du c\u00e9l\u00e8bre journal, sa biographie fait de lui un personnage de roman noir, d&#8217;une guerre mondiale \u00e0 l&#8217;autre, du suicide de son p\u00e8re \u00e0 Paris au sien en mars 1941 \u00e0 New York. Son style qualifi\u00e9 de \u00ab luxe [&hellip;]\" \/>\n<meta property=\"og:url\" content=\"https:\/\/librairie7l.com\/en\/produit\/jean-michel-frank\/\" \/>\n<meta property=\"og:site_name\" content=\"Librairie 7L\" \/>\n<meta property=\"article:modified_time\" content=\"2026-04-19T03:31:23+00:00\" \/>\n<meta property=\"og:image\" content=\"https:\/\/librairie7l.com\/wp-content\/uploads\/2006\/09\/9782915542042_1_75.jpg\" \/>\n\t<meta property=\"og:image:width\" content=\"360\" \/>\n\t<meta property=\"og:image:height\" content=\"465\" \/>\n\t<meta property=\"og:image:type\" content=\"image\/jpeg\" \/>\n<meta name=\"twitter:card\" content=\"summary_large_image\" \/>\n<meta name=\"twitter:label1\" content=\"Est. reading time\" \/>\n\t<meta name=\"twitter:data1\" content=\"3 minutes\" \/>\n<script type=\"application\/ld+json\" class=\"yoast-schema-graph\">{\"@context\":\"https:\/\/schema.org\",\"@graph\":[{\"@type\":\"WebPage\",\"@id\":\"https:\/\/librairie7l.com\/en\/produit\/jean-michel-frank\/\",\"url\":\"https:\/\/librairie7l.com\/en\/produit\/jean-michel-frank\/\",\"name\":\"JEAN-MICHEL FRANK - Librairie 7L\",\"isPartOf\":{\"@id\":\"https:\/\/librairie7l.com\/en\/#website\"},\"datePublished\":\"2023-05-09T16:24:07+00:00\",\"dateModified\":\"2026-04-19T03:31:23+00:00\",\"breadcrumb\":{\"@id\":\"https:\/\/librairie7l.com\/en\/produit\/jean-michel-frank\/#breadcrumb\"},\"inLanguage\":\"en-US\",\"potentialAction\":[{\"@type\":\"ReadAction\",\"target\":[\"https:\/\/librairie7l.com\/en\/produit\/jean-michel-frank\/\"]}]},{\"@type\":\"BreadcrumbList\",\"@id\":\"https:\/\/librairie7l.com\/en\/produit\/jean-michel-frank\/#breadcrumb\",\"itemListElement\":[{\"@type\":\"ListItem\",\"position\":1,\"name\":\"Accueil\",\"item\":\"https:\/\/librairie7l.com\/en\/\"},{\"@type\":\"ListItem\",\"position\":2,\"name\":\"Shop\",\"item\":\"https:\/\/librairie7l.com\/en\/shop\/\"},{\"@type\":\"ListItem\",\"position\":3,\"name\":\"JEAN-MICHEL FRANK\"}]},{\"@type\":\"WebSite\",\"@id\":\"https:\/\/librairie7l.com\/en\/#website\",\"url\":\"https:\/\/librairie7l.com\/en\/\",\"name\":\"Librairie 7L\",\"description\":\"Librairie fond\u00e9e en 1999 par Karl Lagerfeld \u00e0 Paris\",\"publisher\":{\"@id\":\"https:\/\/librairie7l.com\/en\/#organization\"},\"potentialAction\":[{\"@type\":\"SearchAction\",\"target\":{\"@type\":\"EntryPoint\",\"urlTemplate\":\"https:\/\/librairie7l.com\/en\/?s={search_term_string}\"},\"query-input\":\"required name=search_term_string\"}],\"inLanguage\":\"en-US\"},{\"@type\":\"Organization\",\"@id\":\"https:\/\/librairie7l.com\/en\/#organization\",\"name\":\"Librairie 7L\",\"url\":\"https:\/\/librairie7l.com\/en\/\",\"logo\":{\"@type\":\"ImageObject\",\"inLanguage\":\"en-US\",\"@id\":\"https:\/\/librairie7l.com\/en\/#\/schema\/logo\/image\/\",\"url\":\"https:\/\/librairie7l.com\/wp-content\/uploads\/2022\/08\/logo-1.png\",\"contentUrl\":\"https:\/\/librairie7l.com\/wp-content\/uploads\/2022\/08\/logo-1.png\",\"width\":227,\"height\":301,\"caption\":\"Librairie 7L\"},\"image\":{\"@id\":\"https:\/\/librairie7l.com\/en\/#\/schema\/logo\/image\/\"}}]}<\/script>\n<!-- \/ Yoast SEO plugin. -->","yoast_head_json":{"title":"JEAN-MICHEL FRANK - Librairie 7L","robots":{"index":"index","follow":"follow","max-snippet":"max-snippet:-1","max-image-preview":"max-image-preview:large","max-video-preview":"max-video-preview:-1"},"canonical":"https:\/\/librairie7l.com\/en\/produit\/jean-michel-frank\/","og_locale":"en_US","og_type":"article","og_title":"JEAN-MICHEL FRANK - Librairie 7L","og_description":"Le d\u00e9corateur Jean-Michel Frank (1895-1941) est une figure mythique des arts d\u00e9coratifs. Cousin d&#8217;Anne Frank, auteur du c\u00e9l\u00e8bre journal, sa biographie fait de lui un personnage de roman noir, d&#8217;une guerre mondiale \u00e0 l&#8217;autre, du suicide de son p\u00e8re \u00e0 Paris au sien en mars 1941 \u00e0 New York. Son style qualifi\u00e9 de \u00ab luxe [&hellip;]","og_url":"https:\/\/librairie7l.com\/en\/produit\/jean-michel-frank\/","og_site_name":"Librairie 7L","article_modified_time":"2026-04-19T03:31:23+00:00","og_image":[{"width":360,"height":465,"url":"https:\/\/librairie7l.com\/wp-content\/uploads\/2006\/09\/9782915542042_1_75.jpg","type":"image\/jpeg"}],"twitter_card":"summary_large_image","twitter_misc":{"Est. reading time":"3 minutes"},"schema":{"@context":"https:\/\/schema.org","@graph":[{"@type":"WebPage","@id":"https:\/\/librairie7l.com\/en\/produit\/jean-michel-frank\/","url":"https:\/\/librairie7l.com\/en\/produit\/jean-michel-frank\/","name":"JEAN-MICHEL FRANK - Librairie 7L","isPartOf":{"@id":"https:\/\/librairie7l.com\/en\/#website"},"datePublished":"2023-05-09T16:24:07+00:00","dateModified":"2026-04-19T03:31:23+00:00","breadcrumb":{"@id":"https:\/\/librairie7l.com\/en\/produit\/jean-michel-frank\/#breadcrumb"},"inLanguage":"en-US","potentialAction":[{"@type":"ReadAction","target":["https:\/\/librairie7l.com\/en\/produit\/jean-michel-frank\/"]}]},{"@type":"BreadcrumbList","@id":"https:\/\/librairie7l.com\/en\/produit\/jean-michel-frank\/#breadcrumb","itemListElement":[{"@type":"ListItem","position":1,"name":"Accueil","item":"https:\/\/librairie7l.com\/en\/"},{"@type":"ListItem","position":2,"name":"Shop","item":"https:\/\/librairie7l.com\/en\/shop\/"},{"@type":"ListItem","position":3,"name":"JEAN-MICHEL FRANK"}]},{"@type":"WebSite","@id":"https:\/\/librairie7l.com\/en\/#website","url":"https:\/\/librairie7l.com\/en\/","name":"Librairie 7L","description":"Librairie fond\u00e9e en 1999 par Karl Lagerfeld \u00e0 Paris","publisher":{"@id":"https:\/\/librairie7l.com\/en\/#organization"},"potentialAction":[{"@type":"SearchAction","target":{"@type":"EntryPoint","urlTemplate":"https:\/\/librairie7l.com\/en\/?s={search_term_string}"},"query-input":"required name=search_term_string"}],"inLanguage":"en-US"},{"@type":"Organization","@id":"https:\/\/librairie7l.com\/en\/#organization","name":"Librairie 7L","url":"https:\/\/librairie7l.com\/en\/","logo":{"@type":"ImageObject","inLanguage":"en-US","@id":"https:\/\/librairie7l.com\/en\/#\/schema\/logo\/image\/","url":"https:\/\/librairie7l.com\/wp-content\/uploads\/2022\/08\/logo-1.png","contentUrl":"https:\/\/librairie7l.com\/wp-content\/uploads\/2022\/08\/logo-1.png","width":227,"height":301,"caption":"Librairie 7L"},"image":{"@id":"https:\/\/librairie7l.com\/en\/#\/schema\/logo\/image\/"}}]}},"_links":{"self":[{"href":"https:\/\/librairie7l.com\/en\/wp-json\/wp\/v2\/product\/21283"}],"collection":[{"href":"https:\/\/librairie7l.com\/en\/wp-json\/wp\/v2\/product"}],"about":[{"href":"https:\/\/librairie7l.com\/en\/wp-json\/wp\/v2\/types\/product"}],"wp:featuredmedia":[{"embeddable":true,"href":"https:\/\/librairie7l.com\/en\/wp-json\/wp\/v2\/media\/21281"}],"wp:attachment":[{"href":"https:\/\/librairie7l.com\/en\/wp-json\/wp\/v2\/media?parent=21283"}],"wp:term":[{"taxonomy":"product_cat","embeddable":true,"href":"https:\/\/librairie7l.com\/en\/wp-json\/wp\/v2\/product_cat?post=21283"},{"taxonomy":"product_tag","embeddable":true,"href":"https:\/\/librairie7l.com\/en\/wp-json\/wp\/v2\/product_tag?post=21283"}],"curies":[{"name":"wp","href":"https:\/\/api.w.org\/{rel}","templated":true}]}}