{"id":21295,"date":"2023-05-09T18:24:17","date_gmt":"2023-05-09T16:24:17","guid":{"rendered":"https:\/\/librairie7l.com\/?post_type=product&#038;p=21295"},"modified":"2026-04-04T19:29:23","modified_gmt":"2026-04-04T17:29:23","slug":"villas-60-70-en-france","status":"publish","type":"product","link":"https:\/\/librairie7l.com\/en\/produit\/villas-60-70-en-france\/","title":{"rendered":"VILLAS 60-70 EN FRANCE"},"content":{"rendered":"<p>\u00c0 l&#8217;instar de Villas 50 en France, le premier volume de Rapha\u00eblle Saint-Pierre paru aux \u00e9ditions Norma, Villas 60-70 en France d\u00e9montre que la France a produit une architecture digne d&#8217;\u00eatre regard\u00e9e et appr\u00e9ci\u00e9e, des oeuvres d&#8217;architectes fran\u00e7ais (Jean Balladur, Andr\u00e9 Bruy\u00e8re, Paul Chemetov, Jean Nouvel, Claude Parent, Roland Simounet, etc.) ou \u00e9trangers (Marcel Breuer, Philip Johnson, Richard Neutra, Oscar Niemeyer). L&#8217;ouvrage d\u00e9finit \u00e9galement et analyse les diff\u00e9rentes interpr\u00e9tations des courants de pens\u00e9e et esth\u00e9tiques en France, notamment dans leur relation aux mouvements internationaux.<br \/>\nAu milieu des ann\u00e9es 60, les pr\u00e9mices des contestations sociales et la mont\u00e9e en puissance de la contre-culture se font sentir. Une rupture avec le monde orthogonal qui pr\u00e9valait depuis la fin de la Seconde Guerre mondiale s&#8217;amorce. Et cela, tant aux \u00c9tats-Unis qu&#8217;en Europe. L&#8217;architecture moderne est totalement mise en question par une multiplicit\u00e9 de mouvements et de tendances qui apparaissent ou prennent de l&#8217;ampleur dans les ann\u00e9es 60. Contrairement \u00e0 la d\u00e9cennie pr\u00e9c\u00e9dente, on ne peut pas parler d&#8217;un style caract\u00e9ristique des d\u00e9cennies 60 ou 70. Cependant le programme de la maison reste, plus que jamais, un laboratoire pour les nouvelles g\u00e9n\u00e9rations d&#8217;architectes.<br \/>\nDivis\u00e9e en trois chapitres, la premi\u00e8re partie du livre s&#8217;attache \u00e0 discerner les influences, les ruptures, les th\u00e8mes de r\u00e9flexion dans l&#8217;architecture de la maison individuelle fran\u00e7aise de la p\u00e9riode. Le premier chapitre est consacr\u00e9 aux m\u00e9tamorphoses de l&#8217;architecture moderne. Les d\u00e9bats se complexifient, les mod\u00e8les changent, comme les rep\u00e8res avec la r\u00e9forme de l&#8217;enseignement de l&#8217;architecture. Mais la classification des nouvelles exp\u00e9riences ou th\u00e9ories architecturales par les m\u00e9dias est parfois artificielle et forc\u00e9e, au risque d&#8217;entra\u00eener des amalgames ou des courants \u00e9ph\u00e9m\u00e8res.<br \/>\nLe deuxi\u00e8me chapitre s&#8217;int\u00e9resse aux d\u00e9fis envers les typologies habituelles, aux rapports entre architecture et sciences, \u00e0 l&#8217;effacement des fronti\u00e8res avec les arts plastiques (Pierre Sz\u00e9kely) et \u00e0 l&#8217;architecture prospective (Jean- Louis Chan\u00e9ac). D\u00f4mes, parabolo\u00efdes hyperboliques, bulles (Pascal H\u00e4usermann, Antti Lovag) et gonflables sont les symboles d&#8217;une nouvelle architecture rompant avec la bo\u00eete. Le troisi\u00e8me chapitre aborde la pens\u00e9e \u00e9cologique.<br \/>\nElle appara\u00eet d&#8217;abord chez quelques scientifiques, intellectuels et marginaux puis, lors de la crise p\u00e9troli\u00e8re de 1973, investit la sc\u00e8ne nationale avec le renouvellement de l&#8217;int\u00e9r\u00eat pour le bois (Pierre Lajus, Jean-Pierre Watel) et des essais d&#8217;architecture solaire (Guy Rottier).<br \/>\nDans la seconde partie du livre, une trentaine de villas, class\u00e9es par ordre chronologique et dont la construction s&#8217;\u00e9chelonne de 1960 \u00e0 1979, sont analys\u00e9es en d\u00e9tail avec l&#8217;aide de documents graphiques et photographiques. Elles illustrent et approfondissent les th\u00e8mes abord\u00e9s en premi\u00e8re partie.<\/p>\n","protected":false},"excerpt":{"rendered":"<p>\u00c0 l&#8217;instar de Villas 50 en France, le premier volume de Rapha\u00eblle Saint-Pierre paru aux \u00e9ditions Norma, Villas 60-70 en France d\u00e9montre que la France a produit une architecture digne d&#8217;\u00eatre regard\u00e9e et appr\u00e9ci\u00e9e, des oeuvres d&#8217;architectes fran\u00e7ais (Jean Balladur, Andr\u00e9 Bruy\u00e8re, Paul Chemetov, Jean Nouvel, Claude Parent, Roland Simounet, etc.) ou \u00e9trangers (Marcel Breuer, [&hellip;]<\/p>\n","protected":false},"featured_media":21293,"template":"","meta":[],"product_cat":[2948,2950],"product_tag":[],"acf":[],"yoast_head":"<!-- This site is optimized with the Yoast SEO plugin v20.11 - https:\/\/yoast.com\/wordpress\/plugins\/seo\/ -->\n<title>VILLAS 60-70 EN FRANCE - Librairie 7L<\/title>\n<meta name=\"robots\" content=\"index, follow, max-snippet:-1, max-image-preview:large, max-video-preview:-1\" \/>\n<link rel=\"canonical\" href=\"https:\/\/librairie7l.com\/en\/produit\/villas-60-70-en-france\/\" \/>\n<meta property=\"og:locale\" content=\"en_US\" \/>\n<meta property=\"og:type\" content=\"article\" \/>\n<meta property=\"og:title\" content=\"VILLAS 60-70 EN FRANCE - Librairie 7L\" \/>\n<meta property=\"og:description\" content=\"\u00c0 l&#8217;instar de Villas 50 en France, le premier volume de Rapha\u00eblle Saint-Pierre paru aux \u00e9ditions Norma, Villas 60-70 en France d\u00e9montre que la France a produit une architecture digne d&#8217;\u00eatre regard\u00e9e et appr\u00e9ci\u00e9e, des oeuvres d&#8217;architectes fran\u00e7ais (Jean Balladur, Andr\u00e9 Bruy\u00e8re, Paul Chemetov, Jean Nouvel, Claude Parent, Roland Simounet, etc.) ou \u00e9trangers (Marcel Breuer, [&hellip;]\" \/>\n<meta property=\"og:url\" content=\"https:\/\/librairie7l.com\/en\/produit\/villas-60-70-en-france\/\" \/>\n<meta property=\"og:site_name\" content=\"Librairie 7L\" \/>\n<meta property=\"article:modified_time\" content=\"2026-04-04T17:29:23+00:00\" \/>\n<meta property=\"og:image\" content=\"https:\/\/librairie7l.com\/wp-content\/uploads\/2013\/05\/9782915542424_1_75.jpg\" \/>\n\t<meta property=\"og:image:width\" content=\"204\" \/>\n\t<meta property=\"og:image:height\" content=\"247\" \/>\n\t<meta property=\"og:image:type\" content=\"image\/jpeg\" \/>\n<meta name=\"twitter:card\" content=\"summary_large_image\" \/>\n<meta name=\"twitter:label1\" content=\"Est. reading time\" \/>\n\t<meta name=\"twitter:data1\" content=\"2 minutes\" \/>\n<script type=\"application\/ld+json\" class=\"yoast-schema-graph\">{\"@context\":\"https:\/\/schema.org\",\"@graph\":[{\"@type\":\"WebPage\",\"@id\":\"https:\/\/librairie7l.com\/en\/produit\/villas-60-70-en-france\/\",\"url\":\"https:\/\/librairie7l.com\/en\/produit\/villas-60-70-en-france\/\",\"name\":\"VILLAS 60-70 EN FRANCE - Librairie 7L\",\"isPartOf\":{\"@id\":\"https:\/\/librairie7l.com\/en\/#website\"},\"datePublished\":\"2023-05-09T16:24:17+00:00\",\"dateModified\":\"2026-04-04T17:29:23+00:00\",\"breadcrumb\":{\"@id\":\"https:\/\/librairie7l.com\/en\/produit\/villas-60-70-en-france\/#breadcrumb\"},\"inLanguage\":\"en-US\",\"potentialAction\":[{\"@type\":\"ReadAction\",\"target\":[\"https:\/\/librairie7l.com\/en\/produit\/villas-60-70-en-france\/\"]}]},{\"@type\":\"BreadcrumbList\",\"@id\":\"https:\/\/librairie7l.com\/en\/produit\/villas-60-70-en-france\/#breadcrumb\",\"itemListElement\":[{\"@type\":\"ListItem\",\"position\":1,\"name\":\"Accueil\",\"item\":\"https:\/\/librairie7l.com\/en\/\"},{\"@type\":\"ListItem\",\"position\":2,\"name\":\"Shop\",\"item\":\"https:\/\/librairie7l.com\/en\/shop\/\"},{\"@type\":\"ListItem\",\"position\":3,\"name\":\"VILLAS 60-70 EN FRANCE\"}]},{\"@type\":\"WebSite\",\"@id\":\"https:\/\/librairie7l.com\/en\/#website\",\"url\":\"https:\/\/librairie7l.com\/en\/\",\"name\":\"Librairie 7L\",\"description\":\"Librairie fond\u00e9e en 1999 par Karl Lagerfeld \u00e0 Paris\",\"publisher\":{\"@id\":\"https:\/\/librairie7l.com\/en\/#organization\"},\"potentialAction\":[{\"@type\":\"SearchAction\",\"target\":{\"@type\":\"EntryPoint\",\"urlTemplate\":\"https:\/\/librairie7l.com\/en\/?s={search_term_string}\"},\"query-input\":\"required name=search_term_string\"}],\"inLanguage\":\"en-US\"},{\"@type\":\"Organization\",\"@id\":\"https:\/\/librairie7l.com\/en\/#organization\",\"name\":\"Librairie 7L\",\"url\":\"https:\/\/librairie7l.com\/en\/\",\"logo\":{\"@type\":\"ImageObject\",\"inLanguage\":\"en-US\",\"@id\":\"https:\/\/librairie7l.com\/en\/#\/schema\/logo\/image\/\",\"url\":\"https:\/\/librairie7l.com\/wp-content\/uploads\/2022\/08\/logo-1.png\",\"contentUrl\":\"https:\/\/librairie7l.com\/wp-content\/uploads\/2022\/08\/logo-1.png\",\"width\":227,\"height\":301,\"caption\":\"Librairie 7L\"},\"image\":{\"@id\":\"https:\/\/librairie7l.com\/en\/#\/schema\/logo\/image\/\"}}]}<\/script>\n<!-- \/ Yoast SEO plugin. -->","yoast_head_json":{"title":"VILLAS 60-70 EN FRANCE - Librairie 7L","robots":{"index":"index","follow":"follow","max-snippet":"max-snippet:-1","max-image-preview":"max-image-preview:large","max-video-preview":"max-video-preview:-1"},"canonical":"https:\/\/librairie7l.com\/en\/produit\/villas-60-70-en-france\/","og_locale":"en_US","og_type":"article","og_title":"VILLAS 60-70 EN FRANCE - Librairie 7L","og_description":"\u00c0 l&#8217;instar de Villas 50 en France, le premier volume de Rapha\u00eblle Saint-Pierre paru aux \u00e9ditions Norma, Villas 60-70 en France d\u00e9montre que la France a produit une architecture digne d&#8217;\u00eatre regard\u00e9e et appr\u00e9ci\u00e9e, des oeuvres d&#8217;architectes fran\u00e7ais (Jean Balladur, Andr\u00e9 Bruy\u00e8re, Paul Chemetov, Jean Nouvel, Claude Parent, Roland Simounet, etc.) ou \u00e9trangers (Marcel Breuer, [&hellip;]","og_url":"https:\/\/librairie7l.com\/en\/produit\/villas-60-70-en-france\/","og_site_name":"Librairie 7L","article_modified_time":"2026-04-04T17:29:23+00:00","og_image":[{"width":204,"height":247,"url":"https:\/\/librairie7l.com\/wp-content\/uploads\/2013\/05\/9782915542424_1_75.jpg","type":"image\/jpeg"}],"twitter_card":"summary_large_image","twitter_misc":{"Est. reading time":"2 minutes"},"schema":{"@context":"https:\/\/schema.org","@graph":[{"@type":"WebPage","@id":"https:\/\/librairie7l.com\/en\/produit\/villas-60-70-en-france\/","url":"https:\/\/librairie7l.com\/en\/produit\/villas-60-70-en-france\/","name":"VILLAS 60-70 EN FRANCE - Librairie 7L","isPartOf":{"@id":"https:\/\/librairie7l.com\/en\/#website"},"datePublished":"2023-05-09T16:24:17+00:00","dateModified":"2026-04-04T17:29:23+00:00","breadcrumb":{"@id":"https:\/\/librairie7l.com\/en\/produit\/villas-60-70-en-france\/#breadcrumb"},"inLanguage":"en-US","potentialAction":[{"@type":"ReadAction","target":["https:\/\/librairie7l.com\/en\/produit\/villas-60-70-en-france\/"]}]},{"@type":"BreadcrumbList","@id":"https:\/\/librairie7l.com\/en\/produit\/villas-60-70-en-france\/#breadcrumb","itemListElement":[{"@type":"ListItem","position":1,"name":"Accueil","item":"https:\/\/librairie7l.com\/en\/"},{"@type":"ListItem","position":2,"name":"Shop","item":"https:\/\/librairie7l.com\/en\/shop\/"},{"@type":"ListItem","position":3,"name":"VILLAS 60-70 EN FRANCE"}]},{"@type":"WebSite","@id":"https:\/\/librairie7l.com\/en\/#website","url":"https:\/\/librairie7l.com\/en\/","name":"Librairie 7L","description":"Librairie fond\u00e9e en 1999 par Karl Lagerfeld \u00e0 Paris","publisher":{"@id":"https:\/\/librairie7l.com\/en\/#organization"},"potentialAction":[{"@type":"SearchAction","target":{"@type":"EntryPoint","urlTemplate":"https:\/\/librairie7l.com\/en\/?s={search_term_string}"},"query-input":"required name=search_term_string"}],"inLanguage":"en-US"},{"@type":"Organization","@id":"https:\/\/librairie7l.com\/en\/#organization","name":"Librairie 7L","url":"https:\/\/librairie7l.com\/en\/","logo":{"@type":"ImageObject","inLanguage":"en-US","@id":"https:\/\/librairie7l.com\/en\/#\/schema\/logo\/image\/","url":"https:\/\/librairie7l.com\/wp-content\/uploads\/2022\/08\/logo-1.png","contentUrl":"https:\/\/librairie7l.com\/wp-content\/uploads\/2022\/08\/logo-1.png","width":227,"height":301,"caption":"Librairie 7L"},"image":{"@id":"https:\/\/librairie7l.com\/en\/#\/schema\/logo\/image\/"}}]}},"_links":{"self":[{"href":"https:\/\/librairie7l.com\/en\/wp-json\/wp\/v2\/product\/21295"}],"collection":[{"href":"https:\/\/librairie7l.com\/en\/wp-json\/wp\/v2\/product"}],"about":[{"href":"https:\/\/librairie7l.com\/en\/wp-json\/wp\/v2\/types\/product"}],"wp:featuredmedia":[{"embeddable":true,"href":"https:\/\/librairie7l.com\/en\/wp-json\/wp\/v2\/media\/21293"}],"wp:attachment":[{"href":"https:\/\/librairie7l.com\/en\/wp-json\/wp\/v2\/media?parent=21295"}],"wp:term":[{"taxonomy":"product_cat","embeddable":true,"href":"https:\/\/librairie7l.com\/en\/wp-json\/wp\/v2\/product_cat?post=21295"},{"taxonomy":"product_tag","embeddable":true,"href":"https:\/\/librairie7l.com\/en\/wp-json\/wp\/v2\/product_tag?post=21295"}],"curies":[{"name":"wp","href":"https:\/\/api.w.org\/{rel}","templated":true}]}}