{"id":21303,"date":"2023-05-09T18:24:23","date_gmt":"2023-05-09T16:24:23","guid":{"rendered":"https:\/\/librairie7l.com\/?post_type=product&#038;p=21303"},"modified":"2026-04-07T05:34:55","modified_gmt":"2026-04-07T03:34:55","slug":"les-portes-traditionnelles-et-modernes-portes-deurope","status":"publish","type":"product","link":"https:\/\/librairie7l.com\/en\/produit\/les-portes-traditionnelles-et-modernes-portes-deurope\/","title":{"rendered":"LES PORTES TRADITIONNELLES ET MODERNES ; PORTES D&#8217;EUROPE"},"content":{"rendered":"<p>Ce livre pr\u00e9sente un grand nombre de portes de provenances et d&#8217;influences diverses. Vous d\u00e9couvrirez une s\u00e9lection de portes originales et repr\u00e9sentatives de la diversit\u00e9 des mod\u00e8les de style, rustique et moderne. Plus de trois cents photos illustrent le th\u00e8me des portes et font de cet ouvrage un outil de comparaison et d&#8217;\u00e9tude d&#8217;architecture appliqu\u00e9e.<\/p>\n","protected":false},"excerpt":{"rendered":"<p>Ce livre pr\u00e9sente un grand nombre de portes de provenances et d&#8217;influences diverses. Vous d\u00e9couvrirez une s\u00e9lection de portes originales et repr\u00e9sentatives de la diversit\u00e9 des mod\u00e8les de style, rustique et moderne. Plus de trois cents photos illustrent le th\u00e8me des portes et font de cet ouvrage un outil de comparaison et d&#8217;\u00e9tude d&#8217;architecture appliqu\u00e9e.<\/p>\n","protected":false},"featured_media":21301,"template":"","meta":[],"product_cat":[2948,2950],"product_tag":[],"acf":[],"yoast_head":"<!-- This site is optimized with the Yoast SEO plugin v20.11 - https:\/\/yoast.com\/wordpress\/plugins\/seo\/ -->\n<title>LES PORTES TRADITIONNELLES ET MODERNES ; PORTES D&#039;EUROPE - Librairie 7L<\/title>\n<meta name=\"robots\" content=\"index, follow, max-snippet:-1, max-image-preview:large, max-video-preview:-1\" \/>\n<link rel=\"canonical\" href=\"https:\/\/librairie7l.com\/en\/produit\/les-portes-traditionnelles-et-modernes-portes-deurope\/\" \/>\n<meta property=\"og:locale\" content=\"en_US\" \/>\n<meta property=\"og:type\" content=\"article\" \/>\n<meta property=\"og:title\" content=\"LES PORTES TRADITIONNELLES ET MODERNES ; PORTES D&#039;EUROPE - Librairie 7L\" \/>\n<meta property=\"og:description\" content=\"Ce livre pr\u00e9sente un grand nombre de portes de provenances et d&#8217;influences diverses. Vous d\u00e9couvrirez une s\u00e9lection de portes originales et repr\u00e9sentatives de la diversit\u00e9 des mod\u00e8les de style, rustique et moderne. Plus de trois cents photos illustrent le th\u00e8me des portes et font de cet ouvrage un outil de comparaison et d&#8217;\u00e9tude d&#8217;architecture appliqu\u00e9e.\" \/>\n<meta property=\"og:url\" content=\"https:\/\/librairie7l.com\/en\/produit\/les-portes-traditionnelles-et-modernes-portes-deurope\/\" \/>\n<meta property=\"og:site_name\" content=\"Librairie 7L\" \/>\n<meta property=\"article:modified_time\" content=\"2026-04-07T03:34:55+00:00\" \/>\n<meta property=\"og:image\" content=\"https:\/\/librairie7l.com\/wp-content\/uploads\/2009\/10\/9782851010995_1_75.jpg\" \/>\n\t<meta property=\"og:image:width\" content=\"366\" \/>\n\t<meta property=\"og:image:height\" content=\"472\" \/>\n\t<meta property=\"og:image:type\" content=\"image\/jpeg\" \/>\n<meta name=\"twitter:card\" content=\"summary_large_image\" \/>\n<script type=\"application\/ld+json\" class=\"yoast-schema-graph\">{\"@context\":\"https:\/\/schema.org\",\"@graph\":[{\"@type\":\"WebPage\",\"@id\":\"https:\/\/librairie7l.com\/en\/produit\/les-portes-traditionnelles-et-modernes-portes-deurope\/\",\"url\":\"https:\/\/librairie7l.com\/en\/produit\/les-portes-traditionnelles-et-modernes-portes-deurope\/\",\"name\":\"LES PORTES TRADITIONNELLES ET MODERNES ; PORTES D'EUROPE - Librairie 7L\",\"isPartOf\":{\"@id\":\"https:\/\/librairie7l.com\/en\/#website\"},\"datePublished\":\"2023-05-09T16:24:23+00:00\",\"dateModified\":\"2026-04-07T03:34:55+00:00\",\"breadcrumb\":{\"@id\":\"https:\/\/librairie7l.com\/en\/produit\/les-portes-traditionnelles-et-modernes-portes-deurope\/#breadcrumb\"},\"inLanguage\":\"en-US\",\"potentialAction\":[{\"@type\":\"ReadAction\",\"target\":[\"https:\/\/librairie7l.com\/en\/produit\/les-portes-traditionnelles-et-modernes-portes-deurope\/\"]}]},{\"@type\":\"BreadcrumbList\",\"@id\":\"https:\/\/librairie7l.com\/en\/produit\/les-portes-traditionnelles-et-modernes-portes-deurope\/#breadcrumb\",\"itemListElement\":[{\"@type\":\"ListItem\",\"position\":1,\"name\":\"Accueil\",\"item\":\"https:\/\/librairie7l.com\/en\/\"},{\"@type\":\"ListItem\",\"position\":2,\"name\":\"Shop\",\"item\":\"https:\/\/librairie7l.com\/en\/shop\/\"},{\"@type\":\"ListItem\",\"position\":3,\"name\":\"LES PORTES TRADITIONNELLES ET MODERNES ; PORTES D&#8217;EUROPE\"}]},{\"@type\":\"WebSite\",\"@id\":\"https:\/\/librairie7l.com\/en\/#website\",\"url\":\"https:\/\/librairie7l.com\/en\/\",\"name\":\"Librairie 7L\",\"description\":\"Librairie fond\u00e9e en 1999 par Karl Lagerfeld \u00e0 Paris\",\"publisher\":{\"@id\":\"https:\/\/librairie7l.com\/en\/#organization\"},\"potentialAction\":[{\"@type\":\"SearchAction\",\"target\":{\"@type\":\"EntryPoint\",\"urlTemplate\":\"https:\/\/librairie7l.com\/en\/?s={search_term_string}\"},\"query-input\":\"required name=search_term_string\"}],\"inLanguage\":\"en-US\"},{\"@type\":\"Organization\",\"@id\":\"https:\/\/librairie7l.com\/en\/#organization\",\"name\":\"Librairie 7L\",\"url\":\"https:\/\/librairie7l.com\/en\/\",\"logo\":{\"@type\":\"ImageObject\",\"inLanguage\":\"en-US\",\"@id\":\"https:\/\/librairie7l.com\/en\/#\/schema\/logo\/image\/\",\"url\":\"https:\/\/librairie7l.com\/wp-content\/uploads\/2022\/08\/logo-1.png\",\"contentUrl\":\"https:\/\/librairie7l.com\/wp-content\/uploads\/2022\/08\/logo-1.png\",\"width\":227,\"height\":301,\"caption\":\"Librairie 7L\"},\"image\":{\"@id\":\"https:\/\/librairie7l.com\/en\/#\/schema\/logo\/image\/\"}}]}<\/script>\n<!-- \/ Yoast SEO plugin. -->","yoast_head_json":{"title":"LES PORTES TRADITIONNELLES ET MODERNES ; PORTES D'EUROPE - Librairie 7L","robots":{"index":"index","follow":"follow","max-snippet":"max-snippet:-1","max-image-preview":"max-image-preview:large","max-video-preview":"max-video-preview:-1"},"canonical":"https:\/\/librairie7l.com\/en\/produit\/les-portes-traditionnelles-et-modernes-portes-deurope\/","og_locale":"en_US","og_type":"article","og_title":"LES PORTES TRADITIONNELLES ET MODERNES ; PORTES D'EUROPE - Librairie 7L","og_description":"Ce livre pr\u00e9sente un grand nombre de portes de provenances et d&#8217;influences diverses. Vous d\u00e9couvrirez une s\u00e9lection de portes originales et repr\u00e9sentatives de la diversit\u00e9 des mod\u00e8les de style, rustique et moderne. Plus de trois cents photos illustrent le th\u00e8me des portes et font de cet ouvrage un outil de comparaison et d&#8217;\u00e9tude d&#8217;architecture appliqu\u00e9e.","og_url":"https:\/\/librairie7l.com\/en\/produit\/les-portes-traditionnelles-et-modernes-portes-deurope\/","og_site_name":"Librairie 7L","article_modified_time":"2026-04-07T03:34:55+00:00","og_image":[{"width":366,"height":472,"url":"https:\/\/librairie7l.com\/wp-content\/uploads\/2009\/10\/9782851010995_1_75.jpg","type":"image\/jpeg"}],"twitter_card":"summary_large_image","schema":{"@context":"https:\/\/schema.org","@graph":[{"@type":"WebPage","@id":"https:\/\/librairie7l.com\/en\/produit\/les-portes-traditionnelles-et-modernes-portes-deurope\/","url":"https:\/\/librairie7l.com\/en\/produit\/les-portes-traditionnelles-et-modernes-portes-deurope\/","name":"LES PORTES TRADITIONNELLES ET MODERNES ; PORTES D'EUROPE - Librairie 7L","isPartOf":{"@id":"https:\/\/librairie7l.com\/en\/#website"},"datePublished":"2023-05-09T16:24:23+00:00","dateModified":"2026-04-07T03:34:55+00:00","breadcrumb":{"@id":"https:\/\/librairie7l.com\/en\/produit\/les-portes-traditionnelles-et-modernes-portes-deurope\/#breadcrumb"},"inLanguage":"en-US","potentialAction":[{"@type":"ReadAction","target":["https:\/\/librairie7l.com\/en\/produit\/les-portes-traditionnelles-et-modernes-portes-deurope\/"]}]},{"@type":"BreadcrumbList","@id":"https:\/\/librairie7l.com\/en\/produit\/les-portes-traditionnelles-et-modernes-portes-deurope\/#breadcrumb","itemListElement":[{"@type":"ListItem","position":1,"name":"Accueil","item":"https:\/\/librairie7l.com\/en\/"},{"@type":"ListItem","position":2,"name":"Shop","item":"https:\/\/librairie7l.com\/en\/shop\/"},{"@type":"ListItem","position":3,"name":"LES PORTES TRADITIONNELLES ET MODERNES ; PORTES D&#8217;EUROPE"}]},{"@type":"WebSite","@id":"https:\/\/librairie7l.com\/en\/#website","url":"https:\/\/librairie7l.com\/en\/","name":"Librairie 7L","description":"Librairie fond\u00e9e en 1999 par Karl Lagerfeld \u00e0 Paris","publisher":{"@id":"https:\/\/librairie7l.com\/en\/#organization"},"potentialAction":[{"@type":"SearchAction","target":{"@type":"EntryPoint","urlTemplate":"https:\/\/librairie7l.com\/en\/?s={search_term_string}"},"query-input":"required name=search_term_string"}],"inLanguage":"en-US"},{"@type":"Organization","@id":"https:\/\/librairie7l.com\/en\/#organization","name":"Librairie 7L","url":"https:\/\/librairie7l.com\/en\/","logo":{"@type":"ImageObject","inLanguage":"en-US","@id":"https:\/\/librairie7l.com\/en\/#\/schema\/logo\/image\/","url":"https:\/\/librairie7l.com\/wp-content\/uploads\/2022\/08\/logo-1.png","contentUrl":"https:\/\/librairie7l.com\/wp-content\/uploads\/2022\/08\/logo-1.png","width":227,"height":301,"caption":"Librairie 7L"},"image":{"@id":"https:\/\/librairie7l.com\/en\/#\/schema\/logo\/image\/"}}]}},"_links":{"self":[{"href":"https:\/\/librairie7l.com\/en\/wp-json\/wp\/v2\/product\/21303"}],"collection":[{"href":"https:\/\/librairie7l.com\/en\/wp-json\/wp\/v2\/product"}],"about":[{"href":"https:\/\/librairie7l.com\/en\/wp-json\/wp\/v2\/types\/product"}],"wp:featuredmedia":[{"embeddable":true,"href":"https:\/\/librairie7l.com\/en\/wp-json\/wp\/v2\/media\/21301"}],"wp:attachment":[{"href":"https:\/\/librairie7l.com\/en\/wp-json\/wp\/v2\/media?parent=21303"}],"wp:term":[{"taxonomy":"product_cat","embeddable":true,"href":"https:\/\/librairie7l.com\/en\/wp-json\/wp\/v2\/product_cat?post=21303"},{"taxonomy":"product_tag","embeddable":true,"href":"https:\/\/librairie7l.com\/en\/wp-json\/wp\/v2\/product_tag?post=21303"}],"curies":[{"name":"wp","href":"https:\/\/api.w.org\/{rel}","templated":true}]}}