{"id":21315,"date":"2023-05-09T18:24:33","date_gmt":"2023-05-09T16:24:33","guid":{"rendered":"https:\/\/librairie7l.com\/?post_type=product&#038;p=21315"},"modified":"2026-04-07T05:37:02","modified_gmt":"2026-04-07T03:37:02","slug":"tapis-modernes-et-art-deco","status":"publish","type":"product","link":"https:\/\/librairie7l.com\/en\/produit\/tapis-modernes-et-art-deco\/","title":{"rendered":"TAPIS MODERNES ET ART DECO"},"content":{"rendered":"<p>En 1927, le critique Ren\u00e9 Chavance consid\u00e9rait l&#8217;art du tapis comme le plus achev\u00e9 des arts d\u00e9coratifs, &#8221; le plus visionnaire de l&#8217;esprit du temps &#8220;.<br \/>\nAvant la Premi\u00e8re Guerre mondiale, les d\u00e9corateurs fran\u00e7ais abandonnent les formes sinueuses de l&#8217;Art nouveau pour cr\u00e9er des int\u00e9rieurs spectaculaires d\u00e9cor\u00e9s de tapis tr\u00e8s color\u00e9s \u00e0 motifs floraux, figuratifs ou g\u00e9om\u00e9triques. Ils sont tiss\u00e9s \u00e0 la main, fabriqu\u00e9s par de petits ateliers artisanaux ou ex\u00e9cut\u00e9s par les manufactures d&#8217;Aubusson. Les ma\u00eetres de l&#8217;Art d\u00e9co, Su\u00eb et Mare, Ruhlmann, Follot et Dufr\u00e8ne, les coordonnent aux int\u00e9rieurs qu&#8217;ils d\u00e9corent, certains comme Poiret poss\u00e9dant m\u00eame leurs propres ateliers de tissage.<br \/>\nAu remarquable \u00e9panouissement de l&#8217;Art d\u00e9co succ\u00e8dent les d\u00e9fenseurs de la modernit\u00e9 contre les &#8221; artistes d\u00e9corateurs &#8220;. De l&#8217;inventivit\u00e9 de l&#8217;\u00e9cole Martine fond\u00e9e par Paul Poiret aux oeuvres de Sonia Delaunay, d&#8217;Eileen Gray et de Jean Lur\u00e7at en France, en passant par la tradition folklorique scandinave de M\u00e4rta Maas-Fjetterstr\u00f6m, les cr\u00e9ations innovantes des Am\u00e9ricains Frank Lloyd Wright et Donald Deskey, ou encore les tapis tiss\u00e9s main de Gunta St\u00f6lzl en Allemagne, sans oublier les tissages en \u00e9dition limit\u00e9e r\u00e9alis\u00e9s d&#8217;apr\u00e8s les oeuvres des grands ma\u00eetres du XXe si\u00e8cle comme Picasso, Matisse, Klee ou Miro, ce livre montre la vitalit\u00e9 de la cr\u00e9ation du tapis moderne.<br \/>\nLes biographies d&#8217;artistes, de fabricants et d&#8217;\u00e9diteurs, les signatures et les monogrammes ainsi qu&#8217;un glossaire font de ce livre, magnifiquement illustr\u00e9 de photographies d&#8217;\u00e9poque et contemporaines, un ouvrage de r\u00e9f\u00e9rence.<\/p>\n","protected":false},"excerpt":{"rendered":"<p>En 1927, le critique Ren\u00e9 Chavance consid\u00e9rait l&#8217;art du tapis comme le plus achev\u00e9 des arts d\u00e9coratifs, &#8221; le plus visionnaire de l&#8217;esprit du temps &#8220;. Avant la Premi\u00e8re Guerre mondiale, les d\u00e9corateurs fran\u00e7ais abandonnent les formes sinueuses de l&#8217;Art nouveau pour cr\u00e9er des int\u00e9rieurs spectaculaires d\u00e9cor\u00e9s de tapis tr\u00e8s color\u00e9s \u00e0 motifs floraux, figuratifs [&hellip;]<\/p>\n","protected":false},"featured_media":21313,"template":"","meta":[],"product_cat":[2948,2952],"product_tag":[],"acf":[],"yoast_head":"<!-- This site is optimized with the Yoast SEO plugin v20.11 - https:\/\/yoast.com\/wordpress\/plugins\/seo\/ -->\n<title>TAPIS MODERNES ET ART DECO - Librairie 7L<\/title>\n<meta name=\"robots\" content=\"index, follow, max-snippet:-1, max-image-preview:large, max-video-preview:-1\" \/>\n<link rel=\"canonical\" href=\"https:\/\/librairie7l.com\/en\/produit\/tapis-modernes-et-art-deco\/\" \/>\n<meta property=\"og:locale\" content=\"en_US\" \/>\n<meta property=\"og:type\" content=\"article\" \/>\n<meta property=\"og:title\" content=\"TAPIS MODERNES ET ART DECO - Librairie 7L\" \/>\n<meta property=\"og:description\" content=\"En 1927, le critique Ren\u00e9 Chavance consid\u00e9rait l&#8217;art du tapis comme le plus achev\u00e9 des arts d\u00e9coratifs, &#8221; le plus visionnaire de l&#8217;esprit du temps &#8220;. Avant la Premi\u00e8re Guerre mondiale, les d\u00e9corateurs fran\u00e7ais abandonnent les formes sinueuses de l&#8217;Art nouveau pour cr\u00e9er des int\u00e9rieurs spectaculaires d\u00e9cor\u00e9s de tapis tr\u00e8s color\u00e9s \u00e0 motifs floraux, figuratifs [&hellip;]\" \/>\n<meta property=\"og:url\" content=\"https:\/\/librairie7l.com\/en\/produit\/tapis-modernes-et-art-deco\/\" \/>\n<meta property=\"og:site_name\" content=\"Librairie 7L\" \/>\n<meta property=\"article:modified_time\" content=\"2026-04-07T03:37:02+00:00\" \/>\n<meta property=\"og:image\" content=\"https:\/\/librairie7l.com\/wp-content\/uploads\/2002\/09\/9782909283715_1_75.jpg\" \/>\n\t<meta property=\"og:image:width\" content=\"679\" \/>\n\t<meta property=\"og:image:height\" content=\"913\" \/>\n\t<meta property=\"og:image:type\" content=\"image\/jpeg\" \/>\n<meta name=\"twitter:card\" content=\"summary_large_image\" \/>\n<meta name=\"twitter:label1\" content=\"Est. reading time\" \/>\n\t<meta name=\"twitter:data1\" content=\"1 minute\" \/>\n<script type=\"application\/ld+json\" class=\"yoast-schema-graph\">{\"@context\":\"https:\/\/schema.org\",\"@graph\":[{\"@type\":\"WebPage\",\"@id\":\"https:\/\/librairie7l.com\/en\/produit\/tapis-modernes-et-art-deco\/\",\"url\":\"https:\/\/librairie7l.com\/en\/produit\/tapis-modernes-et-art-deco\/\",\"name\":\"TAPIS MODERNES ET ART DECO - Librairie 7L\",\"isPartOf\":{\"@id\":\"https:\/\/librairie7l.com\/en\/#website\"},\"datePublished\":\"2023-05-09T16:24:33+00:00\",\"dateModified\":\"2026-04-07T03:37:02+00:00\",\"breadcrumb\":{\"@id\":\"https:\/\/librairie7l.com\/en\/produit\/tapis-modernes-et-art-deco\/#breadcrumb\"},\"inLanguage\":\"en-US\",\"potentialAction\":[{\"@type\":\"ReadAction\",\"target\":[\"https:\/\/librairie7l.com\/en\/produit\/tapis-modernes-et-art-deco\/\"]}]},{\"@type\":\"BreadcrumbList\",\"@id\":\"https:\/\/librairie7l.com\/en\/produit\/tapis-modernes-et-art-deco\/#breadcrumb\",\"itemListElement\":[{\"@type\":\"ListItem\",\"position\":1,\"name\":\"Accueil\",\"item\":\"https:\/\/librairie7l.com\/en\/\"},{\"@type\":\"ListItem\",\"position\":2,\"name\":\"Shop\",\"item\":\"https:\/\/librairie7l.com\/en\/shop\/\"},{\"@type\":\"ListItem\",\"position\":3,\"name\":\"TAPIS MODERNES ET ART DECO\"}]},{\"@type\":\"WebSite\",\"@id\":\"https:\/\/librairie7l.com\/en\/#website\",\"url\":\"https:\/\/librairie7l.com\/en\/\",\"name\":\"Librairie 7L\",\"description\":\"Librairie fond\u00e9e en 1999 par Karl Lagerfeld \u00e0 Paris\",\"publisher\":{\"@id\":\"https:\/\/librairie7l.com\/en\/#organization\"},\"potentialAction\":[{\"@type\":\"SearchAction\",\"target\":{\"@type\":\"EntryPoint\",\"urlTemplate\":\"https:\/\/librairie7l.com\/en\/?s={search_term_string}\"},\"query-input\":\"required name=search_term_string\"}],\"inLanguage\":\"en-US\"},{\"@type\":\"Organization\",\"@id\":\"https:\/\/librairie7l.com\/en\/#organization\",\"name\":\"Librairie 7L\",\"url\":\"https:\/\/librairie7l.com\/en\/\",\"logo\":{\"@type\":\"ImageObject\",\"inLanguage\":\"en-US\",\"@id\":\"https:\/\/librairie7l.com\/en\/#\/schema\/logo\/image\/\",\"url\":\"https:\/\/librairie7l.com\/wp-content\/uploads\/2022\/08\/logo-1.png\",\"contentUrl\":\"https:\/\/librairie7l.com\/wp-content\/uploads\/2022\/08\/logo-1.png\",\"width\":227,\"height\":301,\"caption\":\"Librairie 7L\"},\"image\":{\"@id\":\"https:\/\/librairie7l.com\/en\/#\/schema\/logo\/image\/\"}}]}<\/script>\n<!-- \/ Yoast SEO plugin. -->","yoast_head_json":{"title":"TAPIS MODERNES ET ART DECO - Librairie 7L","robots":{"index":"index","follow":"follow","max-snippet":"max-snippet:-1","max-image-preview":"max-image-preview:large","max-video-preview":"max-video-preview:-1"},"canonical":"https:\/\/librairie7l.com\/en\/produit\/tapis-modernes-et-art-deco\/","og_locale":"en_US","og_type":"article","og_title":"TAPIS MODERNES ET ART DECO - Librairie 7L","og_description":"En 1927, le critique Ren\u00e9 Chavance consid\u00e9rait l&#8217;art du tapis comme le plus achev\u00e9 des arts d\u00e9coratifs, &#8221; le plus visionnaire de l&#8217;esprit du temps &#8220;. Avant la Premi\u00e8re Guerre mondiale, les d\u00e9corateurs fran\u00e7ais abandonnent les formes sinueuses de l&#8217;Art nouveau pour cr\u00e9er des int\u00e9rieurs spectaculaires d\u00e9cor\u00e9s de tapis tr\u00e8s color\u00e9s \u00e0 motifs floraux, figuratifs [&hellip;]","og_url":"https:\/\/librairie7l.com\/en\/produit\/tapis-modernes-et-art-deco\/","og_site_name":"Librairie 7L","article_modified_time":"2026-04-07T03:37:02+00:00","og_image":[{"width":679,"height":913,"url":"https:\/\/librairie7l.com\/wp-content\/uploads\/2002\/09\/9782909283715_1_75.jpg","type":"image\/jpeg"}],"twitter_card":"summary_large_image","twitter_misc":{"Est. reading time":"1 minute"},"schema":{"@context":"https:\/\/schema.org","@graph":[{"@type":"WebPage","@id":"https:\/\/librairie7l.com\/en\/produit\/tapis-modernes-et-art-deco\/","url":"https:\/\/librairie7l.com\/en\/produit\/tapis-modernes-et-art-deco\/","name":"TAPIS MODERNES ET ART DECO - Librairie 7L","isPartOf":{"@id":"https:\/\/librairie7l.com\/en\/#website"},"datePublished":"2023-05-09T16:24:33+00:00","dateModified":"2026-04-07T03:37:02+00:00","breadcrumb":{"@id":"https:\/\/librairie7l.com\/en\/produit\/tapis-modernes-et-art-deco\/#breadcrumb"},"inLanguage":"en-US","potentialAction":[{"@type":"ReadAction","target":["https:\/\/librairie7l.com\/en\/produit\/tapis-modernes-et-art-deco\/"]}]},{"@type":"BreadcrumbList","@id":"https:\/\/librairie7l.com\/en\/produit\/tapis-modernes-et-art-deco\/#breadcrumb","itemListElement":[{"@type":"ListItem","position":1,"name":"Accueil","item":"https:\/\/librairie7l.com\/en\/"},{"@type":"ListItem","position":2,"name":"Shop","item":"https:\/\/librairie7l.com\/en\/shop\/"},{"@type":"ListItem","position":3,"name":"TAPIS MODERNES ET ART DECO"}]},{"@type":"WebSite","@id":"https:\/\/librairie7l.com\/en\/#website","url":"https:\/\/librairie7l.com\/en\/","name":"Librairie 7L","description":"Librairie fond\u00e9e en 1999 par Karl Lagerfeld \u00e0 Paris","publisher":{"@id":"https:\/\/librairie7l.com\/en\/#organization"},"potentialAction":[{"@type":"SearchAction","target":{"@type":"EntryPoint","urlTemplate":"https:\/\/librairie7l.com\/en\/?s={search_term_string}"},"query-input":"required name=search_term_string"}],"inLanguage":"en-US"},{"@type":"Organization","@id":"https:\/\/librairie7l.com\/en\/#organization","name":"Librairie 7L","url":"https:\/\/librairie7l.com\/en\/","logo":{"@type":"ImageObject","inLanguage":"en-US","@id":"https:\/\/librairie7l.com\/en\/#\/schema\/logo\/image\/","url":"https:\/\/librairie7l.com\/wp-content\/uploads\/2022\/08\/logo-1.png","contentUrl":"https:\/\/librairie7l.com\/wp-content\/uploads\/2022\/08\/logo-1.png","width":227,"height":301,"caption":"Librairie 7L"},"image":{"@id":"https:\/\/librairie7l.com\/en\/#\/schema\/logo\/image\/"}}]}},"_links":{"self":[{"href":"https:\/\/librairie7l.com\/en\/wp-json\/wp\/v2\/product\/21315"}],"collection":[{"href":"https:\/\/librairie7l.com\/en\/wp-json\/wp\/v2\/product"}],"about":[{"href":"https:\/\/librairie7l.com\/en\/wp-json\/wp\/v2\/types\/product"}],"wp:featuredmedia":[{"embeddable":true,"href":"https:\/\/librairie7l.com\/en\/wp-json\/wp\/v2\/media\/21313"}],"wp:attachment":[{"href":"https:\/\/librairie7l.com\/en\/wp-json\/wp\/v2\/media?parent=21315"}],"wp:term":[{"taxonomy":"product_cat","embeddable":true,"href":"https:\/\/librairie7l.com\/en\/wp-json\/wp\/v2\/product_cat?post=21315"},{"taxonomy":"product_tag","embeddable":true,"href":"https:\/\/librairie7l.com\/en\/wp-json\/wp\/v2\/product_tag?post=21315"}],"curies":[{"name":"wp","href":"https:\/\/api.w.org\/{rel}","templated":true}]}}