{"id":21327,"date":"2023-05-09T18:24:45","date_gmt":"2023-05-09T16:24:45","guid":{"rendered":"https:\/\/librairie7l.com\/?post_type=product&#038;p=21327"},"modified":"2026-04-07T05:34:09","modified_gmt":"2026-04-07T03:34:09","slug":"le-beton-histoire-dun-materiau-2","status":"publish","type":"product","link":"https:\/\/librairie7l.com\/en\/produit\/le-beton-histoire-dun-materiau-2\/","title":{"rendered":"LE BETON, HISTOIRE D&#8217;UN MATERIAU"},"content":{"rendered":"<p>Le b\u00e9ton arm\u00e9 fut-il d\u00e9couvert ou invent\u00e9 ? Autrement dit, que savait-on de cette technique avant qu&#8217;elle ne prenne le nom de mat\u00e9riau ? Et avant m\u00eame d&#8217;\u00eatre &#8221; arm\u00e9e &#8220;, que repr\u00e9sentait pour les constructeurs ou les architectes cette esp\u00e8ce de boue \u00e9paisse, informe, seulement bonne \u00e0 solidifier la masse des murailles ou des fondations ? Le b\u00e9ton aujourd&#8217;hui concentre sur lui beaucoup de haine (pour l&#8217;homme de la rue), mais aussi beaucoup d&#8217;amour (chez les architectes).<br \/>\nCe divorce affectif ne doit pas masquer le processus complexe et profond\u00e9ment enracin\u00e9 dans l&#8217;histoire qui a conduit \u00e0 son fantastique d\u00e9veloppement, jusqu&#8217;\u00e0 en faire le mat\u00e9riau le plus utilis\u00e9 dans le monde pour la construction depuis cinquante ans. C&#8217;est l\u00e0 l&#8217;objet de ce livre : explorer les origines, entreprendre la gen\u00e8se d&#8217;une technique aujourd&#8217;hui parfaitement banalis\u00e9e, mais qui aura mis presque deux si\u00e8cles \u00e0 se constituer.<br \/>\nC&#8217;est peu, certes, au regard de l&#8217;histoire de l&#8217;architecture. Mais c&#8217;est beaucoup pour ce que l&#8217;on en retient en r\u00e9alit\u00e9 : un mat\u00e9riau \u00e9conomique, flexible et passablement laid. Il y a pourtant de la mati\u00e8re, si l&#8217;on peut dire, pour interroger le b\u00e2tisseur et la b\u00e2tisse. La &#8221; p\u00e2te de pierre &#8221; dont r\u00eavaient certains architectes du XVIIe si\u00e8cle semble avoir eu d\u00e9finitivement raison des corporations de m\u00e9tier contre lesquelles elle devait lutter.<br \/>\nLe m\u00e9tal est certes venu \u00e9clipser spectaculairement l&#8217;esp\u00e8ce de lutte sourde entre les m\u00e9tiers du b\u00e2timent et les constructeurs et les architectes ont mis du temps \u00e0 comprendre ce que pouvait signifier pour leur art l&#8217;apparition d&#8217;un nouveau mat\u00e9riau. En relisant l&#8217;extraordinaire aventure du b\u00e9ton on peut reconstituer la trame complexe des id\u00e9es, des exp\u00e9riences, des refus, des espoirs qu&#8217;a suscit\u00e9 la mise au point de ce mat\u00e9riau depuis qu&#8217;on s&#8217;est mis en t\u00eate d&#8217;imiter la pierre.<\/p>\n","protected":false},"excerpt":{"rendered":"<p>Le b\u00e9ton arm\u00e9 fut-il d\u00e9couvert ou invent\u00e9 ? Autrement dit, que savait-on de cette technique avant qu&#8217;elle ne prenne le nom de mat\u00e9riau ? Et avant m\u00eame d&#8217;\u00eatre &#8221; arm\u00e9e &#8220;, que repr\u00e9sentait pour les constructeurs ou les architectes cette esp\u00e8ce de boue \u00e9paisse, informe, seulement bonne \u00e0 solidifier la masse des murailles ou des [&hellip;]<\/p>\n","protected":false},"featured_media":21325,"template":"","meta":[],"product_cat":[2948,2950],"product_tag":[],"acf":[],"yoast_head":"<!-- This site is optimized with the Yoast SEO plugin v20.11 - https:\/\/yoast.com\/wordpress\/plugins\/seo\/ -->\n<title>LE BETON, HISTOIRE D&#039;UN MATERIAU - Librairie 7L<\/title>\n<meta name=\"robots\" content=\"index, follow, max-snippet:-1, max-image-preview:large, max-video-preview:-1\" \/>\n<link rel=\"canonical\" href=\"https:\/\/librairie7l.com\/en\/produit\/le-beton-histoire-dun-materiau-2\/\" \/>\n<meta property=\"og:locale\" content=\"en_US\" \/>\n<meta property=\"og:type\" content=\"article\" \/>\n<meta property=\"og:title\" content=\"LE BETON, HISTOIRE D&#039;UN MATERIAU - Librairie 7L\" \/>\n<meta property=\"og:description\" content=\"Le b\u00e9ton arm\u00e9 fut-il d\u00e9couvert ou invent\u00e9 ? Autrement dit, que savait-on de cette technique avant qu&#8217;elle ne prenne le nom de mat\u00e9riau ? Et avant m\u00eame d&#8217;\u00eatre &#8221; arm\u00e9e &#8220;, que repr\u00e9sentait pour les constructeurs ou les architectes cette esp\u00e8ce de boue \u00e9paisse, informe, seulement bonne \u00e0 solidifier la masse des murailles ou des [&hellip;]\" \/>\n<meta property=\"og:url\" content=\"https:\/\/librairie7l.com\/en\/produit\/le-beton-histoire-dun-materiau-2\/\" \/>\n<meta property=\"og:site_name\" content=\"Librairie 7L\" \/>\n<meta property=\"article:modified_time\" content=\"2026-04-07T03:34:09+00:00\" \/>\n<meta property=\"og:image\" content=\"https:\/\/librairie7l.com\/wp-content\/uploads\/2005\/02\/9782863640913_1_75.jpg\" \/>\n\t<meta property=\"og:image:width\" content=\"658\" \/>\n\t<meta property=\"og:image:height\" content=\"890\" \/>\n\t<meta property=\"og:image:type\" content=\"image\/jpeg\" \/>\n<meta name=\"twitter:card\" content=\"summary_large_image\" \/>\n<meta name=\"twitter:label1\" content=\"Est. reading time\" \/>\n\t<meta name=\"twitter:data1\" content=\"2 minutes\" \/>\n<script type=\"application\/ld+json\" class=\"yoast-schema-graph\">{\"@context\":\"https:\/\/schema.org\",\"@graph\":[{\"@type\":\"WebPage\",\"@id\":\"https:\/\/librairie7l.com\/en\/produit\/le-beton-histoire-dun-materiau-2\/\",\"url\":\"https:\/\/librairie7l.com\/en\/produit\/le-beton-histoire-dun-materiau-2\/\",\"name\":\"LE BETON, HISTOIRE D'UN MATERIAU - Librairie 7L\",\"isPartOf\":{\"@id\":\"https:\/\/librairie7l.com\/en\/#website\"},\"datePublished\":\"2023-05-09T16:24:45+00:00\",\"dateModified\":\"2026-04-07T03:34:09+00:00\",\"breadcrumb\":{\"@id\":\"https:\/\/librairie7l.com\/en\/produit\/le-beton-histoire-dun-materiau-2\/#breadcrumb\"},\"inLanguage\":\"en-US\",\"potentialAction\":[{\"@type\":\"ReadAction\",\"target\":[\"https:\/\/librairie7l.com\/en\/produit\/le-beton-histoire-dun-materiau-2\/\"]}]},{\"@type\":\"BreadcrumbList\",\"@id\":\"https:\/\/librairie7l.com\/en\/produit\/le-beton-histoire-dun-materiau-2\/#breadcrumb\",\"itemListElement\":[{\"@type\":\"ListItem\",\"position\":1,\"name\":\"Accueil\",\"item\":\"https:\/\/librairie7l.com\/en\/\"},{\"@type\":\"ListItem\",\"position\":2,\"name\":\"Shop\",\"item\":\"https:\/\/librairie7l.com\/en\/shop\/\"},{\"@type\":\"ListItem\",\"position\":3,\"name\":\"LE BETON, HISTOIRE D&#8217;UN MATERIAU\"}]},{\"@type\":\"WebSite\",\"@id\":\"https:\/\/librairie7l.com\/en\/#website\",\"url\":\"https:\/\/librairie7l.com\/en\/\",\"name\":\"Librairie 7L\",\"description\":\"Librairie fond\u00e9e en 1999 par Karl Lagerfeld \u00e0 Paris\",\"publisher\":{\"@id\":\"https:\/\/librairie7l.com\/en\/#organization\"},\"potentialAction\":[{\"@type\":\"SearchAction\",\"target\":{\"@type\":\"EntryPoint\",\"urlTemplate\":\"https:\/\/librairie7l.com\/en\/?s={search_term_string}\"},\"query-input\":\"required name=search_term_string\"}],\"inLanguage\":\"en-US\"},{\"@type\":\"Organization\",\"@id\":\"https:\/\/librairie7l.com\/en\/#organization\",\"name\":\"Librairie 7L\",\"url\":\"https:\/\/librairie7l.com\/en\/\",\"logo\":{\"@type\":\"ImageObject\",\"inLanguage\":\"en-US\",\"@id\":\"https:\/\/librairie7l.com\/en\/#\/schema\/logo\/image\/\",\"url\":\"https:\/\/librairie7l.com\/wp-content\/uploads\/2022\/08\/logo-1.png\",\"contentUrl\":\"https:\/\/librairie7l.com\/wp-content\/uploads\/2022\/08\/logo-1.png\",\"width\":227,\"height\":301,\"caption\":\"Librairie 7L\"},\"image\":{\"@id\":\"https:\/\/librairie7l.com\/en\/#\/schema\/logo\/image\/\"}}]}<\/script>\n<!-- \/ Yoast SEO plugin. -->","yoast_head_json":{"title":"LE BETON, HISTOIRE D'UN MATERIAU - Librairie 7L","robots":{"index":"index","follow":"follow","max-snippet":"max-snippet:-1","max-image-preview":"max-image-preview:large","max-video-preview":"max-video-preview:-1"},"canonical":"https:\/\/librairie7l.com\/en\/produit\/le-beton-histoire-dun-materiau-2\/","og_locale":"en_US","og_type":"article","og_title":"LE BETON, HISTOIRE D'UN MATERIAU - Librairie 7L","og_description":"Le b\u00e9ton arm\u00e9 fut-il d\u00e9couvert ou invent\u00e9 ? Autrement dit, que savait-on de cette technique avant qu&#8217;elle ne prenne le nom de mat\u00e9riau ? Et avant m\u00eame d&#8217;\u00eatre &#8221; arm\u00e9e &#8220;, que repr\u00e9sentait pour les constructeurs ou les architectes cette esp\u00e8ce de boue \u00e9paisse, informe, seulement bonne \u00e0 solidifier la masse des murailles ou des [&hellip;]","og_url":"https:\/\/librairie7l.com\/en\/produit\/le-beton-histoire-dun-materiau-2\/","og_site_name":"Librairie 7L","article_modified_time":"2026-04-07T03:34:09+00:00","og_image":[{"width":658,"height":890,"url":"https:\/\/librairie7l.com\/wp-content\/uploads\/2005\/02\/9782863640913_1_75.jpg","type":"image\/jpeg"}],"twitter_card":"summary_large_image","twitter_misc":{"Est. reading time":"2 minutes"},"schema":{"@context":"https:\/\/schema.org","@graph":[{"@type":"WebPage","@id":"https:\/\/librairie7l.com\/en\/produit\/le-beton-histoire-dun-materiau-2\/","url":"https:\/\/librairie7l.com\/en\/produit\/le-beton-histoire-dun-materiau-2\/","name":"LE BETON, HISTOIRE D'UN MATERIAU - Librairie 7L","isPartOf":{"@id":"https:\/\/librairie7l.com\/en\/#website"},"datePublished":"2023-05-09T16:24:45+00:00","dateModified":"2026-04-07T03:34:09+00:00","breadcrumb":{"@id":"https:\/\/librairie7l.com\/en\/produit\/le-beton-histoire-dun-materiau-2\/#breadcrumb"},"inLanguage":"en-US","potentialAction":[{"@type":"ReadAction","target":["https:\/\/librairie7l.com\/en\/produit\/le-beton-histoire-dun-materiau-2\/"]}]},{"@type":"BreadcrumbList","@id":"https:\/\/librairie7l.com\/en\/produit\/le-beton-histoire-dun-materiau-2\/#breadcrumb","itemListElement":[{"@type":"ListItem","position":1,"name":"Accueil","item":"https:\/\/librairie7l.com\/en\/"},{"@type":"ListItem","position":2,"name":"Shop","item":"https:\/\/librairie7l.com\/en\/shop\/"},{"@type":"ListItem","position":3,"name":"LE BETON, HISTOIRE D&#8217;UN MATERIAU"}]},{"@type":"WebSite","@id":"https:\/\/librairie7l.com\/en\/#website","url":"https:\/\/librairie7l.com\/en\/","name":"Librairie 7L","description":"Librairie fond\u00e9e en 1999 par Karl Lagerfeld \u00e0 Paris","publisher":{"@id":"https:\/\/librairie7l.com\/en\/#organization"},"potentialAction":[{"@type":"SearchAction","target":{"@type":"EntryPoint","urlTemplate":"https:\/\/librairie7l.com\/en\/?s={search_term_string}"},"query-input":"required name=search_term_string"}],"inLanguage":"en-US"},{"@type":"Organization","@id":"https:\/\/librairie7l.com\/en\/#organization","name":"Librairie 7L","url":"https:\/\/librairie7l.com\/en\/","logo":{"@type":"ImageObject","inLanguage":"en-US","@id":"https:\/\/librairie7l.com\/en\/#\/schema\/logo\/image\/","url":"https:\/\/librairie7l.com\/wp-content\/uploads\/2022\/08\/logo-1.png","contentUrl":"https:\/\/librairie7l.com\/wp-content\/uploads\/2022\/08\/logo-1.png","width":227,"height":301,"caption":"Librairie 7L"},"image":{"@id":"https:\/\/librairie7l.com\/en\/#\/schema\/logo\/image\/"}}]}},"_links":{"self":[{"href":"https:\/\/librairie7l.com\/en\/wp-json\/wp\/v2\/product\/21327"}],"collection":[{"href":"https:\/\/librairie7l.com\/en\/wp-json\/wp\/v2\/product"}],"about":[{"href":"https:\/\/librairie7l.com\/en\/wp-json\/wp\/v2\/types\/product"}],"wp:featuredmedia":[{"embeddable":true,"href":"https:\/\/librairie7l.com\/en\/wp-json\/wp\/v2\/media\/21325"}],"wp:attachment":[{"href":"https:\/\/librairie7l.com\/en\/wp-json\/wp\/v2\/media?parent=21327"}],"wp:term":[{"taxonomy":"product_cat","embeddable":true,"href":"https:\/\/librairie7l.com\/en\/wp-json\/wp\/v2\/product_cat?post=21327"},{"taxonomy":"product_tag","embeddable":true,"href":"https:\/\/librairie7l.com\/en\/wp-json\/wp\/v2\/product_tag?post=21327"}],"curies":[{"name":"wp","href":"https:\/\/api.w.org\/{rel}","templated":true}]}}