{"id":21347,"date":"2023-05-09T18:25:00","date_gmt":"2023-05-09T16:25:00","guid":{"rendered":"https:\/\/librairie7l.com\/?post_type=product&#038;p=21347"},"modified":"2026-04-06T05:31:52","modified_gmt":"2026-04-06T03:31:52","slug":"notre-chanel","status":"publish","type":"product","link":"https:\/\/librairie7l.com\/en\/produit\/notre-chanel\/","title":{"rendered":"NOTRE CHANEL"},"content":{"rendered":"<p>\u00abDis, ce livre, tu l&#8217;\u00e9criras?\u00bb Le voici, des ann\u00e9es apr\u00e8s que la question fut pos\u00e9e \u00e0 Jean Lebrun par Bernard, son compagnon, un fou de couture qui l&#8217;avait converti \u00e0 Chanel et entra\u00een\u00e9 dans une qu\u00eate d&#8217;elle, men\u00e9e dans l&#8217;urgence, parce qu&#8217;il savait ses jours compt\u00e9s.<br \/>\n\u00ab Nous allons battre les haies, explorer les coins, d\u00e9busquer les t\u00e9moins qui ne parlent pas comme des livres.\u00bb Le r\u00e9cit de cette qu\u00eate conduit \u00e0 des lieux moins attendus que la rue Cambon et le Ritz, \u00e0 des personnages qu&#8217;on ne croirait pas si proches, tel Robert Bresson que Mademoiselle couva et inspira. Et il donne un suppl\u00e9ment de vie \u00e0 l&#8217;insaisissable Chanel. Aussi \u00e0 un mort anonyme de 30 ans qui avait choisi d&#8217;en faire sa protectrice. Car, en m\u00eame temps qu&#8217;une sorci\u00e8re, elle \u00e9tait une f\u00e9e.<\/p>\n","protected":false},"excerpt":{"rendered":"<p>\u00abDis, ce livre, tu l&#8217;\u00e9criras?\u00bb Le voici, des ann\u00e9es apr\u00e8s que la question fut pos\u00e9e \u00e0 Jean Lebrun par Bernard, son compagnon, un fou de couture qui l&#8217;avait converti \u00e0 Chanel et entra\u00een\u00e9 dans une qu\u00eate d&#8217;elle, men\u00e9e dans l&#8217;urgence, parce qu&#8217;il savait ses jours compt\u00e9s. \u00ab Nous allons battre les haies, explorer les coins, [&hellip;]<\/p>\n","protected":false},"featured_media":21345,"template":"","meta":[],"product_cat":[2948,2957],"product_tag":[],"acf":[],"yoast_head":"<!-- This site is optimized with the Yoast SEO plugin v20.11 - https:\/\/yoast.com\/wordpress\/plugins\/seo\/ -->\n<title>NOTRE CHANEL - Librairie 7L<\/title>\n<meta name=\"robots\" content=\"index, follow, max-snippet:-1, max-image-preview:large, max-video-preview:-1\" \/>\n<link rel=\"canonical\" href=\"https:\/\/librairie7l.com\/en\/produit\/notre-chanel\/\" \/>\n<meta property=\"og:locale\" content=\"en_US\" \/>\n<meta property=\"og:type\" content=\"article\" \/>\n<meta property=\"og:title\" content=\"NOTRE CHANEL - Librairie 7L\" \/>\n<meta property=\"og:description\" content=\"\u00abDis, ce livre, tu l&#8217;\u00e9criras?\u00bb Le voici, des ann\u00e9es apr\u00e8s que la question fut pos\u00e9e \u00e0 Jean Lebrun par Bernard, son compagnon, un fou de couture qui l&#8217;avait converti \u00e0 Chanel et entra\u00een\u00e9 dans une qu\u00eate d&#8217;elle, men\u00e9e dans l&#8217;urgence, parce qu&#8217;il savait ses jours compt\u00e9s. \u00ab Nous allons battre les haies, explorer les coins, [&hellip;]\" \/>\n<meta property=\"og:url\" content=\"https:\/\/librairie7l.com\/en\/produit\/notre-chanel\/\" \/>\n<meta property=\"og:site_name\" content=\"Librairie 7L\" \/>\n<meta property=\"article:modified_time\" content=\"2026-04-06T03:31:52+00:00\" \/>\n<meta property=\"og:image\" content=\"https:\/\/librairie7l.com\/wp-content\/uploads\/2014\/04\/9782358480581_1_75.jpg\" \/>\n\t<meta property=\"og:image:width\" content=\"1000\" \/>\n\t<meta property=\"og:image:height\" content=\"1608\" \/>\n\t<meta property=\"og:image:type\" content=\"image\/jpeg\" \/>\n<meta name=\"twitter:card\" content=\"summary_large_image\" \/>\n<meta name=\"twitter:label1\" content=\"Est. reading time\" \/>\n\t<meta name=\"twitter:data1\" content=\"1 minute\" \/>\n<script type=\"application\/ld+json\" class=\"yoast-schema-graph\">{\"@context\":\"https:\/\/schema.org\",\"@graph\":[{\"@type\":\"WebPage\",\"@id\":\"https:\/\/librairie7l.com\/en\/produit\/notre-chanel\/\",\"url\":\"https:\/\/librairie7l.com\/en\/produit\/notre-chanel\/\",\"name\":\"NOTRE CHANEL - Librairie 7L\",\"isPartOf\":{\"@id\":\"https:\/\/librairie7l.com\/en\/#website\"},\"datePublished\":\"2023-05-09T16:25:00+00:00\",\"dateModified\":\"2026-04-06T03:31:52+00:00\",\"breadcrumb\":{\"@id\":\"https:\/\/librairie7l.com\/en\/produit\/notre-chanel\/#breadcrumb\"},\"inLanguage\":\"en-US\",\"potentialAction\":[{\"@type\":\"ReadAction\",\"target\":[\"https:\/\/librairie7l.com\/en\/produit\/notre-chanel\/\"]}]},{\"@type\":\"BreadcrumbList\",\"@id\":\"https:\/\/librairie7l.com\/en\/produit\/notre-chanel\/#breadcrumb\",\"itemListElement\":[{\"@type\":\"ListItem\",\"position\":1,\"name\":\"Accueil\",\"item\":\"https:\/\/librairie7l.com\/en\/\"},{\"@type\":\"ListItem\",\"position\":2,\"name\":\"Shop\",\"item\":\"https:\/\/librairie7l.com\/en\/shop\/\"},{\"@type\":\"ListItem\",\"position\":3,\"name\":\"NOTRE CHANEL\"}]},{\"@type\":\"WebSite\",\"@id\":\"https:\/\/librairie7l.com\/en\/#website\",\"url\":\"https:\/\/librairie7l.com\/en\/\",\"name\":\"Librairie 7L\",\"description\":\"Librairie fond\u00e9e en 1999 par Karl Lagerfeld \u00e0 Paris\",\"publisher\":{\"@id\":\"https:\/\/librairie7l.com\/en\/#organization\"},\"potentialAction\":[{\"@type\":\"SearchAction\",\"target\":{\"@type\":\"EntryPoint\",\"urlTemplate\":\"https:\/\/librairie7l.com\/en\/?s={search_term_string}\"},\"query-input\":\"required name=search_term_string\"}],\"inLanguage\":\"en-US\"},{\"@type\":\"Organization\",\"@id\":\"https:\/\/librairie7l.com\/en\/#organization\",\"name\":\"Librairie 7L\",\"url\":\"https:\/\/librairie7l.com\/en\/\",\"logo\":{\"@type\":\"ImageObject\",\"inLanguage\":\"en-US\",\"@id\":\"https:\/\/librairie7l.com\/en\/#\/schema\/logo\/image\/\",\"url\":\"https:\/\/librairie7l.com\/wp-content\/uploads\/2022\/08\/logo-1.png\",\"contentUrl\":\"https:\/\/librairie7l.com\/wp-content\/uploads\/2022\/08\/logo-1.png\",\"width\":227,\"height\":301,\"caption\":\"Librairie 7L\"},\"image\":{\"@id\":\"https:\/\/librairie7l.com\/en\/#\/schema\/logo\/image\/\"}}]}<\/script>\n<!-- \/ Yoast SEO plugin. -->","yoast_head_json":{"title":"NOTRE CHANEL - Librairie 7L","robots":{"index":"index","follow":"follow","max-snippet":"max-snippet:-1","max-image-preview":"max-image-preview:large","max-video-preview":"max-video-preview:-1"},"canonical":"https:\/\/librairie7l.com\/en\/produit\/notre-chanel\/","og_locale":"en_US","og_type":"article","og_title":"NOTRE CHANEL - Librairie 7L","og_description":"\u00abDis, ce livre, tu l&#8217;\u00e9criras?\u00bb Le voici, des ann\u00e9es apr\u00e8s que la question fut pos\u00e9e \u00e0 Jean Lebrun par Bernard, son compagnon, un fou de couture qui l&#8217;avait converti \u00e0 Chanel et entra\u00een\u00e9 dans une qu\u00eate d&#8217;elle, men\u00e9e dans l&#8217;urgence, parce qu&#8217;il savait ses jours compt\u00e9s. \u00ab Nous allons battre les haies, explorer les coins, [&hellip;]","og_url":"https:\/\/librairie7l.com\/en\/produit\/notre-chanel\/","og_site_name":"Librairie 7L","article_modified_time":"2026-04-06T03:31:52+00:00","og_image":[{"width":1000,"height":1608,"url":"https:\/\/librairie7l.com\/wp-content\/uploads\/2014\/04\/9782358480581_1_75.jpg","type":"image\/jpeg"}],"twitter_card":"summary_large_image","twitter_misc":{"Est. reading time":"1 minute"},"schema":{"@context":"https:\/\/schema.org","@graph":[{"@type":"WebPage","@id":"https:\/\/librairie7l.com\/en\/produit\/notre-chanel\/","url":"https:\/\/librairie7l.com\/en\/produit\/notre-chanel\/","name":"NOTRE CHANEL - Librairie 7L","isPartOf":{"@id":"https:\/\/librairie7l.com\/en\/#website"},"datePublished":"2023-05-09T16:25:00+00:00","dateModified":"2026-04-06T03:31:52+00:00","breadcrumb":{"@id":"https:\/\/librairie7l.com\/en\/produit\/notre-chanel\/#breadcrumb"},"inLanguage":"en-US","potentialAction":[{"@type":"ReadAction","target":["https:\/\/librairie7l.com\/en\/produit\/notre-chanel\/"]}]},{"@type":"BreadcrumbList","@id":"https:\/\/librairie7l.com\/en\/produit\/notre-chanel\/#breadcrumb","itemListElement":[{"@type":"ListItem","position":1,"name":"Accueil","item":"https:\/\/librairie7l.com\/en\/"},{"@type":"ListItem","position":2,"name":"Shop","item":"https:\/\/librairie7l.com\/en\/shop\/"},{"@type":"ListItem","position":3,"name":"NOTRE CHANEL"}]},{"@type":"WebSite","@id":"https:\/\/librairie7l.com\/en\/#website","url":"https:\/\/librairie7l.com\/en\/","name":"Librairie 7L","description":"Librairie fond\u00e9e en 1999 par Karl Lagerfeld \u00e0 Paris","publisher":{"@id":"https:\/\/librairie7l.com\/en\/#organization"},"potentialAction":[{"@type":"SearchAction","target":{"@type":"EntryPoint","urlTemplate":"https:\/\/librairie7l.com\/en\/?s={search_term_string}"},"query-input":"required name=search_term_string"}],"inLanguage":"en-US"},{"@type":"Organization","@id":"https:\/\/librairie7l.com\/en\/#organization","name":"Librairie 7L","url":"https:\/\/librairie7l.com\/en\/","logo":{"@type":"ImageObject","inLanguage":"en-US","@id":"https:\/\/librairie7l.com\/en\/#\/schema\/logo\/image\/","url":"https:\/\/librairie7l.com\/wp-content\/uploads\/2022\/08\/logo-1.png","contentUrl":"https:\/\/librairie7l.com\/wp-content\/uploads\/2022\/08\/logo-1.png","width":227,"height":301,"caption":"Librairie 7L"},"image":{"@id":"https:\/\/librairie7l.com\/en\/#\/schema\/logo\/image\/"}}]}},"_links":{"self":[{"href":"https:\/\/librairie7l.com\/en\/wp-json\/wp\/v2\/product\/21347"}],"collection":[{"href":"https:\/\/librairie7l.com\/en\/wp-json\/wp\/v2\/product"}],"about":[{"href":"https:\/\/librairie7l.com\/en\/wp-json\/wp\/v2\/types\/product"}],"wp:featuredmedia":[{"embeddable":true,"href":"https:\/\/librairie7l.com\/en\/wp-json\/wp\/v2\/media\/21345"}],"wp:attachment":[{"href":"https:\/\/librairie7l.com\/en\/wp-json\/wp\/v2\/media?parent=21347"}],"wp:term":[{"taxonomy":"product_cat","embeddable":true,"href":"https:\/\/librairie7l.com\/en\/wp-json\/wp\/v2\/product_cat?post=21347"},{"taxonomy":"product_tag","embeddable":true,"href":"https:\/\/librairie7l.com\/en\/wp-json\/wp\/v2\/product_tag?post=21347"}],"curies":[{"name":"wp","href":"https:\/\/api.w.org\/{rel}","templated":true}]}}