{"id":21351,"date":"2023-05-09T18:25:05","date_gmt":"2023-05-09T16:25:05","guid":{"rendered":"https:\/\/librairie7l.com\/?post_type=product&#038;p=21351"},"modified":"2026-04-26T22:21:33","modified_gmt":"2026-04-26T20:21:33","slug":"notre-chanel-2","status":"publish","type":"product","link":"https:\/\/librairie7l.com\/en\/produit\/notre-chanel-2\/","title":{"rendered":"NOTRE CHANEL"},"content":{"rendered":"<p>Jean Lebrun, agr\u00e9g\u00e9 d&#8217;histoire, journaliste, est producteur \u00e0 France Inter de l&#8217;\u00e9mission \u00abLa marche de l&#8217;histoire\u00bb et auteur de Lamennais ou l&#8217;inqui\u00e9tude de la libert\u00e9 (Fayard, 1981), d&#8217;essais sur le journalisme (Bleu autour) et des Grands D\u00e9bats qui ont fait la France (Flammarion, 2014).<\/p>\n<p>\u00abDis, ce livre, tu l&#8217;\u00e9criras?\u00bb Des ann\u00e9es plus tard, Jean Lebrun l&#8217;a \u00e9crit pour son compagnon Bernard Costa, disparu en 1990. Ce fou de couture, qui savait ses jours compt\u00e9s, l&#8217;avait entra\u00een\u00e9 \u00e0 travers la France dans une enqu\u00eate sur Chanel.En historien et en conteur, Jean Lebrun d\u00e9roule leur road movie, de l&#8217;abbaye d&#8217;Aubazine au champ de course de Pau, de la boutique de Biarritz \u00e0 l&#8217;usine de Maretz, d&#8217;un ch\u00e2teau l&#8217;autre: Corb\u00e8re, Le Mesnil-Guillaume&#8230; Jusqu&#8217;\u00e0 ce que la mort de Bernard interrompe leur enqu\u00eate, qui s&#8217;arr\u00eate avant la r\u00e9surrection de Chanel, en 1954.Entre la Belle \u00c9poque et la Lib\u00e9ration, ce r\u00e9cit conduit vers des lieux moins attendus que la rue Cambon ou le Ritz, croise des personnages qu&#8217;on ne croyait pas si proches de Mademoiselle, tel Robert Bresson qu&#8217;elle couva et inspira. Il fait revivre \u00e0 la fois l&#8217;insaisissable Chanel, et un anonyme de trente-cinq ans qui l&#8217;avait choisie pour f\u00e9e. Ce qu&#8217;elle \u00e9tait aussi.<br \/>\n\u00c9dition augment\u00e9e<\/p>\n","protected":false},"excerpt":{"rendered":"<p>Jean Lebrun, agr\u00e9g\u00e9 d&#8217;histoire, journaliste, est producteur \u00e0 France Inter de l&#8217;\u00e9mission \u00abLa marche de l&#8217;histoire\u00bb et auteur de Lamennais ou l&#8217;inqui\u00e9tude de la libert\u00e9 (Fayard, 1981), d&#8217;essais sur le journalisme (Bleu autour) et des Grands D\u00e9bats qui ont fait la France (Flammarion, 2014). \u00abDis, ce livre, tu l&#8217;\u00e9criras?\u00bb Des ann\u00e9es plus tard, Jean Lebrun [&hellip;]<\/p>\n","protected":false},"featured_media":21349,"template":"","meta":[],"product_cat":[2948,2957],"product_tag":[],"acf":[],"yoast_head":"<!-- This site is optimized with the Yoast SEO plugin v20.11 - https:\/\/yoast.com\/wordpress\/plugins\/seo\/ -->\n<title>NOTRE CHANEL - Librairie 7L<\/title>\n<meta name=\"robots\" content=\"index, follow, max-snippet:-1, max-image-preview:large, max-video-preview:-1\" \/>\n<link rel=\"canonical\" href=\"https:\/\/librairie7l.com\/en\/produit\/notre-chanel-2\/\" \/>\n<meta property=\"og:locale\" content=\"en_US\" \/>\n<meta property=\"og:type\" content=\"article\" \/>\n<meta property=\"og:title\" content=\"NOTRE CHANEL - Librairie 7L\" \/>\n<meta property=\"og:description\" content=\"Jean Lebrun, agr\u00e9g\u00e9 d&#8217;histoire, journaliste, est producteur \u00e0 France Inter de l&#8217;\u00e9mission \u00abLa marche de l&#8217;histoire\u00bb et auteur de Lamennais ou l&#8217;inqui\u00e9tude de la libert\u00e9 (Fayard, 1981), d&#8217;essais sur le journalisme (Bleu autour) et des Grands D\u00e9bats qui ont fait la France (Flammarion, 2014). \u00abDis, ce livre, tu l&#8217;\u00e9criras?\u00bb Des ann\u00e9es plus tard, Jean Lebrun [&hellip;]\" \/>\n<meta property=\"og:url\" content=\"https:\/\/librairie7l.com\/en\/produit\/notre-chanel-2\/\" \/>\n<meta property=\"og:site_name\" content=\"Librairie 7L\" \/>\n<meta property=\"article:modified_time\" content=\"2026-04-26T20:21:33+00:00\" \/>\n<meta property=\"og:image\" content=\"https:\/\/librairie7l.com\/wp-content\/uploads\/2016\/03\/9782818504987_1_75.jpg\" \/>\n\t<meta property=\"og:image:width\" content=\"1000\" \/>\n\t<meta property=\"og:image:height\" content=\"1613\" \/>\n\t<meta property=\"og:image:type\" content=\"image\/jpeg\" \/>\n<meta name=\"twitter:card\" content=\"summary_large_image\" \/>\n<meta name=\"twitter:label1\" content=\"Est. reading time\" \/>\n\t<meta name=\"twitter:data1\" content=\"1 minute\" \/>\n<script type=\"application\/ld+json\" class=\"yoast-schema-graph\">{\"@context\":\"https:\/\/schema.org\",\"@graph\":[{\"@type\":\"WebPage\",\"@id\":\"https:\/\/librairie7l.com\/en\/produit\/notre-chanel-2\/\",\"url\":\"https:\/\/librairie7l.com\/en\/produit\/notre-chanel-2\/\",\"name\":\"NOTRE CHANEL - Librairie 7L\",\"isPartOf\":{\"@id\":\"https:\/\/librairie7l.com\/en\/#website\"},\"datePublished\":\"2023-05-09T16:25:05+00:00\",\"dateModified\":\"2026-04-26T20:21:33+00:00\",\"breadcrumb\":{\"@id\":\"https:\/\/librairie7l.com\/en\/produit\/notre-chanel-2\/#breadcrumb\"},\"inLanguage\":\"en-US\",\"potentialAction\":[{\"@type\":\"ReadAction\",\"target\":[\"https:\/\/librairie7l.com\/en\/produit\/notre-chanel-2\/\"]}]},{\"@type\":\"BreadcrumbList\",\"@id\":\"https:\/\/librairie7l.com\/en\/produit\/notre-chanel-2\/#breadcrumb\",\"itemListElement\":[{\"@type\":\"ListItem\",\"position\":1,\"name\":\"Accueil\",\"item\":\"https:\/\/librairie7l.com\/en\/\"},{\"@type\":\"ListItem\",\"position\":2,\"name\":\"Shop\",\"item\":\"https:\/\/librairie7l.com\/en\/shop\/\"},{\"@type\":\"ListItem\",\"position\":3,\"name\":\"NOTRE CHANEL\"}]},{\"@type\":\"WebSite\",\"@id\":\"https:\/\/librairie7l.com\/en\/#website\",\"url\":\"https:\/\/librairie7l.com\/en\/\",\"name\":\"Librairie 7L\",\"description\":\"Librairie fond\u00e9e en 1999 par Karl Lagerfeld \u00e0 Paris\",\"publisher\":{\"@id\":\"https:\/\/librairie7l.com\/en\/#organization\"},\"potentialAction\":[{\"@type\":\"SearchAction\",\"target\":{\"@type\":\"EntryPoint\",\"urlTemplate\":\"https:\/\/librairie7l.com\/en\/?s={search_term_string}\"},\"query-input\":\"required name=search_term_string\"}],\"inLanguage\":\"en-US\"},{\"@type\":\"Organization\",\"@id\":\"https:\/\/librairie7l.com\/en\/#organization\",\"name\":\"Librairie 7L\",\"url\":\"https:\/\/librairie7l.com\/en\/\",\"logo\":{\"@type\":\"ImageObject\",\"inLanguage\":\"en-US\",\"@id\":\"https:\/\/librairie7l.com\/en\/#\/schema\/logo\/image\/\",\"url\":\"https:\/\/librairie7l.com\/wp-content\/uploads\/2022\/08\/logo-1.png\",\"contentUrl\":\"https:\/\/librairie7l.com\/wp-content\/uploads\/2022\/08\/logo-1.png\",\"width\":227,\"height\":301,\"caption\":\"Librairie 7L\"},\"image\":{\"@id\":\"https:\/\/librairie7l.com\/en\/#\/schema\/logo\/image\/\"}}]}<\/script>\n<!-- \/ Yoast SEO plugin. -->","yoast_head_json":{"title":"NOTRE CHANEL - Librairie 7L","robots":{"index":"index","follow":"follow","max-snippet":"max-snippet:-1","max-image-preview":"max-image-preview:large","max-video-preview":"max-video-preview:-1"},"canonical":"https:\/\/librairie7l.com\/en\/produit\/notre-chanel-2\/","og_locale":"en_US","og_type":"article","og_title":"NOTRE CHANEL - Librairie 7L","og_description":"Jean Lebrun, agr\u00e9g\u00e9 d&#8217;histoire, journaliste, est producteur \u00e0 France Inter de l&#8217;\u00e9mission \u00abLa marche de l&#8217;histoire\u00bb et auteur de Lamennais ou l&#8217;inqui\u00e9tude de la libert\u00e9 (Fayard, 1981), d&#8217;essais sur le journalisme (Bleu autour) et des Grands D\u00e9bats qui ont fait la France (Flammarion, 2014). \u00abDis, ce livre, tu l&#8217;\u00e9criras?\u00bb Des ann\u00e9es plus tard, Jean Lebrun [&hellip;]","og_url":"https:\/\/librairie7l.com\/en\/produit\/notre-chanel-2\/","og_site_name":"Librairie 7L","article_modified_time":"2026-04-26T20:21:33+00:00","og_image":[{"width":1000,"height":1613,"url":"https:\/\/librairie7l.com\/wp-content\/uploads\/2016\/03\/9782818504987_1_75.jpg","type":"image\/jpeg"}],"twitter_card":"summary_large_image","twitter_misc":{"Est. reading time":"1 minute"},"schema":{"@context":"https:\/\/schema.org","@graph":[{"@type":"WebPage","@id":"https:\/\/librairie7l.com\/en\/produit\/notre-chanel-2\/","url":"https:\/\/librairie7l.com\/en\/produit\/notre-chanel-2\/","name":"NOTRE CHANEL - Librairie 7L","isPartOf":{"@id":"https:\/\/librairie7l.com\/en\/#website"},"datePublished":"2023-05-09T16:25:05+00:00","dateModified":"2026-04-26T20:21:33+00:00","breadcrumb":{"@id":"https:\/\/librairie7l.com\/en\/produit\/notre-chanel-2\/#breadcrumb"},"inLanguage":"en-US","potentialAction":[{"@type":"ReadAction","target":["https:\/\/librairie7l.com\/en\/produit\/notre-chanel-2\/"]}]},{"@type":"BreadcrumbList","@id":"https:\/\/librairie7l.com\/en\/produit\/notre-chanel-2\/#breadcrumb","itemListElement":[{"@type":"ListItem","position":1,"name":"Accueil","item":"https:\/\/librairie7l.com\/en\/"},{"@type":"ListItem","position":2,"name":"Shop","item":"https:\/\/librairie7l.com\/en\/shop\/"},{"@type":"ListItem","position":3,"name":"NOTRE CHANEL"}]},{"@type":"WebSite","@id":"https:\/\/librairie7l.com\/en\/#website","url":"https:\/\/librairie7l.com\/en\/","name":"Librairie 7L","description":"Librairie fond\u00e9e en 1999 par Karl Lagerfeld \u00e0 Paris","publisher":{"@id":"https:\/\/librairie7l.com\/en\/#organization"},"potentialAction":[{"@type":"SearchAction","target":{"@type":"EntryPoint","urlTemplate":"https:\/\/librairie7l.com\/en\/?s={search_term_string}"},"query-input":"required name=search_term_string"}],"inLanguage":"en-US"},{"@type":"Organization","@id":"https:\/\/librairie7l.com\/en\/#organization","name":"Librairie 7L","url":"https:\/\/librairie7l.com\/en\/","logo":{"@type":"ImageObject","inLanguage":"en-US","@id":"https:\/\/librairie7l.com\/en\/#\/schema\/logo\/image\/","url":"https:\/\/librairie7l.com\/wp-content\/uploads\/2022\/08\/logo-1.png","contentUrl":"https:\/\/librairie7l.com\/wp-content\/uploads\/2022\/08\/logo-1.png","width":227,"height":301,"caption":"Librairie 7L"},"image":{"@id":"https:\/\/librairie7l.com\/en\/#\/schema\/logo\/image\/"}}]}},"_links":{"self":[{"href":"https:\/\/librairie7l.com\/en\/wp-json\/wp\/v2\/product\/21351"}],"collection":[{"href":"https:\/\/librairie7l.com\/en\/wp-json\/wp\/v2\/product"}],"about":[{"href":"https:\/\/librairie7l.com\/en\/wp-json\/wp\/v2\/types\/product"}],"wp:featuredmedia":[{"embeddable":true,"href":"https:\/\/librairie7l.com\/en\/wp-json\/wp\/v2\/media\/21349"}],"wp:attachment":[{"href":"https:\/\/librairie7l.com\/en\/wp-json\/wp\/v2\/media?parent=21351"}],"wp:term":[{"taxonomy":"product_cat","embeddable":true,"href":"https:\/\/librairie7l.com\/en\/wp-json\/wp\/v2\/product_cat?post=21351"},{"taxonomy":"product_tag","embeddable":true,"href":"https:\/\/librairie7l.com\/en\/wp-json\/wp\/v2\/product_tag?post=21351"}],"curies":[{"name":"wp","href":"https:\/\/api.w.org\/{rel}","templated":true}]}}