{"id":21359,"date":"2023-05-09T18:25:16","date_gmt":"2023-05-09T16:25:16","guid":{"rendered":"https:\/\/librairie7l.com\/?post_type=product&#038;p=21359"},"modified":"2026-04-18T09:48:18","modified_gmt":"2026-04-18T07:48:18","slug":"sur-marcel-duchamp","status":"publish","type":"product","link":"https:\/\/librairie7l.com\/en\/produit\/sur-marcel-duchamp\/","title":{"rendered":"SUR MARCEL DUCHAMP"},"content":{"rendered":"<p>Fac-simil\u00e9 de la premi\u00e8re monographie consacr\u00e9e \u00e0 Marcel Duchamp, parue en 1959. Une initiation \u00e0 l&#8217;oeuvre et \u00e0 la personnalit\u00e9 d&#8217;un artiste doubl\u00e9e d&#8217;une reconsid\u00e9ration de la situation du peintre dans la soci\u00e9t\u00e9 contemporaine et d&#8217;une analyse approfondie des mobiles de l&#8217;activit\u00e9 cr\u00e9atrice. Mise en page par Duchamp lui-m\u00eame, avec ses propres textes, des textes d&#8217;Andr\u00e9 Breton et Henri-Pierre Roch\u00e9 et de tr\u00e8s nombreuses illustrations, cette \u00e9dition comprend une bibliographie et un catalogue raisonn\u00e9 de l&#8217;ensemble de son oeuvre.<br \/>\nComment le Nu descendant un Escalier, banni des Ind\u00e9pendants de 1912 devient l&#8217;ann\u00e9e suivante, \u00e0 l&#8217;Armory Show de New York, le tableau le plus c\u00e9l\u00e8bre de l&#8217;\u00e9poque ? Comment Marcel Duchamp, recherch\u00e9 et f\u00eat\u00e9 en Am\u00e9rique, vit indiff\u00e9rent \u00e0 tout succ\u00e8s commercial ? Comment ayant travaill\u00e9 huit ans \u00e0 son oeuvre monumentale le Grand Verre, il cessa de peindre sans renoncer pour autant \u00e0 exercer son influence d\u00e9cisive ? Autant de probl\u00e8mes br\u00fblants sans l&#8217;\u00e9lucidation desquels l&#8217;Art Moderne ne saurait \u00eatre vraiment compris et qui \u00e9taient, jusqu&#8217;ici, demeur\u00e9s sans r\u00e9ponse.<\/p>\n<p>\u00ab Le livre de Robert Lebel joue un r\u00f4le tr\u00e8s important dans l&#8217;histoire de l&#8217;art contemporain. Il rappelle la n\u00e9cessit\u00e9, pour le peintre, d&#8217;explorer et de \u00abnommer\u00bb par des formes une r\u00e9alit\u00e9 absolument in\u00e9puisable et \u00e0 laquelle l&#8217;art ne peut impun\u00e9ment tourner le dos. Mais il rappelle, de surcroit, qu&#8217;une grande oeuvre d&#8217;art ne peut \u00eatre r\u00e9alis\u00e9e qu&#8217;en accord avec le comportement de son auteur dans la vie. \u00bb Alain Jouffroy, Arts \u00ab L&#8217;ouvrage de Robert Lebel sur Marcel Duchamp a permis de remettre en lumi\u00e8re la personnalit\u00e9 hors s\u00e9rie et le r\u00f4le important jou\u00e9 dans l&#8217;art moderne par le plus fid\u00e8le \u00e0 lui-m\u00eame, et le moins \u00e9mouss\u00e9 par l&#8217;\u00e2ge, des emp\u00eacheurs de danser, de penser et de cr\u00e9er en rond dans le confort du bon sens. \u00bb Michel Courtois, Cahiers du Mus\u00e9e de Poche Cette \u00e9dition comprend une bibliographie et un catalogue raisonn\u00e9 de l&#8217;ensemble de l&#8217;oeuvre de Duchamp.<\/p>\n<p>\u00c9dition originale publi\u00e9e \u00e0 Paris par Trianon Press.<\/p>\n","protected":false},"excerpt":{"rendered":"<p>Fac-simil\u00e9 de la premi\u00e8re monographie consacr\u00e9e \u00e0 Marcel Duchamp, parue en 1959. Une initiation \u00e0 l&#8217;oeuvre et \u00e0 la personnalit\u00e9 d&#8217;un artiste doubl\u00e9e d&#8217;une reconsid\u00e9ration de la situation du peintre dans la soci\u00e9t\u00e9 contemporaine et d&#8217;une analyse approfondie des mobiles de l&#8217;activit\u00e9 cr\u00e9atrice. Mise en page par Duchamp lui-m\u00eame, avec ses propres textes, des textes [&hellip;]<\/p>\n","protected":false},"featured_media":21357,"template":"","meta":[],"product_cat":[2948,2953],"product_tag":[],"acf":[],"yoast_head":"<!-- This site is optimized with the Yoast SEO plugin v20.11 - https:\/\/yoast.com\/wordpress\/plugins\/seo\/ -->\n<title>SUR MARCEL DUCHAMP - Librairie 7L<\/title>\n<meta name=\"robots\" content=\"index, follow, max-snippet:-1, max-image-preview:large, max-video-preview:-1\" \/>\n<link rel=\"canonical\" href=\"https:\/\/librairie7l.com\/en\/produit\/sur-marcel-duchamp\/\" \/>\n<meta property=\"og:locale\" content=\"en_US\" \/>\n<meta property=\"og:type\" content=\"article\" \/>\n<meta property=\"og:title\" content=\"SUR MARCEL DUCHAMP - Librairie 7L\" \/>\n<meta property=\"og:description\" content=\"Fac-simil\u00e9 de la premi\u00e8re monographie consacr\u00e9e \u00e0 Marcel Duchamp, parue en 1959. Une initiation \u00e0 l&#8217;oeuvre et \u00e0 la personnalit\u00e9 d&#8217;un artiste doubl\u00e9e d&#8217;une reconsid\u00e9ration de la situation du peintre dans la soci\u00e9t\u00e9 contemporaine et d&#8217;une analyse approfondie des mobiles de l&#8217;activit\u00e9 cr\u00e9atrice. Mise en page par Duchamp lui-m\u00eame, avec ses propres textes, des textes [&hellip;]\" \/>\n<meta property=\"og:url\" content=\"https:\/\/librairie7l.com\/en\/produit\/sur-marcel-duchamp\/\" \/>\n<meta property=\"og:site_name\" content=\"Librairie 7L\" \/>\n<meta property=\"article:modified_time\" content=\"2026-04-18T07:48:18+00:00\" \/>\n<meta property=\"og:image\" content=\"https:\/\/librairie7l.com\/wp-content\/uploads\/2015\/10\/9782940159697_1_75.jpg\" \/>\n\t<meta property=\"og:image:width\" content=\"224\" \/>\n\t<meta property=\"og:image:height\" content=\"300\" \/>\n\t<meta property=\"og:image:type\" content=\"image\/jpeg\" \/>\n<meta name=\"twitter:card\" content=\"summary_large_image\" \/>\n<meta name=\"twitter:label1\" content=\"Est. reading time\" \/>\n\t<meta name=\"twitter:data1\" content=\"2 minutes\" \/>\n<script type=\"application\/ld+json\" class=\"yoast-schema-graph\">{\"@context\":\"https:\/\/schema.org\",\"@graph\":[{\"@type\":\"WebPage\",\"@id\":\"https:\/\/librairie7l.com\/en\/produit\/sur-marcel-duchamp\/\",\"url\":\"https:\/\/librairie7l.com\/en\/produit\/sur-marcel-duchamp\/\",\"name\":\"SUR MARCEL DUCHAMP - Librairie 7L\",\"isPartOf\":{\"@id\":\"https:\/\/librairie7l.com\/en\/#website\"},\"datePublished\":\"2023-05-09T16:25:16+00:00\",\"dateModified\":\"2026-04-18T07:48:18+00:00\",\"breadcrumb\":{\"@id\":\"https:\/\/librairie7l.com\/en\/produit\/sur-marcel-duchamp\/#breadcrumb\"},\"inLanguage\":\"en-US\",\"potentialAction\":[{\"@type\":\"ReadAction\",\"target\":[\"https:\/\/librairie7l.com\/en\/produit\/sur-marcel-duchamp\/\"]}]},{\"@type\":\"BreadcrumbList\",\"@id\":\"https:\/\/librairie7l.com\/en\/produit\/sur-marcel-duchamp\/#breadcrumb\",\"itemListElement\":[{\"@type\":\"ListItem\",\"position\":1,\"name\":\"Accueil\",\"item\":\"https:\/\/librairie7l.com\/en\/\"},{\"@type\":\"ListItem\",\"position\":2,\"name\":\"Shop\",\"item\":\"https:\/\/librairie7l.com\/en\/shop\/\"},{\"@type\":\"ListItem\",\"position\":3,\"name\":\"SUR MARCEL DUCHAMP\"}]},{\"@type\":\"WebSite\",\"@id\":\"https:\/\/librairie7l.com\/en\/#website\",\"url\":\"https:\/\/librairie7l.com\/en\/\",\"name\":\"Librairie 7L\",\"description\":\"Librairie fond\u00e9e en 1999 par Karl Lagerfeld \u00e0 Paris\",\"publisher\":{\"@id\":\"https:\/\/librairie7l.com\/en\/#organization\"},\"potentialAction\":[{\"@type\":\"SearchAction\",\"target\":{\"@type\":\"EntryPoint\",\"urlTemplate\":\"https:\/\/librairie7l.com\/en\/?s={search_term_string}\"},\"query-input\":\"required name=search_term_string\"}],\"inLanguage\":\"en-US\"},{\"@type\":\"Organization\",\"@id\":\"https:\/\/librairie7l.com\/en\/#organization\",\"name\":\"Librairie 7L\",\"url\":\"https:\/\/librairie7l.com\/en\/\",\"logo\":{\"@type\":\"ImageObject\",\"inLanguage\":\"en-US\",\"@id\":\"https:\/\/librairie7l.com\/en\/#\/schema\/logo\/image\/\",\"url\":\"https:\/\/librairie7l.com\/wp-content\/uploads\/2022\/08\/logo-1.png\",\"contentUrl\":\"https:\/\/librairie7l.com\/wp-content\/uploads\/2022\/08\/logo-1.png\",\"width\":227,\"height\":301,\"caption\":\"Librairie 7L\"},\"image\":{\"@id\":\"https:\/\/librairie7l.com\/en\/#\/schema\/logo\/image\/\"}}]}<\/script>\n<!-- \/ Yoast SEO plugin. -->","yoast_head_json":{"title":"SUR MARCEL DUCHAMP - Librairie 7L","robots":{"index":"index","follow":"follow","max-snippet":"max-snippet:-1","max-image-preview":"max-image-preview:large","max-video-preview":"max-video-preview:-1"},"canonical":"https:\/\/librairie7l.com\/en\/produit\/sur-marcel-duchamp\/","og_locale":"en_US","og_type":"article","og_title":"SUR MARCEL DUCHAMP - Librairie 7L","og_description":"Fac-simil\u00e9 de la premi\u00e8re monographie consacr\u00e9e \u00e0 Marcel Duchamp, parue en 1959. Une initiation \u00e0 l&#8217;oeuvre et \u00e0 la personnalit\u00e9 d&#8217;un artiste doubl\u00e9e d&#8217;une reconsid\u00e9ration de la situation du peintre dans la soci\u00e9t\u00e9 contemporaine et d&#8217;une analyse approfondie des mobiles de l&#8217;activit\u00e9 cr\u00e9atrice. Mise en page par Duchamp lui-m\u00eame, avec ses propres textes, des textes [&hellip;]","og_url":"https:\/\/librairie7l.com\/en\/produit\/sur-marcel-duchamp\/","og_site_name":"Librairie 7L","article_modified_time":"2026-04-18T07:48:18+00:00","og_image":[{"width":224,"height":300,"url":"https:\/\/librairie7l.com\/wp-content\/uploads\/2015\/10\/9782940159697_1_75.jpg","type":"image\/jpeg"}],"twitter_card":"summary_large_image","twitter_misc":{"Est. reading time":"2 minutes"},"schema":{"@context":"https:\/\/schema.org","@graph":[{"@type":"WebPage","@id":"https:\/\/librairie7l.com\/en\/produit\/sur-marcel-duchamp\/","url":"https:\/\/librairie7l.com\/en\/produit\/sur-marcel-duchamp\/","name":"SUR MARCEL DUCHAMP - Librairie 7L","isPartOf":{"@id":"https:\/\/librairie7l.com\/en\/#website"},"datePublished":"2023-05-09T16:25:16+00:00","dateModified":"2026-04-18T07:48:18+00:00","breadcrumb":{"@id":"https:\/\/librairie7l.com\/en\/produit\/sur-marcel-duchamp\/#breadcrumb"},"inLanguage":"en-US","potentialAction":[{"@type":"ReadAction","target":["https:\/\/librairie7l.com\/en\/produit\/sur-marcel-duchamp\/"]}]},{"@type":"BreadcrumbList","@id":"https:\/\/librairie7l.com\/en\/produit\/sur-marcel-duchamp\/#breadcrumb","itemListElement":[{"@type":"ListItem","position":1,"name":"Accueil","item":"https:\/\/librairie7l.com\/en\/"},{"@type":"ListItem","position":2,"name":"Shop","item":"https:\/\/librairie7l.com\/en\/shop\/"},{"@type":"ListItem","position":3,"name":"SUR MARCEL DUCHAMP"}]},{"@type":"WebSite","@id":"https:\/\/librairie7l.com\/en\/#website","url":"https:\/\/librairie7l.com\/en\/","name":"Librairie 7L","description":"Librairie fond\u00e9e en 1999 par Karl Lagerfeld \u00e0 Paris","publisher":{"@id":"https:\/\/librairie7l.com\/en\/#organization"},"potentialAction":[{"@type":"SearchAction","target":{"@type":"EntryPoint","urlTemplate":"https:\/\/librairie7l.com\/en\/?s={search_term_string}"},"query-input":"required name=search_term_string"}],"inLanguage":"en-US"},{"@type":"Organization","@id":"https:\/\/librairie7l.com\/en\/#organization","name":"Librairie 7L","url":"https:\/\/librairie7l.com\/en\/","logo":{"@type":"ImageObject","inLanguage":"en-US","@id":"https:\/\/librairie7l.com\/en\/#\/schema\/logo\/image\/","url":"https:\/\/librairie7l.com\/wp-content\/uploads\/2022\/08\/logo-1.png","contentUrl":"https:\/\/librairie7l.com\/wp-content\/uploads\/2022\/08\/logo-1.png","width":227,"height":301,"caption":"Librairie 7L"},"image":{"@id":"https:\/\/librairie7l.com\/en\/#\/schema\/logo\/image\/"}}]}},"_links":{"self":[{"href":"https:\/\/librairie7l.com\/en\/wp-json\/wp\/v2\/product\/21359"}],"collection":[{"href":"https:\/\/librairie7l.com\/en\/wp-json\/wp\/v2\/product"}],"about":[{"href":"https:\/\/librairie7l.com\/en\/wp-json\/wp\/v2\/types\/product"}],"wp:featuredmedia":[{"embeddable":true,"href":"https:\/\/librairie7l.com\/en\/wp-json\/wp\/v2\/media\/21357"}],"wp:attachment":[{"href":"https:\/\/librairie7l.com\/en\/wp-json\/wp\/v2\/media?parent=21359"}],"wp:term":[{"taxonomy":"product_cat","embeddable":true,"href":"https:\/\/librairie7l.com\/en\/wp-json\/wp\/v2\/product_cat?post=21359"},{"taxonomy":"product_tag","embeddable":true,"href":"https:\/\/librairie7l.com\/en\/wp-json\/wp\/v2\/product_tag?post=21359"}],"curies":[{"name":"wp","href":"https:\/\/api.w.org\/{rel}","templated":true}]}}