{"id":21367,"date":"2023-05-09T18:25:22","date_gmt":"2023-05-09T16:25:22","guid":{"rendered":"https:\/\/librairie7l.com\/?post_type=product&#038;p=21367"},"modified":"2026-04-18T23:44:45","modified_gmt":"2026-04-18T21:44:45","slug":"le-puits-des-oiseaux-nature-morte","status":"publish","type":"product","link":"https:\/\/librairie7l.com\/en\/produit\/le-puits-des-oiseaux-nature-morte\/","title":{"rendered":"LE PUITS DES OISEAUX ; NATURE MORTE"},"content":{"rendered":"<p>L&#8217;\u00e9crivain Jean-Christophe Bailly et le photographe \u00c9ric Poitevin se sont rencontr\u00e9s lors d&#8217;une r\u00e9sidence au centre d&#8217;art Le Vent des for\u00eats, install\u00e9 dans les bois de la Meuse depuis une dizaine d&#8217;ann\u00e9es. On conna\u00eet l&#8217;int\u00e9r\u00eat particulier que porte Jean-Christophe Bailly au monde animal, mais nous connaissions moins le travail photographique d&#8217;\u00c9ric Poitevin qui se trouve \u00eatre en r\u00e9sonance directe avec les r\u00e9flexions du philosophe. De leur rencontre dans les for\u00eats lorraines est n\u00e9 ce beau-livre en couleur. Un texte introductif de Jean-Christophe Bailly sur les oiseaux vivants pr\u00e9pare au travail photographique qui suit : 41 natures mortes aux oiseaux.<\/p>\n","protected":false},"excerpt":{"rendered":"<p>L&#8217;\u00e9crivain Jean-Christophe Bailly et le photographe \u00c9ric Poitevin se sont rencontr\u00e9s lors d&#8217;une r\u00e9sidence au centre d&#8217;art Le Vent des for\u00eats, install\u00e9 dans les bois de la Meuse depuis une dizaine d&#8217;ann\u00e9es. On conna\u00eet l&#8217;int\u00e9r\u00eat particulier que porte Jean-Christophe Bailly au monde animal, mais nous connaissions moins le travail photographique d&#8217;\u00c9ric Poitevin qui se trouve [&hellip;]<\/p>\n","protected":false},"featured_media":21365,"template":"","meta":[],"product_cat":[2948,2958],"product_tag":[],"acf":[],"yoast_head":"<!-- This site is optimized with the Yoast SEO plugin v20.11 - https:\/\/yoast.com\/wordpress\/plugins\/seo\/ -->\n<title>LE PUITS DES OISEAUX ; NATURE MORTE - Librairie 7L<\/title>\n<meta name=\"robots\" content=\"index, follow, max-snippet:-1, max-image-preview:large, max-video-preview:-1\" \/>\n<link rel=\"canonical\" href=\"https:\/\/librairie7l.com\/en\/produit\/le-puits-des-oiseaux-nature-morte\/\" \/>\n<meta property=\"og:locale\" content=\"en_US\" \/>\n<meta property=\"og:type\" content=\"article\" \/>\n<meta property=\"og:title\" content=\"LE PUITS DES OISEAUX ; NATURE MORTE - Librairie 7L\" \/>\n<meta property=\"og:description\" content=\"L&#8217;\u00e9crivain Jean-Christophe Bailly et le photographe \u00c9ric Poitevin se sont rencontr\u00e9s lors d&#8217;une r\u00e9sidence au centre d&#8217;art Le Vent des for\u00eats, install\u00e9 dans les bois de la Meuse depuis une dizaine d&#8217;ann\u00e9es. On conna\u00eet l&#8217;int\u00e9r\u00eat particulier que porte Jean-Christophe Bailly au monde animal, mais nous connaissions moins le travail photographique d&#8217;\u00c9ric Poitevin qui se trouve [&hellip;]\" \/>\n<meta property=\"og:url\" content=\"https:\/\/librairie7l.com\/en\/produit\/le-puits-des-oiseaux-nature-morte\/\" \/>\n<meta property=\"og:site_name\" content=\"Librairie 7L\" \/>\n<meta property=\"article:modified_time\" content=\"2026-04-18T21:44:45+00:00\" \/>\n<meta property=\"og:image\" content=\"https:\/\/librairie7l.com\/wp-content\/uploads\/2016\/05\/9782021311822_1_75.jpg\" \/>\n\t<meta property=\"og:image:width\" content=\"1000\" \/>\n\t<meta property=\"og:image:height\" content=\"1243\" \/>\n\t<meta property=\"og:image:type\" content=\"image\/jpeg\" \/>\n<meta name=\"twitter:card\" content=\"summary_large_image\" \/>\n<meta name=\"twitter:label1\" content=\"Est. reading time\" \/>\n\t<meta name=\"twitter:data1\" content=\"1 minute\" \/>\n<script type=\"application\/ld+json\" class=\"yoast-schema-graph\">{\"@context\":\"https:\/\/schema.org\",\"@graph\":[{\"@type\":\"WebPage\",\"@id\":\"https:\/\/librairie7l.com\/en\/produit\/le-puits-des-oiseaux-nature-morte\/\",\"url\":\"https:\/\/librairie7l.com\/en\/produit\/le-puits-des-oiseaux-nature-morte\/\",\"name\":\"LE PUITS DES OISEAUX ; NATURE MORTE - Librairie 7L\",\"isPartOf\":{\"@id\":\"https:\/\/librairie7l.com\/en\/#website\"},\"datePublished\":\"2023-05-09T16:25:22+00:00\",\"dateModified\":\"2026-04-18T21:44:45+00:00\",\"breadcrumb\":{\"@id\":\"https:\/\/librairie7l.com\/en\/produit\/le-puits-des-oiseaux-nature-morte\/#breadcrumb\"},\"inLanguage\":\"en-US\",\"potentialAction\":[{\"@type\":\"ReadAction\",\"target\":[\"https:\/\/librairie7l.com\/en\/produit\/le-puits-des-oiseaux-nature-morte\/\"]}]},{\"@type\":\"BreadcrumbList\",\"@id\":\"https:\/\/librairie7l.com\/en\/produit\/le-puits-des-oiseaux-nature-morte\/#breadcrumb\",\"itemListElement\":[{\"@type\":\"ListItem\",\"position\":1,\"name\":\"Accueil\",\"item\":\"https:\/\/librairie7l.com\/en\/\"},{\"@type\":\"ListItem\",\"position\":2,\"name\":\"Shop\",\"item\":\"https:\/\/librairie7l.com\/en\/shop\/\"},{\"@type\":\"ListItem\",\"position\":3,\"name\":\"LE PUITS DES OISEAUX ; NATURE MORTE\"}]},{\"@type\":\"WebSite\",\"@id\":\"https:\/\/librairie7l.com\/en\/#website\",\"url\":\"https:\/\/librairie7l.com\/en\/\",\"name\":\"Librairie 7L\",\"description\":\"Librairie fond\u00e9e en 1999 par Karl Lagerfeld \u00e0 Paris\",\"publisher\":{\"@id\":\"https:\/\/librairie7l.com\/en\/#organization\"},\"potentialAction\":[{\"@type\":\"SearchAction\",\"target\":{\"@type\":\"EntryPoint\",\"urlTemplate\":\"https:\/\/librairie7l.com\/en\/?s={search_term_string}\"},\"query-input\":\"required name=search_term_string\"}],\"inLanguage\":\"en-US\"},{\"@type\":\"Organization\",\"@id\":\"https:\/\/librairie7l.com\/en\/#organization\",\"name\":\"Librairie 7L\",\"url\":\"https:\/\/librairie7l.com\/en\/\",\"logo\":{\"@type\":\"ImageObject\",\"inLanguage\":\"en-US\",\"@id\":\"https:\/\/librairie7l.com\/en\/#\/schema\/logo\/image\/\",\"url\":\"https:\/\/librairie7l.com\/wp-content\/uploads\/2022\/08\/logo-1.png\",\"contentUrl\":\"https:\/\/librairie7l.com\/wp-content\/uploads\/2022\/08\/logo-1.png\",\"width\":227,\"height\":301,\"caption\":\"Librairie 7L\"},\"image\":{\"@id\":\"https:\/\/librairie7l.com\/en\/#\/schema\/logo\/image\/\"}}]}<\/script>\n<!-- \/ Yoast SEO plugin. -->","yoast_head_json":{"title":"LE PUITS DES OISEAUX ; NATURE MORTE - Librairie 7L","robots":{"index":"index","follow":"follow","max-snippet":"max-snippet:-1","max-image-preview":"max-image-preview:large","max-video-preview":"max-video-preview:-1"},"canonical":"https:\/\/librairie7l.com\/en\/produit\/le-puits-des-oiseaux-nature-morte\/","og_locale":"en_US","og_type":"article","og_title":"LE PUITS DES OISEAUX ; NATURE MORTE - Librairie 7L","og_description":"L&#8217;\u00e9crivain Jean-Christophe Bailly et le photographe \u00c9ric Poitevin se sont rencontr\u00e9s lors d&#8217;une r\u00e9sidence au centre d&#8217;art Le Vent des for\u00eats, install\u00e9 dans les bois de la Meuse depuis une dizaine d&#8217;ann\u00e9es. On conna\u00eet l&#8217;int\u00e9r\u00eat particulier que porte Jean-Christophe Bailly au monde animal, mais nous connaissions moins le travail photographique d&#8217;\u00c9ric Poitevin qui se trouve [&hellip;]","og_url":"https:\/\/librairie7l.com\/en\/produit\/le-puits-des-oiseaux-nature-morte\/","og_site_name":"Librairie 7L","article_modified_time":"2026-04-18T21:44:45+00:00","og_image":[{"width":1000,"height":1243,"url":"https:\/\/librairie7l.com\/wp-content\/uploads\/2016\/05\/9782021311822_1_75.jpg","type":"image\/jpeg"}],"twitter_card":"summary_large_image","twitter_misc":{"Est. reading time":"1 minute"},"schema":{"@context":"https:\/\/schema.org","@graph":[{"@type":"WebPage","@id":"https:\/\/librairie7l.com\/en\/produit\/le-puits-des-oiseaux-nature-morte\/","url":"https:\/\/librairie7l.com\/en\/produit\/le-puits-des-oiseaux-nature-morte\/","name":"LE PUITS DES OISEAUX ; NATURE MORTE - Librairie 7L","isPartOf":{"@id":"https:\/\/librairie7l.com\/en\/#website"},"datePublished":"2023-05-09T16:25:22+00:00","dateModified":"2026-04-18T21:44:45+00:00","breadcrumb":{"@id":"https:\/\/librairie7l.com\/en\/produit\/le-puits-des-oiseaux-nature-morte\/#breadcrumb"},"inLanguage":"en-US","potentialAction":[{"@type":"ReadAction","target":["https:\/\/librairie7l.com\/en\/produit\/le-puits-des-oiseaux-nature-morte\/"]}]},{"@type":"BreadcrumbList","@id":"https:\/\/librairie7l.com\/en\/produit\/le-puits-des-oiseaux-nature-morte\/#breadcrumb","itemListElement":[{"@type":"ListItem","position":1,"name":"Accueil","item":"https:\/\/librairie7l.com\/en\/"},{"@type":"ListItem","position":2,"name":"Shop","item":"https:\/\/librairie7l.com\/en\/shop\/"},{"@type":"ListItem","position":3,"name":"LE PUITS DES OISEAUX ; NATURE MORTE"}]},{"@type":"WebSite","@id":"https:\/\/librairie7l.com\/en\/#website","url":"https:\/\/librairie7l.com\/en\/","name":"Librairie 7L","description":"Librairie fond\u00e9e en 1999 par Karl Lagerfeld \u00e0 Paris","publisher":{"@id":"https:\/\/librairie7l.com\/en\/#organization"},"potentialAction":[{"@type":"SearchAction","target":{"@type":"EntryPoint","urlTemplate":"https:\/\/librairie7l.com\/en\/?s={search_term_string}"},"query-input":"required name=search_term_string"}],"inLanguage":"en-US"},{"@type":"Organization","@id":"https:\/\/librairie7l.com\/en\/#organization","name":"Librairie 7L","url":"https:\/\/librairie7l.com\/en\/","logo":{"@type":"ImageObject","inLanguage":"en-US","@id":"https:\/\/librairie7l.com\/en\/#\/schema\/logo\/image\/","url":"https:\/\/librairie7l.com\/wp-content\/uploads\/2022\/08\/logo-1.png","contentUrl":"https:\/\/librairie7l.com\/wp-content\/uploads\/2022\/08\/logo-1.png","width":227,"height":301,"caption":"Librairie 7L"},"image":{"@id":"https:\/\/librairie7l.com\/en\/#\/schema\/logo\/image\/"}}]}},"_links":{"self":[{"href":"https:\/\/librairie7l.com\/en\/wp-json\/wp\/v2\/product\/21367"}],"collection":[{"href":"https:\/\/librairie7l.com\/en\/wp-json\/wp\/v2\/product"}],"about":[{"href":"https:\/\/librairie7l.com\/en\/wp-json\/wp\/v2\/types\/product"}],"wp:featuredmedia":[{"embeddable":true,"href":"https:\/\/librairie7l.com\/en\/wp-json\/wp\/v2\/media\/21365"}],"wp:attachment":[{"href":"https:\/\/librairie7l.com\/en\/wp-json\/wp\/v2\/media?parent=21367"}],"wp:term":[{"taxonomy":"product_cat","embeddable":true,"href":"https:\/\/librairie7l.com\/en\/wp-json\/wp\/v2\/product_cat?post=21367"},{"taxonomy":"product_tag","embeddable":true,"href":"https:\/\/librairie7l.com\/en\/wp-json\/wp\/v2\/product_tag?post=21367"}],"curies":[{"name":"wp","href":"https:\/\/api.w.org\/{rel}","templated":true}]}}