{"id":21399,"date":"2023-05-09T18:25:51","date_gmt":"2023-05-09T16:25:51","guid":{"rendered":"https:\/\/librairie7l.com\/?post_type=product&#038;p=21399"},"modified":"2026-04-23T00:06:04","modified_gmt":"2026-04-22T22:06:04","slug":"les-singeries-de-chantilly","status":"publish","type":"product","link":"https:\/\/librairie7l.com\/en\/produit\/les-singeries-de-chantilly\/","title":{"rendered":"LES SINGERIES DE CHANTILLY"},"content":{"rendered":"<p>Au coeur des appartements des princes de Cond\u00e9 \u00e0 Chantilly, les deux singeries, peintes par Christophe Huet en 1735 et 1737, forment les plus beaux ensembles d\u00e9coratifs du ch\u00e2teau de Chantilly. Consid\u00e9r\u00e9es au XVIIIe si\u00e8cle comme de purs \u00e9l\u00e9ments de fantaisie, pas m\u00eame mentionn\u00e9es dans les guides du temps, la Petite et la Grande Singerie de Chantilly comptent aujourd&#8217;hui parmi les plus beaux d\u00e9cors exotiques, t\u00e9moignages du go\u00fbt du XVIIIe si\u00e8cle pour l&#8217;Orient, qui nous soient parvenus, avec ceux de l&#8217;h\u00f4tel de Rohan et du ch\u00e2teau de Champs-sur-Marne.<\/p>\n<p>Tout en faisant la part belle \u00e0 ces morceaux de bravoure de la peinture d\u00e9corative du XVIIIe si\u00e8cle, ce livre explore l&#8217;attirance de toute une \u00e9poque pour les \u00e9tonnantes m\u00e9tamorphoses, caricatures ou repr\u00e9sentations naturalistes de l&#8217;animal fascinant qu&#8217;est le singe.<\/p>\n<p>Le parcours de Christophe Huet, peintre d\u00e9corateur mais aussi graveur et grand sp\u00e9cialiste de la peinture animali\u00e8re de son temps, nous entra\u00eene \u00e0 la d\u00e9couverte des singeries \u00e0 travers toute la France.<\/p>\n","protected":false},"excerpt":{"rendered":"<p>Au coeur des appartements des princes de Cond\u00e9 \u00e0 Chantilly, les deux singeries, peintes par Christophe Huet en 1735 et 1737, forment les plus beaux ensembles d\u00e9coratifs du ch\u00e2teau de Chantilly. Consid\u00e9r\u00e9es au XVIIIe si\u00e8cle comme de purs \u00e9l\u00e9ments de fantaisie, pas m\u00eame mentionn\u00e9es dans les guides du temps, la Petite et la Grande Singerie [&hellip;]<\/p>\n","protected":false},"featured_media":21397,"template":"","meta":[],"product_cat":[2948,2952],"product_tag":[],"acf":[],"yoast_head":"<!-- This site is optimized with the Yoast SEO plugin v20.11 - https:\/\/yoast.com\/wordpress\/plugins\/seo\/ -->\n<title>LES SINGERIES DE CHANTILLY - Librairie 7L<\/title>\n<meta name=\"robots\" content=\"index, follow, max-snippet:-1, max-image-preview:large, max-video-preview:-1\" \/>\n<link rel=\"canonical\" href=\"https:\/\/librairie7l.com\/en\/produit\/les-singeries-de-chantilly\/\" \/>\n<meta property=\"og:locale\" content=\"en_US\" \/>\n<meta property=\"og:type\" content=\"article\" \/>\n<meta property=\"og:title\" content=\"LES SINGERIES DE CHANTILLY - Librairie 7L\" \/>\n<meta property=\"og:description\" content=\"Au coeur des appartements des princes de Cond\u00e9 \u00e0 Chantilly, les deux singeries, peintes par Christophe Huet en 1735 et 1737, forment les plus beaux ensembles d\u00e9coratifs du ch\u00e2teau de Chantilly. Consid\u00e9r\u00e9es au XVIIIe si\u00e8cle comme de purs \u00e9l\u00e9ments de fantaisie, pas m\u00eame mentionn\u00e9es dans les guides du temps, la Petite et la Grande Singerie [&hellip;]\" \/>\n<meta property=\"og:url\" content=\"https:\/\/librairie7l.com\/en\/produit\/les-singeries-de-chantilly\/\" \/>\n<meta property=\"og:site_name\" content=\"Librairie 7L\" \/>\n<meta property=\"article:modified_time\" content=\"2026-04-22T22:06:04+00:00\" \/>\n<meta property=\"og:image\" content=\"https:\/\/librairie7l.com\/wp-content\/uploads\/2021\/06\/9782382030325_1_75.jpg\" \/>\n\t<meta property=\"og:image:width\" content=\"580\" \/>\n\t<meta property=\"og:image:height\" content=\"800\" \/>\n\t<meta property=\"og:image:type\" content=\"image\/jpeg\" \/>\n<meta name=\"twitter:card\" content=\"summary_large_image\" \/>\n<meta name=\"twitter:label1\" content=\"Est. reading time\" \/>\n\t<meta name=\"twitter:data1\" content=\"1 minute\" \/>\n<script type=\"application\/ld+json\" class=\"yoast-schema-graph\">{\"@context\":\"https:\/\/schema.org\",\"@graph\":[{\"@type\":\"WebPage\",\"@id\":\"https:\/\/librairie7l.com\/en\/produit\/les-singeries-de-chantilly\/\",\"url\":\"https:\/\/librairie7l.com\/en\/produit\/les-singeries-de-chantilly\/\",\"name\":\"LES SINGERIES DE CHANTILLY - Librairie 7L\",\"isPartOf\":{\"@id\":\"https:\/\/librairie7l.com\/en\/#website\"},\"datePublished\":\"2023-05-09T16:25:51+00:00\",\"dateModified\":\"2026-04-22T22:06:04+00:00\",\"breadcrumb\":{\"@id\":\"https:\/\/librairie7l.com\/en\/produit\/les-singeries-de-chantilly\/#breadcrumb\"},\"inLanguage\":\"en-US\",\"potentialAction\":[{\"@type\":\"ReadAction\",\"target\":[\"https:\/\/librairie7l.com\/en\/produit\/les-singeries-de-chantilly\/\"]}]},{\"@type\":\"BreadcrumbList\",\"@id\":\"https:\/\/librairie7l.com\/en\/produit\/les-singeries-de-chantilly\/#breadcrumb\",\"itemListElement\":[{\"@type\":\"ListItem\",\"position\":1,\"name\":\"Accueil\",\"item\":\"https:\/\/librairie7l.com\/en\/\"},{\"@type\":\"ListItem\",\"position\":2,\"name\":\"Shop\",\"item\":\"https:\/\/librairie7l.com\/en\/shop\/\"},{\"@type\":\"ListItem\",\"position\":3,\"name\":\"LES SINGERIES DE CHANTILLY\"}]},{\"@type\":\"WebSite\",\"@id\":\"https:\/\/librairie7l.com\/en\/#website\",\"url\":\"https:\/\/librairie7l.com\/en\/\",\"name\":\"Librairie 7L\",\"description\":\"Librairie fond\u00e9e en 1999 par Karl Lagerfeld \u00e0 Paris\",\"publisher\":{\"@id\":\"https:\/\/librairie7l.com\/en\/#organization\"},\"potentialAction\":[{\"@type\":\"SearchAction\",\"target\":{\"@type\":\"EntryPoint\",\"urlTemplate\":\"https:\/\/librairie7l.com\/en\/?s={search_term_string}\"},\"query-input\":\"required name=search_term_string\"}],\"inLanguage\":\"en-US\"},{\"@type\":\"Organization\",\"@id\":\"https:\/\/librairie7l.com\/en\/#organization\",\"name\":\"Librairie 7L\",\"url\":\"https:\/\/librairie7l.com\/en\/\",\"logo\":{\"@type\":\"ImageObject\",\"inLanguage\":\"en-US\",\"@id\":\"https:\/\/librairie7l.com\/en\/#\/schema\/logo\/image\/\",\"url\":\"https:\/\/librairie7l.com\/wp-content\/uploads\/2022\/08\/logo-1.png\",\"contentUrl\":\"https:\/\/librairie7l.com\/wp-content\/uploads\/2022\/08\/logo-1.png\",\"width\":227,\"height\":301,\"caption\":\"Librairie 7L\"},\"image\":{\"@id\":\"https:\/\/librairie7l.com\/en\/#\/schema\/logo\/image\/\"}}]}<\/script>\n<!-- \/ Yoast SEO plugin. -->","yoast_head_json":{"title":"LES SINGERIES DE CHANTILLY - Librairie 7L","robots":{"index":"index","follow":"follow","max-snippet":"max-snippet:-1","max-image-preview":"max-image-preview:large","max-video-preview":"max-video-preview:-1"},"canonical":"https:\/\/librairie7l.com\/en\/produit\/les-singeries-de-chantilly\/","og_locale":"en_US","og_type":"article","og_title":"LES SINGERIES DE CHANTILLY - Librairie 7L","og_description":"Au coeur des appartements des princes de Cond\u00e9 \u00e0 Chantilly, les deux singeries, peintes par Christophe Huet en 1735 et 1737, forment les plus beaux ensembles d\u00e9coratifs du ch\u00e2teau de Chantilly. Consid\u00e9r\u00e9es au XVIIIe si\u00e8cle comme de purs \u00e9l\u00e9ments de fantaisie, pas m\u00eame mentionn\u00e9es dans les guides du temps, la Petite et la Grande Singerie [&hellip;]","og_url":"https:\/\/librairie7l.com\/en\/produit\/les-singeries-de-chantilly\/","og_site_name":"Librairie 7L","article_modified_time":"2026-04-22T22:06:04+00:00","og_image":[{"width":580,"height":800,"url":"https:\/\/librairie7l.com\/wp-content\/uploads\/2021\/06\/9782382030325_1_75.jpg","type":"image\/jpeg"}],"twitter_card":"summary_large_image","twitter_misc":{"Est. reading time":"1 minute"},"schema":{"@context":"https:\/\/schema.org","@graph":[{"@type":"WebPage","@id":"https:\/\/librairie7l.com\/en\/produit\/les-singeries-de-chantilly\/","url":"https:\/\/librairie7l.com\/en\/produit\/les-singeries-de-chantilly\/","name":"LES SINGERIES DE CHANTILLY - Librairie 7L","isPartOf":{"@id":"https:\/\/librairie7l.com\/en\/#website"},"datePublished":"2023-05-09T16:25:51+00:00","dateModified":"2026-04-22T22:06:04+00:00","breadcrumb":{"@id":"https:\/\/librairie7l.com\/en\/produit\/les-singeries-de-chantilly\/#breadcrumb"},"inLanguage":"en-US","potentialAction":[{"@type":"ReadAction","target":["https:\/\/librairie7l.com\/en\/produit\/les-singeries-de-chantilly\/"]}]},{"@type":"BreadcrumbList","@id":"https:\/\/librairie7l.com\/en\/produit\/les-singeries-de-chantilly\/#breadcrumb","itemListElement":[{"@type":"ListItem","position":1,"name":"Accueil","item":"https:\/\/librairie7l.com\/en\/"},{"@type":"ListItem","position":2,"name":"Shop","item":"https:\/\/librairie7l.com\/en\/shop\/"},{"@type":"ListItem","position":3,"name":"LES SINGERIES DE CHANTILLY"}]},{"@type":"WebSite","@id":"https:\/\/librairie7l.com\/en\/#website","url":"https:\/\/librairie7l.com\/en\/","name":"Librairie 7L","description":"Librairie fond\u00e9e en 1999 par Karl Lagerfeld \u00e0 Paris","publisher":{"@id":"https:\/\/librairie7l.com\/en\/#organization"},"potentialAction":[{"@type":"SearchAction","target":{"@type":"EntryPoint","urlTemplate":"https:\/\/librairie7l.com\/en\/?s={search_term_string}"},"query-input":"required name=search_term_string"}],"inLanguage":"en-US"},{"@type":"Organization","@id":"https:\/\/librairie7l.com\/en\/#organization","name":"Librairie 7L","url":"https:\/\/librairie7l.com\/en\/","logo":{"@type":"ImageObject","inLanguage":"en-US","@id":"https:\/\/librairie7l.com\/en\/#\/schema\/logo\/image\/","url":"https:\/\/librairie7l.com\/wp-content\/uploads\/2022\/08\/logo-1.png","contentUrl":"https:\/\/librairie7l.com\/wp-content\/uploads\/2022\/08\/logo-1.png","width":227,"height":301,"caption":"Librairie 7L"},"image":{"@id":"https:\/\/librairie7l.com\/en\/#\/schema\/logo\/image\/"}}]}},"_links":{"self":[{"href":"https:\/\/librairie7l.com\/en\/wp-json\/wp\/v2\/product\/21399"}],"collection":[{"href":"https:\/\/librairie7l.com\/en\/wp-json\/wp\/v2\/product"}],"about":[{"href":"https:\/\/librairie7l.com\/en\/wp-json\/wp\/v2\/types\/product"}],"wp:featuredmedia":[{"embeddable":true,"href":"https:\/\/librairie7l.com\/en\/wp-json\/wp\/v2\/media\/21397"}],"wp:attachment":[{"href":"https:\/\/librairie7l.com\/en\/wp-json\/wp\/v2\/media?parent=21399"}],"wp:term":[{"taxonomy":"product_cat","embeddable":true,"href":"https:\/\/librairie7l.com\/en\/wp-json\/wp\/v2\/product_cat?post=21399"},{"taxonomy":"product_tag","embeddable":true,"href":"https:\/\/librairie7l.com\/en\/wp-json\/wp\/v2\/product_tag?post=21399"}],"curies":[{"name":"wp","href":"https:\/\/api.w.org\/{rel}","templated":true}]}}