{"id":21459,"date":"2023-05-09T18:26:39","date_gmt":"2023-05-09T16:26:39","guid":{"rendered":"https:\/\/librairie7l.com\/?post_type=product&#038;p=21459"},"modified":"2026-04-19T22:15:56","modified_gmt":"2026-04-19T20:15:56","slug":"thank-you-mum-prix-hsbc-pour-la-photograpie-2020","status":"publish","type":"product","link":"https:\/\/librairie7l.com\/en\/produit\/thank-you-mum-prix-hsbc-pour-la-photograpie-2020\/","title":{"rendered":"THANK YOU MUM ; PRIX HSBC POUR LA PHOTOGRAPIE 2020"},"content":{"rendered":"<p>\u00c9branl\u00e9e par la maladie de sa m\u00e8re, dont l&#8217;\u00e9chapp\u00e9e semble peu probable, Charlotte Mano n&#8217;envisage qu&#8217;une seule issue : \u00ab Maman, on va faire des images de tout \u00e7a \u00bb.<\/p>\n<p>Comme une \u00e9chappatoire, et devant le combat qui s&#8217;annonce, elle tente par la cr\u00e9ation d&#8217;images d&#8217;un tout nouvel ordre, d&#8217;affronter la cruelle \u00e9ch\u00e9ance, et emm\u00e8ne progressivement sa m\u00e8re dans un jeu de r\u00f4les au sein duquel chacune trouvera peu \u00e0 peu sa place. Dans un face \u00e0 face des plus troublants, les petits rituels, les mises en sc\u00e8ne du quotidien feront partie du chemin \u00e0 parcourir pour exorciser la douleur. Tel un marabout, Charlotte Mano construit des petits th\u00e9\u00e2tres avec des bouts de ficelle, et concocte un univers fantasmagorique, tout droit sorti du jardin de l&#8217;enfance. Elle imagine alors, dans une ode \u00e0 la nature qui la prot\u00e8ge, et dans laquelle elle se construit chaque jour, des tableaux symboliques, \u00e0 la vertu r\u00e9paratrice.<\/p>\n","protected":false},"excerpt":{"rendered":"<p>\u00c9branl\u00e9e par la maladie de sa m\u00e8re, dont l&#8217;\u00e9chapp\u00e9e semble peu probable, Charlotte Mano n&#8217;envisage qu&#8217;une seule issue : \u00ab Maman, on va faire des images de tout \u00e7a \u00bb. Comme une \u00e9chappatoire, et devant le combat qui s&#8217;annonce, elle tente par la cr\u00e9ation d&#8217;images d&#8217;un tout nouvel ordre, d&#8217;affronter la cruelle \u00e9ch\u00e9ance, et emm\u00e8ne [&hellip;]<\/p>\n","protected":false},"featured_media":21457,"template":"","meta":[],"product_cat":[2948,2958],"product_tag":[],"acf":[],"yoast_head":"<!-- This site is optimized with the Yoast SEO plugin v20.11 - https:\/\/yoast.com\/wordpress\/plugins\/seo\/ -->\n<title>THANK YOU MUM ; PRIX HSBC POUR LA PHOTOGRAPIE 2020 - Librairie 7L<\/title>\n<meta name=\"robots\" content=\"index, follow, max-snippet:-1, max-image-preview:large, max-video-preview:-1\" \/>\n<link rel=\"canonical\" href=\"https:\/\/librairie7l.com\/en\/produit\/thank-you-mum-prix-hsbc-pour-la-photograpie-2020\/\" \/>\n<meta property=\"og:locale\" content=\"en_US\" \/>\n<meta property=\"og:type\" content=\"article\" \/>\n<meta property=\"og:title\" content=\"THANK YOU MUM ; PRIX HSBC POUR LA PHOTOGRAPIE 2020 - Librairie 7L\" \/>\n<meta property=\"og:description\" content=\"\u00c9branl\u00e9e par la maladie de sa m\u00e8re, dont l&#8217;\u00e9chapp\u00e9e semble peu probable, Charlotte Mano n&#8217;envisage qu&#8217;une seule issue : \u00ab Maman, on va faire des images de tout \u00e7a \u00bb. Comme une \u00e9chappatoire, et devant le combat qui s&#8217;annonce, elle tente par la cr\u00e9ation d&#8217;images d&#8217;un tout nouvel ordre, d&#8217;affronter la cruelle \u00e9ch\u00e9ance, et emm\u00e8ne [&hellip;]\" \/>\n<meta property=\"og:url\" content=\"https:\/\/librairie7l.com\/en\/produit\/thank-you-mum-prix-hsbc-pour-la-photograpie-2020\/\" \/>\n<meta property=\"og:site_name\" content=\"Librairie 7L\" \/>\n<meta property=\"article:modified_time\" content=\"2026-04-19T20:15:56+00:00\" \/>\n<meta property=\"og:image\" content=\"https:\/\/librairie7l.com\/wp-content\/uploads\/2020\/05\/9782365112574_1_75.jpg\" \/>\n\t<meta property=\"og:image:width\" content=\"400\" \/>\n\t<meta property=\"og:image:height\" content=\"544\" \/>\n\t<meta property=\"og:image:type\" content=\"image\/jpeg\" \/>\n<meta name=\"twitter:card\" content=\"summary_large_image\" \/>\n<meta name=\"twitter:label1\" content=\"Est. reading time\" \/>\n\t<meta name=\"twitter:data1\" content=\"1 minute\" \/>\n<script type=\"application\/ld+json\" class=\"yoast-schema-graph\">{\"@context\":\"https:\/\/schema.org\",\"@graph\":[{\"@type\":\"WebPage\",\"@id\":\"https:\/\/librairie7l.com\/en\/produit\/thank-you-mum-prix-hsbc-pour-la-photograpie-2020\/\",\"url\":\"https:\/\/librairie7l.com\/en\/produit\/thank-you-mum-prix-hsbc-pour-la-photograpie-2020\/\",\"name\":\"THANK YOU MUM ; PRIX HSBC POUR LA PHOTOGRAPIE 2020 - Librairie 7L\",\"isPartOf\":{\"@id\":\"https:\/\/librairie7l.com\/en\/#website\"},\"datePublished\":\"2023-05-09T16:26:39+00:00\",\"dateModified\":\"2026-04-19T20:15:56+00:00\",\"breadcrumb\":{\"@id\":\"https:\/\/librairie7l.com\/en\/produit\/thank-you-mum-prix-hsbc-pour-la-photograpie-2020\/#breadcrumb\"},\"inLanguage\":\"en-US\",\"potentialAction\":[{\"@type\":\"ReadAction\",\"target\":[\"https:\/\/librairie7l.com\/en\/produit\/thank-you-mum-prix-hsbc-pour-la-photograpie-2020\/\"]}]},{\"@type\":\"BreadcrumbList\",\"@id\":\"https:\/\/librairie7l.com\/en\/produit\/thank-you-mum-prix-hsbc-pour-la-photograpie-2020\/#breadcrumb\",\"itemListElement\":[{\"@type\":\"ListItem\",\"position\":1,\"name\":\"Accueil\",\"item\":\"https:\/\/librairie7l.com\/en\/\"},{\"@type\":\"ListItem\",\"position\":2,\"name\":\"Shop\",\"item\":\"https:\/\/librairie7l.com\/en\/shop\/\"},{\"@type\":\"ListItem\",\"position\":3,\"name\":\"THANK YOU MUM ; PRIX HSBC POUR LA PHOTOGRAPIE 2020\"}]},{\"@type\":\"WebSite\",\"@id\":\"https:\/\/librairie7l.com\/en\/#website\",\"url\":\"https:\/\/librairie7l.com\/en\/\",\"name\":\"Librairie 7L\",\"description\":\"Librairie fond\u00e9e en 1999 par Karl Lagerfeld \u00e0 Paris\",\"publisher\":{\"@id\":\"https:\/\/librairie7l.com\/en\/#organization\"},\"potentialAction\":[{\"@type\":\"SearchAction\",\"target\":{\"@type\":\"EntryPoint\",\"urlTemplate\":\"https:\/\/librairie7l.com\/en\/?s={search_term_string}\"},\"query-input\":\"required name=search_term_string\"}],\"inLanguage\":\"en-US\"},{\"@type\":\"Organization\",\"@id\":\"https:\/\/librairie7l.com\/en\/#organization\",\"name\":\"Librairie 7L\",\"url\":\"https:\/\/librairie7l.com\/en\/\",\"logo\":{\"@type\":\"ImageObject\",\"inLanguage\":\"en-US\",\"@id\":\"https:\/\/librairie7l.com\/en\/#\/schema\/logo\/image\/\",\"url\":\"https:\/\/librairie7l.com\/wp-content\/uploads\/2022\/08\/logo-1.png\",\"contentUrl\":\"https:\/\/librairie7l.com\/wp-content\/uploads\/2022\/08\/logo-1.png\",\"width\":227,\"height\":301,\"caption\":\"Librairie 7L\"},\"image\":{\"@id\":\"https:\/\/librairie7l.com\/en\/#\/schema\/logo\/image\/\"}}]}<\/script>\n<!-- \/ Yoast SEO plugin. -->","yoast_head_json":{"title":"THANK YOU MUM ; PRIX HSBC POUR LA PHOTOGRAPIE 2020 - Librairie 7L","robots":{"index":"index","follow":"follow","max-snippet":"max-snippet:-1","max-image-preview":"max-image-preview:large","max-video-preview":"max-video-preview:-1"},"canonical":"https:\/\/librairie7l.com\/en\/produit\/thank-you-mum-prix-hsbc-pour-la-photograpie-2020\/","og_locale":"en_US","og_type":"article","og_title":"THANK YOU MUM ; PRIX HSBC POUR LA PHOTOGRAPIE 2020 - Librairie 7L","og_description":"\u00c9branl\u00e9e par la maladie de sa m\u00e8re, dont l&#8217;\u00e9chapp\u00e9e semble peu probable, Charlotte Mano n&#8217;envisage qu&#8217;une seule issue : \u00ab Maman, on va faire des images de tout \u00e7a \u00bb. Comme une \u00e9chappatoire, et devant le combat qui s&#8217;annonce, elle tente par la cr\u00e9ation d&#8217;images d&#8217;un tout nouvel ordre, d&#8217;affronter la cruelle \u00e9ch\u00e9ance, et emm\u00e8ne [&hellip;]","og_url":"https:\/\/librairie7l.com\/en\/produit\/thank-you-mum-prix-hsbc-pour-la-photograpie-2020\/","og_site_name":"Librairie 7L","article_modified_time":"2026-04-19T20:15:56+00:00","og_image":[{"width":400,"height":544,"url":"https:\/\/librairie7l.com\/wp-content\/uploads\/2020\/05\/9782365112574_1_75.jpg","type":"image\/jpeg"}],"twitter_card":"summary_large_image","twitter_misc":{"Est. reading time":"1 minute"},"schema":{"@context":"https:\/\/schema.org","@graph":[{"@type":"WebPage","@id":"https:\/\/librairie7l.com\/en\/produit\/thank-you-mum-prix-hsbc-pour-la-photograpie-2020\/","url":"https:\/\/librairie7l.com\/en\/produit\/thank-you-mum-prix-hsbc-pour-la-photograpie-2020\/","name":"THANK YOU MUM ; PRIX HSBC POUR LA PHOTOGRAPIE 2020 - Librairie 7L","isPartOf":{"@id":"https:\/\/librairie7l.com\/en\/#website"},"datePublished":"2023-05-09T16:26:39+00:00","dateModified":"2026-04-19T20:15:56+00:00","breadcrumb":{"@id":"https:\/\/librairie7l.com\/en\/produit\/thank-you-mum-prix-hsbc-pour-la-photograpie-2020\/#breadcrumb"},"inLanguage":"en-US","potentialAction":[{"@type":"ReadAction","target":["https:\/\/librairie7l.com\/en\/produit\/thank-you-mum-prix-hsbc-pour-la-photograpie-2020\/"]}]},{"@type":"BreadcrumbList","@id":"https:\/\/librairie7l.com\/en\/produit\/thank-you-mum-prix-hsbc-pour-la-photograpie-2020\/#breadcrumb","itemListElement":[{"@type":"ListItem","position":1,"name":"Accueil","item":"https:\/\/librairie7l.com\/en\/"},{"@type":"ListItem","position":2,"name":"Shop","item":"https:\/\/librairie7l.com\/en\/shop\/"},{"@type":"ListItem","position":3,"name":"THANK YOU MUM ; PRIX HSBC POUR LA PHOTOGRAPIE 2020"}]},{"@type":"WebSite","@id":"https:\/\/librairie7l.com\/en\/#website","url":"https:\/\/librairie7l.com\/en\/","name":"Librairie 7L","description":"Librairie fond\u00e9e en 1999 par Karl Lagerfeld \u00e0 Paris","publisher":{"@id":"https:\/\/librairie7l.com\/en\/#organization"},"potentialAction":[{"@type":"SearchAction","target":{"@type":"EntryPoint","urlTemplate":"https:\/\/librairie7l.com\/en\/?s={search_term_string}"},"query-input":"required name=search_term_string"}],"inLanguage":"en-US"},{"@type":"Organization","@id":"https:\/\/librairie7l.com\/en\/#organization","name":"Librairie 7L","url":"https:\/\/librairie7l.com\/en\/","logo":{"@type":"ImageObject","inLanguage":"en-US","@id":"https:\/\/librairie7l.com\/en\/#\/schema\/logo\/image\/","url":"https:\/\/librairie7l.com\/wp-content\/uploads\/2022\/08\/logo-1.png","contentUrl":"https:\/\/librairie7l.com\/wp-content\/uploads\/2022\/08\/logo-1.png","width":227,"height":301,"caption":"Librairie 7L"},"image":{"@id":"https:\/\/librairie7l.com\/en\/#\/schema\/logo\/image\/"}}]}},"_links":{"self":[{"href":"https:\/\/librairie7l.com\/en\/wp-json\/wp\/v2\/product\/21459"}],"collection":[{"href":"https:\/\/librairie7l.com\/en\/wp-json\/wp\/v2\/product"}],"about":[{"href":"https:\/\/librairie7l.com\/en\/wp-json\/wp\/v2\/types\/product"}],"wp:featuredmedia":[{"embeddable":true,"href":"https:\/\/librairie7l.com\/en\/wp-json\/wp\/v2\/media\/21457"}],"wp:attachment":[{"href":"https:\/\/librairie7l.com\/en\/wp-json\/wp\/v2\/media?parent=21459"}],"wp:term":[{"taxonomy":"product_cat","embeddable":true,"href":"https:\/\/librairie7l.com\/en\/wp-json\/wp\/v2\/product_cat?post=21459"},{"taxonomy":"product_tag","embeddable":true,"href":"https:\/\/librairie7l.com\/en\/wp-json\/wp\/v2\/product_tag?post=21459"}],"curies":[{"name":"wp","href":"https:\/\/api.w.org\/{rel}","templated":true}]}}