{"id":21471,"date":"2023-05-09T18:26:50","date_gmt":"2023-05-09T16:26:50","guid":{"rendered":"https:\/\/librairie7l.com\/?post_type=product&#038;p=21471"},"modified":"2026-04-26T20:54:29","modified_gmt":"2026-04-26T18:54:29","slug":"ndop-etoffes-des-cours-royales-et-societes-secretes-du-cameroun","status":"publish","type":"product","link":"https:\/\/librairie7l.com\/en\/produit\/ndop-etoffes-des-cours-royales-et-societes-secretes-du-cameroun\/","title":{"rendered":"NDOP ; \u00c9TOFFES DES COURS ROYALES ET SOCI\u00c9T\u00c9S SECR\u00c8TES DU CAMEROUN"},"content":{"rendered":"<p>Le Ndop est une \u00e9toffe traditionnelle et rituelle bamil\u00e9k\u00e9. Il s&#8217;agit d&#8217;un assemblage de bandes de coton cousues bord \u00e0 bord avec des motifs g\u00e9om\u00e9triques blanc sur fond bleu indigo. Tous ces motifs formes g\u00e9om\u00e9triques, repr\u00e9sentations d&#8217;animaux, d&#8217;\u00e9toiles, du soleil, &#8230; ont une valeur symbolique et en font le v\u00eatement rituel des soci\u00e9t\u00e9s secr\u00e8tes : porter le Ndop, n&#8217;est pas anodin.<br \/>\nAu Cameroun, ce tissus est un ornement fun\u00e9raire qui est utilis\u00e9 lors des deuils et des c\u00e9r\u00e9monies traditionnelles.<br \/>\nDans cet ouvrage Ly Dumas raconte l&#8217;histoire de la fabrication de ce tissu et explique sa valeur symbolique et esth\u00e9tique. En outre des contributions de sp\u00e9cialistes comme Louis Perrois, Jean-Paul Notu\u00e9, H\u00e9l\u00e8ne Joubert, Arthur Caumes, Bettina von Lintig, Francine Vormese,&#8230; apportent un \u00e9clairage complet sur son \u00e9volution et sur son usage contemporain. Aucun livre n&#8217;a jamais \u00e9t\u00e9 publi\u00e9 sur ce sujet.<\/p>\n","protected":false},"excerpt":{"rendered":"<p>Le Ndop est une \u00e9toffe traditionnelle et rituelle bamil\u00e9k\u00e9. Il s&#8217;agit d&#8217;un assemblage de bandes de coton cousues bord \u00e0 bord avec des motifs g\u00e9om\u00e9triques blanc sur fond bleu indigo. Tous ces motifs formes g\u00e9om\u00e9triques, repr\u00e9sentations d&#8217;animaux, d&#8217;\u00e9toiles, du soleil, &#8230; ont une valeur symbolique et en font le v\u00eatement rituel des soci\u00e9t\u00e9s secr\u00e8tes : [&hellip;]<\/p>\n","protected":false},"featured_media":0,"template":"","meta":[],"product_cat":[2948,2957],"product_tag":[],"acf":[],"yoast_head":"<!-- This site is optimized with the Yoast SEO plugin v20.11 - https:\/\/yoast.com\/wordpress\/plugins\/seo\/ -->\n<title>NDOP ; \u00c9TOFFES DES COURS ROYALES ET SOCI\u00c9T\u00c9S SECR\u00c8TES DU CAMEROUN - Librairie 7L<\/title>\n<meta name=\"robots\" content=\"index, follow, max-snippet:-1, max-image-preview:large, max-video-preview:-1\" \/>\n<link rel=\"canonical\" href=\"https:\/\/librairie7l.com\/en\/produit\/ndop-etoffes-des-cours-royales-et-societes-secretes-du-cameroun\/\" \/>\n<meta property=\"og:locale\" content=\"en_US\" \/>\n<meta property=\"og:type\" content=\"article\" \/>\n<meta property=\"og:title\" content=\"NDOP ; \u00c9TOFFES DES COURS ROYALES ET SOCI\u00c9T\u00c9S SECR\u00c8TES DU CAMEROUN - Librairie 7L\" \/>\n<meta property=\"og:description\" content=\"Le Ndop est une \u00e9toffe traditionnelle et rituelle bamil\u00e9k\u00e9. Il s&#8217;agit d&#8217;un assemblage de bandes de coton cousues bord \u00e0 bord avec des motifs g\u00e9om\u00e9triques blanc sur fond bleu indigo. Tous ces motifs formes g\u00e9om\u00e9triques, repr\u00e9sentations d&#8217;animaux, d&#8217;\u00e9toiles, du soleil, &#8230; ont une valeur symbolique et en font le v\u00eatement rituel des soci\u00e9t\u00e9s secr\u00e8tes : [&hellip;]\" \/>\n<meta property=\"og:url\" content=\"https:\/\/librairie7l.com\/en\/produit\/ndop-etoffes-des-cours-royales-et-societes-secretes-du-cameroun\/\" \/>\n<meta property=\"og:site_name\" content=\"Librairie 7L\" \/>\n<meta property=\"article:modified_time\" content=\"2026-04-26T18:54:29+00:00\" \/>\n<meta name=\"twitter:card\" content=\"summary_large_image\" \/>\n<meta name=\"twitter:label1\" content=\"Est. reading time\" \/>\n\t<meta name=\"twitter:data1\" content=\"1 minute\" \/>\n<script type=\"application\/ld+json\" class=\"yoast-schema-graph\">{\"@context\":\"https:\/\/schema.org\",\"@graph\":[{\"@type\":\"WebPage\",\"@id\":\"https:\/\/librairie7l.com\/en\/produit\/ndop-etoffes-des-cours-royales-et-societes-secretes-du-cameroun\/\",\"url\":\"https:\/\/librairie7l.com\/en\/produit\/ndop-etoffes-des-cours-royales-et-societes-secretes-du-cameroun\/\",\"name\":\"NDOP ; \u00c9TOFFES DES COURS ROYALES ET SOCI\u00c9T\u00c9S SECR\u00c8TES DU CAMEROUN - Librairie 7L\",\"isPartOf\":{\"@id\":\"https:\/\/librairie7l.com\/en\/#website\"},\"datePublished\":\"2023-05-09T16:26:50+00:00\",\"dateModified\":\"2026-04-26T18:54:29+00:00\",\"breadcrumb\":{\"@id\":\"https:\/\/librairie7l.com\/en\/produit\/ndop-etoffes-des-cours-royales-et-societes-secretes-du-cameroun\/#breadcrumb\"},\"inLanguage\":\"en-US\",\"potentialAction\":[{\"@type\":\"ReadAction\",\"target\":[\"https:\/\/librairie7l.com\/en\/produit\/ndop-etoffes-des-cours-royales-et-societes-secretes-du-cameroun\/\"]}]},{\"@type\":\"BreadcrumbList\",\"@id\":\"https:\/\/librairie7l.com\/en\/produit\/ndop-etoffes-des-cours-royales-et-societes-secretes-du-cameroun\/#breadcrumb\",\"itemListElement\":[{\"@type\":\"ListItem\",\"position\":1,\"name\":\"Accueil\",\"item\":\"https:\/\/librairie7l.com\/en\/\"},{\"@type\":\"ListItem\",\"position\":2,\"name\":\"Shop\",\"item\":\"https:\/\/librairie7l.com\/en\/shop\/\"},{\"@type\":\"ListItem\",\"position\":3,\"name\":\"NDOP ; \u00c9TOFFES DES COURS ROYALES ET SOCI\u00c9T\u00c9S SECR\u00c8TES DU CAMEROUN\"}]},{\"@type\":\"WebSite\",\"@id\":\"https:\/\/librairie7l.com\/en\/#website\",\"url\":\"https:\/\/librairie7l.com\/en\/\",\"name\":\"Librairie 7L\",\"description\":\"Librairie fond\u00e9e en 1999 par Karl Lagerfeld \u00e0 Paris\",\"publisher\":{\"@id\":\"https:\/\/librairie7l.com\/en\/#organization\"},\"potentialAction\":[{\"@type\":\"SearchAction\",\"target\":{\"@type\":\"EntryPoint\",\"urlTemplate\":\"https:\/\/librairie7l.com\/en\/?s={search_term_string}\"},\"query-input\":\"required name=search_term_string\"}],\"inLanguage\":\"en-US\"},{\"@type\":\"Organization\",\"@id\":\"https:\/\/librairie7l.com\/en\/#organization\",\"name\":\"Librairie 7L\",\"url\":\"https:\/\/librairie7l.com\/en\/\",\"logo\":{\"@type\":\"ImageObject\",\"inLanguage\":\"en-US\",\"@id\":\"https:\/\/librairie7l.com\/en\/#\/schema\/logo\/image\/\",\"url\":\"https:\/\/librairie7l.com\/wp-content\/uploads\/2022\/08\/logo-1.png\",\"contentUrl\":\"https:\/\/librairie7l.com\/wp-content\/uploads\/2022\/08\/logo-1.png\",\"width\":227,\"height\":301,\"caption\":\"Librairie 7L\"},\"image\":{\"@id\":\"https:\/\/librairie7l.com\/en\/#\/schema\/logo\/image\/\"}}]}<\/script>\n<!-- \/ Yoast SEO plugin. -->","yoast_head_json":{"title":"NDOP ; \u00c9TOFFES DES COURS ROYALES ET SOCI\u00c9T\u00c9S SECR\u00c8TES DU CAMEROUN - Librairie 7L","robots":{"index":"index","follow":"follow","max-snippet":"max-snippet:-1","max-image-preview":"max-image-preview:large","max-video-preview":"max-video-preview:-1"},"canonical":"https:\/\/librairie7l.com\/en\/produit\/ndop-etoffes-des-cours-royales-et-societes-secretes-du-cameroun\/","og_locale":"en_US","og_type":"article","og_title":"NDOP ; \u00c9TOFFES DES COURS ROYALES ET SOCI\u00c9T\u00c9S SECR\u00c8TES DU CAMEROUN - Librairie 7L","og_description":"Le Ndop est une \u00e9toffe traditionnelle et rituelle bamil\u00e9k\u00e9. Il s&#8217;agit d&#8217;un assemblage de bandes de coton cousues bord \u00e0 bord avec des motifs g\u00e9om\u00e9triques blanc sur fond bleu indigo. Tous ces motifs formes g\u00e9om\u00e9triques, repr\u00e9sentations d&#8217;animaux, d&#8217;\u00e9toiles, du soleil, &#8230; ont une valeur symbolique et en font le v\u00eatement rituel des soci\u00e9t\u00e9s secr\u00e8tes : [&hellip;]","og_url":"https:\/\/librairie7l.com\/en\/produit\/ndop-etoffes-des-cours-royales-et-societes-secretes-du-cameroun\/","og_site_name":"Librairie 7L","article_modified_time":"2026-04-26T18:54:29+00:00","twitter_card":"summary_large_image","twitter_misc":{"Est. reading time":"1 minute"},"schema":{"@context":"https:\/\/schema.org","@graph":[{"@type":"WebPage","@id":"https:\/\/librairie7l.com\/en\/produit\/ndop-etoffes-des-cours-royales-et-societes-secretes-du-cameroun\/","url":"https:\/\/librairie7l.com\/en\/produit\/ndop-etoffes-des-cours-royales-et-societes-secretes-du-cameroun\/","name":"NDOP ; \u00c9TOFFES DES COURS ROYALES ET SOCI\u00c9T\u00c9S SECR\u00c8TES DU CAMEROUN - Librairie 7L","isPartOf":{"@id":"https:\/\/librairie7l.com\/en\/#website"},"datePublished":"2023-05-09T16:26:50+00:00","dateModified":"2026-04-26T18:54:29+00:00","breadcrumb":{"@id":"https:\/\/librairie7l.com\/en\/produit\/ndop-etoffes-des-cours-royales-et-societes-secretes-du-cameroun\/#breadcrumb"},"inLanguage":"en-US","potentialAction":[{"@type":"ReadAction","target":["https:\/\/librairie7l.com\/en\/produit\/ndop-etoffes-des-cours-royales-et-societes-secretes-du-cameroun\/"]}]},{"@type":"BreadcrumbList","@id":"https:\/\/librairie7l.com\/en\/produit\/ndop-etoffes-des-cours-royales-et-societes-secretes-du-cameroun\/#breadcrumb","itemListElement":[{"@type":"ListItem","position":1,"name":"Accueil","item":"https:\/\/librairie7l.com\/en\/"},{"@type":"ListItem","position":2,"name":"Shop","item":"https:\/\/librairie7l.com\/en\/shop\/"},{"@type":"ListItem","position":3,"name":"NDOP ; \u00c9TOFFES DES COURS ROYALES ET SOCI\u00c9T\u00c9S SECR\u00c8TES DU CAMEROUN"}]},{"@type":"WebSite","@id":"https:\/\/librairie7l.com\/en\/#website","url":"https:\/\/librairie7l.com\/en\/","name":"Librairie 7L","description":"Librairie fond\u00e9e en 1999 par Karl Lagerfeld \u00e0 Paris","publisher":{"@id":"https:\/\/librairie7l.com\/en\/#organization"},"potentialAction":[{"@type":"SearchAction","target":{"@type":"EntryPoint","urlTemplate":"https:\/\/librairie7l.com\/en\/?s={search_term_string}"},"query-input":"required name=search_term_string"}],"inLanguage":"en-US"},{"@type":"Organization","@id":"https:\/\/librairie7l.com\/en\/#organization","name":"Librairie 7L","url":"https:\/\/librairie7l.com\/en\/","logo":{"@type":"ImageObject","inLanguage":"en-US","@id":"https:\/\/librairie7l.com\/en\/#\/schema\/logo\/image\/","url":"https:\/\/librairie7l.com\/wp-content\/uploads\/2022\/08\/logo-1.png","contentUrl":"https:\/\/librairie7l.com\/wp-content\/uploads\/2022\/08\/logo-1.png","width":227,"height":301,"caption":"Librairie 7L"},"image":{"@id":"https:\/\/librairie7l.com\/en\/#\/schema\/logo\/image\/"}}]}},"_links":{"self":[{"href":"https:\/\/librairie7l.com\/en\/wp-json\/wp\/v2\/product\/21471"}],"collection":[{"href":"https:\/\/librairie7l.com\/en\/wp-json\/wp\/v2\/product"}],"about":[{"href":"https:\/\/librairie7l.com\/en\/wp-json\/wp\/v2\/types\/product"}],"wp:attachment":[{"href":"https:\/\/librairie7l.com\/en\/wp-json\/wp\/v2\/media?parent=21471"}],"wp:term":[{"taxonomy":"product_cat","embeddable":true,"href":"https:\/\/librairie7l.com\/en\/wp-json\/wp\/v2\/product_cat?post=21471"},{"taxonomy":"product_tag","embeddable":true,"href":"https:\/\/librairie7l.com\/en\/wp-json\/wp\/v2\/product_tag?post=21471"}],"curies":[{"name":"wp","href":"https:\/\/api.w.org\/{rel}","templated":true}]}}