{"id":21635,"date":"2023-05-09T18:29:06","date_gmt":"2023-05-09T16:29:06","guid":{"rendered":"https:\/\/librairie7l.com\/?post_type=product&#038;p=21635"},"modified":"2026-04-22T17:06:48","modified_gmt":"2026-04-22T15:06:48","slug":"ex-libris-lart-des-ex-libris","status":"publish","type":"product","link":"https:\/\/librairie7l.com\/en\/produit\/ex-libris-lart-des-ex-libris\/","title":{"rendered":"EX-LIBRIS ; L&#8217;ART DES EX-LIBRIS"},"content":{"rendered":"<p>Les ex-libris sont de petites gravures, oeuvres d&#8217;art graphique en elles-m\u00eames, qui \u00e9taient cr\u00e9\u00e9es et coll\u00e9es par les bibliophiles sur les pages de garde de leurs livres. Aujourd&#8217;hui objets de collection, ils indiquaient alors le nom du propri\u00e9taire et une devise qui lui \u00e9tait propre. Ils \u00e9taient r\u00e9alis\u00e9s par diverses techniques (lithographie, gravure.). Superbement illustr\u00e9 par quelques-uns des chefs d&#8217;oeuvre tir\u00e9s de la riche collection du British Museum, dont plusieurs in\u00e9dits, Ex Libris, l&#8217;art des ex-libris est aussi une \u00e9tude de leurs symboles, traits et caract\u00e8res principaux.<br \/>\nUn ex-libris est pr\u00e9sent\u00e9 sur chaque page, accompagn\u00e9 d&#8217;un commentaire explicatif et de quelques mots sur l&#8217;artiste. Cette forme d&#8217;art presque oubli\u00e9e avec le temps, trait\u00e9e dans cet ouvrage avec minutie et concision, retrouve ici toute sa valeur.<\/p>\n","protected":false},"excerpt":{"rendered":"<p>Les ex-libris sont de petites gravures, oeuvres d&#8217;art graphique en elles-m\u00eames, qui \u00e9taient cr\u00e9\u00e9es et coll\u00e9es par les bibliophiles sur les pages de garde de leurs livres. Aujourd&#8217;hui objets de collection, ils indiquaient alors le nom du propri\u00e9taire et une devise qui lui \u00e9tait propre. Ils \u00e9taient r\u00e9alis\u00e9s par diverses techniques (lithographie, gravure.). Superbement illustr\u00e9 [&hellip;]<\/p>\n","protected":false},"featured_media":21633,"template":"","meta":[],"product_cat":[2948,2952],"product_tag":[],"acf":[],"yoast_head":"<!-- This site is optimized with the Yoast SEO plugin v20.11 - https:\/\/yoast.com\/wordpress\/plugins\/seo\/ -->\n<title>EX-LIBRIS ; L&#039;ART DES EX-LIBRIS - Librairie 7L<\/title>\n<meta name=\"robots\" content=\"index, follow, max-snippet:-1, max-image-preview:large, max-video-preview:-1\" \/>\n<link rel=\"canonical\" href=\"https:\/\/librairie7l.com\/en\/produit\/ex-libris-lart-des-ex-libris\/\" \/>\n<meta property=\"og:locale\" content=\"en_US\" \/>\n<meta property=\"og:type\" content=\"article\" \/>\n<meta property=\"og:title\" content=\"EX-LIBRIS ; L&#039;ART DES EX-LIBRIS - Librairie 7L\" \/>\n<meta property=\"og:description\" content=\"Les ex-libris sont de petites gravures, oeuvres d&#8217;art graphique en elles-m\u00eames, qui \u00e9taient cr\u00e9\u00e9es et coll\u00e9es par les bibliophiles sur les pages de garde de leurs livres. Aujourd&#8217;hui objets de collection, ils indiquaient alors le nom du propri\u00e9taire et une devise qui lui \u00e9tait propre. Ils \u00e9taient r\u00e9alis\u00e9s par diverses techniques (lithographie, gravure.). Superbement illustr\u00e9 [&hellip;]\" \/>\n<meta property=\"og:url\" content=\"https:\/\/librairie7l.com\/en\/produit\/ex-libris-lart-des-ex-libris\/\" \/>\n<meta property=\"og:site_name\" content=\"Librairie 7L\" \/>\n<meta property=\"article:modified_time\" content=\"2026-04-22T15:06:48+00:00\" \/>\n<meta property=\"og:image\" content=\"https:\/\/librairie7l.com\/wp-content\/uploads\/2013\/06\/9782367430010_1_75.jpg\" \/>\n\t<meta property=\"og:image:width\" content=\"400\" \/>\n\t<meta property=\"og:image:height\" content=\"455\" \/>\n\t<meta property=\"og:image:type\" content=\"image\/jpeg\" \/>\n<meta name=\"twitter:card\" content=\"summary_large_image\" \/>\n<meta name=\"twitter:label1\" content=\"Est. reading time\" \/>\n\t<meta name=\"twitter:data1\" content=\"1 minute\" \/>\n<script type=\"application\/ld+json\" class=\"yoast-schema-graph\">{\"@context\":\"https:\/\/schema.org\",\"@graph\":[{\"@type\":\"WebPage\",\"@id\":\"https:\/\/librairie7l.com\/en\/produit\/ex-libris-lart-des-ex-libris\/\",\"url\":\"https:\/\/librairie7l.com\/en\/produit\/ex-libris-lart-des-ex-libris\/\",\"name\":\"EX-LIBRIS ; L'ART DES EX-LIBRIS - Librairie 7L\",\"isPartOf\":{\"@id\":\"https:\/\/librairie7l.com\/en\/#website\"},\"datePublished\":\"2023-05-09T16:29:06+00:00\",\"dateModified\":\"2026-04-22T15:06:48+00:00\",\"breadcrumb\":{\"@id\":\"https:\/\/librairie7l.com\/en\/produit\/ex-libris-lart-des-ex-libris\/#breadcrumb\"},\"inLanguage\":\"en-US\",\"potentialAction\":[{\"@type\":\"ReadAction\",\"target\":[\"https:\/\/librairie7l.com\/en\/produit\/ex-libris-lart-des-ex-libris\/\"]}]},{\"@type\":\"BreadcrumbList\",\"@id\":\"https:\/\/librairie7l.com\/en\/produit\/ex-libris-lart-des-ex-libris\/#breadcrumb\",\"itemListElement\":[{\"@type\":\"ListItem\",\"position\":1,\"name\":\"Accueil\",\"item\":\"https:\/\/librairie7l.com\/en\/\"},{\"@type\":\"ListItem\",\"position\":2,\"name\":\"Shop\",\"item\":\"https:\/\/librairie7l.com\/en\/shop\/\"},{\"@type\":\"ListItem\",\"position\":3,\"name\":\"EX-LIBRIS ; L&#8217;ART DES EX-LIBRIS\"}]},{\"@type\":\"WebSite\",\"@id\":\"https:\/\/librairie7l.com\/en\/#website\",\"url\":\"https:\/\/librairie7l.com\/en\/\",\"name\":\"Librairie 7L\",\"description\":\"Librairie fond\u00e9e en 1999 par Karl Lagerfeld \u00e0 Paris\",\"publisher\":{\"@id\":\"https:\/\/librairie7l.com\/en\/#organization\"},\"potentialAction\":[{\"@type\":\"SearchAction\",\"target\":{\"@type\":\"EntryPoint\",\"urlTemplate\":\"https:\/\/librairie7l.com\/en\/?s={search_term_string}\"},\"query-input\":\"required name=search_term_string\"}],\"inLanguage\":\"en-US\"},{\"@type\":\"Organization\",\"@id\":\"https:\/\/librairie7l.com\/en\/#organization\",\"name\":\"Librairie 7L\",\"url\":\"https:\/\/librairie7l.com\/en\/\",\"logo\":{\"@type\":\"ImageObject\",\"inLanguage\":\"en-US\",\"@id\":\"https:\/\/librairie7l.com\/en\/#\/schema\/logo\/image\/\",\"url\":\"https:\/\/librairie7l.com\/wp-content\/uploads\/2022\/08\/logo-1.png\",\"contentUrl\":\"https:\/\/librairie7l.com\/wp-content\/uploads\/2022\/08\/logo-1.png\",\"width\":227,\"height\":301,\"caption\":\"Librairie 7L\"},\"image\":{\"@id\":\"https:\/\/librairie7l.com\/en\/#\/schema\/logo\/image\/\"}}]}<\/script>\n<!-- \/ Yoast SEO plugin. -->","yoast_head_json":{"title":"EX-LIBRIS ; L'ART DES EX-LIBRIS - Librairie 7L","robots":{"index":"index","follow":"follow","max-snippet":"max-snippet:-1","max-image-preview":"max-image-preview:large","max-video-preview":"max-video-preview:-1"},"canonical":"https:\/\/librairie7l.com\/en\/produit\/ex-libris-lart-des-ex-libris\/","og_locale":"en_US","og_type":"article","og_title":"EX-LIBRIS ; L'ART DES EX-LIBRIS - Librairie 7L","og_description":"Les ex-libris sont de petites gravures, oeuvres d&#8217;art graphique en elles-m\u00eames, qui \u00e9taient cr\u00e9\u00e9es et coll\u00e9es par les bibliophiles sur les pages de garde de leurs livres. Aujourd&#8217;hui objets de collection, ils indiquaient alors le nom du propri\u00e9taire et une devise qui lui \u00e9tait propre. Ils \u00e9taient r\u00e9alis\u00e9s par diverses techniques (lithographie, gravure.). Superbement illustr\u00e9 [&hellip;]","og_url":"https:\/\/librairie7l.com\/en\/produit\/ex-libris-lart-des-ex-libris\/","og_site_name":"Librairie 7L","article_modified_time":"2026-04-22T15:06:48+00:00","og_image":[{"width":400,"height":455,"url":"https:\/\/librairie7l.com\/wp-content\/uploads\/2013\/06\/9782367430010_1_75.jpg","type":"image\/jpeg"}],"twitter_card":"summary_large_image","twitter_misc":{"Est. reading time":"1 minute"},"schema":{"@context":"https:\/\/schema.org","@graph":[{"@type":"WebPage","@id":"https:\/\/librairie7l.com\/en\/produit\/ex-libris-lart-des-ex-libris\/","url":"https:\/\/librairie7l.com\/en\/produit\/ex-libris-lart-des-ex-libris\/","name":"EX-LIBRIS ; L'ART DES EX-LIBRIS - Librairie 7L","isPartOf":{"@id":"https:\/\/librairie7l.com\/en\/#website"},"datePublished":"2023-05-09T16:29:06+00:00","dateModified":"2026-04-22T15:06:48+00:00","breadcrumb":{"@id":"https:\/\/librairie7l.com\/en\/produit\/ex-libris-lart-des-ex-libris\/#breadcrumb"},"inLanguage":"en-US","potentialAction":[{"@type":"ReadAction","target":["https:\/\/librairie7l.com\/en\/produit\/ex-libris-lart-des-ex-libris\/"]}]},{"@type":"BreadcrumbList","@id":"https:\/\/librairie7l.com\/en\/produit\/ex-libris-lart-des-ex-libris\/#breadcrumb","itemListElement":[{"@type":"ListItem","position":1,"name":"Accueil","item":"https:\/\/librairie7l.com\/en\/"},{"@type":"ListItem","position":2,"name":"Shop","item":"https:\/\/librairie7l.com\/en\/shop\/"},{"@type":"ListItem","position":3,"name":"EX-LIBRIS ; L&#8217;ART DES EX-LIBRIS"}]},{"@type":"WebSite","@id":"https:\/\/librairie7l.com\/en\/#website","url":"https:\/\/librairie7l.com\/en\/","name":"Librairie 7L","description":"Librairie fond\u00e9e en 1999 par Karl Lagerfeld \u00e0 Paris","publisher":{"@id":"https:\/\/librairie7l.com\/en\/#organization"},"potentialAction":[{"@type":"SearchAction","target":{"@type":"EntryPoint","urlTemplate":"https:\/\/librairie7l.com\/en\/?s={search_term_string}"},"query-input":"required name=search_term_string"}],"inLanguage":"en-US"},{"@type":"Organization","@id":"https:\/\/librairie7l.com\/en\/#organization","name":"Librairie 7L","url":"https:\/\/librairie7l.com\/en\/","logo":{"@type":"ImageObject","inLanguage":"en-US","@id":"https:\/\/librairie7l.com\/en\/#\/schema\/logo\/image\/","url":"https:\/\/librairie7l.com\/wp-content\/uploads\/2022\/08\/logo-1.png","contentUrl":"https:\/\/librairie7l.com\/wp-content\/uploads\/2022\/08\/logo-1.png","width":227,"height":301,"caption":"Librairie 7L"},"image":{"@id":"https:\/\/librairie7l.com\/en\/#\/schema\/logo\/image\/"}}]}},"_links":{"self":[{"href":"https:\/\/librairie7l.com\/en\/wp-json\/wp\/v2\/product\/21635"}],"collection":[{"href":"https:\/\/librairie7l.com\/en\/wp-json\/wp\/v2\/product"}],"about":[{"href":"https:\/\/librairie7l.com\/en\/wp-json\/wp\/v2\/types\/product"}],"wp:featuredmedia":[{"embeddable":true,"href":"https:\/\/librairie7l.com\/en\/wp-json\/wp\/v2\/media\/21633"}],"wp:attachment":[{"href":"https:\/\/librairie7l.com\/en\/wp-json\/wp\/v2\/media?parent=21635"}],"wp:term":[{"taxonomy":"product_cat","embeddable":true,"href":"https:\/\/librairie7l.com\/en\/wp-json\/wp\/v2\/product_cat?post=21635"},{"taxonomy":"product_tag","embeddable":true,"href":"https:\/\/librairie7l.com\/en\/wp-json\/wp\/v2\/product_tag?post=21635"}],"curies":[{"name":"wp","href":"https:\/\/api.w.org\/{rel}","templated":true}]}}