{"id":21639,"date":"2023-05-09T18:29:09","date_gmt":"2023-05-09T16:29:09","guid":{"rendered":"https:\/\/librairie7l.com\/?post_type=product&#038;p=21639"},"modified":"2026-05-03T22:40:24","modified_gmt":"2026-05-03T20:40:24","slug":"emilio-scanavino-this-is-tomorrow","status":"publish","type":"product","link":"https:\/\/librairie7l.com\/en\/produit\/emilio-scanavino-this-is-tomorrow\/","title":{"rendered":"EMILIO SCANAVINO : THIS IS TOMORROW"},"content":{"rendered":"<p>Cet ouvrage, soutenu par les Archives Scanavino de Milan, est consacr\u00e9 \u00e0 la production c\u00e9ramique d&#8217;Emilio Scanavino, cent ans apr\u00e8s la naissance de l&#8217;artiste. Scanavino &#8211; l&#8217;un des protagonistes de la g\u00e9n\u00e9ration dite informelle et du mouvement spatialiste qui ont \u00e9merg\u00e9 au lendemain de la Seconde Guerre mondiale &#8211; a consacr\u00e9 plus de trente ans \u00e0 \u00e9laborer, \u00e0 travers une r\u00e9flexion sur le signe, un alphabet et un langage nouveaux. Ce volume pr\u00e9sente soixante oeuvres, dont des objets en terre cuite \u00e9maill\u00e9e, en majolique et en m\u00e9tal, r\u00e9alis\u00e9es entre le d\u00e9but des ann\u00e9es 1950 et la fin des ann\u00e9es 1960. Il offre ainsi l&#8217;occasion de r\u00e9fl\u00e9chir au rapport de l&#8217;artiste avec la c\u00e9ramique polychrome et d&#8217;approfondir les probl\u00e8mes formels qu&#8217;elle pose.<br \/>\nAccompagn\u00e9 d&#8217;un texte critique du directeur de la publication, le volume est compl\u00e9t\u00e9 par un appareil biographique.<\/p>\n","protected":false},"excerpt":{"rendered":"<p>Cet ouvrage, soutenu par les Archives Scanavino de Milan, est consacr\u00e9 \u00e0 la production c\u00e9ramique d&#8217;Emilio Scanavino, cent ans apr\u00e8s la naissance de l&#8217;artiste. Scanavino &#8211; l&#8217;un des protagonistes de la g\u00e9n\u00e9ration dite informelle et du mouvement spatialiste qui ont \u00e9merg\u00e9 au lendemain de la Seconde Guerre mondiale &#8211; a consacr\u00e9 plus de trente ans [&hellip;]<\/p>\n","protected":false},"featured_media":21637,"template":"","meta":[],"product_cat":[2948,2952],"product_tag":[],"acf":[],"yoast_head":"<!-- This site is optimized with the Yoast SEO plugin v20.11 - https:\/\/yoast.com\/wordpress\/plugins\/seo\/ -->\n<title>EMILIO SCANAVINO : THIS IS TOMORROW - Librairie 7L<\/title>\n<meta name=\"robots\" content=\"index, follow, max-snippet:-1, max-image-preview:large, max-video-preview:-1\" \/>\n<link rel=\"canonical\" href=\"https:\/\/librairie7l.com\/en\/produit\/emilio-scanavino-this-is-tomorrow\/\" \/>\n<meta property=\"og:locale\" content=\"en_US\" \/>\n<meta property=\"og:type\" content=\"article\" \/>\n<meta property=\"og:title\" content=\"EMILIO SCANAVINO : THIS IS TOMORROW - Librairie 7L\" \/>\n<meta property=\"og:description\" content=\"Cet ouvrage, soutenu par les Archives Scanavino de Milan, est consacr\u00e9 \u00e0 la production c\u00e9ramique d&#8217;Emilio Scanavino, cent ans apr\u00e8s la naissance de l&#8217;artiste. Scanavino &#8211; l&#8217;un des protagonistes de la g\u00e9n\u00e9ration dite informelle et du mouvement spatialiste qui ont \u00e9merg\u00e9 au lendemain de la Seconde Guerre mondiale &#8211; a consacr\u00e9 plus de trente ans [&hellip;]\" \/>\n<meta property=\"og:url\" content=\"https:\/\/librairie7l.com\/en\/produit\/emilio-scanavino-this-is-tomorrow\/\" \/>\n<meta property=\"og:site_name\" content=\"Librairie 7L\" \/>\n<meta property=\"article:modified_time\" content=\"2026-05-03T20:40:24+00:00\" \/>\n<meta property=\"og:image\" content=\"https:\/\/librairie7l.com\/wp-content\/uploads\/2022\/10\/9788836651948_1_75.jpg\" \/>\n\t<meta property=\"og:image:width\" content=\"600\" \/>\n\t<meta property=\"og:image:height\" content=\"869\" \/>\n\t<meta property=\"og:image:type\" content=\"image\/jpeg\" \/>\n<meta name=\"twitter:card\" content=\"summary_large_image\" \/>\n<meta name=\"twitter:label1\" content=\"Est. reading time\" \/>\n\t<meta name=\"twitter:data1\" content=\"1 minute\" \/>\n<script type=\"application\/ld+json\" class=\"yoast-schema-graph\">{\"@context\":\"https:\/\/schema.org\",\"@graph\":[{\"@type\":\"WebPage\",\"@id\":\"https:\/\/librairie7l.com\/en\/produit\/emilio-scanavino-this-is-tomorrow\/\",\"url\":\"https:\/\/librairie7l.com\/en\/produit\/emilio-scanavino-this-is-tomorrow\/\",\"name\":\"EMILIO SCANAVINO : THIS IS TOMORROW - Librairie 7L\",\"isPartOf\":{\"@id\":\"https:\/\/librairie7l.com\/en\/#website\"},\"datePublished\":\"2023-05-09T16:29:09+00:00\",\"dateModified\":\"2026-05-03T20:40:24+00:00\",\"breadcrumb\":{\"@id\":\"https:\/\/librairie7l.com\/en\/produit\/emilio-scanavino-this-is-tomorrow\/#breadcrumb\"},\"inLanguage\":\"en-US\",\"potentialAction\":[{\"@type\":\"ReadAction\",\"target\":[\"https:\/\/librairie7l.com\/en\/produit\/emilio-scanavino-this-is-tomorrow\/\"]}]},{\"@type\":\"BreadcrumbList\",\"@id\":\"https:\/\/librairie7l.com\/en\/produit\/emilio-scanavino-this-is-tomorrow\/#breadcrumb\",\"itemListElement\":[{\"@type\":\"ListItem\",\"position\":1,\"name\":\"Accueil\",\"item\":\"https:\/\/librairie7l.com\/en\/\"},{\"@type\":\"ListItem\",\"position\":2,\"name\":\"Shop\",\"item\":\"https:\/\/librairie7l.com\/en\/shop\/\"},{\"@type\":\"ListItem\",\"position\":3,\"name\":\"EMILIO SCANAVINO : THIS IS TOMORROW\"}]},{\"@type\":\"WebSite\",\"@id\":\"https:\/\/librairie7l.com\/en\/#website\",\"url\":\"https:\/\/librairie7l.com\/en\/\",\"name\":\"Librairie 7L\",\"description\":\"Librairie fond\u00e9e en 1999 par Karl Lagerfeld \u00e0 Paris\",\"publisher\":{\"@id\":\"https:\/\/librairie7l.com\/en\/#organization\"},\"potentialAction\":[{\"@type\":\"SearchAction\",\"target\":{\"@type\":\"EntryPoint\",\"urlTemplate\":\"https:\/\/librairie7l.com\/en\/?s={search_term_string}\"},\"query-input\":\"required name=search_term_string\"}],\"inLanguage\":\"en-US\"},{\"@type\":\"Organization\",\"@id\":\"https:\/\/librairie7l.com\/en\/#organization\",\"name\":\"Librairie 7L\",\"url\":\"https:\/\/librairie7l.com\/en\/\",\"logo\":{\"@type\":\"ImageObject\",\"inLanguage\":\"en-US\",\"@id\":\"https:\/\/librairie7l.com\/en\/#\/schema\/logo\/image\/\",\"url\":\"https:\/\/librairie7l.com\/wp-content\/uploads\/2022\/08\/logo-1.png\",\"contentUrl\":\"https:\/\/librairie7l.com\/wp-content\/uploads\/2022\/08\/logo-1.png\",\"width\":227,\"height\":301,\"caption\":\"Librairie 7L\"},\"image\":{\"@id\":\"https:\/\/librairie7l.com\/en\/#\/schema\/logo\/image\/\"}}]}<\/script>\n<!-- \/ Yoast SEO plugin. -->","yoast_head_json":{"title":"EMILIO SCANAVINO : THIS IS TOMORROW - Librairie 7L","robots":{"index":"index","follow":"follow","max-snippet":"max-snippet:-1","max-image-preview":"max-image-preview:large","max-video-preview":"max-video-preview:-1"},"canonical":"https:\/\/librairie7l.com\/en\/produit\/emilio-scanavino-this-is-tomorrow\/","og_locale":"en_US","og_type":"article","og_title":"EMILIO SCANAVINO : THIS IS TOMORROW - Librairie 7L","og_description":"Cet ouvrage, soutenu par les Archives Scanavino de Milan, est consacr\u00e9 \u00e0 la production c\u00e9ramique d&#8217;Emilio Scanavino, cent ans apr\u00e8s la naissance de l&#8217;artiste. Scanavino &#8211; l&#8217;un des protagonistes de la g\u00e9n\u00e9ration dite informelle et du mouvement spatialiste qui ont \u00e9merg\u00e9 au lendemain de la Seconde Guerre mondiale &#8211; a consacr\u00e9 plus de trente ans [&hellip;]","og_url":"https:\/\/librairie7l.com\/en\/produit\/emilio-scanavino-this-is-tomorrow\/","og_site_name":"Librairie 7L","article_modified_time":"2026-05-03T20:40:24+00:00","og_image":[{"width":600,"height":869,"url":"https:\/\/librairie7l.com\/wp-content\/uploads\/2022\/10\/9788836651948_1_75.jpg","type":"image\/jpeg"}],"twitter_card":"summary_large_image","twitter_misc":{"Est. reading time":"1 minute"},"schema":{"@context":"https:\/\/schema.org","@graph":[{"@type":"WebPage","@id":"https:\/\/librairie7l.com\/en\/produit\/emilio-scanavino-this-is-tomorrow\/","url":"https:\/\/librairie7l.com\/en\/produit\/emilio-scanavino-this-is-tomorrow\/","name":"EMILIO SCANAVINO : THIS IS TOMORROW - Librairie 7L","isPartOf":{"@id":"https:\/\/librairie7l.com\/en\/#website"},"datePublished":"2023-05-09T16:29:09+00:00","dateModified":"2026-05-03T20:40:24+00:00","breadcrumb":{"@id":"https:\/\/librairie7l.com\/en\/produit\/emilio-scanavino-this-is-tomorrow\/#breadcrumb"},"inLanguage":"en-US","potentialAction":[{"@type":"ReadAction","target":["https:\/\/librairie7l.com\/en\/produit\/emilio-scanavino-this-is-tomorrow\/"]}]},{"@type":"BreadcrumbList","@id":"https:\/\/librairie7l.com\/en\/produit\/emilio-scanavino-this-is-tomorrow\/#breadcrumb","itemListElement":[{"@type":"ListItem","position":1,"name":"Accueil","item":"https:\/\/librairie7l.com\/en\/"},{"@type":"ListItem","position":2,"name":"Shop","item":"https:\/\/librairie7l.com\/en\/shop\/"},{"@type":"ListItem","position":3,"name":"EMILIO SCANAVINO : THIS IS TOMORROW"}]},{"@type":"WebSite","@id":"https:\/\/librairie7l.com\/en\/#website","url":"https:\/\/librairie7l.com\/en\/","name":"Librairie 7L","description":"Librairie fond\u00e9e en 1999 par Karl Lagerfeld \u00e0 Paris","publisher":{"@id":"https:\/\/librairie7l.com\/en\/#organization"},"potentialAction":[{"@type":"SearchAction","target":{"@type":"EntryPoint","urlTemplate":"https:\/\/librairie7l.com\/en\/?s={search_term_string}"},"query-input":"required name=search_term_string"}],"inLanguage":"en-US"},{"@type":"Organization","@id":"https:\/\/librairie7l.com\/en\/#organization","name":"Librairie 7L","url":"https:\/\/librairie7l.com\/en\/","logo":{"@type":"ImageObject","inLanguage":"en-US","@id":"https:\/\/librairie7l.com\/en\/#\/schema\/logo\/image\/","url":"https:\/\/librairie7l.com\/wp-content\/uploads\/2022\/08\/logo-1.png","contentUrl":"https:\/\/librairie7l.com\/wp-content\/uploads\/2022\/08\/logo-1.png","width":227,"height":301,"caption":"Librairie 7L"},"image":{"@id":"https:\/\/librairie7l.com\/en\/#\/schema\/logo\/image\/"}}]}},"_links":{"self":[{"href":"https:\/\/librairie7l.com\/en\/wp-json\/wp\/v2\/product\/21639"}],"collection":[{"href":"https:\/\/librairie7l.com\/en\/wp-json\/wp\/v2\/product"}],"about":[{"href":"https:\/\/librairie7l.com\/en\/wp-json\/wp\/v2\/types\/product"}],"wp:featuredmedia":[{"embeddable":true,"href":"https:\/\/librairie7l.com\/en\/wp-json\/wp\/v2\/media\/21637"}],"wp:attachment":[{"href":"https:\/\/librairie7l.com\/en\/wp-json\/wp\/v2\/media?parent=21639"}],"wp:term":[{"taxonomy":"product_cat","embeddable":true,"href":"https:\/\/librairie7l.com\/en\/wp-json\/wp\/v2\/product_cat?post=21639"},{"taxonomy":"product_tag","embeddable":true,"href":"https:\/\/librairie7l.com\/en\/wp-json\/wp\/v2\/product_tag?post=21639"}],"curies":[{"name":"wp","href":"https:\/\/api.w.org\/{rel}","templated":true}]}}