{"id":21663,"date":"2023-05-09T18:29:30","date_gmt":"2023-05-09T16:29:30","guid":{"rendered":"https:\/\/librairie7l.com\/?post_type=product&#038;p=21663"},"modified":"2026-04-07T04:59:10","modified_gmt":"2026-04-07T02:59:10","slug":"madeleine-castaing","status":"publish","type":"product","link":"https:\/\/librairie7l.com\/en\/produit\/madeleine-castaing\/","title":{"rendered":"MADELEINE CASTAING"},"content":{"rendered":"<p>Madeleine Castaing, antiquaire et d\u00e9coratrice de renomm\u00e9e internationale, fut le m\u00e9c\u00e8ne de nombreux peintres de l&#8217;\u00c9cole de Paris et d&#8217;artistes de l&#8217;acad\u00e9mie de la Grande Chaumi\u00e8re, ainsi que l&#8217;amie de nombreuses personnalit\u00e9s, elle a r\u00e9volutionn\u00e9 le monde de la d\u00e9coration.<\/p>\n<p> L Madeleine Castaing (1894-1992), antiquaire et d\u00e9coratrice de renomm\u00e9e internationale, fut le m\u00e9c\u00e8ne de nombreux peintres de l&#8217;\u00c9cole de Paris et d&#8217;artistes de l&#8217;acad\u00e9mie de la Grande Chaumi\u00e8re, ainsi que l&#8217;amie de nombreuses personnalit\u00e9s, parmi lesquels Modigliani, Soutine &#8211; qui r\u00e9alisa son portrait en 1928, Erik Satie, Maurice Sachs, Blaise Cendrars, Andr\u00e9 Derain, Cocteau (dont elle am\u00e9nagea la maison \u00e0 Milly-la-For\u00eat), Chagall, Ich\u00e9, Picasso, Henry Miller, Louise de Vilmorin et Francine Weisweiller (dont elle d\u00e9cora la villa Santo-Sospir \u00e0 Saint-Jean-Cap-Ferrat). Personnalit\u00e9 originale, voire fantasque, elle a r\u00e9volutionn\u00e9 le monde de la d\u00e9coration.<\/p>\n<p> Le  style Castaing  fait aujourd&#8217;hui figure de r\u00e9f\u00e9rence. Madeleine Castaing s&#8217;inspire de l&#8217;esth\u00e9tique n\u00e9oclassique non sans l&#8217;interpr\u00e9ter \u00e0 sa mani\u00e8re. Contemporaine de l&#8217;Italien Mario Praz qui s&#8217;\u00e9loigne des canons habituels de la d\u00e9coration int\u00e9rieure et se tourne vers le d\u00e9but du XIXe si\u00e8cle, rivale d&#8217;Emilio Terry qui invente le  style Louis XVII , elle s&#8217;inscrit dans un m\u00eame mouvement de renouveau par rapport \u00e0 l&#8217;omnipr\u00e9sence de Louis XV ou de Louis XVI, tout en se distinguant par son m\u00e9lange des genres. Il s&#8217;agissait, en premier lieu, de s&#8217;\u00e9carter des conventions pour  faire de la po\u00e9sie avec du mobilier , selon sa devise.  Je fais des maisons comme d&#8217;autres des po\u00e8mes , disait-elle, et son disciple Jacques Grange \u00e9voque \u00e0 son propos  des \u00e9motions que l&#8217;on ne connaissait pas jusqu&#8217;alors dans le monde de la d\u00e9coration , \u00e9motions qui influencent les architectes d&#8217;int\u00e9rieur encore aujourd&#8217;hui.<\/p>\n","protected":false},"excerpt":{"rendered":"<p>Madeleine Castaing, antiquaire et d\u00e9coratrice de renomm\u00e9e internationale, fut le m\u00e9c\u00e8ne de nombreux peintres de l&#8217;\u00c9cole de Paris et d&#8217;artistes de l&#8217;acad\u00e9mie de la Grande Chaumi\u00e8re, ainsi que l&#8217;amie de nombreuses personnalit\u00e9s, elle a r\u00e9volutionn\u00e9 le monde de la d\u00e9coration. L Madeleine Castaing (1894-1992), antiquaire et d\u00e9coratrice de renomm\u00e9e internationale, fut le m\u00e9c\u00e8ne de nombreux [&hellip;]<\/p>\n","protected":false},"featured_media":21661,"template":"","meta":[],"product_cat":[2948,2952],"product_tag":[],"acf":[],"yoast_head":"<!-- This site is optimized with the Yoast SEO plugin v20.11 - https:\/\/yoast.com\/wordpress\/plugins\/seo\/ -->\n<title>MADELEINE CASTAING - Librairie 7L<\/title>\n<meta name=\"robots\" content=\"index, follow, max-snippet:-1, max-image-preview:large, max-video-preview:-1\" \/>\n<link rel=\"canonical\" href=\"https:\/\/librairie7l.com\/en\/produit\/madeleine-castaing\/\" \/>\n<meta property=\"og:locale\" content=\"en_US\" \/>\n<meta property=\"og:type\" content=\"article\" \/>\n<meta property=\"og:title\" content=\"MADELEINE CASTAING - Librairie 7L\" \/>\n<meta property=\"og:description\" content=\"Madeleine Castaing, antiquaire et d\u00e9coratrice de renomm\u00e9e internationale, fut le m\u00e9c\u00e8ne de nombreux peintres de l&#8217;\u00c9cole de Paris et d&#8217;artistes de l&#8217;acad\u00e9mie de la Grande Chaumi\u00e8re, ainsi que l&#8217;amie de nombreuses personnalit\u00e9s, elle a r\u00e9volutionn\u00e9 le monde de la d\u00e9coration. L Madeleine Castaing (1894-1992), antiquaire et d\u00e9coratrice de renomm\u00e9e internationale, fut le m\u00e9c\u00e8ne de nombreux [&hellip;]\" \/>\n<meta property=\"og:url\" content=\"https:\/\/librairie7l.com\/en\/produit\/madeleine-castaing\/\" \/>\n<meta property=\"og:site_name\" content=\"Librairie 7L\" \/>\n<meta property=\"article:modified_time\" content=\"2026-04-07T02:59:10+00:00\" \/>\n<meta property=\"og:image\" content=\"https:\/\/librairie7l.com\/wp-content\/uploads\/2017\/10\/9782841053728_1_75.jpg\" \/>\n\t<meta property=\"og:image:width\" content=\"400\" \/>\n\t<meta property=\"og:image:height\" content=\"426\" \/>\n\t<meta property=\"og:image:type\" content=\"image\/jpeg\" \/>\n<meta name=\"twitter:card\" content=\"summary_large_image\" \/>\n<meta name=\"twitter:label1\" content=\"Est. reading time\" \/>\n\t<meta name=\"twitter:data1\" content=\"2 minutes\" \/>\n<script type=\"application\/ld+json\" class=\"yoast-schema-graph\">{\"@context\":\"https:\/\/schema.org\",\"@graph\":[{\"@type\":\"WebPage\",\"@id\":\"https:\/\/librairie7l.com\/en\/produit\/madeleine-castaing\/\",\"url\":\"https:\/\/librairie7l.com\/en\/produit\/madeleine-castaing\/\",\"name\":\"MADELEINE CASTAING - Librairie 7L\",\"isPartOf\":{\"@id\":\"https:\/\/librairie7l.com\/en\/#website\"},\"datePublished\":\"2023-05-09T16:29:30+00:00\",\"dateModified\":\"2026-04-07T02:59:10+00:00\",\"breadcrumb\":{\"@id\":\"https:\/\/librairie7l.com\/en\/produit\/madeleine-castaing\/#breadcrumb\"},\"inLanguage\":\"en-US\",\"potentialAction\":[{\"@type\":\"ReadAction\",\"target\":[\"https:\/\/librairie7l.com\/en\/produit\/madeleine-castaing\/\"]}]},{\"@type\":\"BreadcrumbList\",\"@id\":\"https:\/\/librairie7l.com\/en\/produit\/madeleine-castaing\/#breadcrumb\",\"itemListElement\":[{\"@type\":\"ListItem\",\"position\":1,\"name\":\"Accueil\",\"item\":\"https:\/\/librairie7l.com\/en\/\"},{\"@type\":\"ListItem\",\"position\":2,\"name\":\"Shop\",\"item\":\"https:\/\/librairie7l.com\/en\/shop\/\"},{\"@type\":\"ListItem\",\"position\":3,\"name\":\"MADELEINE CASTAING\"}]},{\"@type\":\"WebSite\",\"@id\":\"https:\/\/librairie7l.com\/en\/#website\",\"url\":\"https:\/\/librairie7l.com\/en\/\",\"name\":\"Librairie 7L\",\"description\":\"Librairie fond\u00e9e en 1999 par Karl Lagerfeld \u00e0 Paris\",\"publisher\":{\"@id\":\"https:\/\/librairie7l.com\/en\/#organization\"},\"potentialAction\":[{\"@type\":\"SearchAction\",\"target\":{\"@type\":\"EntryPoint\",\"urlTemplate\":\"https:\/\/librairie7l.com\/en\/?s={search_term_string}\"},\"query-input\":\"required name=search_term_string\"}],\"inLanguage\":\"en-US\"},{\"@type\":\"Organization\",\"@id\":\"https:\/\/librairie7l.com\/en\/#organization\",\"name\":\"Librairie 7L\",\"url\":\"https:\/\/librairie7l.com\/en\/\",\"logo\":{\"@type\":\"ImageObject\",\"inLanguage\":\"en-US\",\"@id\":\"https:\/\/librairie7l.com\/en\/#\/schema\/logo\/image\/\",\"url\":\"https:\/\/librairie7l.com\/wp-content\/uploads\/2022\/08\/logo-1.png\",\"contentUrl\":\"https:\/\/librairie7l.com\/wp-content\/uploads\/2022\/08\/logo-1.png\",\"width\":227,\"height\":301,\"caption\":\"Librairie 7L\"},\"image\":{\"@id\":\"https:\/\/librairie7l.com\/en\/#\/schema\/logo\/image\/\"}}]}<\/script>\n<!-- \/ Yoast SEO plugin. -->","yoast_head_json":{"title":"MADELEINE CASTAING - Librairie 7L","robots":{"index":"index","follow":"follow","max-snippet":"max-snippet:-1","max-image-preview":"max-image-preview:large","max-video-preview":"max-video-preview:-1"},"canonical":"https:\/\/librairie7l.com\/en\/produit\/madeleine-castaing\/","og_locale":"en_US","og_type":"article","og_title":"MADELEINE CASTAING - Librairie 7L","og_description":"Madeleine Castaing, antiquaire et d\u00e9coratrice de renomm\u00e9e internationale, fut le m\u00e9c\u00e8ne de nombreux peintres de l&#8217;\u00c9cole de Paris et d&#8217;artistes de l&#8217;acad\u00e9mie de la Grande Chaumi\u00e8re, ainsi que l&#8217;amie de nombreuses personnalit\u00e9s, elle a r\u00e9volutionn\u00e9 le monde de la d\u00e9coration. L Madeleine Castaing (1894-1992), antiquaire et d\u00e9coratrice de renomm\u00e9e internationale, fut le m\u00e9c\u00e8ne de nombreux [&hellip;]","og_url":"https:\/\/librairie7l.com\/en\/produit\/madeleine-castaing\/","og_site_name":"Librairie 7L","article_modified_time":"2026-04-07T02:59:10+00:00","og_image":[{"width":400,"height":426,"url":"https:\/\/librairie7l.com\/wp-content\/uploads\/2017\/10\/9782841053728_1_75.jpg","type":"image\/jpeg"}],"twitter_card":"summary_large_image","twitter_misc":{"Est. reading time":"2 minutes"},"schema":{"@context":"https:\/\/schema.org","@graph":[{"@type":"WebPage","@id":"https:\/\/librairie7l.com\/en\/produit\/madeleine-castaing\/","url":"https:\/\/librairie7l.com\/en\/produit\/madeleine-castaing\/","name":"MADELEINE CASTAING - Librairie 7L","isPartOf":{"@id":"https:\/\/librairie7l.com\/en\/#website"},"datePublished":"2023-05-09T16:29:30+00:00","dateModified":"2026-04-07T02:59:10+00:00","breadcrumb":{"@id":"https:\/\/librairie7l.com\/en\/produit\/madeleine-castaing\/#breadcrumb"},"inLanguage":"en-US","potentialAction":[{"@type":"ReadAction","target":["https:\/\/librairie7l.com\/en\/produit\/madeleine-castaing\/"]}]},{"@type":"BreadcrumbList","@id":"https:\/\/librairie7l.com\/en\/produit\/madeleine-castaing\/#breadcrumb","itemListElement":[{"@type":"ListItem","position":1,"name":"Accueil","item":"https:\/\/librairie7l.com\/en\/"},{"@type":"ListItem","position":2,"name":"Shop","item":"https:\/\/librairie7l.com\/en\/shop\/"},{"@type":"ListItem","position":3,"name":"MADELEINE CASTAING"}]},{"@type":"WebSite","@id":"https:\/\/librairie7l.com\/en\/#website","url":"https:\/\/librairie7l.com\/en\/","name":"Librairie 7L","description":"Librairie fond\u00e9e en 1999 par Karl Lagerfeld \u00e0 Paris","publisher":{"@id":"https:\/\/librairie7l.com\/en\/#organization"},"potentialAction":[{"@type":"SearchAction","target":{"@type":"EntryPoint","urlTemplate":"https:\/\/librairie7l.com\/en\/?s={search_term_string}"},"query-input":"required name=search_term_string"}],"inLanguage":"en-US"},{"@type":"Organization","@id":"https:\/\/librairie7l.com\/en\/#organization","name":"Librairie 7L","url":"https:\/\/librairie7l.com\/en\/","logo":{"@type":"ImageObject","inLanguage":"en-US","@id":"https:\/\/librairie7l.com\/en\/#\/schema\/logo\/image\/","url":"https:\/\/librairie7l.com\/wp-content\/uploads\/2022\/08\/logo-1.png","contentUrl":"https:\/\/librairie7l.com\/wp-content\/uploads\/2022\/08\/logo-1.png","width":227,"height":301,"caption":"Librairie 7L"},"image":{"@id":"https:\/\/librairie7l.com\/en\/#\/schema\/logo\/image\/"}}]}},"_links":{"self":[{"href":"https:\/\/librairie7l.com\/en\/wp-json\/wp\/v2\/product\/21663"}],"collection":[{"href":"https:\/\/librairie7l.com\/en\/wp-json\/wp\/v2\/product"}],"about":[{"href":"https:\/\/librairie7l.com\/en\/wp-json\/wp\/v2\/types\/product"}],"wp:featuredmedia":[{"embeddable":true,"href":"https:\/\/librairie7l.com\/en\/wp-json\/wp\/v2\/media\/21661"}],"wp:attachment":[{"href":"https:\/\/librairie7l.com\/en\/wp-json\/wp\/v2\/media?parent=21663"}],"wp:term":[{"taxonomy":"product_cat","embeddable":true,"href":"https:\/\/librairie7l.com\/en\/wp-json\/wp\/v2\/product_cat?post=21663"},{"taxonomy":"product_tag","embeddable":true,"href":"https:\/\/librairie7l.com\/en\/wp-json\/wp\/v2\/product_tag?post=21663"}],"curies":[{"name":"wp","href":"https:\/\/api.w.org\/{rel}","templated":true}]}}