{"id":21675,"date":"2023-05-09T18:29:39","date_gmt":"2023-05-09T16:29:39","guid":{"rendered":"https:\/\/librairie7l.com\/?post_type=product&#038;p=21675"},"modified":"2026-04-29T11:06:49","modified_gmt":"2026-04-29T09:06:49","slug":"you-can-go-anywhere-the-josef-and-anni-albers-foundation-at-50","status":"publish","type":"product","link":"https:\/\/librairie7l.com\/en\/produit\/you-can-go-anywhere-the-josef-and-anni-albers-foundation-at-50\/","title":{"rendered":"YOU CAN GO ANYWHERE : THE JOSEF AND ANNI ALBERS FOUNDATION AT 50"},"content":{"rendered":"<p>\u00c0 l&#8217;occasion de son cinquanti\u00e8me anniversaire, la Fondation Josef et Anni Albers publie You can go anywhere. Cette s\u00e9rie d&#8217;essais r\u00e9v\u00e8le la mani\u00e8re dont l&#8217;organisation \u00e0 but non lucratif a perp\u00e9tu\u00e9 l&#8217;h\u00e9ritage des Albers au fil des ans.<br \/>\nApr\u00e8s une introduction retra\u00e7ant l&#8217;histoire de la Fondation, You can go anywhere pr\u00e9sente un large \u00e9ventail d&#8217;essais r\u00e9dig\u00e9s par des personnes du monde entier qui ont contribu\u00e9 au travail de la Fondation, comme les architectes Manuel Herz et Toshiko Mori, les designers Paul Smith et Christopher Farr, ainsi que des conservateurs, des directeurs de mus\u00e9e et des membres du personnel. Le livre est richement illustr\u00e9 par des photos d&#8217;Iwan Baan, Giovanni H\u00e4nninen et Sofia Verzbolovskis, ainsi que par des documents d&#8217;archives et des oeuvres d&#8217;art des Albers. Le coeur du livre est consacr\u00e9 aux nombreuses donations de la Fondation \u00e0 des mus\u00e9es internationaux, y compris des oeuvres d&#8217;art rarement montr\u00e9es.<br \/>\nEn 2005, la Fondation a soutenu la cr\u00e9ation de l&#8217;organisation humanitaire Le Korsa, qui aide les communaut\u00e9s locales au S\u00e9n\u00e9gal, par le biais de services de sant\u00e9, d&#8217;\u00e9ducation, d&#8217;agriculture et de programmes culturels. Les essais sur Le Korsa ne manqueront pas d&#8217;inspirer le monde de l&#8217;art, les institutions publiques et les philanthropes.<\/p>\n","protected":false},"excerpt":{"rendered":"<p>\u00c0 l&#8217;occasion de son cinquanti\u00e8me anniversaire, la Fondation Josef et Anni Albers publie You can go anywhere. Cette s\u00e9rie d&#8217;essais r\u00e9v\u00e8le la mani\u00e8re dont l&#8217;organisation \u00e0 but non lucratif a perp\u00e9tu\u00e9 l&#8217;h\u00e9ritage des Albers au fil des ans. Apr\u00e8s une introduction retra\u00e7ant l&#8217;histoire de la Fondation, You can go anywhere pr\u00e9sente un large \u00e9ventail d&#8217;essais [&hellip;]<\/p>\n","protected":false},"featured_media":21673,"template":"","meta":[],"product_cat":[2948,2953],"product_tag":[],"acf":[],"yoast_head":"<!-- This site is optimized with the Yoast SEO plugin v20.11 - https:\/\/yoast.com\/wordpress\/plugins\/seo\/ -->\n<title>YOU CAN GO ANYWHERE : THE JOSEF AND ANNI ALBERS FOUNDATION AT 50 - Librairie 7L<\/title>\n<meta name=\"robots\" content=\"index, follow, max-snippet:-1, max-image-preview:large, max-video-preview:-1\" \/>\n<link rel=\"canonical\" href=\"https:\/\/librairie7l.com\/en\/produit\/you-can-go-anywhere-the-josef-and-anni-albers-foundation-at-50\/\" \/>\n<meta property=\"og:locale\" content=\"en_US\" \/>\n<meta property=\"og:type\" content=\"article\" \/>\n<meta property=\"og:title\" content=\"YOU CAN GO ANYWHERE : THE JOSEF AND ANNI ALBERS FOUNDATION AT 50 - Librairie 7L\" \/>\n<meta property=\"og:description\" content=\"\u00c0 l&#8217;occasion de son cinquanti\u00e8me anniversaire, la Fondation Josef et Anni Albers publie You can go anywhere. Cette s\u00e9rie d&#8217;essais r\u00e9v\u00e8le la mani\u00e8re dont l&#8217;organisation \u00e0 but non lucratif a perp\u00e9tu\u00e9 l&#8217;h\u00e9ritage des Albers au fil des ans. Apr\u00e8s une introduction retra\u00e7ant l&#8217;histoire de la Fondation, You can go anywhere pr\u00e9sente un large \u00e9ventail d&#8217;essais [&hellip;]\" \/>\n<meta property=\"og:url\" content=\"https:\/\/librairie7l.com\/en\/produit\/you-can-go-anywhere-the-josef-and-anni-albers-foundation-at-50\/\" \/>\n<meta property=\"og:site_name\" content=\"Librairie 7L\" \/>\n<meta property=\"article:modified_time\" content=\"2026-04-29T09:06:49+00:00\" \/>\n<meta property=\"og:image\" content=\"https:\/\/librairie7l.com\/wp-content\/uploads\/2022\/06\/9782958329808_1_75.jpg\" \/>\n\t<meta property=\"og:image:width\" content=\"600\" \/>\n\t<meta property=\"og:image:height\" content=\"492\" \/>\n\t<meta property=\"og:image:type\" content=\"image\/jpeg\" \/>\n<meta name=\"twitter:card\" content=\"summary_large_image\" \/>\n<meta name=\"twitter:label1\" content=\"Est. reading time\" \/>\n\t<meta name=\"twitter:data1\" content=\"1 minute\" \/>\n<script type=\"application\/ld+json\" class=\"yoast-schema-graph\">{\"@context\":\"https:\/\/schema.org\",\"@graph\":[{\"@type\":\"WebPage\",\"@id\":\"https:\/\/librairie7l.com\/en\/produit\/you-can-go-anywhere-the-josef-and-anni-albers-foundation-at-50\/\",\"url\":\"https:\/\/librairie7l.com\/en\/produit\/you-can-go-anywhere-the-josef-and-anni-albers-foundation-at-50\/\",\"name\":\"YOU CAN GO ANYWHERE : THE JOSEF AND ANNI ALBERS FOUNDATION AT 50 - Librairie 7L\",\"isPartOf\":{\"@id\":\"https:\/\/librairie7l.com\/en\/#website\"},\"datePublished\":\"2023-05-09T16:29:39+00:00\",\"dateModified\":\"2026-04-29T09:06:49+00:00\",\"breadcrumb\":{\"@id\":\"https:\/\/librairie7l.com\/en\/produit\/you-can-go-anywhere-the-josef-and-anni-albers-foundation-at-50\/#breadcrumb\"},\"inLanguage\":\"en-US\",\"potentialAction\":[{\"@type\":\"ReadAction\",\"target\":[\"https:\/\/librairie7l.com\/en\/produit\/you-can-go-anywhere-the-josef-and-anni-albers-foundation-at-50\/\"]}]},{\"@type\":\"BreadcrumbList\",\"@id\":\"https:\/\/librairie7l.com\/en\/produit\/you-can-go-anywhere-the-josef-and-anni-albers-foundation-at-50\/#breadcrumb\",\"itemListElement\":[{\"@type\":\"ListItem\",\"position\":1,\"name\":\"Accueil\",\"item\":\"https:\/\/librairie7l.com\/en\/\"},{\"@type\":\"ListItem\",\"position\":2,\"name\":\"Shop\",\"item\":\"https:\/\/librairie7l.com\/en\/shop\/\"},{\"@type\":\"ListItem\",\"position\":3,\"name\":\"YOU CAN GO ANYWHERE : THE JOSEF AND ANNI ALBERS FOUNDATION AT 50\"}]},{\"@type\":\"WebSite\",\"@id\":\"https:\/\/librairie7l.com\/en\/#website\",\"url\":\"https:\/\/librairie7l.com\/en\/\",\"name\":\"Librairie 7L\",\"description\":\"Librairie fond\u00e9e en 1999 par Karl Lagerfeld \u00e0 Paris\",\"publisher\":{\"@id\":\"https:\/\/librairie7l.com\/en\/#organization\"},\"potentialAction\":[{\"@type\":\"SearchAction\",\"target\":{\"@type\":\"EntryPoint\",\"urlTemplate\":\"https:\/\/librairie7l.com\/en\/?s={search_term_string}\"},\"query-input\":\"required name=search_term_string\"}],\"inLanguage\":\"en-US\"},{\"@type\":\"Organization\",\"@id\":\"https:\/\/librairie7l.com\/en\/#organization\",\"name\":\"Librairie 7L\",\"url\":\"https:\/\/librairie7l.com\/en\/\",\"logo\":{\"@type\":\"ImageObject\",\"inLanguage\":\"en-US\",\"@id\":\"https:\/\/librairie7l.com\/en\/#\/schema\/logo\/image\/\",\"url\":\"https:\/\/librairie7l.com\/wp-content\/uploads\/2022\/08\/logo-1.png\",\"contentUrl\":\"https:\/\/librairie7l.com\/wp-content\/uploads\/2022\/08\/logo-1.png\",\"width\":227,\"height\":301,\"caption\":\"Librairie 7L\"},\"image\":{\"@id\":\"https:\/\/librairie7l.com\/en\/#\/schema\/logo\/image\/\"}}]}<\/script>\n<!-- \/ Yoast SEO plugin. -->","yoast_head_json":{"title":"YOU CAN GO ANYWHERE : THE JOSEF AND ANNI ALBERS FOUNDATION AT 50 - Librairie 7L","robots":{"index":"index","follow":"follow","max-snippet":"max-snippet:-1","max-image-preview":"max-image-preview:large","max-video-preview":"max-video-preview:-1"},"canonical":"https:\/\/librairie7l.com\/en\/produit\/you-can-go-anywhere-the-josef-and-anni-albers-foundation-at-50\/","og_locale":"en_US","og_type":"article","og_title":"YOU CAN GO ANYWHERE : THE JOSEF AND ANNI ALBERS FOUNDATION AT 50 - Librairie 7L","og_description":"\u00c0 l&#8217;occasion de son cinquanti\u00e8me anniversaire, la Fondation Josef et Anni Albers publie You can go anywhere. Cette s\u00e9rie d&#8217;essais r\u00e9v\u00e8le la mani\u00e8re dont l&#8217;organisation \u00e0 but non lucratif a perp\u00e9tu\u00e9 l&#8217;h\u00e9ritage des Albers au fil des ans. Apr\u00e8s une introduction retra\u00e7ant l&#8217;histoire de la Fondation, You can go anywhere pr\u00e9sente un large \u00e9ventail d&#8217;essais [&hellip;]","og_url":"https:\/\/librairie7l.com\/en\/produit\/you-can-go-anywhere-the-josef-and-anni-albers-foundation-at-50\/","og_site_name":"Librairie 7L","article_modified_time":"2026-04-29T09:06:49+00:00","og_image":[{"width":600,"height":492,"url":"https:\/\/librairie7l.com\/wp-content\/uploads\/2022\/06\/9782958329808_1_75.jpg","type":"image\/jpeg"}],"twitter_card":"summary_large_image","twitter_misc":{"Est. reading time":"1 minute"},"schema":{"@context":"https:\/\/schema.org","@graph":[{"@type":"WebPage","@id":"https:\/\/librairie7l.com\/en\/produit\/you-can-go-anywhere-the-josef-and-anni-albers-foundation-at-50\/","url":"https:\/\/librairie7l.com\/en\/produit\/you-can-go-anywhere-the-josef-and-anni-albers-foundation-at-50\/","name":"YOU CAN GO ANYWHERE : THE JOSEF AND ANNI ALBERS FOUNDATION AT 50 - Librairie 7L","isPartOf":{"@id":"https:\/\/librairie7l.com\/en\/#website"},"datePublished":"2023-05-09T16:29:39+00:00","dateModified":"2026-04-29T09:06:49+00:00","breadcrumb":{"@id":"https:\/\/librairie7l.com\/en\/produit\/you-can-go-anywhere-the-josef-and-anni-albers-foundation-at-50\/#breadcrumb"},"inLanguage":"en-US","potentialAction":[{"@type":"ReadAction","target":["https:\/\/librairie7l.com\/en\/produit\/you-can-go-anywhere-the-josef-and-anni-albers-foundation-at-50\/"]}]},{"@type":"BreadcrumbList","@id":"https:\/\/librairie7l.com\/en\/produit\/you-can-go-anywhere-the-josef-and-anni-albers-foundation-at-50\/#breadcrumb","itemListElement":[{"@type":"ListItem","position":1,"name":"Accueil","item":"https:\/\/librairie7l.com\/en\/"},{"@type":"ListItem","position":2,"name":"Shop","item":"https:\/\/librairie7l.com\/en\/shop\/"},{"@type":"ListItem","position":3,"name":"YOU CAN GO ANYWHERE : THE JOSEF AND ANNI ALBERS FOUNDATION AT 50"}]},{"@type":"WebSite","@id":"https:\/\/librairie7l.com\/en\/#website","url":"https:\/\/librairie7l.com\/en\/","name":"Librairie 7L","description":"Librairie fond\u00e9e en 1999 par Karl Lagerfeld \u00e0 Paris","publisher":{"@id":"https:\/\/librairie7l.com\/en\/#organization"},"potentialAction":[{"@type":"SearchAction","target":{"@type":"EntryPoint","urlTemplate":"https:\/\/librairie7l.com\/en\/?s={search_term_string}"},"query-input":"required name=search_term_string"}],"inLanguage":"en-US"},{"@type":"Organization","@id":"https:\/\/librairie7l.com\/en\/#organization","name":"Librairie 7L","url":"https:\/\/librairie7l.com\/en\/","logo":{"@type":"ImageObject","inLanguage":"en-US","@id":"https:\/\/librairie7l.com\/en\/#\/schema\/logo\/image\/","url":"https:\/\/librairie7l.com\/wp-content\/uploads\/2022\/08\/logo-1.png","contentUrl":"https:\/\/librairie7l.com\/wp-content\/uploads\/2022\/08\/logo-1.png","width":227,"height":301,"caption":"Librairie 7L"},"image":{"@id":"https:\/\/librairie7l.com\/en\/#\/schema\/logo\/image\/"}}]}},"_links":{"self":[{"href":"https:\/\/librairie7l.com\/en\/wp-json\/wp\/v2\/product\/21675"}],"collection":[{"href":"https:\/\/librairie7l.com\/en\/wp-json\/wp\/v2\/product"}],"about":[{"href":"https:\/\/librairie7l.com\/en\/wp-json\/wp\/v2\/types\/product"}],"wp:featuredmedia":[{"embeddable":true,"href":"https:\/\/librairie7l.com\/en\/wp-json\/wp\/v2\/media\/21673"}],"wp:attachment":[{"href":"https:\/\/librairie7l.com\/en\/wp-json\/wp\/v2\/media?parent=21675"}],"wp:term":[{"taxonomy":"product_cat","embeddable":true,"href":"https:\/\/librairie7l.com\/en\/wp-json\/wp\/v2\/product_cat?post=21675"},{"taxonomy":"product_tag","embeddable":true,"href":"https:\/\/librairie7l.com\/en\/wp-json\/wp\/v2\/product_tag?post=21675"}],"curies":[{"name":"wp","href":"https:\/\/api.w.org\/{rel}","templated":true}]}}