{"id":21719,"date":"2023-05-09T18:30:20","date_gmt":"2023-05-09T16:30:20","guid":{"rendered":"https:\/\/librairie7l.com\/?post_type=product&#038;p=21719"},"modified":"2026-04-29T15:06:17","modified_gmt":"2026-04-29T13:06:17","slug":"signals-the-politics-of-video","status":"publish","type":"product","link":"https:\/\/librairie7l.com\/en\/produit\/signals-the-politics-of-video\/","title":{"rendered":"SIGNALS : THE POLITICS OF VIDEO"},"content":{"rendered":"<p>Devenue largement accessible au grand public dans les ann\u00e9es 1960, la vid\u00e9o est omnipr\u00e9sente aujourd&#8217;hui &#8211; sur nos t\u00e9l\u00e9phones et nos \u00e9crans, d\u00e9finissant de nouveaux espaces et exp\u00e9riences, fa\u00e7onnant nos id\u00e9es et notre politique, et r\u00e9pandant la d\u00e9sinformation autant que la documentation. Signals: The Politics of Video retrace la mani\u00e8re dont les artistes ont \u00e0 la fois d\u00e9fendu et remis en question ce genre, r\u00e9v\u00e9lant une histoire plan\u00e9taire, critique et activiste depuis ses d\u00e9buts. Accompagnant une exposition au MoMa en 2021, ce catalogue comprend un essai introductif des conservateurs et six textes th\u00e9matiques DE chercheurs et artistes qui explorent l&#8217;\u00e9ventail des engagements artistiques li\u00e9s \u00e0 la vid\u00e9o, aux m\u00e9dias et \u00e0 la sph\u00e8re publique.<\/p>\n","protected":false},"excerpt":{"rendered":"<p>Devenue largement accessible au grand public dans les ann\u00e9es 1960, la vid\u00e9o est omnipr\u00e9sente aujourd&#8217;hui &#8211; sur nos t\u00e9l\u00e9phones et nos \u00e9crans, d\u00e9finissant de nouveaux espaces et exp\u00e9riences, fa\u00e7onnant nos id\u00e9es et notre politique, et r\u00e9pandant la d\u00e9sinformation autant que la documentation. Signals: The Politics of Video retrace la mani\u00e8re dont les artistes ont \u00e0 [&hellip;]<\/p>\n","protected":false},"featured_media":21717,"template":"","meta":[],"product_cat":[2948,2953],"product_tag":[],"acf":[],"yoast_head":"<!-- This site is optimized with the Yoast SEO plugin v20.11 - https:\/\/yoast.com\/wordpress\/plugins\/seo\/ -->\n<title>SIGNALS : THE POLITICS OF VIDEO - Librairie 7L<\/title>\n<meta name=\"robots\" content=\"index, follow, max-snippet:-1, max-image-preview:large, max-video-preview:-1\" \/>\n<link rel=\"canonical\" href=\"https:\/\/librairie7l.com\/en\/produit\/signals-the-politics-of-video\/\" \/>\n<meta property=\"og:locale\" content=\"en_US\" \/>\n<meta property=\"og:type\" content=\"article\" \/>\n<meta property=\"og:title\" content=\"SIGNALS : THE POLITICS OF VIDEO - Librairie 7L\" \/>\n<meta property=\"og:description\" content=\"Devenue largement accessible au grand public dans les ann\u00e9es 1960, la vid\u00e9o est omnipr\u00e9sente aujourd&#8217;hui &#8211; sur nos t\u00e9l\u00e9phones et nos \u00e9crans, d\u00e9finissant de nouveaux espaces et exp\u00e9riences, fa\u00e7onnant nos id\u00e9es et notre politique, et r\u00e9pandant la d\u00e9sinformation autant que la documentation. Signals: The Politics of Video retrace la mani\u00e8re dont les artistes ont \u00e0 [&hellip;]\" \/>\n<meta property=\"og:url\" content=\"https:\/\/librairie7l.com\/en\/produit\/signals-the-politics-of-video\/\" \/>\n<meta property=\"og:site_name\" content=\"Librairie 7L\" \/>\n<meta property=\"article:modified_time\" content=\"2026-04-29T13:06:17+00:00\" \/>\n<meta property=\"og:image\" content=\"https:\/\/librairie7l.com\/wp-content\/uploads\/2023\/02\/9781633451230_1_75.jpg\" \/>\n\t<meta property=\"og:image:width\" content=\"321\" \/>\n\t<meta property=\"og:image:height\" content=\"400\" \/>\n\t<meta property=\"og:image:type\" content=\"image\/jpeg\" \/>\n<meta name=\"twitter:card\" content=\"summary_large_image\" \/>\n<meta name=\"twitter:label1\" content=\"Est. reading time\" \/>\n\t<meta name=\"twitter:data1\" content=\"1 minute\" \/>\n<script type=\"application\/ld+json\" class=\"yoast-schema-graph\">{\"@context\":\"https:\/\/schema.org\",\"@graph\":[{\"@type\":\"WebPage\",\"@id\":\"https:\/\/librairie7l.com\/en\/produit\/signals-the-politics-of-video\/\",\"url\":\"https:\/\/librairie7l.com\/en\/produit\/signals-the-politics-of-video\/\",\"name\":\"SIGNALS : THE POLITICS OF VIDEO - Librairie 7L\",\"isPartOf\":{\"@id\":\"https:\/\/librairie7l.com\/en\/#website\"},\"datePublished\":\"2023-05-09T16:30:20+00:00\",\"dateModified\":\"2026-04-29T13:06:17+00:00\",\"breadcrumb\":{\"@id\":\"https:\/\/librairie7l.com\/en\/produit\/signals-the-politics-of-video\/#breadcrumb\"},\"inLanguage\":\"en-US\",\"potentialAction\":[{\"@type\":\"ReadAction\",\"target\":[\"https:\/\/librairie7l.com\/en\/produit\/signals-the-politics-of-video\/\"]}]},{\"@type\":\"BreadcrumbList\",\"@id\":\"https:\/\/librairie7l.com\/en\/produit\/signals-the-politics-of-video\/#breadcrumb\",\"itemListElement\":[{\"@type\":\"ListItem\",\"position\":1,\"name\":\"Accueil\",\"item\":\"https:\/\/librairie7l.com\/en\/\"},{\"@type\":\"ListItem\",\"position\":2,\"name\":\"Shop\",\"item\":\"https:\/\/librairie7l.com\/en\/shop\/\"},{\"@type\":\"ListItem\",\"position\":3,\"name\":\"SIGNALS : THE POLITICS OF VIDEO\"}]},{\"@type\":\"WebSite\",\"@id\":\"https:\/\/librairie7l.com\/en\/#website\",\"url\":\"https:\/\/librairie7l.com\/en\/\",\"name\":\"Librairie 7L\",\"description\":\"Librairie fond\u00e9e en 1999 par Karl Lagerfeld \u00e0 Paris\",\"publisher\":{\"@id\":\"https:\/\/librairie7l.com\/en\/#organization\"},\"potentialAction\":[{\"@type\":\"SearchAction\",\"target\":{\"@type\":\"EntryPoint\",\"urlTemplate\":\"https:\/\/librairie7l.com\/en\/?s={search_term_string}\"},\"query-input\":\"required name=search_term_string\"}],\"inLanguage\":\"en-US\"},{\"@type\":\"Organization\",\"@id\":\"https:\/\/librairie7l.com\/en\/#organization\",\"name\":\"Librairie 7L\",\"url\":\"https:\/\/librairie7l.com\/en\/\",\"logo\":{\"@type\":\"ImageObject\",\"inLanguage\":\"en-US\",\"@id\":\"https:\/\/librairie7l.com\/en\/#\/schema\/logo\/image\/\",\"url\":\"https:\/\/librairie7l.com\/wp-content\/uploads\/2022\/08\/logo-1.png\",\"contentUrl\":\"https:\/\/librairie7l.com\/wp-content\/uploads\/2022\/08\/logo-1.png\",\"width\":227,\"height\":301,\"caption\":\"Librairie 7L\"},\"image\":{\"@id\":\"https:\/\/librairie7l.com\/en\/#\/schema\/logo\/image\/\"}}]}<\/script>\n<!-- \/ Yoast SEO plugin. -->","yoast_head_json":{"title":"SIGNALS : THE POLITICS OF VIDEO - Librairie 7L","robots":{"index":"index","follow":"follow","max-snippet":"max-snippet:-1","max-image-preview":"max-image-preview:large","max-video-preview":"max-video-preview:-1"},"canonical":"https:\/\/librairie7l.com\/en\/produit\/signals-the-politics-of-video\/","og_locale":"en_US","og_type":"article","og_title":"SIGNALS : THE POLITICS OF VIDEO - Librairie 7L","og_description":"Devenue largement accessible au grand public dans les ann\u00e9es 1960, la vid\u00e9o est omnipr\u00e9sente aujourd&#8217;hui &#8211; sur nos t\u00e9l\u00e9phones et nos \u00e9crans, d\u00e9finissant de nouveaux espaces et exp\u00e9riences, fa\u00e7onnant nos id\u00e9es et notre politique, et r\u00e9pandant la d\u00e9sinformation autant que la documentation. Signals: The Politics of Video retrace la mani\u00e8re dont les artistes ont \u00e0 [&hellip;]","og_url":"https:\/\/librairie7l.com\/en\/produit\/signals-the-politics-of-video\/","og_site_name":"Librairie 7L","article_modified_time":"2026-04-29T13:06:17+00:00","og_image":[{"width":321,"height":400,"url":"https:\/\/librairie7l.com\/wp-content\/uploads\/2023\/02\/9781633451230_1_75.jpg","type":"image\/jpeg"}],"twitter_card":"summary_large_image","twitter_misc":{"Est. reading time":"1 minute"},"schema":{"@context":"https:\/\/schema.org","@graph":[{"@type":"WebPage","@id":"https:\/\/librairie7l.com\/en\/produit\/signals-the-politics-of-video\/","url":"https:\/\/librairie7l.com\/en\/produit\/signals-the-politics-of-video\/","name":"SIGNALS : THE POLITICS OF VIDEO - Librairie 7L","isPartOf":{"@id":"https:\/\/librairie7l.com\/en\/#website"},"datePublished":"2023-05-09T16:30:20+00:00","dateModified":"2026-04-29T13:06:17+00:00","breadcrumb":{"@id":"https:\/\/librairie7l.com\/en\/produit\/signals-the-politics-of-video\/#breadcrumb"},"inLanguage":"en-US","potentialAction":[{"@type":"ReadAction","target":["https:\/\/librairie7l.com\/en\/produit\/signals-the-politics-of-video\/"]}]},{"@type":"BreadcrumbList","@id":"https:\/\/librairie7l.com\/en\/produit\/signals-the-politics-of-video\/#breadcrumb","itemListElement":[{"@type":"ListItem","position":1,"name":"Accueil","item":"https:\/\/librairie7l.com\/en\/"},{"@type":"ListItem","position":2,"name":"Shop","item":"https:\/\/librairie7l.com\/en\/shop\/"},{"@type":"ListItem","position":3,"name":"SIGNALS : THE POLITICS OF VIDEO"}]},{"@type":"WebSite","@id":"https:\/\/librairie7l.com\/en\/#website","url":"https:\/\/librairie7l.com\/en\/","name":"Librairie 7L","description":"Librairie fond\u00e9e en 1999 par Karl Lagerfeld \u00e0 Paris","publisher":{"@id":"https:\/\/librairie7l.com\/en\/#organization"},"potentialAction":[{"@type":"SearchAction","target":{"@type":"EntryPoint","urlTemplate":"https:\/\/librairie7l.com\/en\/?s={search_term_string}"},"query-input":"required name=search_term_string"}],"inLanguage":"en-US"},{"@type":"Organization","@id":"https:\/\/librairie7l.com\/en\/#organization","name":"Librairie 7L","url":"https:\/\/librairie7l.com\/en\/","logo":{"@type":"ImageObject","inLanguage":"en-US","@id":"https:\/\/librairie7l.com\/en\/#\/schema\/logo\/image\/","url":"https:\/\/librairie7l.com\/wp-content\/uploads\/2022\/08\/logo-1.png","contentUrl":"https:\/\/librairie7l.com\/wp-content\/uploads\/2022\/08\/logo-1.png","width":227,"height":301,"caption":"Librairie 7L"},"image":{"@id":"https:\/\/librairie7l.com\/en\/#\/schema\/logo\/image\/"}}]}},"_links":{"self":[{"href":"https:\/\/librairie7l.com\/en\/wp-json\/wp\/v2\/product\/21719"}],"collection":[{"href":"https:\/\/librairie7l.com\/en\/wp-json\/wp\/v2\/product"}],"about":[{"href":"https:\/\/librairie7l.com\/en\/wp-json\/wp\/v2\/types\/product"}],"wp:featuredmedia":[{"embeddable":true,"href":"https:\/\/librairie7l.com\/en\/wp-json\/wp\/v2\/media\/21717"}],"wp:attachment":[{"href":"https:\/\/librairie7l.com\/en\/wp-json\/wp\/v2\/media?parent=21719"}],"wp:term":[{"taxonomy":"product_cat","embeddable":true,"href":"https:\/\/librairie7l.com\/en\/wp-json\/wp\/v2\/product_cat?post=21719"},{"taxonomy":"product_tag","embeddable":true,"href":"https:\/\/librairie7l.com\/en\/wp-json\/wp\/v2\/product_tag?post=21719"}],"curies":[{"name":"wp","href":"https:\/\/api.w.org\/{rel}","templated":true}]}}