{"id":21747,"date":"2023-05-09T18:30:44","date_gmt":"2023-05-09T16:30:44","guid":{"rendered":"https:\/\/librairie7l.com\/?post_type=product&#038;p=21747"},"modified":"2026-05-01T13:19:38","modified_gmt":"2026-05-01T11:19:38","slug":"de-bronze-et-de-cristal-objets-dameublement-xviii-xix-siecle-du-mobilier-nati","status":"publish","type":"product","link":"https:\/\/librairie7l.com\/en\/produit\/de-bronze-et-de-cristal-objets-dameublement-xviii-xix-siecle-du-mobilier-nati\/","title":{"rendered":"DE BRONZE ET DE CRISTAL ; OBJETS D&#8217;AMEUBLEMENT XVIII-XIX SI\u00c8CLE DU MOBILIER NATIONAL"},"content":{"rendered":"<p>Le Mobilier national conserve une riche collection de bronzes d&#8217;ameublements li\u00e9e au temps (pendules, r\u00e9gulateurs, cartels), au feu (feux, encoignures de chemin\u00e9e, soufflets), \u00e0 la lumi\u00e8re (lanternes, lustres, bras de lumi\u00e8re, cand\u00e9labres, flambeaux, bougeoirs), mais \u00e9galement des objets d\u00e9coratifs et utilitaires (vases, miroirs, \u00e9critoires) et quelques sculptures.<\/p>\n","protected":false},"excerpt":{"rendered":"<p>Le Mobilier national conserve une riche collection de bronzes d&#8217;ameublements li\u00e9e au temps (pendules, r\u00e9gulateurs, cartels), au feu (feux, encoignures de chemin\u00e9e, soufflets), \u00e0 la lumi\u00e8re (lanternes, lustres, bras de lumi\u00e8re, cand\u00e9labres, flambeaux, bougeoirs), mais \u00e9galement des objets d\u00e9coratifs et utilitaires (vases, miroirs, \u00e9critoires) et quelques sculptures.<\/p>\n","protected":false},"featured_media":0,"template":"","meta":[],"product_cat":[2948,2952],"product_tag":[],"acf":[],"yoast_head":"<!-- This site is optimized with the Yoast SEO plugin v20.11 - https:\/\/yoast.com\/wordpress\/plugins\/seo\/ -->\n<title>DE BRONZE ET DE CRISTAL ; OBJETS D&#039;AMEUBLEMENT XVIII-XIX SI\u00c8CLE DU MOBILIER NATIONAL - Librairie 7L<\/title>\n<meta name=\"robots\" content=\"index, follow, max-snippet:-1, max-image-preview:large, max-video-preview:-1\" \/>\n<link rel=\"canonical\" href=\"https:\/\/librairie7l.com\/en\/produit\/de-bronze-et-de-cristal-objets-dameublement-xviii-xix-siecle-du-mobilier-nati\/\" \/>\n<meta property=\"og:locale\" content=\"en_US\" \/>\n<meta property=\"og:type\" content=\"article\" \/>\n<meta property=\"og:title\" content=\"DE BRONZE ET DE CRISTAL ; OBJETS D&#039;AMEUBLEMENT XVIII-XIX SI\u00c8CLE DU MOBILIER NATIONAL - Librairie 7L\" \/>\n<meta property=\"og:description\" content=\"Le Mobilier national conserve une riche collection de bronzes d&#8217;ameublements li\u00e9e au temps (pendules, r\u00e9gulateurs, cartels), au feu (feux, encoignures de chemin\u00e9e, soufflets), \u00e0 la lumi\u00e8re (lanternes, lustres, bras de lumi\u00e8re, cand\u00e9labres, flambeaux, bougeoirs), mais \u00e9galement des objets d\u00e9coratifs et utilitaires (vases, miroirs, \u00e9critoires) et quelques sculptures.\" \/>\n<meta property=\"og:url\" content=\"https:\/\/librairie7l.com\/en\/produit\/de-bronze-et-de-cristal-objets-dameublement-xviii-xix-siecle-du-mobilier-nati\/\" \/>\n<meta property=\"og:site_name\" content=\"Librairie 7L\" \/>\n<meta property=\"article:modified_time\" content=\"2026-05-01T11:19:38+00:00\" \/>\n<meta name=\"twitter:card\" content=\"summary_large_image\" \/>\n<script type=\"application\/ld+json\" class=\"yoast-schema-graph\">{\"@context\":\"https:\/\/schema.org\",\"@graph\":[{\"@type\":\"WebPage\",\"@id\":\"https:\/\/librairie7l.com\/en\/produit\/de-bronze-et-de-cristal-objets-dameublement-xviii-xix-siecle-du-mobilier-nati\/\",\"url\":\"https:\/\/librairie7l.com\/en\/produit\/de-bronze-et-de-cristal-objets-dameublement-xviii-xix-siecle-du-mobilier-nati\/\",\"name\":\"DE BRONZE ET DE CRISTAL ; OBJETS D'AMEUBLEMENT XVIII-XIX SI\u00c8CLE DU MOBILIER NATIONAL - Librairie 7L\",\"isPartOf\":{\"@id\":\"https:\/\/librairie7l.com\/en\/#website\"},\"datePublished\":\"2023-05-09T16:30:44+00:00\",\"dateModified\":\"2026-05-01T11:19:38+00:00\",\"breadcrumb\":{\"@id\":\"https:\/\/librairie7l.com\/en\/produit\/de-bronze-et-de-cristal-objets-dameublement-xviii-xix-siecle-du-mobilier-nati\/#breadcrumb\"},\"inLanguage\":\"en-US\",\"potentialAction\":[{\"@type\":\"ReadAction\",\"target\":[\"https:\/\/librairie7l.com\/en\/produit\/de-bronze-et-de-cristal-objets-dameublement-xviii-xix-siecle-du-mobilier-nati\/\"]}]},{\"@type\":\"BreadcrumbList\",\"@id\":\"https:\/\/librairie7l.com\/en\/produit\/de-bronze-et-de-cristal-objets-dameublement-xviii-xix-siecle-du-mobilier-nati\/#breadcrumb\",\"itemListElement\":[{\"@type\":\"ListItem\",\"position\":1,\"name\":\"Accueil\",\"item\":\"https:\/\/librairie7l.com\/en\/\"},{\"@type\":\"ListItem\",\"position\":2,\"name\":\"Shop\",\"item\":\"https:\/\/librairie7l.com\/en\/shop\/\"},{\"@type\":\"ListItem\",\"position\":3,\"name\":\"DE BRONZE ET DE CRISTAL ; OBJETS D&#8217;AMEUBLEMENT XVIII-XIX SI\u00c8CLE DU MOBILIER NATIONAL\"}]},{\"@type\":\"WebSite\",\"@id\":\"https:\/\/librairie7l.com\/en\/#website\",\"url\":\"https:\/\/librairie7l.com\/en\/\",\"name\":\"Librairie 7L\",\"description\":\"Librairie fond\u00e9e en 1999 par Karl Lagerfeld \u00e0 Paris\",\"publisher\":{\"@id\":\"https:\/\/librairie7l.com\/en\/#organization\"},\"potentialAction\":[{\"@type\":\"SearchAction\",\"target\":{\"@type\":\"EntryPoint\",\"urlTemplate\":\"https:\/\/librairie7l.com\/en\/?s={search_term_string}\"},\"query-input\":\"required name=search_term_string\"}],\"inLanguage\":\"en-US\"},{\"@type\":\"Organization\",\"@id\":\"https:\/\/librairie7l.com\/en\/#organization\",\"name\":\"Librairie 7L\",\"url\":\"https:\/\/librairie7l.com\/en\/\",\"logo\":{\"@type\":\"ImageObject\",\"inLanguage\":\"en-US\",\"@id\":\"https:\/\/librairie7l.com\/en\/#\/schema\/logo\/image\/\",\"url\":\"https:\/\/librairie7l.com\/wp-content\/uploads\/2022\/08\/logo-1.png\",\"contentUrl\":\"https:\/\/librairie7l.com\/wp-content\/uploads\/2022\/08\/logo-1.png\",\"width\":227,\"height\":301,\"caption\":\"Librairie 7L\"},\"image\":{\"@id\":\"https:\/\/librairie7l.com\/en\/#\/schema\/logo\/image\/\"}}]}<\/script>\n<!-- \/ Yoast SEO plugin. -->","yoast_head_json":{"title":"DE BRONZE ET DE CRISTAL ; OBJETS D'AMEUBLEMENT XVIII-XIX SI\u00c8CLE DU MOBILIER NATIONAL - Librairie 7L","robots":{"index":"index","follow":"follow","max-snippet":"max-snippet:-1","max-image-preview":"max-image-preview:large","max-video-preview":"max-video-preview:-1"},"canonical":"https:\/\/librairie7l.com\/en\/produit\/de-bronze-et-de-cristal-objets-dameublement-xviii-xix-siecle-du-mobilier-nati\/","og_locale":"en_US","og_type":"article","og_title":"DE BRONZE ET DE CRISTAL ; OBJETS D'AMEUBLEMENT XVIII-XIX SI\u00c8CLE DU MOBILIER NATIONAL - Librairie 7L","og_description":"Le Mobilier national conserve une riche collection de bronzes d&#8217;ameublements li\u00e9e au temps (pendules, r\u00e9gulateurs, cartels), au feu (feux, encoignures de chemin\u00e9e, soufflets), \u00e0 la lumi\u00e8re (lanternes, lustres, bras de lumi\u00e8re, cand\u00e9labres, flambeaux, bougeoirs), mais \u00e9galement des objets d\u00e9coratifs et utilitaires (vases, miroirs, \u00e9critoires) et quelques sculptures.","og_url":"https:\/\/librairie7l.com\/en\/produit\/de-bronze-et-de-cristal-objets-dameublement-xviii-xix-siecle-du-mobilier-nati\/","og_site_name":"Librairie 7L","article_modified_time":"2026-05-01T11:19:38+00:00","twitter_card":"summary_large_image","schema":{"@context":"https:\/\/schema.org","@graph":[{"@type":"WebPage","@id":"https:\/\/librairie7l.com\/en\/produit\/de-bronze-et-de-cristal-objets-dameublement-xviii-xix-siecle-du-mobilier-nati\/","url":"https:\/\/librairie7l.com\/en\/produit\/de-bronze-et-de-cristal-objets-dameublement-xviii-xix-siecle-du-mobilier-nati\/","name":"DE BRONZE ET DE CRISTAL ; OBJETS D'AMEUBLEMENT XVIII-XIX SI\u00c8CLE DU MOBILIER NATIONAL - Librairie 7L","isPartOf":{"@id":"https:\/\/librairie7l.com\/en\/#website"},"datePublished":"2023-05-09T16:30:44+00:00","dateModified":"2026-05-01T11:19:38+00:00","breadcrumb":{"@id":"https:\/\/librairie7l.com\/en\/produit\/de-bronze-et-de-cristal-objets-dameublement-xviii-xix-siecle-du-mobilier-nati\/#breadcrumb"},"inLanguage":"en-US","potentialAction":[{"@type":"ReadAction","target":["https:\/\/librairie7l.com\/en\/produit\/de-bronze-et-de-cristal-objets-dameublement-xviii-xix-siecle-du-mobilier-nati\/"]}]},{"@type":"BreadcrumbList","@id":"https:\/\/librairie7l.com\/en\/produit\/de-bronze-et-de-cristal-objets-dameublement-xviii-xix-siecle-du-mobilier-nati\/#breadcrumb","itemListElement":[{"@type":"ListItem","position":1,"name":"Accueil","item":"https:\/\/librairie7l.com\/en\/"},{"@type":"ListItem","position":2,"name":"Shop","item":"https:\/\/librairie7l.com\/en\/shop\/"},{"@type":"ListItem","position":3,"name":"DE BRONZE ET DE CRISTAL ; OBJETS D&#8217;AMEUBLEMENT XVIII-XIX SI\u00c8CLE DU MOBILIER NATIONAL"}]},{"@type":"WebSite","@id":"https:\/\/librairie7l.com\/en\/#website","url":"https:\/\/librairie7l.com\/en\/","name":"Librairie 7L","description":"Librairie fond\u00e9e en 1999 par Karl Lagerfeld \u00e0 Paris","publisher":{"@id":"https:\/\/librairie7l.com\/en\/#organization"},"potentialAction":[{"@type":"SearchAction","target":{"@type":"EntryPoint","urlTemplate":"https:\/\/librairie7l.com\/en\/?s={search_term_string}"},"query-input":"required name=search_term_string"}],"inLanguage":"en-US"},{"@type":"Organization","@id":"https:\/\/librairie7l.com\/en\/#organization","name":"Librairie 7L","url":"https:\/\/librairie7l.com\/en\/","logo":{"@type":"ImageObject","inLanguage":"en-US","@id":"https:\/\/librairie7l.com\/en\/#\/schema\/logo\/image\/","url":"https:\/\/librairie7l.com\/wp-content\/uploads\/2022\/08\/logo-1.png","contentUrl":"https:\/\/librairie7l.com\/wp-content\/uploads\/2022\/08\/logo-1.png","width":227,"height":301,"caption":"Librairie 7L"},"image":{"@id":"https:\/\/librairie7l.com\/en\/#\/schema\/logo\/image\/"}}]}},"_links":{"self":[{"href":"https:\/\/librairie7l.com\/en\/wp-json\/wp\/v2\/product\/21747"}],"collection":[{"href":"https:\/\/librairie7l.com\/en\/wp-json\/wp\/v2\/product"}],"about":[{"href":"https:\/\/librairie7l.com\/en\/wp-json\/wp\/v2\/types\/product"}],"wp:attachment":[{"href":"https:\/\/librairie7l.com\/en\/wp-json\/wp\/v2\/media?parent=21747"}],"wp:term":[{"taxonomy":"product_cat","embeddable":true,"href":"https:\/\/librairie7l.com\/en\/wp-json\/wp\/v2\/product_cat?post=21747"},{"taxonomy":"product_tag","embeddable":true,"href":"https:\/\/librairie7l.com\/en\/wp-json\/wp\/v2\/product_tag?post=21747"}],"curies":[{"name":"wp","href":"https:\/\/api.w.org\/{rel}","templated":true}]}}