{"id":21759,"date":"2023-05-09T18:30:54","date_gmt":"2023-05-09T16:30:54","guid":{"rendered":"https:\/\/librairie7l.com\/?post_type=product&#038;p=21759"},"modified":"2026-04-07T09:02:30","modified_gmt":"2026-04-07T07:02:30","slug":"palladio","status":"publish","type":"product","link":"https:\/\/librairie7l.com\/en\/produit\/palladio\/","title":{"rendered":"PALLADIO"},"content":{"rendered":"<p>\u00c0 l&#8217;occasion de restaurations r\u00e9centes \u00ac-2008- de nombreux \u00e9difices palladiens ont retrouv\u00e9 leur ancienne splendeur. Une campagne photographique in\u00e9dite rend hommage \u00e0 l&#8217;architecte v\u00e9nitien (1508-1580).<\/p>\n<p>Le volume adopte un point de vue th\u00e9matique qui le distingue d&#8217;autres publications existantes. L&#8217;auteur, Fernando Rigon, grand sp\u00e9cialiste italien de Palladio, a choisi en effet de mettre l&#8217;accent sur l&#8217;analyse de certains aspects architecturaux et d\u00e9coratifs, afin de mettre en \u00e9vidence le rapport entre l&#8217;architecture et son contexte (la campagne ou la ville), entre les exigences de repr\u00e9sentation et la fonction, entre la destination publique et la destination priv\u00e9e.<br \/>\nUn chapitre entier est en outre consacr\u00e9 \u00e0 l&#8217;architecture religieuse, repr\u00e9sent\u00e9e par les deux \u00e9glises de Venise (San Giorgio Maggiore et Il Rdentore) et par la chapelle de la Villa Badoer, le \u00ab Tempietto \u00bb.<\/p>\n<p>Le grand format de ce livre permet de mettre en valeur les tr\u00e8s belles photographies totalement exclusives et in\u00e9dites r\u00e9serv\u00e9es \u00e0 cette \u00e9dition.<\/p>\n","protected":false},"excerpt":{"rendered":"<p>\u00c0 l&#8217;occasion de restaurations r\u00e9centes \u00ac-2008- de nombreux \u00e9difices palladiens ont retrouv\u00e9 leur ancienne splendeur. Une campagne photographique in\u00e9dite rend hommage \u00e0 l&#8217;architecte v\u00e9nitien (1508-1580). Le volume adopte un point de vue th\u00e9matique qui le distingue d&#8217;autres publications existantes. L&#8217;auteur, Fernando Rigon, grand sp\u00e9cialiste italien de Palladio, a choisi en effet de mettre l&#8217;accent sur [&hellip;]<\/p>\n","protected":false},"featured_media":21757,"template":"","meta":[],"product_cat":[2948,2950],"product_tag":[],"acf":[],"yoast_head":"<!-- This site is optimized with the Yoast SEO plugin v20.11 - https:\/\/yoast.com\/wordpress\/plugins\/seo\/ -->\n<title>PALLADIO - Librairie 7L<\/title>\n<meta name=\"robots\" content=\"index, follow, max-snippet:-1, max-image-preview:large, max-video-preview:-1\" \/>\n<link rel=\"canonical\" href=\"https:\/\/librairie7l.com\/en\/produit\/palladio\/\" \/>\n<meta property=\"og:locale\" content=\"en_US\" \/>\n<meta property=\"og:type\" content=\"article\" \/>\n<meta property=\"og:title\" content=\"PALLADIO - Librairie 7L\" \/>\n<meta property=\"og:description\" content=\"\u00c0 l&#8217;occasion de restaurations r\u00e9centes \u00ac-2008- de nombreux \u00e9difices palladiens ont retrouv\u00e9 leur ancienne splendeur. Une campagne photographique in\u00e9dite rend hommage \u00e0 l&#8217;architecte v\u00e9nitien (1508-1580). Le volume adopte un point de vue th\u00e9matique qui le distingue d&#8217;autres publications existantes. L&#8217;auteur, Fernando Rigon, grand sp\u00e9cialiste italien de Palladio, a choisi en effet de mettre l&#8217;accent sur [&hellip;]\" \/>\n<meta property=\"og:url\" content=\"https:\/\/librairie7l.com\/en\/produit\/palladio\/\" \/>\n<meta property=\"og:site_name\" content=\"Librairie 7L\" \/>\n<meta property=\"article:modified_time\" content=\"2026-04-07T07:02:30+00:00\" \/>\n<meta property=\"og:image\" content=\"https:\/\/librairie7l.com\/wp-content\/uploads\/2009\/10\/9782850883033_1_75.jpg\" \/>\n\t<meta property=\"og:image:width\" content=\"250\" \/>\n\t<meta property=\"og:image:height\" content=\"296\" \/>\n\t<meta property=\"og:image:type\" content=\"image\/jpeg\" \/>\n<meta name=\"twitter:card\" content=\"summary_large_image\" \/>\n<meta name=\"twitter:label1\" content=\"Est. reading time\" \/>\n\t<meta name=\"twitter:data1\" content=\"1 minute\" \/>\n<script type=\"application\/ld+json\" class=\"yoast-schema-graph\">{\"@context\":\"https:\/\/schema.org\",\"@graph\":[{\"@type\":\"WebPage\",\"@id\":\"https:\/\/librairie7l.com\/en\/produit\/palladio\/\",\"url\":\"https:\/\/librairie7l.com\/en\/produit\/palladio\/\",\"name\":\"PALLADIO - Librairie 7L\",\"isPartOf\":{\"@id\":\"https:\/\/librairie7l.com\/en\/#website\"},\"datePublished\":\"2023-05-09T16:30:54+00:00\",\"dateModified\":\"2026-04-07T07:02:30+00:00\",\"breadcrumb\":{\"@id\":\"https:\/\/librairie7l.com\/en\/produit\/palladio\/#breadcrumb\"},\"inLanguage\":\"en-US\",\"potentialAction\":[{\"@type\":\"ReadAction\",\"target\":[\"https:\/\/librairie7l.com\/en\/produit\/palladio\/\"]}]},{\"@type\":\"BreadcrumbList\",\"@id\":\"https:\/\/librairie7l.com\/en\/produit\/palladio\/#breadcrumb\",\"itemListElement\":[{\"@type\":\"ListItem\",\"position\":1,\"name\":\"Accueil\",\"item\":\"https:\/\/librairie7l.com\/en\/\"},{\"@type\":\"ListItem\",\"position\":2,\"name\":\"Shop\",\"item\":\"https:\/\/librairie7l.com\/en\/shop\/\"},{\"@type\":\"ListItem\",\"position\":3,\"name\":\"PALLADIO\"}]},{\"@type\":\"WebSite\",\"@id\":\"https:\/\/librairie7l.com\/en\/#website\",\"url\":\"https:\/\/librairie7l.com\/en\/\",\"name\":\"Librairie 7L\",\"description\":\"Librairie fond\u00e9e en 1999 par Karl Lagerfeld \u00e0 Paris\",\"publisher\":{\"@id\":\"https:\/\/librairie7l.com\/en\/#organization\"},\"potentialAction\":[{\"@type\":\"SearchAction\",\"target\":{\"@type\":\"EntryPoint\",\"urlTemplate\":\"https:\/\/librairie7l.com\/en\/?s={search_term_string}\"},\"query-input\":\"required name=search_term_string\"}],\"inLanguage\":\"en-US\"},{\"@type\":\"Organization\",\"@id\":\"https:\/\/librairie7l.com\/en\/#organization\",\"name\":\"Librairie 7L\",\"url\":\"https:\/\/librairie7l.com\/en\/\",\"logo\":{\"@type\":\"ImageObject\",\"inLanguage\":\"en-US\",\"@id\":\"https:\/\/librairie7l.com\/en\/#\/schema\/logo\/image\/\",\"url\":\"https:\/\/librairie7l.com\/wp-content\/uploads\/2022\/08\/logo-1.png\",\"contentUrl\":\"https:\/\/librairie7l.com\/wp-content\/uploads\/2022\/08\/logo-1.png\",\"width\":227,\"height\":301,\"caption\":\"Librairie 7L\"},\"image\":{\"@id\":\"https:\/\/librairie7l.com\/en\/#\/schema\/logo\/image\/\"}}]}<\/script>\n<!-- \/ Yoast SEO plugin. -->","yoast_head_json":{"title":"PALLADIO - Librairie 7L","robots":{"index":"index","follow":"follow","max-snippet":"max-snippet:-1","max-image-preview":"max-image-preview:large","max-video-preview":"max-video-preview:-1"},"canonical":"https:\/\/librairie7l.com\/en\/produit\/palladio\/","og_locale":"en_US","og_type":"article","og_title":"PALLADIO - Librairie 7L","og_description":"\u00c0 l&#8217;occasion de restaurations r\u00e9centes \u00ac-2008- de nombreux \u00e9difices palladiens ont retrouv\u00e9 leur ancienne splendeur. Une campagne photographique in\u00e9dite rend hommage \u00e0 l&#8217;architecte v\u00e9nitien (1508-1580). Le volume adopte un point de vue th\u00e9matique qui le distingue d&#8217;autres publications existantes. L&#8217;auteur, Fernando Rigon, grand sp\u00e9cialiste italien de Palladio, a choisi en effet de mettre l&#8217;accent sur [&hellip;]","og_url":"https:\/\/librairie7l.com\/en\/produit\/palladio\/","og_site_name":"Librairie 7L","article_modified_time":"2026-04-07T07:02:30+00:00","og_image":[{"width":250,"height":296,"url":"https:\/\/librairie7l.com\/wp-content\/uploads\/2009\/10\/9782850883033_1_75.jpg","type":"image\/jpeg"}],"twitter_card":"summary_large_image","twitter_misc":{"Est. reading time":"1 minute"},"schema":{"@context":"https:\/\/schema.org","@graph":[{"@type":"WebPage","@id":"https:\/\/librairie7l.com\/en\/produit\/palladio\/","url":"https:\/\/librairie7l.com\/en\/produit\/palladio\/","name":"PALLADIO - Librairie 7L","isPartOf":{"@id":"https:\/\/librairie7l.com\/en\/#website"},"datePublished":"2023-05-09T16:30:54+00:00","dateModified":"2026-04-07T07:02:30+00:00","breadcrumb":{"@id":"https:\/\/librairie7l.com\/en\/produit\/palladio\/#breadcrumb"},"inLanguage":"en-US","potentialAction":[{"@type":"ReadAction","target":["https:\/\/librairie7l.com\/en\/produit\/palladio\/"]}]},{"@type":"BreadcrumbList","@id":"https:\/\/librairie7l.com\/en\/produit\/palladio\/#breadcrumb","itemListElement":[{"@type":"ListItem","position":1,"name":"Accueil","item":"https:\/\/librairie7l.com\/en\/"},{"@type":"ListItem","position":2,"name":"Shop","item":"https:\/\/librairie7l.com\/en\/shop\/"},{"@type":"ListItem","position":3,"name":"PALLADIO"}]},{"@type":"WebSite","@id":"https:\/\/librairie7l.com\/en\/#website","url":"https:\/\/librairie7l.com\/en\/","name":"Librairie 7L","description":"Librairie fond\u00e9e en 1999 par Karl Lagerfeld \u00e0 Paris","publisher":{"@id":"https:\/\/librairie7l.com\/en\/#organization"},"potentialAction":[{"@type":"SearchAction","target":{"@type":"EntryPoint","urlTemplate":"https:\/\/librairie7l.com\/en\/?s={search_term_string}"},"query-input":"required name=search_term_string"}],"inLanguage":"en-US"},{"@type":"Organization","@id":"https:\/\/librairie7l.com\/en\/#organization","name":"Librairie 7L","url":"https:\/\/librairie7l.com\/en\/","logo":{"@type":"ImageObject","inLanguage":"en-US","@id":"https:\/\/librairie7l.com\/en\/#\/schema\/logo\/image\/","url":"https:\/\/librairie7l.com\/wp-content\/uploads\/2022\/08\/logo-1.png","contentUrl":"https:\/\/librairie7l.com\/wp-content\/uploads\/2022\/08\/logo-1.png","width":227,"height":301,"caption":"Librairie 7L"},"image":{"@id":"https:\/\/librairie7l.com\/en\/#\/schema\/logo\/image\/"}}]}},"_links":{"self":[{"href":"https:\/\/librairie7l.com\/en\/wp-json\/wp\/v2\/product\/21759"}],"collection":[{"href":"https:\/\/librairie7l.com\/en\/wp-json\/wp\/v2\/product"}],"about":[{"href":"https:\/\/librairie7l.com\/en\/wp-json\/wp\/v2\/types\/product"}],"wp:featuredmedia":[{"embeddable":true,"href":"https:\/\/librairie7l.com\/en\/wp-json\/wp\/v2\/media\/21757"}],"wp:attachment":[{"href":"https:\/\/librairie7l.com\/en\/wp-json\/wp\/v2\/media?parent=21759"}],"wp:term":[{"taxonomy":"product_cat","embeddable":true,"href":"https:\/\/librairie7l.com\/en\/wp-json\/wp\/v2\/product_cat?post=21759"},{"taxonomy":"product_tag","embeddable":true,"href":"https:\/\/librairie7l.com\/en\/wp-json\/wp\/v2\/product_tag?post=21759"}],"curies":[{"name":"wp","href":"https:\/\/api.w.org\/{rel}","templated":true}]}}