{"id":21771,"date":"2023-05-09T18:31:06","date_gmt":"2023-05-09T16:31:06","guid":{"rendered":"https:\/\/librairie7l.com\/?post_type=product&#038;p=21771"},"modified":"2026-04-13T14:32:18","modified_gmt":"2026-04-13T12:32:18","slug":"charlotte-perriand-an-architect-in-the-montains","status":"publish","type":"product","link":"https:\/\/librairie7l.com\/en\/produit\/charlotte-perriand-an-architect-in-the-montains\/","title":{"rendered":"CHARLOTTE PERRIAND, AN ARCHITECT IN THE MONTAINS"},"content":{"rendered":"<p>Architecte, urbaniste, designer, Charlotte Perriand (1903-1999) met son g\u00e9nie visionnaire au service de l&#8217;am\u00e9nagement en montagne, de Saint-Nicolas-de V\u00e9roce \u00e0 M\u00e9ribel, de la vall\u00e9e de Belleville aux Arcs en Savoie en passant par la Chine. Joignant sa passion pour la montagne \u00e0 son activit\u00e9 professionnelle, la plupart des projets architecturaux d&#8217;avant-guerre de Charlotte Perriand sont li\u00e9s \u00e0 la pratique du ski et de l&#8217;alpinisme. Avant la naissance des cong\u00e9s pay\u00e9s, elle se sp\u00e9cialise dans l&#8217;habitat pr\u00e9fabriqu\u00e9 pour les loisirs, afin de les rendre accessible au plus grand nombre. Pionni\u00e8re de l&#8217;architecture bioclimatique, elle d\u00e9veloppe des toitures v\u00e9g\u00e9talis\u00e9es et la pr\u00e9fabrication des b\u00e2timents en recourant aux mat\u00e9riaux trouv\u00e9s sur place et aux savoir-faire locaux combin\u00e9s \u00e0 une approche moderne. De 1967 \u00e0 1989, elle consacre son activit\u00e9 \u00e0 la cr\u00e9ation des stations Arc 1600 et Arc 1800, l&#8217;un des plus grands domaines skiables de France, sous la tutelle de l&#8217;am\u00e9nageur Roger Godino. C&#8217;est la premi\u00e8re fois dans l&#8217;histoire de l&#8217;architecture qu&#8217;une femme dirige une \u00e9quipe d&#8217;architectes charg\u00e9e de la construction de 25 000 lits. Outre l&#8217;architecture int\u00e9rieure de toutes les habitations, elle d\u00e9termine les partis-pris urbanistiques des deux stations et l&#8217;architecture de la plupart des b\u00e2timents, en collaboration avec Gaston Regairaz et Bernard Taillefer pour Arc 1800. Durant plus de vingt ans, elle s&#8217;applique \u00e0 penser ce lieu de loisirs d&#8217;hiver et d&#8217;\u00e9t\u00e9 pour faire partager son amour de la montagne et de la nature aux citadins venus du monde entier.<\/p>\n","protected":false},"excerpt":{"rendered":"<p>Architecte, urbaniste, designer, Charlotte Perriand (1903-1999) met son g\u00e9nie visionnaire au service de l&#8217;am\u00e9nagement en montagne, de Saint-Nicolas-de V\u00e9roce \u00e0 M\u00e9ribel, de la vall\u00e9e de Belleville aux Arcs en Savoie en passant par la Chine. Joignant sa passion pour la montagne \u00e0 son activit\u00e9 professionnelle, la plupart des projets architecturaux d&#8217;avant-guerre de Charlotte Perriand sont [&hellip;]<\/p>\n","protected":false},"featured_media":21769,"template":"","meta":[],"product_cat":[2948,2950],"product_tag":[],"acf":[],"yoast_head":"<!-- This site is optimized with the Yoast SEO plugin v20.11 - https:\/\/yoast.com\/wordpress\/plugins\/seo\/ -->\n<title>CHARLOTTE PERRIAND, AN ARCHITECT IN THE MONTAINS - Librairie 7L<\/title>\n<meta name=\"robots\" content=\"index, follow, max-snippet:-1, max-image-preview:large, max-video-preview:-1\" \/>\n<link rel=\"canonical\" href=\"https:\/\/librairie7l.com\/en\/produit\/charlotte-perriand-an-architect-in-the-montains\/\" \/>\n<meta property=\"og:locale\" content=\"en_US\" \/>\n<meta property=\"og:type\" content=\"article\" \/>\n<meta property=\"og:title\" content=\"CHARLOTTE PERRIAND, AN ARCHITECT IN THE MONTAINS - Librairie 7L\" \/>\n<meta property=\"og:description\" content=\"Architecte, urbaniste, designer, Charlotte Perriand (1903-1999) met son g\u00e9nie visionnaire au service de l&#8217;am\u00e9nagement en montagne, de Saint-Nicolas-de V\u00e9roce \u00e0 M\u00e9ribel, de la vall\u00e9e de Belleville aux Arcs en Savoie en passant par la Chine. Joignant sa passion pour la montagne \u00e0 son activit\u00e9 professionnelle, la plupart des projets architecturaux d&#8217;avant-guerre de Charlotte Perriand sont [&hellip;]\" \/>\n<meta property=\"og:url\" content=\"https:\/\/librairie7l.com\/en\/produit\/charlotte-perriand-an-architect-in-the-montains\/\" \/>\n<meta property=\"og:site_name\" content=\"Librairie 7L\" \/>\n<meta property=\"article:modified_time\" content=\"2026-04-13T12:32:18+00:00\" \/>\n<meta property=\"og:image\" content=\"https:\/\/librairie7l.com\/wp-content\/uploads\/2023\/01\/9782376660767_1_75.jpg\" \/>\n\t<meta property=\"og:image:width\" content=\"400\" \/>\n\t<meta property=\"og:image:height\" content=\"528\" \/>\n\t<meta property=\"og:image:type\" content=\"image\/jpeg\" \/>\n<meta name=\"twitter:card\" content=\"summary_large_image\" \/>\n<meta name=\"twitter:label1\" content=\"Est. reading time\" \/>\n\t<meta name=\"twitter:data1\" content=\"1 minute\" \/>\n<script type=\"application\/ld+json\" class=\"yoast-schema-graph\">{\"@context\":\"https:\/\/schema.org\",\"@graph\":[{\"@type\":\"WebPage\",\"@id\":\"https:\/\/librairie7l.com\/en\/produit\/charlotte-perriand-an-architect-in-the-montains\/\",\"url\":\"https:\/\/librairie7l.com\/en\/produit\/charlotte-perriand-an-architect-in-the-montains\/\",\"name\":\"CHARLOTTE PERRIAND, AN ARCHITECT IN THE MONTAINS - Librairie 7L\",\"isPartOf\":{\"@id\":\"https:\/\/librairie7l.com\/en\/#website\"},\"datePublished\":\"2023-05-09T16:31:06+00:00\",\"dateModified\":\"2026-04-13T12:32:18+00:00\",\"breadcrumb\":{\"@id\":\"https:\/\/librairie7l.com\/en\/produit\/charlotte-perriand-an-architect-in-the-montains\/#breadcrumb\"},\"inLanguage\":\"en-US\",\"potentialAction\":[{\"@type\":\"ReadAction\",\"target\":[\"https:\/\/librairie7l.com\/en\/produit\/charlotte-perriand-an-architect-in-the-montains\/\"]}]},{\"@type\":\"BreadcrumbList\",\"@id\":\"https:\/\/librairie7l.com\/en\/produit\/charlotte-perriand-an-architect-in-the-montains\/#breadcrumb\",\"itemListElement\":[{\"@type\":\"ListItem\",\"position\":1,\"name\":\"Accueil\",\"item\":\"https:\/\/librairie7l.com\/en\/\"},{\"@type\":\"ListItem\",\"position\":2,\"name\":\"Shop\",\"item\":\"https:\/\/librairie7l.com\/en\/shop\/\"},{\"@type\":\"ListItem\",\"position\":3,\"name\":\"CHARLOTTE PERRIAND, AN ARCHITECT IN THE MONTAINS\"}]},{\"@type\":\"WebSite\",\"@id\":\"https:\/\/librairie7l.com\/en\/#website\",\"url\":\"https:\/\/librairie7l.com\/en\/\",\"name\":\"Librairie 7L\",\"description\":\"Librairie fond\u00e9e en 1999 par Karl Lagerfeld \u00e0 Paris\",\"publisher\":{\"@id\":\"https:\/\/librairie7l.com\/en\/#organization\"},\"potentialAction\":[{\"@type\":\"SearchAction\",\"target\":{\"@type\":\"EntryPoint\",\"urlTemplate\":\"https:\/\/librairie7l.com\/en\/?s={search_term_string}\"},\"query-input\":\"required name=search_term_string\"}],\"inLanguage\":\"en-US\"},{\"@type\":\"Organization\",\"@id\":\"https:\/\/librairie7l.com\/en\/#organization\",\"name\":\"Librairie 7L\",\"url\":\"https:\/\/librairie7l.com\/en\/\",\"logo\":{\"@type\":\"ImageObject\",\"inLanguage\":\"en-US\",\"@id\":\"https:\/\/librairie7l.com\/en\/#\/schema\/logo\/image\/\",\"url\":\"https:\/\/librairie7l.com\/wp-content\/uploads\/2022\/08\/logo-1.png\",\"contentUrl\":\"https:\/\/librairie7l.com\/wp-content\/uploads\/2022\/08\/logo-1.png\",\"width\":227,\"height\":301,\"caption\":\"Librairie 7L\"},\"image\":{\"@id\":\"https:\/\/librairie7l.com\/en\/#\/schema\/logo\/image\/\"}}]}<\/script>\n<!-- \/ Yoast SEO plugin. -->","yoast_head_json":{"title":"CHARLOTTE PERRIAND, AN ARCHITECT IN THE MONTAINS - Librairie 7L","robots":{"index":"index","follow":"follow","max-snippet":"max-snippet:-1","max-image-preview":"max-image-preview:large","max-video-preview":"max-video-preview:-1"},"canonical":"https:\/\/librairie7l.com\/en\/produit\/charlotte-perriand-an-architect-in-the-montains\/","og_locale":"en_US","og_type":"article","og_title":"CHARLOTTE PERRIAND, AN ARCHITECT IN THE MONTAINS - Librairie 7L","og_description":"Architecte, urbaniste, designer, Charlotte Perriand (1903-1999) met son g\u00e9nie visionnaire au service de l&#8217;am\u00e9nagement en montagne, de Saint-Nicolas-de V\u00e9roce \u00e0 M\u00e9ribel, de la vall\u00e9e de Belleville aux Arcs en Savoie en passant par la Chine. Joignant sa passion pour la montagne \u00e0 son activit\u00e9 professionnelle, la plupart des projets architecturaux d&#8217;avant-guerre de Charlotte Perriand sont [&hellip;]","og_url":"https:\/\/librairie7l.com\/en\/produit\/charlotte-perriand-an-architect-in-the-montains\/","og_site_name":"Librairie 7L","article_modified_time":"2026-04-13T12:32:18+00:00","og_image":[{"width":400,"height":528,"url":"https:\/\/librairie7l.com\/wp-content\/uploads\/2023\/01\/9782376660767_1_75.jpg","type":"image\/jpeg"}],"twitter_card":"summary_large_image","twitter_misc":{"Est. reading time":"1 minute"},"schema":{"@context":"https:\/\/schema.org","@graph":[{"@type":"WebPage","@id":"https:\/\/librairie7l.com\/en\/produit\/charlotte-perriand-an-architect-in-the-montains\/","url":"https:\/\/librairie7l.com\/en\/produit\/charlotte-perriand-an-architect-in-the-montains\/","name":"CHARLOTTE PERRIAND, AN ARCHITECT IN THE MONTAINS - Librairie 7L","isPartOf":{"@id":"https:\/\/librairie7l.com\/en\/#website"},"datePublished":"2023-05-09T16:31:06+00:00","dateModified":"2026-04-13T12:32:18+00:00","breadcrumb":{"@id":"https:\/\/librairie7l.com\/en\/produit\/charlotte-perriand-an-architect-in-the-montains\/#breadcrumb"},"inLanguage":"en-US","potentialAction":[{"@type":"ReadAction","target":["https:\/\/librairie7l.com\/en\/produit\/charlotte-perriand-an-architect-in-the-montains\/"]}]},{"@type":"BreadcrumbList","@id":"https:\/\/librairie7l.com\/en\/produit\/charlotte-perriand-an-architect-in-the-montains\/#breadcrumb","itemListElement":[{"@type":"ListItem","position":1,"name":"Accueil","item":"https:\/\/librairie7l.com\/en\/"},{"@type":"ListItem","position":2,"name":"Shop","item":"https:\/\/librairie7l.com\/en\/shop\/"},{"@type":"ListItem","position":3,"name":"CHARLOTTE PERRIAND, AN ARCHITECT IN THE MONTAINS"}]},{"@type":"WebSite","@id":"https:\/\/librairie7l.com\/en\/#website","url":"https:\/\/librairie7l.com\/en\/","name":"Librairie 7L","description":"Librairie fond\u00e9e en 1999 par Karl Lagerfeld \u00e0 Paris","publisher":{"@id":"https:\/\/librairie7l.com\/en\/#organization"},"potentialAction":[{"@type":"SearchAction","target":{"@type":"EntryPoint","urlTemplate":"https:\/\/librairie7l.com\/en\/?s={search_term_string}"},"query-input":"required name=search_term_string"}],"inLanguage":"en-US"},{"@type":"Organization","@id":"https:\/\/librairie7l.com\/en\/#organization","name":"Librairie 7L","url":"https:\/\/librairie7l.com\/en\/","logo":{"@type":"ImageObject","inLanguage":"en-US","@id":"https:\/\/librairie7l.com\/en\/#\/schema\/logo\/image\/","url":"https:\/\/librairie7l.com\/wp-content\/uploads\/2022\/08\/logo-1.png","contentUrl":"https:\/\/librairie7l.com\/wp-content\/uploads\/2022\/08\/logo-1.png","width":227,"height":301,"caption":"Librairie 7L"},"image":{"@id":"https:\/\/librairie7l.com\/en\/#\/schema\/logo\/image\/"}}]}},"_links":{"self":[{"href":"https:\/\/librairie7l.com\/en\/wp-json\/wp\/v2\/product\/21771"}],"collection":[{"href":"https:\/\/librairie7l.com\/en\/wp-json\/wp\/v2\/product"}],"about":[{"href":"https:\/\/librairie7l.com\/en\/wp-json\/wp\/v2\/types\/product"}],"wp:featuredmedia":[{"embeddable":true,"href":"https:\/\/librairie7l.com\/en\/wp-json\/wp\/v2\/media\/21769"}],"wp:attachment":[{"href":"https:\/\/librairie7l.com\/en\/wp-json\/wp\/v2\/media?parent=21771"}],"wp:term":[{"taxonomy":"product_cat","embeddable":true,"href":"https:\/\/librairie7l.com\/en\/wp-json\/wp\/v2\/product_cat?post=21771"},{"taxonomy":"product_tag","embeddable":true,"href":"https:\/\/librairie7l.com\/en\/wp-json\/wp\/v2\/product_tag?post=21771"}],"curies":[{"name":"wp","href":"https:\/\/api.w.org\/{rel}","templated":true}]}}