{"id":21775,"date":"2023-05-09T18:31:11","date_gmt":"2023-05-09T16:31:11","guid":{"rendered":"https:\/\/librairie7l.com\/?post_type=product&#038;p=21775"},"modified":"2026-04-16T23:08:24","modified_gmt":"2026-04-16T21:08:24","slug":"jean-derval-ceramiste-et-sculpteur","status":"publish","type":"product","link":"https:\/\/librairie7l.com\/en\/produit\/jean-derval-ceramiste-et-sculpteur\/","title":{"rendered":"JEAN DERVAL, C\u00c9RAMISTE ET SCULPTEUR"},"content":{"rendered":"<p>N\u00e9 en 1925, Jean Derval int\u00e8gre l&#8217;\u00c9cole des arts appliqu\u00e9s \u00e0 l&#8217;industrie en 1938. Particuli\u00e8rement dou\u00e9 pour le dessin, il se forme au m\u00e9tier de graphiste, et c&#8217;est comme affichiste qu&#8217;il entame sa vie professionnelle. Mais les difficult\u00e9s de l&#8217;\u00e9poque et sa curiosit\u00e9 naturelle le poussent \u00e0 diversifier son champ d&#8217;activit\u00e9. Engag\u00e9 par la soci\u00e9t\u00e9 Christofle, il r\u00e9alise des d\u00e9cors d&#8217;orf\u00e8vrerie mais aussi une ligne de c\u00e9ramiques d&#8217;usage devant \u00eatre r\u00e9alis\u00e9es \u00e0 Saint-Amand-en-Puisaye. Cette derni\u00e8re exp\u00e9rience d\u00e9bouche sur une v\u00e9ritable passion. Dans ce sanctuaire du gr\u00e8s, magnifi\u00e9 par Carri\u00e8s et son \u00e9cole \u00e0 l&#8217;aube du XXe si\u00e8cle, il d\u00e9couvre un univers qui le satisfait pleinement, par sa technique et ses vastes possibilit\u00e9s artistiques. Plus encore, la c\u00e9ramique laisse le cr\u00e9ateur compl\u00e8tement libre de ses choix, dans une imm\u00e9diatet\u00e9 quasi magique de r\u00e9alisation.<br \/>\nEn 1947, Jean Derval rejoint \u00e0 Vallauris ses camarades d&#8217;\u00e9cole Robert Picault et Roger Capron, qui ont fond\u00e9 l&#8217;atelier Callis. Apr\u00e8s une collaboration difficile, il rejoint deux ans plus tard le c\u00e9l\u00e8bre atelier Madoura, anim\u00e9 par Suzanne Rami\u00e9 et alors domin\u00e9 par la figure magistrale de Picasso. En 1951, il fonde son propre \u00e9tablissement, l&#8217;atelier du Portail. Il d\u00e9veloppe l\u00e0 un art subtil, d&#8217;une grande virtuosit\u00e9 technique et artistique, vou\u00e9 \u00e0 la pi\u00e8ce unique, qu&#8217;il s&#8217;agisse de c\u00e9ramique utilitaire, de d\u00e9coration int\u00e9rieure ou d&#8217;ornementation d&#8217;architecture.<br \/>\nCe savoir-faire fascine Roger Capron, qui l&#8217;emploie entre 1967 et 1973 dans sa manufacture. Mais Jean Derval reprend sa libert\u00e9 pour parachever une oeuvre magistrale, qui en fait l&#8217;un des meilleurs c\u00e9ramistes de sa g\u00e9n\u00e9ration.<\/p>\n","protected":false},"excerpt":{"rendered":"<p>N\u00e9 en 1925, Jean Derval int\u00e8gre l&#8217;\u00c9cole des arts appliqu\u00e9s \u00e0 l&#8217;industrie en 1938. Particuli\u00e8rement dou\u00e9 pour le dessin, il se forme au m\u00e9tier de graphiste, et c&#8217;est comme affichiste qu&#8217;il entame sa vie professionnelle. Mais les difficult\u00e9s de l&#8217;\u00e9poque et sa curiosit\u00e9 naturelle le poussent \u00e0 diversifier son champ d&#8217;activit\u00e9. Engag\u00e9 par la soci\u00e9t\u00e9 [&hellip;]<\/p>\n","protected":false},"featured_media":21773,"template":"","meta":[],"product_cat":[2948,2952],"product_tag":[],"acf":[],"yoast_head":"<!-- This site is optimized with the Yoast SEO plugin v20.11 - https:\/\/yoast.com\/wordpress\/plugins\/seo\/ -->\n<title>JEAN DERVAL, C\u00c9RAMISTE ET SCULPTEUR - Librairie 7L<\/title>\n<meta name=\"robots\" content=\"index, follow, max-snippet:-1, max-image-preview:large, max-video-preview:-1\" \/>\n<link rel=\"canonical\" href=\"https:\/\/librairie7l.com\/en\/produit\/jean-derval-ceramiste-et-sculpteur\/\" \/>\n<meta property=\"og:locale\" content=\"en_US\" \/>\n<meta property=\"og:type\" content=\"article\" \/>\n<meta property=\"og:title\" content=\"JEAN DERVAL, C\u00c9RAMISTE ET SCULPTEUR - Librairie 7L\" \/>\n<meta property=\"og:description\" content=\"N\u00e9 en 1925, Jean Derval int\u00e8gre l&#8217;\u00c9cole des arts appliqu\u00e9s \u00e0 l&#8217;industrie en 1938. Particuli\u00e8rement dou\u00e9 pour le dessin, il se forme au m\u00e9tier de graphiste, et c&#8217;est comme affichiste qu&#8217;il entame sa vie professionnelle. Mais les difficult\u00e9s de l&#8217;\u00e9poque et sa curiosit\u00e9 naturelle le poussent \u00e0 diversifier son champ d&#8217;activit\u00e9. Engag\u00e9 par la soci\u00e9t\u00e9 [&hellip;]\" \/>\n<meta property=\"og:url\" content=\"https:\/\/librairie7l.com\/en\/produit\/jean-derval-ceramiste-et-sculpteur\/\" \/>\n<meta property=\"og:site_name\" content=\"Librairie 7L\" \/>\n<meta property=\"article:modified_time\" content=\"2026-04-16T21:08:24+00:00\" \/>\n<meta property=\"og:image\" content=\"https:\/\/librairie7l.com\/wp-content\/uploads\/2011\/07\/9782915542400_1_75.jpg\" \/>\n\t<meta property=\"og:image:width\" content=\"357\" \/>\n\t<meta property=\"og:image:height\" content=\"475\" \/>\n\t<meta property=\"og:image:type\" content=\"image\/jpeg\" \/>\n<meta name=\"twitter:card\" content=\"summary_large_image\" \/>\n<meta name=\"twitter:label1\" content=\"Est. reading time\" \/>\n\t<meta name=\"twitter:data1\" content=\"1 minute\" \/>\n<script type=\"application\/ld+json\" class=\"yoast-schema-graph\">{\"@context\":\"https:\/\/schema.org\",\"@graph\":[{\"@type\":\"WebPage\",\"@id\":\"https:\/\/librairie7l.com\/en\/produit\/jean-derval-ceramiste-et-sculpteur\/\",\"url\":\"https:\/\/librairie7l.com\/en\/produit\/jean-derval-ceramiste-et-sculpteur\/\",\"name\":\"JEAN DERVAL, C\u00c9RAMISTE ET SCULPTEUR - Librairie 7L\",\"isPartOf\":{\"@id\":\"https:\/\/librairie7l.com\/en\/#website\"},\"datePublished\":\"2023-05-09T16:31:11+00:00\",\"dateModified\":\"2026-04-16T21:08:24+00:00\",\"breadcrumb\":{\"@id\":\"https:\/\/librairie7l.com\/en\/produit\/jean-derval-ceramiste-et-sculpteur\/#breadcrumb\"},\"inLanguage\":\"en-US\",\"potentialAction\":[{\"@type\":\"ReadAction\",\"target\":[\"https:\/\/librairie7l.com\/en\/produit\/jean-derval-ceramiste-et-sculpteur\/\"]}]},{\"@type\":\"BreadcrumbList\",\"@id\":\"https:\/\/librairie7l.com\/en\/produit\/jean-derval-ceramiste-et-sculpteur\/#breadcrumb\",\"itemListElement\":[{\"@type\":\"ListItem\",\"position\":1,\"name\":\"Accueil\",\"item\":\"https:\/\/librairie7l.com\/en\/\"},{\"@type\":\"ListItem\",\"position\":2,\"name\":\"Shop\",\"item\":\"https:\/\/librairie7l.com\/en\/shop\/\"},{\"@type\":\"ListItem\",\"position\":3,\"name\":\"JEAN DERVAL, C\u00c9RAMISTE ET SCULPTEUR\"}]},{\"@type\":\"WebSite\",\"@id\":\"https:\/\/librairie7l.com\/en\/#website\",\"url\":\"https:\/\/librairie7l.com\/en\/\",\"name\":\"Librairie 7L\",\"description\":\"Librairie fond\u00e9e en 1999 par Karl Lagerfeld \u00e0 Paris\",\"publisher\":{\"@id\":\"https:\/\/librairie7l.com\/en\/#organization\"},\"potentialAction\":[{\"@type\":\"SearchAction\",\"target\":{\"@type\":\"EntryPoint\",\"urlTemplate\":\"https:\/\/librairie7l.com\/en\/?s={search_term_string}\"},\"query-input\":\"required name=search_term_string\"}],\"inLanguage\":\"en-US\"},{\"@type\":\"Organization\",\"@id\":\"https:\/\/librairie7l.com\/en\/#organization\",\"name\":\"Librairie 7L\",\"url\":\"https:\/\/librairie7l.com\/en\/\",\"logo\":{\"@type\":\"ImageObject\",\"inLanguage\":\"en-US\",\"@id\":\"https:\/\/librairie7l.com\/en\/#\/schema\/logo\/image\/\",\"url\":\"https:\/\/librairie7l.com\/wp-content\/uploads\/2022\/08\/logo-1.png\",\"contentUrl\":\"https:\/\/librairie7l.com\/wp-content\/uploads\/2022\/08\/logo-1.png\",\"width\":227,\"height\":301,\"caption\":\"Librairie 7L\"},\"image\":{\"@id\":\"https:\/\/librairie7l.com\/en\/#\/schema\/logo\/image\/\"}}]}<\/script>\n<!-- \/ Yoast SEO plugin. -->","yoast_head_json":{"title":"JEAN DERVAL, C\u00c9RAMISTE ET SCULPTEUR - Librairie 7L","robots":{"index":"index","follow":"follow","max-snippet":"max-snippet:-1","max-image-preview":"max-image-preview:large","max-video-preview":"max-video-preview:-1"},"canonical":"https:\/\/librairie7l.com\/en\/produit\/jean-derval-ceramiste-et-sculpteur\/","og_locale":"en_US","og_type":"article","og_title":"JEAN DERVAL, C\u00c9RAMISTE ET SCULPTEUR - Librairie 7L","og_description":"N\u00e9 en 1925, Jean Derval int\u00e8gre l&#8217;\u00c9cole des arts appliqu\u00e9s \u00e0 l&#8217;industrie en 1938. Particuli\u00e8rement dou\u00e9 pour le dessin, il se forme au m\u00e9tier de graphiste, et c&#8217;est comme affichiste qu&#8217;il entame sa vie professionnelle. Mais les difficult\u00e9s de l&#8217;\u00e9poque et sa curiosit\u00e9 naturelle le poussent \u00e0 diversifier son champ d&#8217;activit\u00e9. Engag\u00e9 par la soci\u00e9t\u00e9 [&hellip;]","og_url":"https:\/\/librairie7l.com\/en\/produit\/jean-derval-ceramiste-et-sculpteur\/","og_site_name":"Librairie 7L","article_modified_time":"2026-04-16T21:08:24+00:00","og_image":[{"width":357,"height":475,"url":"https:\/\/librairie7l.com\/wp-content\/uploads\/2011\/07\/9782915542400_1_75.jpg","type":"image\/jpeg"}],"twitter_card":"summary_large_image","twitter_misc":{"Est. reading time":"1 minute"},"schema":{"@context":"https:\/\/schema.org","@graph":[{"@type":"WebPage","@id":"https:\/\/librairie7l.com\/en\/produit\/jean-derval-ceramiste-et-sculpteur\/","url":"https:\/\/librairie7l.com\/en\/produit\/jean-derval-ceramiste-et-sculpteur\/","name":"JEAN DERVAL, C\u00c9RAMISTE ET SCULPTEUR - Librairie 7L","isPartOf":{"@id":"https:\/\/librairie7l.com\/en\/#website"},"datePublished":"2023-05-09T16:31:11+00:00","dateModified":"2026-04-16T21:08:24+00:00","breadcrumb":{"@id":"https:\/\/librairie7l.com\/en\/produit\/jean-derval-ceramiste-et-sculpteur\/#breadcrumb"},"inLanguage":"en-US","potentialAction":[{"@type":"ReadAction","target":["https:\/\/librairie7l.com\/en\/produit\/jean-derval-ceramiste-et-sculpteur\/"]}]},{"@type":"BreadcrumbList","@id":"https:\/\/librairie7l.com\/en\/produit\/jean-derval-ceramiste-et-sculpteur\/#breadcrumb","itemListElement":[{"@type":"ListItem","position":1,"name":"Accueil","item":"https:\/\/librairie7l.com\/en\/"},{"@type":"ListItem","position":2,"name":"Shop","item":"https:\/\/librairie7l.com\/en\/shop\/"},{"@type":"ListItem","position":3,"name":"JEAN DERVAL, C\u00c9RAMISTE ET SCULPTEUR"}]},{"@type":"WebSite","@id":"https:\/\/librairie7l.com\/en\/#website","url":"https:\/\/librairie7l.com\/en\/","name":"Librairie 7L","description":"Librairie fond\u00e9e en 1999 par Karl Lagerfeld \u00e0 Paris","publisher":{"@id":"https:\/\/librairie7l.com\/en\/#organization"},"potentialAction":[{"@type":"SearchAction","target":{"@type":"EntryPoint","urlTemplate":"https:\/\/librairie7l.com\/en\/?s={search_term_string}"},"query-input":"required name=search_term_string"}],"inLanguage":"en-US"},{"@type":"Organization","@id":"https:\/\/librairie7l.com\/en\/#organization","name":"Librairie 7L","url":"https:\/\/librairie7l.com\/en\/","logo":{"@type":"ImageObject","inLanguage":"en-US","@id":"https:\/\/librairie7l.com\/en\/#\/schema\/logo\/image\/","url":"https:\/\/librairie7l.com\/wp-content\/uploads\/2022\/08\/logo-1.png","contentUrl":"https:\/\/librairie7l.com\/wp-content\/uploads\/2022\/08\/logo-1.png","width":227,"height":301,"caption":"Librairie 7L"},"image":{"@id":"https:\/\/librairie7l.com\/en\/#\/schema\/logo\/image\/"}}]}},"_links":{"self":[{"href":"https:\/\/librairie7l.com\/en\/wp-json\/wp\/v2\/product\/21775"}],"collection":[{"href":"https:\/\/librairie7l.com\/en\/wp-json\/wp\/v2\/product"}],"about":[{"href":"https:\/\/librairie7l.com\/en\/wp-json\/wp\/v2\/types\/product"}],"wp:featuredmedia":[{"embeddable":true,"href":"https:\/\/librairie7l.com\/en\/wp-json\/wp\/v2\/media\/21773"}],"wp:attachment":[{"href":"https:\/\/librairie7l.com\/en\/wp-json\/wp\/v2\/media?parent=21775"}],"wp:term":[{"taxonomy":"product_cat","embeddable":true,"href":"https:\/\/librairie7l.com\/en\/wp-json\/wp\/v2\/product_cat?post=21775"},{"taxonomy":"product_tag","embeddable":true,"href":"https:\/\/librairie7l.com\/en\/wp-json\/wp\/v2\/product_tag?post=21775"}],"curies":[{"name":"wp","href":"https:\/\/api.w.org\/{rel}","templated":true}]}}