{"id":21783,"date":"2023-05-09T18:31:19","date_gmt":"2023-05-09T16:31:19","guid":{"rendered":"https:\/\/librairie7l.com\/?post_type=product&#038;p=21783"},"modified":"2026-04-18T23:06:13","modified_gmt":"2026-04-18T21:06:13","slug":"madame-dora-neue-galerie","status":"publish","type":"product","link":"https:\/\/librairie7l.com\/en\/produit\/madame-dora-neue-galerie\/","title":{"rendered":"MADAME D&#8217;ORA ; NEUE GALERIE"},"content":{"rendered":"<p>Ce catalogue accompagne une exposition \u00e0 la Neue Galerie New York qui nous fait red\u00e9couvrir Madame D&#8217;Ora. N\u00e9e Dora Kallmus (1881-1963), cette Autrichienne, pionni\u00e8re de la photographie de mode et de portrait, fournit un t\u00e9moignage unique sur la Vienne Fin-de-Si\u00e8cle. Apr\u00e8s son installation \u00e0 Paris \u00e0 la fin des ann\u00e9es 20, elle ouvrit un studio photo Art Deco et compta toute la haute soci\u00e9t\u00e9 parmi ses mod\u00e8les, notamment Picasso, Josephine Baker, Coco Chanel, Tamara de Lempicka et Colette.<\/p>\n","protected":false},"excerpt":{"rendered":"<p>Ce catalogue accompagne une exposition \u00e0 la Neue Galerie New York qui nous fait red\u00e9couvrir Madame D&#8217;Ora. N\u00e9e Dora Kallmus (1881-1963), cette Autrichienne, pionni\u00e8re de la photographie de mode et de portrait, fournit un t\u00e9moignage unique sur la Vienne Fin-de-Si\u00e8cle. Apr\u00e8s son installation \u00e0 Paris \u00e0 la fin des ann\u00e9es 20, elle ouvrit un studio [&hellip;]<\/p>\n","protected":false},"featured_media":21781,"template":"","meta":[],"product_cat":[2948,2958],"product_tag":[],"acf":[],"yoast_head":"<!-- This site is optimized with the Yoast SEO plugin v20.11 - https:\/\/yoast.com\/wordpress\/plugins\/seo\/ -->\n<title>MADAME D&#039;ORA ; NEUE GALERIE - Librairie 7L<\/title>\n<meta name=\"robots\" content=\"index, follow, max-snippet:-1, max-image-preview:large, max-video-preview:-1\" \/>\n<link rel=\"canonical\" href=\"https:\/\/librairie7l.com\/en\/produit\/madame-dora-neue-galerie\/\" \/>\n<meta property=\"og:locale\" content=\"en_US\" \/>\n<meta property=\"og:type\" content=\"article\" \/>\n<meta property=\"og:title\" content=\"MADAME D&#039;ORA ; NEUE GALERIE - Librairie 7L\" \/>\n<meta property=\"og:description\" content=\"Ce catalogue accompagne une exposition \u00e0 la Neue Galerie New York qui nous fait red\u00e9couvrir Madame D&#8217;Ora. N\u00e9e Dora Kallmus (1881-1963), cette Autrichienne, pionni\u00e8re de la photographie de mode et de portrait, fournit un t\u00e9moignage unique sur la Vienne Fin-de-Si\u00e8cle. Apr\u00e8s son installation \u00e0 Paris \u00e0 la fin des ann\u00e9es 20, elle ouvrit un studio [&hellip;]\" \/>\n<meta property=\"og:url\" content=\"https:\/\/librairie7l.com\/en\/produit\/madame-dora-neue-galerie\/\" \/>\n<meta property=\"og:site_name\" content=\"Librairie 7L\" \/>\n<meta property=\"article:modified_time\" content=\"2026-04-18T21:06:13+00:00\" \/>\n<meta property=\"og:image\" content=\"https:\/\/librairie7l.com\/wp-content\/uploads\/2020\/02\/9783791359700_1_75.jpg\" \/>\n\t<meta property=\"og:image:width\" content=\"600\" \/>\n\t<meta property=\"og:image:height\" content=\"717\" \/>\n\t<meta property=\"og:image:type\" content=\"image\/jpeg\" \/>\n<meta name=\"twitter:card\" content=\"summary_large_image\" \/>\n<script type=\"application\/ld+json\" class=\"yoast-schema-graph\">{\"@context\":\"https:\/\/schema.org\",\"@graph\":[{\"@type\":\"WebPage\",\"@id\":\"https:\/\/librairie7l.com\/en\/produit\/madame-dora-neue-galerie\/\",\"url\":\"https:\/\/librairie7l.com\/en\/produit\/madame-dora-neue-galerie\/\",\"name\":\"MADAME D'ORA ; NEUE GALERIE - Librairie 7L\",\"isPartOf\":{\"@id\":\"https:\/\/librairie7l.com\/en\/#website\"},\"datePublished\":\"2023-05-09T16:31:19+00:00\",\"dateModified\":\"2026-04-18T21:06:13+00:00\",\"breadcrumb\":{\"@id\":\"https:\/\/librairie7l.com\/en\/produit\/madame-dora-neue-galerie\/#breadcrumb\"},\"inLanguage\":\"en-US\",\"potentialAction\":[{\"@type\":\"ReadAction\",\"target\":[\"https:\/\/librairie7l.com\/en\/produit\/madame-dora-neue-galerie\/\"]}]},{\"@type\":\"BreadcrumbList\",\"@id\":\"https:\/\/librairie7l.com\/en\/produit\/madame-dora-neue-galerie\/#breadcrumb\",\"itemListElement\":[{\"@type\":\"ListItem\",\"position\":1,\"name\":\"Accueil\",\"item\":\"https:\/\/librairie7l.com\/en\/\"},{\"@type\":\"ListItem\",\"position\":2,\"name\":\"Shop\",\"item\":\"https:\/\/librairie7l.com\/en\/shop\/\"},{\"@type\":\"ListItem\",\"position\":3,\"name\":\"MADAME D&#8217;ORA ; NEUE GALERIE\"}]},{\"@type\":\"WebSite\",\"@id\":\"https:\/\/librairie7l.com\/en\/#website\",\"url\":\"https:\/\/librairie7l.com\/en\/\",\"name\":\"Librairie 7L\",\"description\":\"Librairie fond\u00e9e en 1999 par Karl Lagerfeld \u00e0 Paris\",\"publisher\":{\"@id\":\"https:\/\/librairie7l.com\/en\/#organization\"},\"potentialAction\":[{\"@type\":\"SearchAction\",\"target\":{\"@type\":\"EntryPoint\",\"urlTemplate\":\"https:\/\/librairie7l.com\/en\/?s={search_term_string}\"},\"query-input\":\"required name=search_term_string\"}],\"inLanguage\":\"en-US\"},{\"@type\":\"Organization\",\"@id\":\"https:\/\/librairie7l.com\/en\/#organization\",\"name\":\"Librairie 7L\",\"url\":\"https:\/\/librairie7l.com\/en\/\",\"logo\":{\"@type\":\"ImageObject\",\"inLanguage\":\"en-US\",\"@id\":\"https:\/\/librairie7l.com\/en\/#\/schema\/logo\/image\/\",\"url\":\"https:\/\/librairie7l.com\/wp-content\/uploads\/2022\/08\/logo-1.png\",\"contentUrl\":\"https:\/\/librairie7l.com\/wp-content\/uploads\/2022\/08\/logo-1.png\",\"width\":227,\"height\":301,\"caption\":\"Librairie 7L\"},\"image\":{\"@id\":\"https:\/\/librairie7l.com\/en\/#\/schema\/logo\/image\/\"}}]}<\/script>\n<!-- \/ Yoast SEO plugin. -->","yoast_head_json":{"title":"MADAME D'ORA ; NEUE GALERIE - Librairie 7L","robots":{"index":"index","follow":"follow","max-snippet":"max-snippet:-1","max-image-preview":"max-image-preview:large","max-video-preview":"max-video-preview:-1"},"canonical":"https:\/\/librairie7l.com\/en\/produit\/madame-dora-neue-galerie\/","og_locale":"en_US","og_type":"article","og_title":"MADAME D'ORA ; NEUE GALERIE - Librairie 7L","og_description":"Ce catalogue accompagne une exposition \u00e0 la Neue Galerie New York qui nous fait red\u00e9couvrir Madame D&#8217;Ora. N\u00e9e Dora Kallmus (1881-1963), cette Autrichienne, pionni\u00e8re de la photographie de mode et de portrait, fournit un t\u00e9moignage unique sur la Vienne Fin-de-Si\u00e8cle. Apr\u00e8s son installation \u00e0 Paris \u00e0 la fin des ann\u00e9es 20, elle ouvrit un studio [&hellip;]","og_url":"https:\/\/librairie7l.com\/en\/produit\/madame-dora-neue-galerie\/","og_site_name":"Librairie 7L","article_modified_time":"2026-04-18T21:06:13+00:00","og_image":[{"width":600,"height":717,"url":"https:\/\/librairie7l.com\/wp-content\/uploads\/2020\/02\/9783791359700_1_75.jpg","type":"image\/jpeg"}],"twitter_card":"summary_large_image","schema":{"@context":"https:\/\/schema.org","@graph":[{"@type":"WebPage","@id":"https:\/\/librairie7l.com\/en\/produit\/madame-dora-neue-galerie\/","url":"https:\/\/librairie7l.com\/en\/produit\/madame-dora-neue-galerie\/","name":"MADAME D'ORA ; NEUE GALERIE - Librairie 7L","isPartOf":{"@id":"https:\/\/librairie7l.com\/en\/#website"},"datePublished":"2023-05-09T16:31:19+00:00","dateModified":"2026-04-18T21:06:13+00:00","breadcrumb":{"@id":"https:\/\/librairie7l.com\/en\/produit\/madame-dora-neue-galerie\/#breadcrumb"},"inLanguage":"en-US","potentialAction":[{"@type":"ReadAction","target":["https:\/\/librairie7l.com\/en\/produit\/madame-dora-neue-galerie\/"]}]},{"@type":"BreadcrumbList","@id":"https:\/\/librairie7l.com\/en\/produit\/madame-dora-neue-galerie\/#breadcrumb","itemListElement":[{"@type":"ListItem","position":1,"name":"Accueil","item":"https:\/\/librairie7l.com\/en\/"},{"@type":"ListItem","position":2,"name":"Shop","item":"https:\/\/librairie7l.com\/en\/shop\/"},{"@type":"ListItem","position":3,"name":"MADAME D&#8217;ORA ; NEUE GALERIE"}]},{"@type":"WebSite","@id":"https:\/\/librairie7l.com\/en\/#website","url":"https:\/\/librairie7l.com\/en\/","name":"Librairie 7L","description":"Librairie fond\u00e9e en 1999 par Karl Lagerfeld \u00e0 Paris","publisher":{"@id":"https:\/\/librairie7l.com\/en\/#organization"},"potentialAction":[{"@type":"SearchAction","target":{"@type":"EntryPoint","urlTemplate":"https:\/\/librairie7l.com\/en\/?s={search_term_string}"},"query-input":"required name=search_term_string"}],"inLanguage":"en-US"},{"@type":"Organization","@id":"https:\/\/librairie7l.com\/en\/#organization","name":"Librairie 7L","url":"https:\/\/librairie7l.com\/en\/","logo":{"@type":"ImageObject","inLanguage":"en-US","@id":"https:\/\/librairie7l.com\/en\/#\/schema\/logo\/image\/","url":"https:\/\/librairie7l.com\/wp-content\/uploads\/2022\/08\/logo-1.png","contentUrl":"https:\/\/librairie7l.com\/wp-content\/uploads\/2022\/08\/logo-1.png","width":227,"height":301,"caption":"Librairie 7L"},"image":{"@id":"https:\/\/librairie7l.com\/en\/#\/schema\/logo\/image\/"}}]}},"_links":{"self":[{"href":"https:\/\/librairie7l.com\/en\/wp-json\/wp\/v2\/product\/21783"}],"collection":[{"href":"https:\/\/librairie7l.com\/en\/wp-json\/wp\/v2\/product"}],"about":[{"href":"https:\/\/librairie7l.com\/en\/wp-json\/wp\/v2\/types\/product"}],"wp:featuredmedia":[{"embeddable":true,"href":"https:\/\/librairie7l.com\/en\/wp-json\/wp\/v2\/media\/21781"}],"wp:attachment":[{"href":"https:\/\/librairie7l.com\/en\/wp-json\/wp\/v2\/media?parent=21783"}],"wp:term":[{"taxonomy":"product_cat","embeddable":true,"href":"https:\/\/librairie7l.com\/en\/wp-json\/wp\/v2\/product_cat?post=21783"},{"taxonomy":"product_tag","embeddable":true,"href":"https:\/\/librairie7l.com\/en\/wp-json\/wp\/v2\/product_tag?post=21783"}],"curies":[{"name":"wp","href":"https:\/\/api.w.org\/{rel}","templated":true}]}}