{"id":21799,"date":"2023-05-09T18:31:31","date_gmt":"2023-05-09T16:31:31","guid":{"rendered":"https:\/\/librairie7l.com\/?post_type=product&#038;p=21799"},"modified":"2026-05-01T13:14:42","modified_gmt":"2026-05-01T11:14:42","slug":"coloration-et-patine-des-metaux","status":"publish","type":"product","link":"https:\/\/librairie7l.com\/en\/produit\/coloration-et-patine-des-metaux\/","title":{"rendered":"COLORATION ET PATINE DES M\u00c9TAUX"},"content":{"rendered":"<p>La coloration d\u00e9corative et la patine des m\u00e9taux remontent \u00e0 plusieurs si\u00e8cles et sont utilis\u00e9es dans toutes les grandes traditions du travail des m\u00e9taux.<br \/>\nMalheureusement, nombre de ces techniques traditionnelles avaient \u00e9t\u00e9 n\u00e9glig\u00e9es, puis perdues, faute de transmission.<br \/>\nGr\u00e2ce \u00e0 cet ouvrage, dans lequel sont rassembl\u00e9es des recettes et des techniques pratiques relatives aux mat\u00e9riaux couramment utilis\u00e9es, les artisans m\u00e9talliers et les artistes sculpteurs se voient offrir une fabuleuse source d&#8217;informations.<br \/>\n&#8211; Un panorama des techniques de coloration des m\u00e9taux, en fonction des surfaces et des finitions, illustr\u00e9 de dessins techniques explicatifs.<br \/>\n&#8211; 394 recettes de coloration pour le bronze, le cuivre, la dorure, l&#8217;argenture, dans les teintes rouge, marron, noir, vert, toutes test\u00e9es avec une s\u00e9lection de mat\u00e9riaux coul\u00e9s et lamin\u00e9s, et chacune illustr\u00e9e d&#8217;une photographie en couleur du r\u00e9sultat obtenu.<br \/>\n&#8211; Des tests de reproductabilit\u00e9 ayant \u00e9t\u00e9 r\u00e9alis\u00e9s, \u00e0 la fois sur des \u00e9chantillons et sur des objets de plus grandes dimensions, les proc\u00e9d\u00e9s ont pu \u00eatre affin\u00e9s au maximum et de nouvelles techniques ont \u00e9t\u00e9 d\u00e9velopp\u00e9s.<br \/>\n&#8211; Le lustrage et les techniques sp\u00e9ciales sont enfin \u00e9voqu\u00e9s, ainsi que, en annexe, les pr\u00e9cautions \u00e0 prendre en mati\u00e8re de s\u00e9curit\u00e9, les conditions de stockage et d&#8217;utilisation des diff\u00e9rents produits chimiques, et les risques encourus.<\/p>\n","protected":false},"excerpt":{"rendered":"<p>La coloration d\u00e9corative et la patine des m\u00e9taux remontent \u00e0 plusieurs si\u00e8cles et sont utilis\u00e9es dans toutes les grandes traditions du travail des m\u00e9taux. Malheureusement, nombre de ces techniques traditionnelles avaient \u00e9t\u00e9 n\u00e9glig\u00e9es, puis perdues, faute de transmission. Gr\u00e2ce \u00e0 cet ouvrage, dans lequel sont rassembl\u00e9es des recettes et des techniques pratiques relatives aux mat\u00e9riaux [&hellip;]<\/p>\n","protected":false},"featured_media":21797,"template":"","meta":[],"product_cat":[2948,2952],"product_tag":[],"acf":[],"yoast_head":"<!-- This site is optimized with the Yoast SEO plugin v20.11 - https:\/\/yoast.com\/wordpress\/plugins\/seo\/ -->\n<title>COLORATION ET PATINE DES M\u00c9TAUX - Librairie 7L<\/title>\n<meta name=\"robots\" content=\"index, follow, max-snippet:-1, max-image-preview:large, max-video-preview:-1\" \/>\n<link rel=\"canonical\" href=\"https:\/\/librairie7l.com\/en\/produit\/coloration-et-patine-des-metaux\/\" \/>\n<meta property=\"og:locale\" content=\"en_US\" \/>\n<meta property=\"og:type\" content=\"article\" \/>\n<meta property=\"og:title\" content=\"COLORATION ET PATINE DES M\u00c9TAUX - Librairie 7L\" \/>\n<meta property=\"og:description\" content=\"La coloration d\u00e9corative et la patine des m\u00e9taux remontent \u00e0 plusieurs si\u00e8cles et sont utilis\u00e9es dans toutes les grandes traditions du travail des m\u00e9taux. Malheureusement, nombre de ces techniques traditionnelles avaient \u00e9t\u00e9 n\u00e9glig\u00e9es, puis perdues, faute de transmission. Gr\u00e2ce \u00e0 cet ouvrage, dans lequel sont rassembl\u00e9es des recettes et des techniques pratiques relatives aux mat\u00e9riaux [&hellip;]\" \/>\n<meta property=\"og:url\" content=\"https:\/\/librairie7l.com\/en\/produit\/coloration-et-patine-des-metaux\/\" \/>\n<meta property=\"og:site_name\" content=\"Librairie 7L\" \/>\n<meta property=\"article:modified_time\" content=\"2026-05-01T11:14:42+00:00\" \/>\n<meta property=\"og:image\" content=\"https:\/\/librairie7l.com\/wp-content\/uploads\/2018\/05\/9782851012081_1_75.jpg\" \/>\n\t<meta property=\"og:image:width\" content=\"1000\" \/>\n\t<meta property=\"og:image:height\" content=\"1302\" \/>\n\t<meta property=\"og:image:type\" content=\"image\/jpeg\" \/>\n<meta name=\"twitter:card\" content=\"summary_large_image\" \/>\n<meta name=\"twitter:label1\" content=\"Est. reading time\" \/>\n\t<meta name=\"twitter:data1\" content=\"1 minute\" \/>\n<script type=\"application\/ld+json\" class=\"yoast-schema-graph\">{\"@context\":\"https:\/\/schema.org\",\"@graph\":[{\"@type\":\"WebPage\",\"@id\":\"https:\/\/librairie7l.com\/en\/produit\/coloration-et-patine-des-metaux\/\",\"url\":\"https:\/\/librairie7l.com\/en\/produit\/coloration-et-patine-des-metaux\/\",\"name\":\"COLORATION ET PATINE DES M\u00c9TAUX - Librairie 7L\",\"isPartOf\":{\"@id\":\"https:\/\/librairie7l.com\/en\/#website\"},\"datePublished\":\"2023-05-09T16:31:31+00:00\",\"dateModified\":\"2026-05-01T11:14:42+00:00\",\"breadcrumb\":{\"@id\":\"https:\/\/librairie7l.com\/en\/produit\/coloration-et-patine-des-metaux\/#breadcrumb\"},\"inLanguage\":\"en-US\",\"potentialAction\":[{\"@type\":\"ReadAction\",\"target\":[\"https:\/\/librairie7l.com\/en\/produit\/coloration-et-patine-des-metaux\/\"]}]},{\"@type\":\"BreadcrumbList\",\"@id\":\"https:\/\/librairie7l.com\/en\/produit\/coloration-et-patine-des-metaux\/#breadcrumb\",\"itemListElement\":[{\"@type\":\"ListItem\",\"position\":1,\"name\":\"Accueil\",\"item\":\"https:\/\/librairie7l.com\/en\/\"},{\"@type\":\"ListItem\",\"position\":2,\"name\":\"Shop\",\"item\":\"https:\/\/librairie7l.com\/en\/shop\/\"},{\"@type\":\"ListItem\",\"position\":3,\"name\":\"COLORATION ET PATINE DES M\u00c9TAUX\"}]},{\"@type\":\"WebSite\",\"@id\":\"https:\/\/librairie7l.com\/en\/#website\",\"url\":\"https:\/\/librairie7l.com\/en\/\",\"name\":\"Librairie 7L\",\"description\":\"Librairie fond\u00e9e en 1999 par Karl Lagerfeld \u00e0 Paris\",\"publisher\":{\"@id\":\"https:\/\/librairie7l.com\/en\/#organization\"},\"potentialAction\":[{\"@type\":\"SearchAction\",\"target\":{\"@type\":\"EntryPoint\",\"urlTemplate\":\"https:\/\/librairie7l.com\/en\/?s={search_term_string}\"},\"query-input\":\"required name=search_term_string\"}],\"inLanguage\":\"en-US\"},{\"@type\":\"Organization\",\"@id\":\"https:\/\/librairie7l.com\/en\/#organization\",\"name\":\"Librairie 7L\",\"url\":\"https:\/\/librairie7l.com\/en\/\",\"logo\":{\"@type\":\"ImageObject\",\"inLanguage\":\"en-US\",\"@id\":\"https:\/\/librairie7l.com\/en\/#\/schema\/logo\/image\/\",\"url\":\"https:\/\/librairie7l.com\/wp-content\/uploads\/2022\/08\/logo-1.png\",\"contentUrl\":\"https:\/\/librairie7l.com\/wp-content\/uploads\/2022\/08\/logo-1.png\",\"width\":227,\"height\":301,\"caption\":\"Librairie 7L\"},\"image\":{\"@id\":\"https:\/\/librairie7l.com\/en\/#\/schema\/logo\/image\/\"}}]}<\/script>\n<!-- \/ Yoast SEO plugin. -->","yoast_head_json":{"title":"COLORATION ET PATINE DES M\u00c9TAUX - Librairie 7L","robots":{"index":"index","follow":"follow","max-snippet":"max-snippet:-1","max-image-preview":"max-image-preview:large","max-video-preview":"max-video-preview:-1"},"canonical":"https:\/\/librairie7l.com\/en\/produit\/coloration-et-patine-des-metaux\/","og_locale":"en_US","og_type":"article","og_title":"COLORATION ET PATINE DES M\u00c9TAUX - Librairie 7L","og_description":"La coloration d\u00e9corative et la patine des m\u00e9taux remontent \u00e0 plusieurs si\u00e8cles et sont utilis\u00e9es dans toutes les grandes traditions du travail des m\u00e9taux. Malheureusement, nombre de ces techniques traditionnelles avaient \u00e9t\u00e9 n\u00e9glig\u00e9es, puis perdues, faute de transmission. Gr\u00e2ce \u00e0 cet ouvrage, dans lequel sont rassembl\u00e9es des recettes et des techniques pratiques relatives aux mat\u00e9riaux [&hellip;]","og_url":"https:\/\/librairie7l.com\/en\/produit\/coloration-et-patine-des-metaux\/","og_site_name":"Librairie 7L","article_modified_time":"2026-05-01T11:14:42+00:00","og_image":[{"width":1000,"height":1302,"url":"https:\/\/librairie7l.com\/wp-content\/uploads\/2018\/05\/9782851012081_1_75.jpg","type":"image\/jpeg"}],"twitter_card":"summary_large_image","twitter_misc":{"Est. reading time":"1 minute"},"schema":{"@context":"https:\/\/schema.org","@graph":[{"@type":"WebPage","@id":"https:\/\/librairie7l.com\/en\/produit\/coloration-et-patine-des-metaux\/","url":"https:\/\/librairie7l.com\/en\/produit\/coloration-et-patine-des-metaux\/","name":"COLORATION ET PATINE DES M\u00c9TAUX - Librairie 7L","isPartOf":{"@id":"https:\/\/librairie7l.com\/en\/#website"},"datePublished":"2023-05-09T16:31:31+00:00","dateModified":"2026-05-01T11:14:42+00:00","breadcrumb":{"@id":"https:\/\/librairie7l.com\/en\/produit\/coloration-et-patine-des-metaux\/#breadcrumb"},"inLanguage":"en-US","potentialAction":[{"@type":"ReadAction","target":["https:\/\/librairie7l.com\/en\/produit\/coloration-et-patine-des-metaux\/"]}]},{"@type":"BreadcrumbList","@id":"https:\/\/librairie7l.com\/en\/produit\/coloration-et-patine-des-metaux\/#breadcrumb","itemListElement":[{"@type":"ListItem","position":1,"name":"Accueil","item":"https:\/\/librairie7l.com\/en\/"},{"@type":"ListItem","position":2,"name":"Shop","item":"https:\/\/librairie7l.com\/en\/shop\/"},{"@type":"ListItem","position":3,"name":"COLORATION ET PATINE DES M\u00c9TAUX"}]},{"@type":"WebSite","@id":"https:\/\/librairie7l.com\/en\/#website","url":"https:\/\/librairie7l.com\/en\/","name":"Librairie 7L","description":"Librairie fond\u00e9e en 1999 par Karl Lagerfeld \u00e0 Paris","publisher":{"@id":"https:\/\/librairie7l.com\/en\/#organization"},"potentialAction":[{"@type":"SearchAction","target":{"@type":"EntryPoint","urlTemplate":"https:\/\/librairie7l.com\/en\/?s={search_term_string}"},"query-input":"required name=search_term_string"}],"inLanguage":"en-US"},{"@type":"Organization","@id":"https:\/\/librairie7l.com\/en\/#organization","name":"Librairie 7L","url":"https:\/\/librairie7l.com\/en\/","logo":{"@type":"ImageObject","inLanguage":"en-US","@id":"https:\/\/librairie7l.com\/en\/#\/schema\/logo\/image\/","url":"https:\/\/librairie7l.com\/wp-content\/uploads\/2022\/08\/logo-1.png","contentUrl":"https:\/\/librairie7l.com\/wp-content\/uploads\/2022\/08\/logo-1.png","width":227,"height":301,"caption":"Librairie 7L"},"image":{"@id":"https:\/\/librairie7l.com\/en\/#\/schema\/logo\/image\/"}}]}},"_links":{"self":[{"href":"https:\/\/librairie7l.com\/en\/wp-json\/wp\/v2\/product\/21799"}],"collection":[{"href":"https:\/\/librairie7l.com\/en\/wp-json\/wp\/v2\/product"}],"about":[{"href":"https:\/\/librairie7l.com\/en\/wp-json\/wp\/v2\/types\/product"}],"wp:featuredmedia":[{"embeddable":true,"href":"https:\/\/librairie7l.com\/en\/wp-json\/wp\/v2\/media\/21797"}],"wp:attachment":[{"href":"https:\/\/librairie7l.com\/en\/wp-json\/wp\/v2\/media?parent=21799"}],"wp:term":[{"taxonomy":"product_cat","embeddable":true,"href":"https:\/\/librairie7l.com\/en\/wp-json\/wp\/v2\/product_cat?post=21799"},{"taxonomy":"product_tag","embeddable":true,"href":"https:\/\/librairie7l.com\/en\/wp-json\/wp\/v2\/product_tag?post=21799"}],"curies":[{"name":"wp","href":"https:\/\/api.w.org\/{rel}","templated":true}]}}