{"id":21839,"date":"2023-05-09T18:32:08","date_gmt":"2023-05-09T16:32:08","guid":{"rendered":"https:\/\/librairie7l.com\/?post_type=product&#038;p=21839"},"modified":"2026-04-07T09:03:18","modified_gmt":"2026-04-07T07:03:18","slug":"la-villa-savoye","status":"publish","type":"product","link":"https:\/\/librairie7l.com\/en\/produit\/la-villa-savoye\/","title":{"rendered":"LA VILLA SAVOYE"},"content":{"rendered":"<p>\u00c9difice majeur de l\u00bfarchitecture du xxe si\u00e8cle et de l\u00bf\u00bfuvre du c\u00e9l\u00e8bre et talentueux architecte Charles-\u00c9douard Jeanneret, dit Le Corbusier, la villa Savoye \u00e0 Poissy (Yvelines), livr\u00e9e en 1931, frappe par sa radicalit\u00e9 formelle. Implant\u00e9e sur un terrain de 7 ha dominant la vall\u00e9e de la Seine, cette villa, baptis\u00e9e  les Heures claires  par ses propri\u00e9taires, Pierre et Eug\u00e9nie Savoye, ach\u00e8ve la p\u00e9riode dite  des villas blanches  de l\u00bfarchitecte. Cette construction est la parfaite illustration de la th\u00e9orie des cinq points de l\u00bfarchitecture moderne formul\u00e9e en 1927 : les pilotis, les toits-jardins, le plan libre, la fen\u00eatre en longueur et la fa\u00e7ade libre. <\/p>\n<p>Au-del\u00e0 de l\u00bfhistoire de la villa et du d\u00e9cryptage de ses particularit\u00e9s architecturales abord\u00e9s dans les deux premi\u00e8res parties de l\u00bfouvrage, l\u00bfauteur convie \u00e0 une d\u00e9couverte renouvel\u00e9e de cet \u00e9difice dans les riches annexes de l\u00bfouvrage. <\/p>\n<p>Historien de l\u00bfarchitecture, Dominique Amouroux est l\u00bfauteur de guides, de monographies et de chroniques sur l\u00bfarchitecture moderne et contemporaine. Il collabore r\u00e9guli\u00e8rement aux revues 303, Recherches et cr\u00e9ations, Archi-Cr\u00e9\u00e9, Architecture \u00e0 vivre. Il est \u00e9galement l\u00bfauteur de Louis Arretche dans la collection  Carnets d\u00bfarchitectes . <\/p>\n<p>\u00bf Sign\u00e9e par Le Corbusier, architecte phare du xxe si\u00e8cle. <\/p>\n<p>\u00bf La maison manifeste de la modernit\u00e9 \u00e0 30 km \u00e0 l\u00bfouest de Paris. <\/p>\n<p>\u00bf La parfaite illustration de la th\u00e9orie des cinq points de l\u00bfarchitecture moderne. <\/p>\n<p>\u00bf Un format pratique, un texte historique concis et un ensemble d\u00bfimages largement comment\u00e9es pour une approche attrayante du monument \u00e0 un prix raisonnable.<\/p>\n","protected":false},"excerpt":{"rendered":"<p>\u00c9difice majeur de l\u00bfarchitecture du xxe si\u00e8cle et de l\u00bf\u00bfuvre du c\u00e9l\u00e8bre et talentueux architecte Charles-\u00c9douard Jeanneret, dit Le Corbusier, la villa Savoye \u00e0 Poissy (Yvelines), livr\u00e9e en 1931, frappe par sa radicalit\u00e9 formelle. Implant\u00e9e sur un terrain de 7 ha dominant la vall\u00e9e de la Seine, cette villa, baptis\u00e9e les Heures claires par ses [&hellip;]<\/p>\n","protected":false},"featured_media":21837,"template":"","meta":[],"product_cat":[2948,2950],"product_tag":[],"acf":[],"yoast_head":"<!-- This site is optimized with the Yoast SEO plugin v20.11 - https:\/\/yoast.com\/wordpress\/plugins\/seo\/ -->\n<title>LA VILLA SAVOYE - Librairie 7L<\/title>\n<meta name=\"robots\" content=\"index, follow, max-snippet:-1, max-image-preview:large, max-video-preview:-1\" \/>\n<link rel=\"canonical\" href=\"https:\/\/librairie7l.com\/en\/produit\/la-villa-savoye\/\" \/>\n<meta property=\"og:locale\" content=\"en_US\" \/>\n<meta property=\"og:type\" content=\"article\" \/>\n<meta property=\"og:title\" content=\"LA VILLA SAVOYE - Librairie 7L\" \/>\n<meta property=\"og:description\" content=\"\u00c9difice majeur de l\u00bfarchitecture du xxe si\u00e8cle et de l\u00bf\u00bfuvre du c\u00e9l\u00e8bre et talentueux architecte Charles-\u00c9douard Jeanneret, dit Le Corbusier, la villa Savoye \u00e0 Poissy (Yvelines), livr\u00e9e en 1931, frappe par sa radicalit\u00e9 formelle. Implant\u00e9e sur un terrain de 7 ha dominant la vall\u00e9e de la Seine, cette villa, baptis\u00e9e les Heures claires par ses [&hellip;]\" \/>\n<meta property=\"og:url\" content=\"https:\/\/librairie7l.com\/en\/produit\/la-villa-savoye\/\" \/>\n<meta property=\"og:site_name\" content=\"Librairie 7L\" \/>\n<meta property=\"article:modified_time\" content=\"2026-04-07T07:03:18+00:00\" \/>\n<meta property=\"og:image\" content=\"https:\/\/librairie7l.com\/wp-content\/uploads\/2011\/07\/9782757701393_1_75.jpg\" \/>\n\t<meta property=\"og:image:width\" content=\"400\" \/>\n\t<meta property=\"og:image:height\" content=\"431\" \/>\n\t<meta property=\"og:image:type\" content=\"image\/jpeg\" \/>\n<meta name=\"twitter:card\" content=\"summary_large_image\" \/>\n<meta name=\"twitter:label1\" content=\"Est. reading time\" \/>\n\t<meta name=\"twitter:data1\" content=\"1 minute\" \/>\n<script type=\"application\/ld+json\" class=\"yoast-schema-graph\">{\"@context\":\"https:\/\/schema.org\",\"@graph\":[{\"@type\":\"WebPage\",\"@id\":\"https:\/\/librairie7l.com\/en\/produit\/la-villa-savoye\/\",\"url\":\"https:\/\/librairie7l.com\/en\/produit\/la-villa-savoye\/\",\"name\":\"LA VILLA SAVOYE - Librairie 7L\",\"isPartOf\":{\"@id\":\"https:\/\/librairie7l.com\/en\/#website\"},\"datePublished\":\"2023-05-09T16:32:08+00:00\",\"dateModified\":\"2026-04-07T07:03:18+00:00\",\"breadcrumb\":{\"@id\":\"https:\/\/librairie7l.com\/en\/produit\/la-villa-savoye\/#breadcrumb\"},\"inLanguage\":\"en-US\",\"potentialAction\":[{\"@type\":\"ReadAction\",\"target\":[\"https:\/\/librairie7l.com\/en\/produit\/la-villa-savoye\/\"]}]},{\"@type\":\"BreadcrumbList\",\"@id\":\"https:\/\/librairie7l.com\/en\/produit\/la-villa-savoye\/#breadcrumb\",\"itemListElement\":[{\"@type\":\"ListItem\",\"position\":1,\"name\":\"Accueil\",\"item\":\"https:\/\/librairie7l.com\/en\/\"},{\"@type\":\"ListItem\",\"position\":2,\"name\":\"Shop\",\"item\":\"https:\/\/librairie7l.com\/en\/shop\/\"},{\"@type\":\"ListItem\",\"position\":3,\"name\":\"LA VILLA SAVOYE\"}]},{\"@type\":\"WebSite\",\"@id\":\"https:\/\/librairie7l.com\/en\/#website\",\"url\":\"https:\/\/librairie7l.com\/en\/\",\"name\":\"Librairie 7L\",\"description\":\"Librairie fond\u00e9e en 1999 par Karl Lagerfeld \u00e0 Paris\",\"publisher\":{\"@id\":\"https:\/\/librairie7l.com\/en\/#organization\"},\"potentialAction\":[{\"@type\":\"SearchAction\",\"target\":{\"@type\":\"EntryPoint\",\"urlTemplate\":\"https:\/\/librairie7l.com\/en\/?s={search_term_string}\"},\"query-input\":\"required name=search_term_string\"}],\"inLanguage\":\"en-US\"},{\"@type\":\"Organization\",\"@id\":\"https:\/\/librairie7l.com\/en\/#organization\",\"name\":\"Librairie 7L\",\"url\":\"https:\/\/librairie7l.com\/en\/\",\"logo\":{\"@type\":\"ImageObject\",\"inLanguage\":\"en-US\",\"@id\":\"https:\/\/librairie7l.com\/en\/#\/schema\/logo\/image\/\",\"url\":\"https:\/\/librairie7l.com\/wp-content\/uploads\/2022\/08\/logo-1.png\",\"contentUrl\":\"https:\/\/librairie7l.com\/wp-content\/uploads\/2022\/08\/logo-1.png\",\"width\":227,\"height\":301,\"caption\":\"Librairie 7L\"},\"image\":{\"@id\":\"https:\/\/librairie7l.com\/en\/#\/schema\/logo\/image\/\"}}]}<\/script>\n<!-- \/ Yoast SEO plugin. -->","yoast_head_json":{"title":"LA VILLA SAVOYE - Librairie 7L","robots":{"index":"index","follow":"follow","max-snippet":"max-snippet:-1","max-image-preview":"max-image-preview:large","max-video-preview":"max-video-preview:-1"},"canonical":"https:\/\/librairie7l.com\/en\/produit\/la-villa-savoye\/","og_locale":"en_US","og_type":"article","og_title":"LA VILLA SAVOYE - Librairie 7L","og_description":"\u00c9difice majeur de l\u00bfarchitecture du xxe si\u00e8cle et de l\u00bf\u00bfuvre du c\u00e9l\u00e8bre et talentueux architecte Charles-\u00c9douard Jeanneret, dit Le Corbusier, la villa Savoye \u00e0 Poissy (Yvelines), livr\u00e9e en 1931, frappe par sa radicalit\u00e9 formelle. Implant\u00e9e sur un terrain de 7 ha dominant la vall\u00e9e de la Seine, cette villa, baptis\u00e9e les Heures claires par ses [&hellip;]","og_url":"https:\/\/librairie7l.com\/en\/produit\/la-villa-savoye\/","og_site_name":"Librairie 7L","article_modified_time":"2026-04-07T07:03:18+00:00","og_image":[{"width":400,"height":431,"url":"https:\/\/librairie7l.com\/wp-content\/uploads\/2011\/07\/9782757701393_1_75.jpg","type":"image\/jpeg"}],"twitter_card":"summary_large_image","twitter_misc":{"Est. reading time":"1 minute"},"schema":{"@context":"https:\/\/schema.org","@graph":[{"@type":"WebPage","@id":"https:\/\/librairie7l.com\/en\/produit\/la-villa-savoye\/","url":"https:\/\/librairie7l.com\/en\/produit\/la-villa-savoye\/","name":"LA VILLA SAVOYE - Librairie 7L","isPartOf":{"@id":"https:\/\/librairie7l.com\/en\/#website"},"datePublished":"2023-05-09T16:32:08+00:00","dateModified":"2026-04-07T07:03:18+00:00","breadcrumb":{"@id":"https:\/\/librairie7l.com\/en\/produit\/la-villa-savoye\/#breadcrumb"},"inLanguage":"en-US","potentialAction":[{"@type":"ReadAction","target":["https:\/\/librairie7l.com\/en\/produit\/la-villa-savoye\/"]}]},{"@type":"BreadcrumbList","@id":"https:\/\/librairie7l.com\/en\/produit\/la-villa-savoye\/#breadcrumb","itemListElement":[{"@type":"ListItem","position":1,"name":"Accueil","item":"https:\/\/librairie7l.com\/en\/"},{"@type":"ListItem","position":2,"name":"Shop","item":"https:\/\/librairie7l.com\/en\/shop\/"},{"@type":"ListItem","position":3,"name":"LA VILLA SAVOYE"}]},{"@type":"WebSite","@id":"https:\/\/librairie7l.com\/en\/#website","url":"https:\/\/librairie7l.com\/en\/","name":"Librairie 7L","description":"Librairie fond\u00e9e en 1999 par Karl Lagerfeld \u00e0 Paris","publisher":{"@id":"https:\/\/librairie7l.com\/en\/#organization"},"potentialAction":[{"@type":"SearchAction","target":{"@type":"EntryPoint","urlTemplate":"https:\/\/librairie7l.com\/en\/?s={search_term_string}"},"query-input":"required name=search_term_string"}],"inLanguage":"en-US"},{"@type":"Organization","@id":"https:\/\/librairie7l.com\/en\/#organization","name":"Librairie 7L","url":"https:\/\/librairie7l.com\/en\/","logo":{"@type":"ImageObject","inLanguage":"en-US","@id":"https:\/\/librairie7l.com\/en\/#\/schema\/logo\/image\/","url":"https:\/\/librairie7l.com\/wp-content\/uploads\/2022\/08\/logo-1.png","contentUrl":"https:\/\/librairie7l.com\/wp-content\/uploads\/2022\/08\/logo-1.png","width":227,"height":301,"caption":"Librairie 7L"},"image":{"@id":"https:\/\/librairie7l.com\/en\/#\/schema\/logo\/image\/"}}]}},"_links":{"self":[{"href":"https:\/\/librairie7l.com\/en\/wp-json\/wp\/v2\/product\/21839"}],"collection":[{"href":"https:\/\/librairie7l.com\/en\/wp-json\/wp\/v2\/product"}],"about":[{"href":"https:\/\/librairie7l.com\/en\/wp-json\/wp\/v2\/types\/product"}],"wp:featuredmedia":[{"embeddable":true,"href":"https:\/\/librairie7l.com\/en\/wp-json\/wp\/v2\/media\/21837"}],"wp:attachment":[{"href":"https:\/\/librairie7l.com\/en\/wp-json\/wp\/v2\/media?parent=21839"}],"wp:term":[{"taxonomy":"product_cat","embeddable":true,"href":"https:\/\/librairie7l.com\/en\/wp-json\/wp\/v2\/product_cat?post=21839"},{"taxonomy":"product_tag","embeddable":true,"href":"https:\/\/librairie7l.com\/en\/wp-json\/wp\/v2\/product_tag?post=21839"}],"curies":[{"name":"wp","href":"https:\/\/api.w.org\/{rel}","templated":true}]}}