{"id":21859,"date":"2023-05-09T18:32:27","date_gmt":"2023-05-09T16:32:27","guid":{"rendered":"https:\/\/librairie7l.com\/?post_type=product&#038;p=21859"},"modified":"2026-05-01T13:14:03","modified_gmt":"2026-05-01T11:14:03","slug":"jean-royere","status":"publish","type":"product","link":"https:\/\/librairie7l.com\/en\/produit\/jean-royere\/","title":{"rendered":"JEAN ROY\u00c8RE"},"content":{"rendered":"<p>\u00ab Inventif, joyeux, Roy\u00e8re a d\u00e9velopp\u00e9 un style qui conjugue modernit\u00e9 et classicisme avec entrain et humour. \u00bb N\u00e9 en 1902, Jean Roy\u00e8re, le \u00ab moderne d&#8217;hier \u00bb, manifeste tr\u00e8s jeune son go\u00fbt pour la d\u00e9coration. Il d\u00e9bute \u00e0 l&#8217;\u00e2ge de 30 ans une brillante carri\u00e8re de d\u00e9corateur. Apr\u00e8s avoir \u00e9pous\u00e9 puis d\u00e9laiss\u00e9 le fonctionnalisme en vogue dans les ann\u00e9es 30, il pr\u00e9sente en 1939 au Salon des artistes d\u00e9corateurs un boudoir qui marque de mani\u00e8re provocante le retour \u00e0 l&#8217;ornement. Fin observateur de la cr\u00e9ation contemporaine, Roy\u00e8re d\u00e9couvre d\u00e8s cette \u00e9poque, chez les Scandinaves et les Italiens, notamment Alvar Aalto et Gio Ponti, des formes nouvelles auxquelles il associe un r\u00e9pertoire ornemental tr\u00e8s libre, d\u00e9clin\u00e9 avec une extr\u00eame virtuosit\u00e9. De 1931 \u00e0 1972, ce voyageur infatigable r\u00e9alise plus de mille projets \u00e0 travers le monde, de l&#8217;am\u00e9nagement de la cit\u00e9 ouvri\u00e8re d&#8217;Aplemont dans le nord de la France \u00e0 la d\u00e9coration du palais du shah d&#8217;Iran, cr\u00e9ant avec l\u00e9g\u00e8ret\u00e9 un style qui \u00e9voque le d\u00e9sir de libert\u00e9 d&#8217;une \u00e9poque et marquera nombre de cr\u00e9ateurs contemporains.<br \/>\nSes meubles et objets, parmi lesquels les embl\u00e9matiques fauteuils et canap\u00e9s Ours, font aujourd&#8217;hui l&#8217;objet d&#8217;un v\u00e9ritable engouement de la part des collectionneurs d&#8217;art et de design \u00e0 travers le monde.<br \/>\nPr\u00e9fac\u00e9e par Jean-Louis Gaillemin, cette nouvelle \u00e9dition permet de d\u00e9couvrir et d&#8217;approfondir des aspects m\u00e9connus de l&#8217;oeuvre de Jean Roy\u00e8re, notamment gr\u00e2ce \u00e0 plus de deux cent de nouvelles illustrations.<\/p>\n","protected":false},"excerpt":{"rendered":"<p>\u00ab Inventif, joyeux, Roy\u00e8re a d\u00e9velopp\u00e9 un style qui conjugue modernit\u00e9 et classicisme avec entrain et humour. \u00bb N\u00e9 en 1902, Jean Roy\u00e8re, le \u00ab moderne d&#8217;hier \u00bb, manifeste tr\u00e8s jeune son go\u00fbt pour la d\u00e9coration. Il d\u00e9bute \u00e0 l&#8217;\u00e2ge de 30 ans une brillante carri\u00e8re de d\u00e9corateur. Apr\u00e8s avoir \u00e9pous\u00e9 puis d\u00e9laiss\u00e9 le fonctionnalisme [&hellip;]<\/p>\n","protected":false},"featured_media":21857,"template":"","meta":[],"product_cat":[2948,2952],"product_tag":[],"acf":[],"yoast_head":"<!-- This site is optimized with the Yoast SEO plugin v20.11 - https:\/\/yoast.com\/wordpress\/plugins\/seo\/ -->\n<title>JEAN ROY\u00c8RE - Librairie 7L<\/title>\n<meta name=\"robots\" content=\"index, follow, max-snippet:-1, max-image-preview:large, max-video-preview:-1\" \/>\n<link rel=\"canonical\" href=\"https:\/\/librairie7l.com\/en\/produit\/jean-royere\/\" \/>\n<meta property=\"og:locale\" content=\"en_US\" \/>\n<meta property=\"og:type\" content=\"article\" \/>\n<meta property=\"og:title\" content=\"JEAN ROY\u00c8RE - Librairie 7L\" \/>\n<meta property=\"og:description\" content=\"\u00ab Inventif, joyeux, Roy\u00e8re a d\u00e9velopp\u00e9 un style qui conjugue modernit\u00e9 et classicisme avec entrain et humour. \u00bb N\u00e9 en 1902, Jean Roy\u00e8re, le \u00ab moderne d&#8217;hier \u00bb, manifeste tr\u00e8s jeune son go\u00fbt pour la d\u00e9coration. Il d\u00e9bute \u00e0 l&#8217;\u00e2ge de 30 ans une brillante carri\u00e8re de d\u00e9corateur. Apr\u00e8s avoir \u00e9pous\u00e9 puis d\u00e9laiss\u00e9 le fonctionnalisme [&hellip;]\" \/>\n<meta property=\"og:url\" content=\"https:\/\/librairie7l.com\/en\/produit\/jean-royere\/\" \/>\n<meta property=\"og:site_name\" content=\"Librairie 7L\" \/>\n<meta property=\"article:modified_time\" content=\"2026-05-01T11:14:03+00:00\" \/>\n<meta property=\"og:image\" content=\"https:\/\/librairie7l.com\/wp-content\/uploads\/2017\/11\/9782915542882_1_75.jpg\" \/>\n\t<meta property=\"og:image:width\" content=\"600\" \/>\n\t<meta property=\"og:image:height\" content=\"726\" \/>\n\t<meta property=\"og:image:type\" content=\"image\/jpeg\" \/>\n<meta name=\"twitter:card\" content=\"summary_large_image\" \/>\n<meta name=\"twitter:label1\" content=\"Est. reading time\" \/>\n\t<meta name=\"twitter:data1\" content=\"1 minute\" \/>\n<script type=\"application\/ld+json\" class=\"yoast-schema-graph\">{\"@context\":\"https:\/\/schema.org\",\"@graph\":[{\"@type\":\"WebPage\",\"@id\":\"https:\/\/librairie7l.com\/en\/produit\/jean-royere\/\",\"url\":\"https:\/\/librairie7l.com\/en\/produit\/jean-royere\/\",\"name\":\"JEAN ROY\u00c8RE - Librairie 7L\",\"isPartOf\":{\"@id\":\"https:\/\/librairie7l.com\/en\/#website\"},\"datePublished\":\"2023-05-09T16:32:27+00:00\",\"dateModified\":\"2026-05-01T11:14:03+00:00\",\"breadcrumb\":{\"@id\":\"https:\/\/librairie7l.com\/en\/produit\/jean-royere\/#breadcrumb\"},\"inLanguage\":\"en-US\",\"potentialAction\":[{\"@type\":\"ReadAction\",\"target\":[\"https:\/\/librairie7l.com\/en\/produit\/jean-royere\/\"]}]},{\"@type\":\"BreadcrumbList\",\"@id\":\"https:\/\/librairie7l.com\/en\/produit\/jean-royere\/#breadcrumb\",\"itemListElement\":[{\"@type\":\"ListItem\",\"position\":1,\"name\":\"Accueil\",\"item\":\"https:\/\/librairie7l.com\/en\/\"},{\"@type\":\"ListItem\",\"position\":2,\"name\":\"Shop\",\"item\":\"https:\/\/librairie7l.com\/en\/shop\/\"},{\"@type\":\"ListItem\",\"position\":3,\"name\":\"JEAN ROY\u00c8RE\"}]},{\"@type\":\"WebSite\",\"@id\":\"https:\/\/librairie7l.com\/en\/#website\",\"url\":\"https:\/\/librairie7l.com\/en\/\",\"name\":\"Librairie 7L\",\"description\":\"Librairie fond\u00e9e en 1999 par Karl Lagerfeld \u00e0 Paris\",\"publisher\":{\"@id\":\"https:\/\/librairie7l.com\/en\/#organization\"},\"potentialAction\":[{\"@type\":\"SearchAction\",\"target\":{\"@type\":\"EntryPoint\",\"urlTemplate\":\"https:\/\/librairie7l.com\/en\/?s={search_term_string}\"},\"query-input\":\"required name=search_term_string\"}],\"inLanguage\":\"en-US\"},{\"@type\":\"Organization\",\"@id\":\"https:\/\/librairie7l.com\/en\/#organization\",\"name\":\"Librairie 7L\",\"url\":\"https:\/\/librairie7l.com\/en\/\",\"logo\":{\"@type\":\"ImageObject\",\"inLanguage\":\"en-US\",\"@id\":\"https:\/\/librairie7l.com\/en\/#\/schema\/logo\/image\/\",\"url\":\"https:\/\/librairie7l.com\/wp-content\/uploads\/2022\/08\/logo-1.png\",\"contentUrl\":\"https:\/\/librairie7l.com\/wp-content\/uploads\/2022\/08\/logo-1.png\",\"width\":227,\"height\":301,\"caption\":\"Librairie 7L\"},\"image\":{\"@id\":\"https:\/\/librairie7l.com\/en\/#\/schema\/logo\/image\/\"}}]}<\/script>\n<!-- \/ Yoast SEO plugin. -->","yoast_head_json":{"title":"JEAN ROY\u00c8RE - Librairie 7L","robots":{"index":"index","follow":"follow","max-snippet":"max-snippet:-1","max-image-preview":"max-image-preview:large","max-video-preview":"max-video-preview:-1"},"canonical":"https:\/\/librairie7l.com\/en\/produit\/jean-royere\/","og_locale":"en_US","og_type":"article","og_title":"JEAN ROY\u00c8RE - Librairie 7L","og_description":"\u00ab Inventif, joyeux, Roy\u00e8re a d\u00e9velopp\u00e9 un style qui conjugue modernit\u00e9 et classicisme avec entrain et humour. \u00bb N\u00e9 en 1902, Jean Roy\u00e8re, le \u00ab moderne d&#8217;hier \u00bb, manifeste tr\u00e8s jeune son go\u00fbt pour la d\u00e9coration. Il d\u00e9bute \u00e0 l&#8217;\u00e2ge de 30 ans une brillante carri\u00e8re de d\u00e9corateur. Apr\u00e8s avoir \u00e9pous\u00e9 puis d\u00e9laiss\u00e9 le fonctionnalisme [&hellip;]","og_url":"https:\/\/librairie7l.com\/en\/produit\/jean-royere\/","og_site_name":"Librairie 7L","article_modified_time":"2026-05-01T11:14:03+00:00","og_image":[{"width":600,"height":726,"url":"https:\/\/librairie7l.com\/wp-content\/uploads\/2017\/11\/9782915542882_1_75.jpg","type":"image\/jpeg"}],"twitter_card":"summary_large_image","twitter_misc":{"Est. reading time":"1 minute"},"schema":{"@context":"https:\/\/schema.org","@graph":[{"@type":"WebPage","@id":"https:\/\/librairie7l.com\/en\/produit\/jean-royere\/","url":"https:\/\/librairie7l.com\/en\/produit\/jean-royere\/","name":"JEAN ROY\u00c8RE - Librairie 7L","isPartOf":{"@id":"https:\/\/librairie7l.com\/en\/#website"},"datePublished":"2023-05-09T16:32:27+00:00","dateModified":"2026-05-01T11:14:03+00:00","breadcrumb":{"@id":"https:\/\/librairie7l.com\/en\/produit\/jean-royere\/#breadcrumb"},"inLanguage":"en-US","potentialAction":[{"@type":"ReadAction","target":["https:\/\/librairie7l.com\/en\/produit\/jean-royere\/"]}]},{"@type":"BreadcrumbList","@id":"https:\/\/librairie7l.com\/en\/produit\/jean-royere\/#breadcrumb","itemListElement":[{"@type":"ListItem","position":1,"name":"Accueil","item":"https:\/\/librairie7l.com\/en\/"},{"@type":"ListItem","position":2,"name":"Shop","item":"https:\/\/librairie7l.com\/en\/shop\/"},{"@type":"ListItem","position":3,"name":"JEAN ROY\u00c8RE"}]},{"@type":"WebSite","@id":"https:\/\/librairie7l.com\/en\/#website","url":"https:\/\/librairie7l.com\/en\/","name":"Librairie 7L","description":"Librairie fond\u00e9e en 1999 par Karl Lagerfeld \u00e0 Paris","publisher":{"@id":"https:\/\/librairie7l.com\/en\/#organization"},"potentialAction":[{"@type":"SearchAction","target":{"@type":"EntryPoint","urlTemplate":"https:\/\/librairie7l.com\/en\/?s={search_term_string}"},"query-input":"required name=search_term_string"}],"inLanguage":"en-US"},{"@type":"Organization","@id":"https:\/\/librairie7l.com\/en\/#organization","name":"Librairie 7L","url":"https:\/\/librairie7l.com\/en\/","logo":{"@type":"ImageObject","inLanguage":"en-US","@id":"https:\/\/librairie7l.com\/en\/#\/schema\/logo\/image\/","url":"https:\/\/librairie7l.com\/wp-content\/uploads\/2022\/08\/logo-1.png","contentUrl":"https:\/\/librairie7l.com\/wp-content\/uploads\/2022\/08\/logo-1.png","width":227,"height":301,"caption":"Librairie 7L"},"image":{"@id":"https:\/\/librairie7l.com\/en\/#\/schema\/logo\/image\/"}}]}},"_links":{"self":[{"href":"https:\/\/librairie7l.com\/en\/wp-json\/wp\/v2\/product\/21859"}],"collection":[{"href":"https:\/\/librairie7l.com\/en\/wp-json\/wp\/v2\/product"}],"about":[{"href":"https:\/\/librairie7l.com\/en\/wp-json\/wp\/v2\/types\/product"}],"wp:featuredmedia":[{"embeddable":true,"href":"https:\/\/librairie7l.com\/en\/wp-json\/wp\/v2\/media\/21857"}],"wp:attachment":[{"href":"https:\/\/librairie7l.com\/en\/wp-json\/wp\/v2\/media?parent=21859"}],"wp:term":[{"taxonomy":"product_cat","embeddable":true,"href":"https:\/\/librairie7l.com\/en\/wp-json\/wp\/v2\/product_cat?post=21859"},{"taxonomy":"product_tag","embeddable":true,"href":"https:\/\/librairie7l.com\/en\/wp-json\/wp\/v2\/product_tag?post=21859"}],"curies":[{"name":"wp","href":"https:\/\/api.w.org\/{rel}","templated":true}]}}