{"id":21867,"date":"2023-05-09T18:32:34","date_gmt":"2023-05-09T16:32:34","guid":{"rendered":"https:\/\/librairie7l.com\/?post_type=product&#038;p=21867"},"modified":"2026-04-17T00:41:50","modified_gmt":"2026-04-16T22:41:50","slug":"maxime-old-architecte-decorateur","status":"publish","type":"product","link":"https:\/\/librairie7l.com\/en\/produit\/maxime-old-architecte-decorateur\/","title":{"rendered":"MAXIME OLD, ARCHITECTE D\u00c9CORATEUR"},"content":{"rendered":"<p>La r\u00e9\u00e9dition de cette monographie sur Maxime Old (1910-1991) retrace de mani\u00e8re chronologique la carri\u00e8re et l&#8217;oeuvre de ce grand d\u00e9corateur, \u00e0 travers une \u00e9tude approfondie de ses carnets de fabrication, de ses archiveset de ses participations aux Salons. Maxime Old, issu d&#8217;une famille d&#8217;\u00e9b\u00e9nistes, suit des \u00e9tudes \u00e0 l&#8217;\u00e9cole Boulle avant de parfaire sa formation dans l&#8217;atelier de Jacques-\u00c9mile Ruhlmann, le plus grand d\u00e9corateur de son temps.N\u00e9 \u00e0 une \u00e9poque charni\u00e8re o\u00f9 la soci\u00e9t\u00e9 va conna\u00eetre des bouleversements sans pr\u00e9c\u00e9dent, \u00e9lev\u00e9 dans le respect d&#8217;une tradition artisanale de qualit\u00e9 et de savoir-faire, Maxime Old repr\u00e9sente un trait d&#8217;union entre la grande \u00e9poque des d\u00e9corateurs et les temps modernes, un authentique et pr\u00e9cieux t\u00e9moin assurant le lien entre la p\u00e9riode Art d\u00e9co et les survivances d&#8217;un style quarante qui se fond dans l&#8217;\u00e9poque du design. Le Mobilier national et le minist\u00e8re des Affaires \u00e9trang\u00e8res lui passent de nombreuses commandes pour les ambassades de France \u00e0 La Haye, Helsinki et Ottawa. Outre une client\u00e8le priv\u00e9e qui lui reste fid\u00e8le tout au long de sa carri\u00e8re, il est charg\u00e9 de chantiers aussi importants que l&#8217;am\u00e9nagement du si\u00e8ge de la Soci\u00e9t\u00e9 des forges et ateliers du Creusot, l&#8217;h\u00f4tel Marhaba \u00e0 Casablanca, l&#8217;a\u00e9rogare de Marignane ou le paquebot France.<\/p>\n","protected":false},"excerpt":{"rendered":"<p>La r\u00e9\u00e9dition de cette monographie sur Maxime Old (1910-1991) retrace de mani\u00e8re chronologique la carri\u00e8re et l&#8217;oeuvre de ce grand d\u00e9corateur, \u00e0 travers une \u00e9tude approfondie de ses carnets de fabrication, de ses archiveset de ses participations aux Salons. Maxime Old, issu d&#8217;une famille d&#8217;\u00e9b\u00e9nistes, suit des \u00e9tudes \u00e0 l&#8217;\u00e9cole Boulle avant de parfaire sa [&hellip;]<\/p>\n","protected":false},"featured_media":21865,"template":"","meta":[],"product_cat":[2948,2952],"product_tag":[],"acf":[],"yoast_head":"<!-- This site is optimized with the Yoast SEO plugin v20.11 - https:\/\/yoast.com\/wordpress\/plugins\/seo\/ -->\n<title>MAXIME OLD, ARCHITECTE D\u00c9CORATEUR - Librairie 7L<\/title>\n<meta name=\"robots\" content=\"index, follow, max-snippet:-1, max-image-preview:large, max-video-preview:-1\" \/>\n<link rel=\"canonical\" href=\"https:\/\/librairie7l.com\/en\/produit\/maxime-old-architecte-decorateur\/\" \/>\n<meta property=\"og:locale\" content=\"en_US\" \/>\n<meta property=\"og:type\" content=\"article\" \/>\n<meta property=\"og:title\" content=\"MAXIME OLD, ARCHITECTE D\u00c9CORATEUR - Librairie 7L\" \/>\n<meta property=\"og:description\" content=\"La r\u00e9\u00e9dition de cette monographie sur Maxime Old (1910-1991) retrace de mani\u00e8re chronologique la carri\u00e8re et l&#8217;oeuvre de ce grand d\u00e9corateur, \u00e0 travers une \u00e9tude approfondie de ses carnets de fabrication, de ses archiveset de ses participations aux Salons. Maxime Old, issu d&#8217;une famille d&#8217;\u00e9b\u00e9nistes, suit des \u00e9tudes \u00e0 l&#8217;\u00e9cole Boulle avant de parfaire sa [&hellip;]\" \/>\n<meta property=\"og:url\" content=\"https:\/\/librairie7l.com\/en\/produit\/maxime-old-architecte-decorateur\/\" \/>\n<meta property=\"og:site_name\" content=\"Librairie 7L\" \/>\n<meta property=\"article:modified_time\" content=\"2026-04-16T22:41:50+00:00\" \/>\n<meta property=\"og:image\" content=\"https:\/\/librairie7l.com\/wp-content\/uploads\/2016\/11\/9782915542967_1_75.jpg\" \/>\n\t<meta property=\"og:image:width\" content=\"600\" \/>\n\t<meta property=\"og:image:height\" content=\"786\" \/>\n\t<meta property=\"og:image:type\" content=\"image\/jpeg\" \/>\n<meta name=\"twitter:card\" content=\"summary_large_image\" \/>\n<meta name=\"twitter:label1\" content=\"Est. reading time\" \/>\n\t<meta name=\"twitter:data1\" content=\"1 minute\" \/>\n<script type=\"application\/ld+json\" class=\"yoast-schema-graph\">{\"@context\":\"https:\/\/schema.org\",\"@graph\":[{\"@type\":\"WebPage\",\"@id\":\"https:\/\/librairie7l.com\/en\/produit\/maxime-old-architecte-decorateur\/\",\"url\":\"https:\/\/librairie7l.com\/en\/produit\/maxime-old-architecte-decorateur\/\",\"name\":\"MAXIME OLD, ARCHITECTE D\u00c9CORATEUR - Librairie 7L\",\"isPartOf\":{\"@id\":\"https:\/\/librairie7l.com\/en\/#website\"},\"datePublished\":\"2023-05-09T16:32:34+00:00\",\"dateModified\":\"2026-04-16T22:41:50+00:00\",\"breadcrumb\":{\"@id\":\"https:\/\/librairie7l.com\/en\/produit\/maxime-old-architecte-decorateur\/#breadcrumb\"},\"inLanguage\":\"en-US\",\"potentialAction\":[{\"@type\":\"ReadAction\",\"target\":[\"https:\/\/librairie7l.com\/en\/produit\/maxime-old-architecte-decorateur\/\"]}]},{\"@type\":\"BreadcrumbList\",\"@id\":\"https:\/\/librairie7l.com\/en\/produit\/maxime-old-architecte-decorateur\/#breadcrumb\",\"itemListElement\":[{\"@type\":\"ListItem\",\"position\":1,\"name\":\"Accueil\",\"item\":\"https:\/\/librairie7l.com\/en\/\"},{\"@type\":\"ListItem\",\"position\":2,\"name\":\"Shop\",\"item\":\"https:\/\/librairie7l.com\/en\/shop\/\"},{\"@type\":\"ListItem\",\"position\":3,\"name\":\"MAXIME OLD, ARCHITECTE D\u00c9CORATEUR\"}]},{\"@type\":\"WebSite\",\"@id\":\"https:\/\/librairie7l.com\/en\/#website\",\"url\":\"https:\/\/librairie7l.com\/en\/\",\"name\":\"Librairie 7L\",\"description\":\"Librairie fond\u00e9e en 1999 par Karl Lagerfeld \u00e0 Paris\",\"publisher\":{\"@id\":\"https:\/\/librairie7l.com\/en\/#organization\"},\"potentialAction\":[{\"@type\":\"SearchAction\",\"target\":{\"@type\":\"EntryPoint\",\"urlTemplate\":\"https:\/\/librairie7l.com\/en\/?s={search_term_string}\"},\"query-input\":\"required name=search_term_string\"}],\"inLanguage\":\"en-US\"},{\"@type\":\"Organization\",\"@id\":\"https:\/\/librairie7l.com\/en\/#organization\",\"name\":\"Librairie 7L\",\"url\":\"https:\/\/librairie7l.com\/en\/\",\"logo\":{\"@type\":\"ImageObject\",\"inLanguage\":\"en-US\",\"@id\":\"https:\/\/librairie7l.com\/en\/#\/schema\/logo\/image\/\",\"url\":\"https:\/\/librairie7l.com\/wp-content\/uploads\/2022\/08\/logo-1.png\",\"contentUrl\":\"https:\/\/librairie7l.com\/wp-content\/uploads\/2022\/08\/logo-1.png\",\"width\":227,\"height\":301,\"caption\":\"Librairie 7L\"},\"image\":{\"@id\":\"https:\/\/librairie7l.com\/en\/#\/schema\/logo\/image\/\"}}]}<\/script>\n<!-- \/ Yoast SEO plugin. -->","yoast_head_json":{"title":"MAXIME OLD, ARCHITECTE D\u00c9CORATEUR - Librairie 7L","robots":{"index":"index","follow":"follow","max-snippet":"max-snippet:-1","max-image-preview":"max-image-preview:large","max-video-preview":"max-video-preview:-1"},"canonical":"https:\/\/librairie7l.com\/en\/produit\/maxime-old-architecte-decorateur\/","og_locale":"en_US","og_type":"article","og_title":"MAXIME OLD, ARCHITECTE D\u00c9CORATEUR - Librairie 7L","og_description":"La r\u00e9\u00e9dition de cette monographie sur Maxime Old (1910-1991) retrace de mani\u00e8re chronologique la carri\u00e8re et l&#8217;oeuvre de ce grand d\u00e9corateur, \u00e0 travers une \u00e9tude approfondie de ses carnets de fabrication, de ses archiveset de ses participations aux Salons. Maxime Old, issu d&#8217;une famille d&#8217;\u00e9b\u00e9nistes, suit des \u00e9tudes \u00e0 l&#8217;\u00e9cole Boulle avant de parfaire sa [&hellip;]","og_url":"https:\/\/librairie7l.com\/en\/produit\/maxime-old-architecte-decorateur\/","og_site_name":"Librairie 7L","article_modified_time":"2026-04-16T22:41:50+00:00","og_image":[{"width":600,"height":786,"url":"https:\/\/librairie7l.com\/wp-content\/uploads\/2016\/11\/9782915542967_1_75.jpg","type":"image\/jpeg"}],"twitter_card":"summary_large_image","twitter_misc":{"Est. reading time":"1 minute"},"schema":{"@context":"https:\/\/schema.org","@graph":[{"@type":"WebPage","@id":"https:\/\/librairie7l.com\/en\/produit\/maxime-old-architecte-decorateur\/","url":"https:\/\/librairie7l.com\/en\/produit\/maxime-old-architecte-decorateur\/","name":"MAXIME OLD, ARCHITECTE D\u00c9CORATEUR - Librairie 7L","isPartOf":{"@id":"https:\/\/librairie7l.com\/en\/#website"},"datePublished":"2023-05-09T16:32:34+00:00","dateModified":"2026-04-16T22:41:50+00:00","breadcrumb":{"@id":"https:\/\/librairie7l.com\/en\/produit\/maxime-old-architecte-decorateur\/#breadcrumb"},"inLanguage":"en-US","potentialAction":[{"@type":"ReadAction","target":["https:\/\/librairie7l.com\/en\/produit\/maxime-old-architecte-decorateur\/"]}]},{"@type":"BreadcrumbList","@id":"https:\/\/librairie7l.com\/en\/produit\/maxime-old-architecte-decorateur\/#breadcrumb","itemListElement":[{"@type":"ListItem","position":1,"name":"Accueil","item":"https:\/\/librairie7l.com\/en\/"},{"@type":"ListItem","position":2,"name":"Shop","item":"https:\/\/librairie7l.com\/en\/shop\/"},{"@type":"ListItem","position":3,"name":"MAXIME OLD, ARCHITECTE D\u00c9CORATEUR"}]},{"@type":"WebSite","@id":"https:\/\/librairie7l.com\/en\/#website","url":"https:\/\/librairie7l.com\/en\/","name":"Librairie 7L","description":"Librairie fond\u00e9e en 1999 par Karl Lagerfeld \u00e0 Paris","publisher":{"@id":"https:\/\/librairie7l.com\/en\/#organization"},"potentialAction":[{"@type":"SearchAction","target":{"@type":"EntryPoint","urlTemplate":"https:\/\/librairie7l.com\/en\/?s={search_term_string}"},"query-input":"required name=search_term_string"}],"inLanguage":"en-US"},{"@type":"Organization","@id":"https:\/\/librairie7l.com\/en\/#organization","name":"Librairie 7L","url":"https:\/\/librairie7l.com\/en\/","logo":{"@type":"ImageObject","inLanguage":"en-US","@id":"https:\/\/librairie7l.com\/en\/#\/schema\/logo\/image\/","url":"https:\/\/librairie7l.com\/wp-content\/uploads\/2022\/08\/logo-1.png","contentUrl":"https:\/\/librairie7l.com\/wp-content\/uploads\/2022\/08\/logo-1.png","width":227,"height":301,"caption":"Librairie 7L"},"image":{"@id":"https:\/\/librairie7l.com\/en\/#\/schema\/logo\/image\/"}}]}},"_links":{"self":[{"href":"https:\/\/librairie7l.com\/en\/wp-json\/wp\/v2\/product\/21867"}],"collection":[{"href":"https:\/\/librairie7l.com\/en\/wp-json\/wp\/v2\/product"}],"about":[{"href":"https:\/\/librairie7l.com\/en\/wp-json\/wp\/v2\/types\/product"}],"wp:featuredmedia":[{"embeddable":true,"href":"https:\/\/librairie7l.com\/en\/wp-json\/wp\/v2\/media\/21865"}],"wp:attachment":[{"href":"https:\/\/librairie7l.com\/en\/wp-json\/wp\/v2\/media?parent=21867"}],"wp:term":[{"taxonomy":"product_cat","embeddable":true,"href":"https:\/\/librairie7l.com\/en\/wp-json\/wp\/v2\/product_cat?post=21867"},{"taxonomy":"product_tag","embeddable":true,"href":"https:\/\/librairie7l.com\/en\/wp-json\/wp\/v2\/product_tag?post=21867"}],"curies":[{"name":"wp","href":"https:\/\/api.w.org\/{rel}","templated":true}]}}