{"id":21887,"date":"2023-05-09T18:32:51","date_gmt":"2023-05-09T16:32:51","guid":{"rendered":"https:\/\/librairie7l.com\/?post_type=product&#038;p=21887"},"modified":"2026-04-18T09:49:56","modified_gmt":"2026-04-18T07:49:56","slug":"pierrette-bloch-2","status":"publish","type":"product","link":"https:\/\/librairie7l.com\/en\/produit\/pierrette-bloch-2\/","title":{"rendered":"PIERRETTE BLOCH"},"content":{"rendered":"<p>Monographie r\u00e9trospective (la premi\u00e8re publication compl\u00e8te consacr\u00e9e \u00e0 l&#8217;oeuvre de Pierrette Bloch des ann\u00e9es 1950 \u00e0 1980), permettant de replacer un art longtemps rest\u00e9 en marge des grands courants artistiques dans le contexte des diff\u00e9rents mouvements ayant jalonn\u00e9 les d\u00e9cennies d&#8217;apr\u00e8s-guerre.<\/p>\n","protected":false},"excerpt":{"rendered":"<p>Monographie r\u00e9trospective (la premi\u00e8re publication compl\u00e8te consacr\u00e9e \u00e0 l&#8217;oeuvre de Pierrette Bloch des ann\u00e9es 1950 \u00e0 1980), permettant de replacer un art longtemps rest\u00e9 en marge des grands courants artistiques dans le contexte des diff\u00e9rents mouvements ayant jalonn\u00e9 les d\u00e9cennies d&#8217;apr\u00e8s-guerre.<\/p>\n","protected":false},"featured_media":21885,"template":"","meta":[],"product_cat":[2948,2953],"product_tag":[],"acf":[],"yoast_head":"<!-- This site is optimized with the Yoast SEO plugin v20.11 - https:\/\/yoast.com\/wordpress\/plugins\/seo\/ -->\n<title>PIERRETTE BLOCH - Librairie 7L<\/title>\n<meta name=\"robots\" content=\"index, follow, max-snippet:-1, max-image-preview:large, max-video-preview:-1\" \/>\n<link rel=\"canonical\" href=\"https:\/\/librairie7l.com\/en\/produit\/pierrette-bloch-2\/\" \/>\n<meta property=\"og:locale\" content=\"en_US\" \/>\n<meta property=\"og:type\" content=\"article\" \/>\n<meta property=\"og:title\" content=\"PIERRETTE BLOCH - Librairie 7L\" \/>\n<meta property=\"og:description\" content=\"Monographie r\u00e9trospective (la premi\u00e8re publication compl\u00e8te consacr\u00e9e \u00e0 l&#8217;oeuvre de Pierrette Bloch des ann\u00e9es 1950 \u00e0 1980), permettant de replacer un art longtemps rest\u00e9 en marge des grands courants artistiques dans le contexte des diff\u00e9rents mouvements ayant jalonn\u00e9 les d\u00e9cennies d&#8217;apr\u00e8s-guerre.\" \/>\n<meta property=\"og:url\" content=\"https:\/\/librairie7l.com\/en\/produit\/pierrette-bloch-2\/\" \/>\n<meta property=\"og:site_name\" content=\"Librairie 7L\" \/>\n<meta property=\"article:modified_time\" content=\"2026-04-18T07:49:56+00:00\" \/>\n<meta property=\"og:image\" content=\"https:\/\/librairie7l.com\/wp-content\/uploads\/2013\/11\/9783037643297_1_75.jpg\" \/>\n\t<meta property=\"og:image:width\" content=\"473\" \/>\n\t<meta property=\"og:image:height\" content=\"460\" \/>\n\t<meta property=\"og:image:type\" content=\"image\/jpeg\" \/>\n<meta name=\"twitter:card\" content=\"summary_large_image\" \/>\n<script type=\"application\/ld+json\" class=\"yoast-schema-graph\">{\"@context\":\"https:\/\/schema.org\",\"@graph\":[{\"@type\":\"WebPage\",\"@id\":\"https:\/\/librairie7l.com\/en\/produit\/pierrette-bloch-2\/\",\"url\":\"https:\/\/librairie7l.com\/en\/produit\/pierrette-bloch-2\/\",\"name\":\"PIERRETTE BLOCH - Librairie 7L\",\"isPartOf\":{\"@id\":\"https:\/\/librairie7l.com\/en\/#website\"},\"datePublished\":\"2023-05-09T16:32:51+00:00\",\"dateModified\":\"2026-04-18T07:49:56+00:00\",\"breadcrumb\":{\"@id\":\"https:\/\/librairie7l.com\/en\/produit\/pierrette-bloch-2\/#breadcrumb\"},\"inLanguage\":\"en-US\",\"potentialAction\":[{\"@type\":\"ReadAction\",\"target\":[\"https:\/\/librairie7l.com\/en\/produit\/pierrette-bloch-2\/\"]}]},{\"@type\":\"BreadcrumbList\",\"@id\":\"https:\/\/librairie7l.com\/en\/produit\/pierrette-bloch-2\/#breadcrumb\",\"itemListElement\":[{\"@type\":\"ListItem\",\"position\":1,\"name\":\"Accueil\",\"item\":\"https:\/\/librairie7l.com\/en\/\"},{\"@type\":\"ListItem\",\"position\":2,\"name\":\"Shop\",\"item\":\"https:\/\/librairie7l.com\/en\/shop\/\"},{\"@type\":\"ListItem\",\"position\":3,\"name\":\"PIERRETTE BLOCH\"}]},{\"@type\":\"WebSite\",\"@id\":\"https:\/\/librairie7l.com\/en\/#website\",\"url\":\"https:\/\/librairie7l.com\/en\/\",\"name\":\"Librairie 7L\",\"description\":\"Librairie fond\u00e9e en 1999 par Karl Lagerfeld \u00e0 Paris\",\"publisher\":{\"@id\":\"https:\/\/librairie7l.com\/en\/#organization\"},\"potentialAction\":[{\"@type\":\"SearchAction\",\"target\":{\"@type\":\"EntryPoint\",\"urlTemplate\":\"https:\/\/librairie7l.com\/en\/?s={search_term_string}\"},\"query-input\":\"required name=search_term_string\"}],\"inLanguage\":\"en-US\"},{\"@type\":\"Organization\",\"@id\":\"https:\/\/librairie7l.com\/en\/#organization\",\"name\":\"Librairie 7L\",\"url\":\"https:\/\/librairie7l.com\/en\/\",\"logo\":{\"@type\":\"ImageObject\",\"inLanguage\":\"en-US\",\"@id\":\"https:\/\/librairie7l.com\/en\/#\/schema\/logo\/image\/\",\"url\":\"https:\/\/librairie7l.com\/wp-content\/uploads\/2022\/08\/logo-1.png\",\"contentUrl\":\"https:\/\/librairie7l.com\/wp-content\/uploads\/2022\/08\/logo-1.png\",\"width\":227,\"height\":301,\"caption\":\"Librairie 7L\"},\"image\":{\"@id\":\"https:\/\/librairie7l.com\/en\/#\/schema\/logo\/image\/\"}}]}<\/script>\n<!-- \/ Yoast SEO plugin. -->","yoast_head_json":{"title":"PIERRETTE BLOCH - Librairie 7L","robots":{"index":"index","follow":"follow","max-snippet":"max-snippet:-1","max-image-preview":"max-image-preview:large","max-video-preview":"max-video-preview:-1"},"canonical":"https:\/\/librairie7l.com\/en\/produit\/pierrette-bloch-2\/","og_locale":"en_US","og_type":"article","og_title":"PIERRETTE BLOCH - Librairie 7L","og_description":"Monographie r\u00e9trospective (la premi\u00e8re publication compl\u00e8te consacr\u00e9e \u00e0 l&#8217;oeuvre de Pierrette Bloch des ann\u00e9es 1950 \u00e0 1980), permettant de replacer un art longtemps rest\u00e9 en marge des grands courants artistiques dans le contexte des diff\u00e9rents mouvements ayant jalonn\u00e9 les d\u00e9cennies d&#8217;apr\u00e8s-guerre.","og_url":"https:\/\/librairie7l.com\/en\/produit\/pierrette-bloch-2\/","og_site_name":"Librairie 7L","article_modified_time":"2026-04-18T07:49:56+00:00","og_image":[{"width":473,"height":460,"url":"https:\/\/librairie7l.com\/wp-content\/uploads\/2013\/11\/9783037643297_1_75.jpg","type":"image\/jpeg"}],"twitter_card":"summary_large_image","schema":{"@context":"https:\/\/schema.org","@graph":[{"@type":"WebPage","@id":"https:\/\/librairie7l.com\/en\/produit\/pierrette-bloch-2\/","url":"https:\/\/librairie7l.com\/en\/produit\/pierrette-bloch-2\/","name":"PIERRETTE BLOCH - Librairie 7L","isPartOf":{"@id":"https:\/\/librairie7l.com\/en\/#website"},"datePublished":"2023-05-09T16:32:51+00:00","dateModified":"2026-04-18T07:49:56+00:00","breadcrumb":{"@id":"https:\/\/librairie7l.com\/en\/produit\/pierrette-bloch-2\/#breadcrumb"},"inLanguage":"en-US","potentialAction":[{"@type":"ReadAction","target":["https:\/\/librairie7l.com\/en\/produit\/pierrette-bloch-2\/"]}]},{"@type":"BreadcrumbList","@id":"https:\/\/librairie7l.com\/en\/produit\/pierrette-bloch-2\/#breadcrumb","itemListElement":[{"@type":"ListItem","position":1,"name":"Accueil","item":"https:\/\/librairie7l.com\/en\/"},{"@type":"ListItem","position":2,"name":"Shop","item":"https:\/\/librairie7l.com\/en\/shop\/"},{"@type":"ListItem","position":3,"name":"PIERRETTE BLOCH"}]},{"@type":"WebSite","@id":"https:\/\/librairie7l.com\/en\/#website","url":"https:\/\/librairie7l.com\/en\/","name":"Librairie 7L","description":"Librairie fond\u00e9e en 1999 par Karl Lagerfeld \u00e0 Paris","publisher":{"@id":"https:\/\/librairie7l.com\/en\/#organization"},"potentialAction":[{"@type":"SearchAction","target":{"@type":"EntryPoint","urlTemplate":"https:\/\/librairie7l.com\/en\/?s={search_term_string}"},"query-input":"required name=search_term_string"}],"inLanguage":"en-US"},{"@type":"Organization","@id":"https:\/\/librairie7l.com\/en\/#organization","name":"Librairie 7L","url":"https:\/\/librairie7l.com\/en\/","logo":{"@type":"ImageObject","inLanguage":"en-US","@id":"https:\/\/librairie7l.com\/en\/#\/schema\/logo\/image\/","url":"https:\/\/librairie7l.com\/wp-content\/uploads\/2022\/08\/logo-1.png","contentUrl":"https:\/\/librairie7l.com\/wp-content\/uploads\/2022\/08\/logo-1.png","width":227,"height":301,"caption":"Librairie 7L"},"image":{"@id":"https:\/\/librairie7l.com\/en\/#\/schema\/logo\/image\/"}}]}},"_links":{"self":[{"href":"https:\/\/librairie7l.com\/en\/wp-json\/wp\/v2\/product\/21887"}],"collection":[{"href":"https:\/\/librairie7l.com\/en\/wp-json\/wp\/v2\/product"}],"about":[{"href":"https:\/\/librairie7l.com\/en\/wp-json\/wp\/v2\/types\/product"}],"wp:featuredmedia":[{"embeddable":true,"href":"https:\/\/librairie7l.com\/en\/wp-json\/wp\/v2\/media\/21885"}],"wp:attachment":[{"href":"https:\/\/librairie7l.com\/en\/wp-json\/wp\/v2\/media?parent=21887"}],"wp:term":[{"taxonomy":"product_cat","embeddable":true,"href":"https:\/\/librairie7l.com\/en\/wp-json\/wp\/v2\/product_cat?post=21887"},{"taxonomy":"product_tag","embeddable":true,"href":"https:\/\/librairie7l.com\/en\/wp-json\/wp\/v2\/product_tag?post=21887"}],"curies":[{"name":"wp","href":"https:\/\/api.w.org\/{rel}","templated":true}]}}