{"id":21903,"date":"2023-05-09T18:33:07","date_gmt":"2023-05-09T16:33:07","guid":{"rendered":"https:\/\/librairie7l.com\/?post_type=product&#038;p=21903"},"modified":"2026-04-09T06:17:06","modified_gmt":"2026-04-09T04:17:06","slug":"general-idea","status":"publish","type":"product","link":"https:\/\/librairie7l.com\/en\/produit\/general-idea\/","title":{"rendered":"GENERAL IDEA"},"content":{"rendered":"<p>Publi\u00e9 \u00e0 l&#8217;occasion de la vaste r\u00e9trospective de General Idea au Mus\u00e9e des beaux-arts du Canada, Ontario, et au Stedelijk Museum, Amsterdam (2022-2023), ce volume constitue la source la plus compl\u00e8te sur le collectif canadien General Idea, fond\u00e9 \u00e0 Toronto en 1969 par Felix Partz, Jorge Zontal et AA Bronson, et actif jusqu&#8217;\u00e0 la mort de Partz et Zontal en 1994.<br \/>\nLe volume est organis\u00e9 en trois parties : I. Performances et actions ; II. Dans la rue ; III. Dans la salle d&#8217;exposition. Les deux premi\u00e8res parties se concentrent sur les oeuvres et les m\u00e9thodes qui d\u00e9passent le cadre de l&#8217;exposition mus\u00e9ale traditionnelle, en documentant les oeuvres \u00e9ph\u00e9m\u00e8res, temporelles et m\u00eame jetables. La troisi\u00e8me partie comprend une section de planches offrant un aper\u00e7u visuel quasi complet de la pratique de General Idea. Des images comparatives en page de garde montrent les oeuvres telles qu&#8217;elles sont apparues dans des installations historiques et d&#8217;autres contextes significatifs. Ces trois sections correspondent globalement \u00e0 l&#8217;\u00e9volution du collectif : des performances, actions et autres pratiques (1969-1978), aux oeuvres utilisant les m\u00e9dias de masse tels que le magazine, la t\u00e9l\u00e9vision et la vid\u00e9o (1972-1980), et enfin aux oeuvres con\u00e7ues pour les galeries et les mus\u00e9es (1985-1994).<br \/>\nLa publication comprend un prologue d&#8217;AA Bronson, une conversation entre AA Bronson et Beatrix Ruf, ainsi que de nouveaux textes command\u00e9s \u00e0 des sp\u00e9cialistes reconnus, qui offrent autant de sources primaires sur General Idea. L&#8217;annexe comprend une bibliographie scientifique compl\u00e8te, l&#8217;historique des expositions et des performances, ainsi qu&#8217;une chronologie illustr\u00e9e du groupe, nouvellement \u00e9dit\u00e9e et compil\u00e9e pour la premi\u00e8re fois.<br \/>\nCon\u00e7u par AA Bronson en \u00e9troite collaboration avec le graphiste Garrick Gott et l&#8217;\u00e9diteur Adam Welch, le design fait partie int\u00e9grante du concept global de la publication. Chaque section poss\u00e8de une identit\u00e9 visuelle et un traitement graphique distincts. De plus, le livre lui-m\u00eame fonctionne comme une v\u00e9ritable oeuvre \u00e9ditoriale, renvoyant \u00e0 la strat\u00e9gie caract\u00e9ristique de General Idea consistant \u00e0 emprunter et red\u00e9ployer des ph\u00e9nom\u00e8nes culturels : ici, le catalogue d&#8217;exposition d&#8217;un mus\u00e9e. \u00c0 la fois complice et critique, le livre est une extension de la strat\u00e9gie d&#8217;interventions subversives du groupe dans les syst\u00e8mes du monde de l&#8217;art.<\/p>\n","protected":false},"excerpt":{"rendered":"<p>Publi\u00e9 \u00e0 l&#8217;occasion de la vaste r\u00e9trospective de General Idea au Mus\u00e9e des beaux-arts du Canada, Ontario, et au Stedelijk Museum, Amsterdam (2022-2023), ce volume constitue la source la plus compl\u00e8te sur le collectif canadien General Idea, fond\u00e9 \u00e0 Toronto en 1969 par Felix Partz, Jorge Zontal et AA Bronson, et actif jusqu&#8217;\u00e0 la mort [&hellip;]<\/p>\n","protected":false},"featured_media":21901,"template":"","meta":[],"product_cat":[2948,2953],"product_tag":[],"acf":[],"yoast_head":"<!-- This site is optimized with the Yoast SEO plugin v20.11 - https:\/\/yoast.com\/wordpress\/plugins\/seo\/ -->\n<title>GENERAL IDEA - Librairie 7L<\/title>\n<meta name=\"robots\" content=\"index, follow, max-snippet:-1, max-image-preview:large, max-video-preview:-1\" \/>\n<link rel=\"canonical\" href=\"https:\/\/librairie7l.com\/en\/produit\/general-idea\/\" \/>\n<meta property=\"og:locale\" content=\"en_US\" \/>\n<meta property=\"og:type\" content=\"article\" \/>\n<meta property=\"og:title\" content=\"GENERAL IDEA - Librairie 7L\" \/>\n<meta property=\"og:description\" content=\"Publi\u00e9 \u00e0 l&#8217;occasion de la vaste r\u00e9trospective de General Idea au Mus\u00e9e des beaux-arts du Canada, Ontario, et au Stedelijk Museum, Amsterdam (2022-2023), ce volume constitue la source la plus compl\u00e8te sur le collectif canadien General Idea, fond\u00e9 \u00e0 Toronto en 1969 par Felix Partz, Jorge Zontal et AA Bronson, et actif jusqu&#8217;\u00e0 la mort [&hellip;]\" \/>\n<meta property=\"og:url\" content=\"https:\/\/librairie7l.com\/en\/produit\/general-idea\/\" \/>\n<meta property=\"og:site_name\" content=\"Librairie 7L\" \/>\n<meta property=\"article:modified_time\" content=\"2026-04-09T04:17:06+00:00\" \/>\n<meta property=\"og:image\" content=\"https:\/\/librairie7l.com\/wp-content\/uploads\/2022\/10\/9783037645864_1_75.jpg\" \/>\n\t<meta property=\"og:image:width\" content=\"600\" \/>\n\t<meta property=\"og:image:height\" content=\"660\" \/>\n\t<meta property=\"og:image:type\" content=\"image\/jpeg\" \/>\n<meta name=\"twitter:card\" content=\"summary_large_image\" \/>\n<meta name=\"twitter:label1\" content=\"Est. reading time\" \/>\n\t<meta name=\"twitter:data1\" content=\"2 minutes\" \/>\n<script type=\"application\/ld+json\" class=\"yoast-schema-graph\">{\"@context\":\"https:\/\/schema.org\",\"@graph\":[{\"@type\":\"WebPage\",\"@id\":\"https:\/\/librairie7l.com\/en\/produit\/general-idea\/\",\"url\":\"https:\/\/librairie7l.com\/en\/produit\/general-idea\/\",\"name\":\"GENERAL IDEA - Librairie 7L\",\"isPartOf\":{\"@id\":\"https:\/\/librairie7l.com\/en\/#website\"},\"datePublished\":\"2023-05-09T16:33:07+00:00\",\"dateModified\":\"2026-04-09T04:17:06+00:00\",\"breadcrumb\":{\"@id\":\"https:\/\/librairie7l.com\/en\/produit\/general-idea\/#breadcrumb\"},\"inLanguage\":\"en-US\",\"potentialAction\":[{\"@type\":\"ReadAction\",\"target\":[\"https:\/\/librairie7l.com\/en\/produit\/general-idea\/\"]}]},{\"@type\":\"BreadcrumbList\",\"@id\":\"https:\/\/librairie7l.com\/en\/produit\/general-idea\/#breadcrumb\",\"itemListElement\":[{\"@type\":\"ListItem\",\"position\":1,\"name\":\"Accueil\",\"item\":\"https:\/\/librairie7l.com\/en\/\"},{\"@type\":\"ListItem\",\"position\":2,\"name\":\"Shop\",\"item\":\"https:\/\/librairie7l.com\/en\/shop\/\"},{\"@type\":\"ListItem\",\"position\":3,\"name\":\"GENERAL IDEA\"}]},{\"@type\":\"WebSite\",\"@id\":\"https:\/\/librairie7l.com\/en\/#website\",\"url\":\"https:\/\/librairie7l.com\/en\/\",\"name\":\"Librairie 7L\",\"description\":\"Librairie fond\u00e9e en 1999 par Karl Lagerfeld \u00e0 Paris\",\"publisher\":{\"@id\":\"https:\/\/librairie7l.com\/en\/#organization\"},\"potentialAction\":[{\"@type\":\"SearchAction\",\"target\":{\"@type\":\"EntryPoint\",\"urlTemplate\":\"https:\/\/librairie7l.com\/en\/?s={search_term_string}\"},\"query-input\":\"required name=search_term_string\"}],\"inLanguage\":\"en-US\"},{\"@type\":\"Organization\",\"@id\":\"https:\/\/librairie7l.com\/en\/#organization\",\"name\":\"Librairie 7L\",\"url\":\"https:\/\/librairie7l.com\/en\/\",\"logo\":{\"@type\":\"ImageObject\",\"inLanguage\":\"en-US\",\"@id\":\"https:\/\/librairie7l.com\/en\/#\/schema\/logo\/image\/\",\"url\":\"https:\/\/librairie7l.com\/wp-content\/uploads\/2022\/08\/logo-1.png\",\"contentUrl\":\"https:\/\/librairie7l.com\/wp-content\/uploads\/2022\/08\/logo-1.png\",\"width\":227,\"height\":301,\"caption\":\"Librairie 7L\"},\"image\":{\"@id\":\"https:\/\/librairie7l.com\/en\/#\/schema\/logo\/image\/\"}}]}<\/script>\n<!-- \/ Yoast SEO plugin. -->","yoast_head_json":{"title":"GENERAL IDEA - Librairie 7L","robots":{"index":"index","follow":"follow","max-snippet":"max-snippet:-1","max-image-preview":"max-image-preview:large","max-video-preview":"max-video-preview:-1"},"canonical":"https:\/\/librairie7l.com\/en\/produit\/general-idea\/","og_locale":"en_US","og_type":"article","og_title":"GENERAL IDEA - Librairie 7L","og_description":"Publi\u00e9 \u00e0 l&#8217;occasion de la vaste r\u00e9trospective de General Idea au Mus\u00e9e des beaux-arts du Canada, Ontario, et au Stedelijk Museum, Amsterdam (2022-2023), ce volume constitue la source la plus compl\u00e8te sur le collectif canadien General Idea, fond\u00e9 \u00e0 Toronto en 1969 par Felix Partz, Jorge Zontal et AA Bronson, et actif jusqu&#8217;\u00e0 la mort [&hellip;]","og_url":"https:\/\/librairie7l.com\/en\/produit\/general-idea\/","og_site_name":"Librairie 7L","article_modified_time":"2026-04-09T04:17:06+00:00","og_image":[{"width":600,"height":660,"url":"https:\/\/librairie7l.com\/wp-content\/uploads\/2022\/10\/9783037645864_1_75.jpg","type":"image\/jpeg"}],"twitter_card":"summary_large_image","twitter_misc":{"Est. reading time":"2 minutes"},"schema":{"@context":"https:\/\/schema.org","@graph":[{"@type":"WebPage","@id":"https:\/\/librairie7l.com\/en\/produit\/general-idea\/","url":"https:\/\/librairie7l.com\/en\/produit\/general-idea\/","name":"GENERAL IDEA - Librairie 7L","isPartOf":{"@id":"https:\/\/librairie7l.com\/en\/#website"},"datePublished":"2023-05-09T16:33:07+00:00","dateModified":"2026-04-09T04:17:06+00:00","breadcrumb":{"@id":"https:\/\/librairie7l.com\/en\/produit\/general-idea\/#breadcrumb"},"inLanguage":"en-US","potentialAction":[{"@type":"ReadAction","target":["https:\/\/librairie7l.com\/en\/produit\/general-idea\/"]}]},{"@type":"BreadcrumbList","@id":"https:\/\/librairie7l.com\/en\/produit\/general-idea\/#breadcrumb","itemListElement":[{"@type":"ListItem","position":1,"name":"Accueil","item":"https:\/\/librairie7l.com\/en\/"},{"@type":"ListItem","position":2,"name":"Shop","item":"https:\/\/librairie7l.com\/en\/shop\/"},{"@type":"ListItem","position":3,"name":"GENERAL IDEA"}]},{"@type":"WebSite","@id":"https:\/\/librairie7l.com\/en\/#website","url":"https:\/\/librairie7l.com\/en\/","name":"Librairie 7L","description":"Librairie fond\u00e9e en 1999 par Karl Lagerfeld \u00e0 Paris","publisher":{"@id":"https:\/\/librairie7l.com\/en\/#organization"},"potentialAction":[{"@type":"SearchAction","target":{"@type":"EntryPoint","urlTemplate":"https:\/\/librairie7l.com\/en\/?s={search_term_string}"},"query-input":"required name=search_term_string"}],"inLanguage":"en-US"},{"@type":"Organization","@id":"https:\/\/librairie7l.com\/en\/#organization","name":"Librairie 7L","url":"https:\/\/librairie7l.com\/en\/","logo":{"@type":"ImageObject","inLanguage":"en-US","@id":"https:\/\/librairie7l.com\/en\/#\/schema\/logo\/image\/","url":"https:\/\/librairie7l.com\/wp-content\/uploads\/2022\/08\/logo-1.png","contentUrl":"https:\/\/librairie7l.com\/wp-content\/uploads\/2022\/08\/logo-1.png","width":227,"height":301,"caption":"Librairie 7L"},"image":{"@id":"https:\/\/librairie7l.com\/en\/#\/schema\/logo\/image\/"}}]}},"_links":{"self":[{"href":"https:\/\/librairie7l.com\/en\/wp-json\/wp\/v2\/product\/21903"}],"collection":[{"href":"https:\/\/librairie7l.com\/en\/wp-json\/wp\/v2\/product"}],"about":[{"href":"https:\/\/librairie7l.com\/en\/wp-json\/wp\/v2\/types\/product"}],"wp:featuredmedia":[{"embeddable":true,"href":"https:\/\/librairie7l.com\/en\/wp-json\/wp\/v2\/media\/21901"}],"wp:attachment":[{"href":"https:\/\/librairie7l.com\/en\/wp-json\/wp\/v2\/media?parent=21903"}],"wp:term":[{"taxonomy":"product_cat","embeddable":true,"href":"https:\/\/librairie7l.com\/en\/wp-json\/wp\/v2\/product_cat?post=21903"},{"taxonomy":"product_tag","embeddable":true,"href":"https:\/\/librairie7l.com\/en\/wp-json\/wp\/v2\/product_tag?post=21903"}],"curies":[{"name":"wp","href":"https:\/\/api.w.org\/{rel}","templated":true}]}}