{"id":21943,"date":"2023-05-09T18:33:44","date_gmt":"2023-05-09T16:33:44","guid":{"rendered":"https:\/\/librairie7l.com\/?post_type=product&#038;p=21943"},"modified":"2026-04-20T20:06:41","modified_gmt":"2026-04-20T18:06:41","slug":"frank-steyaert-memorabilia","status":"publish","type":"product","link":"https:\/\/librairie7l.com\/en\/produit\/frank-steyaert-memorabilia\/","title":{"rendered":"FRANK STEYAERT ; MEMORABILIA"},"content":{"rendered":"<p>Frank Steyaert est n\u00e9 en 1953 \u00e0 Dendermonde, en Belgique. Son oeuvre se rattache \u00e0 la Nouvelle C\u00e9ramique, un courant international \u00e9mergeant dans les ann\u00e9es 1970 et caract\u00e9ris\u00e9 notamment par une approche sculpturale r\u00e9aliste. Artiste pluridisciplinaire, dot\u00e9 d?un \u00e9norme bagage technique, il est c\u00e9ramiste et auteur de bijoux, d?estampes, de meubles et d?\u00e9l\u00e9ments monumentaux en terre cuite int\u00e9gr\u00e9s \u00e0 des projets d?architecture. Pour la premi\u00e8re fois, ces aspects moins connus sont mis en perspective avec les diverses d\u00e9clinaisons d?\u00e9paves de bateaux en c\u00e9ramique qui l?ont rendu c\u00e9l\u00e8bre. Ludovic Recchia, Directeur artistique du Centre Keramis, r\u00e9unit diff\u00e9rents auteurs, notamment Fr\u00e9d\u00e9ric Bodet, St\u00e9phanie Le Follic-Hadida, Marc Dubois et Carine Verleye, qui mettent magnifiquement en perspective les oeuvres \u00e9clectiques de cet artiste surprenant. Cette monographie est \u00e9dit\u00e9e en collaboration avec Keramis, qui consacre une importante exposition r\u00e9trospective \u00e0 l?artiste. Install\u00e9 sur le site de l?ancienne fa\u00efencerie Boch \u00e0 La Louvi\u00e8re, Keramis est un espace d?art et de cr\u00e9ation sp\u00e9cifiquement d\u00e9di\u00e9 au medium c\u00e9ramique.<\/p>\n","protected":false},"excerpt":{"rendered":"<p>Frank Steyaert est n\u00e9 en 1953 \u00e0 Dendermonde, en Belgique. Son oeuvre se rattache \u00e0 la Nouvelle C\u00e9ramique, un courant international \u00e9mergeant dans les ann\u00e9es 1970 et caract\u00e9ris\u00e9 notamment par une approche sculpturale r\u00e9aliste. Artiste pluridisciplinaire, dot\u00e9 d?un \u00e9norme bagage technique, il est c\u00e9ramiste et auteur de bijoux, d?estampes, de meubles et d?\u00e9l\u00e9ments monumentaux en [&hellip;]<\/p>\n","protected":false},"featured_media":21941,"template":"","meta":[],"product_cat":[2948,2952],"product_tag":[],"acf":[],"yoast_head":"<!-- This site is optimized with the Yoast SEO plugin v20.11 - https:\/\/yoast.com\/wordpress\/plugins\/seo\/ -->\n<title>FRANK STEYAERT ; MEMORABILIA - Librairie 7L<\/title>\n<meta name=\"robots\" content=\"index, follow, max-snippet:-1, max-image-preview:large, max-video-preview:-1\" \/>\n<link rel=\"canonical\" href=\"https:\/\/librairie7l.com\/en\/produit\/frank-steyaert-memorabilia\/\" \/>\n<meta property=\"og:locale\" content=\"en_US\" \/>\n<meta property=\"og:type\" content=\"article\" \/>\n<meta property=\"og:title\" content=\"FRANK STEYAERT ; MEMORABILIA - Librairie 7L\" \/>\n<meta property=\"og:description\" content=\"Frank Steyaert est n\u00e9 en 1953 \u00e0 Dendermonde, en Belgique. Son oeuvre se rattache \u00e0 la Nouvelle C\u00e9ramique, un courant international \u00e9mergeant dans les ann\u00e9es 1970 et caract\u00e9ris\u00e9 notamment par une approche sculpturale r\u00e9aliste. Artiste pluridisciplinaire, dot\u00e9 d?un \u00e9norme bagage technique, il est c\u00e9ramiste et auteur de bijoux, d?estampes, de meubles et d?\u00e9l\u00e9ments monumentaux en [&hellip;]\" \/>\n<meta property=\"og:url\" content=\"https:\/\/librairie7l.com\/en\/produit\/frank-steyaert-memorabilia\/\" \/>\n<meta property=\"og:site_name\" content=\"Librairie 7L\" \/>\n<meta property=\"article:modified_time\" content=\"2026-04-20T18:06:41+00:00\" \/>\n<meta property=\"og:image\" content=\"https:\/\/librairie7l.com\/wp-content\/uploads\/2017\/11\/9782930451237_1_75.jpg\" \/>\n\t<meta property=\"og:image:width\" content=\"600\" \/>\n\t<meta property=\"og:image:height\" content=\"765\" \/>\n\t<meta property=\"og:image:type\" content=\"image\/jpeg\" \/>\n<meta name=\"twitter:card\" content=\"summary_large_image\" \/>\n<meta name=\"twitter:label1\" content=\"Est. reading time\" \/>\n\t<meta name=\"twitter:data1\" content=\"1 minute\" \/>\n<script type=\"application\/ld+json\" class=\"yoast-schema-graph\">{\"@context\":\"https:\/\/schema.org\",\"@graph\":[{\"@type\":\"WebPage\",\"@id\":\"https:\/\/librairie7l.com\/en\/produit\/frank-steyaert-memorabilia\/\",\"url\":\"https:\/\/librairie7l.com\/en\/produit\/frank-steyaert-memorabilia\/\",\"name\":\"FRANK STEYAERT ; MEMORABILIA - Librairie 7L\",\"isPartOf\":{\"@id\":\"https:\/\/librairie7l.com\/en\/#website\"},\"datePublished\":\"2023-05-09T16:33:44+00:00\",\"dateModified\":\"2026-04-20T18:06:41+00:00\",\"breadcrumb\":{\"@id\":\"https:\/\/librairie7l.com\/en\/produit\/frank-steyaert-memorabilia\/#breadcrumb\"},\"inLanguage\":\"en-US\",\"potentialAction\":[{\"@type\":\"ReadAction\",\"target\":[\"https:\/\/librairie7l.com\/en\/produit\/frank-steyaert-memorabilia\/\"]}]},{\"@type\":\"BreadcrumbList\",\"@id\":\"https:\/\/librairie7l.com\/en\/produit\/frank-steyaert-memorabilia\/#breadcrumb\",\"itemListElement\":[{\"@type\":\"ListItem\",\"position\":1,\"name\":\"Accueil\",\"item\":\"https:\/\/librairie7l.com\/en\/\"},{\"@type\":\"ListItem\",\"position\":2,\"name\":\"Shop\",\"item\":\"https:\/\/librairie7l.com\/en\/shop\/\"},{\"@type\":\"ListItem\",\"position\":3,\"name\":\"FRANK STEYAERT ; MEMORABILIA\"}]},{\"@type\":\"WebSite\",\"@id\":\"https:\/\/librairie7l.com\/en\/#website\",\"url\":\"https:\/\/librairie7l.com\/en\/\",\"name\":\"Librairie 7L\",\"description\":\"Librairie fond\u00e9e en 1999 par Karl Lagerfeld \u00e0 Paris\",\"publisher\":{\"@id\":\"https:\/\/librairie7l.com\/en\/#organization\"},\"potentialAction\":[{\"@type\":\"SearchAction\",\"target\":{\"@type\":\"EntryPoint\",\"urlTemplate\":\"https:\/\/librairie7l.com\/en\/?s={search_term_string}\"},\"query-input\":\"required name=search_term_string\"}],\"inLanguage\":\"en-US\"},{\"@type\":\"Organization\",\"@id\":\"https:\/\/librairie7l.com\/en\/#organization\",\"name\":\"Librairie 7L\",\"url\":\"https:\/\/librairie7l.com\/en\/\",\"logo\":{\"@type\":\"ImageObject\",\"inLanguage\":\"en-US\",\"@id\":\"https:\/\/librairie7l.com\/en\/#\/schema\/logo\/image\/\",\"url\":\"https:\/\/librairie7l.com\/wp-content\/uploads\/2022\/08\/logo-1.png\",\"contentUrl\":\"https:\/\/librairie7l.com\/wp-content\/uploads\/2022\/08\/logo-1.png\",\"width\":227,\"height\":301,\"caption\":\"Librairie 7L\"},\"image\":{\"@id\":\"https:\/\/librairie7l.com\/en\/#\/schema\/logo\/image\/\"}}]}<\/script>\n<!-- \/ Yoast SEO plugin. -->","yoast_head_json":{"title":"FRANK STEYAERT ; MEMORABILIA - Librairie 7L","robots":{"index":"index","follow":"follow","max-snippet":"max-snippet:-1","max-image-preview":"max-image-preview:large","max-video-preview":"max-video-preview:-1"},"canonical":"https:\/\/librairie7l.com\/en\/produit\/frank-steyaert-memorabilia\/","og_locale":"en_US","og_type":"article","og_title":"FRANK STEYAERT ; MEMORABILIA - Librairie 7L","og_description":"Frank Steyaert est n\u00e9 en 1953 \u00e0 Dendermonde, en Belgique. Son oeuvre se rattache \u00e0 la Nouvelle C\u00e9ramique, un courant international \u00e9mergeant dans les ann\u00e9es 1970 et caract\u00e9ris\u00e9 notamment par une approche sculpturale r\u00e9aliste. Artiste pluridisciplinaire, dot\u00e9 d?un \u00e9norme bagage technique, il est c\u00e9ramiste et auteur de bijoux, d?estampes, de meubles et d?\u00e9l\u00e9ments monumentaux en [&hellip;]","og_url":"https:\/\/librairie7l.com\/en\/produit\/frank-steyaert-memorabilia\/","og_site_name":"Librairie 7L","article_modified_time":"2026-04-20T18:06:41+00:00","og_image":[{"width":600,"height":765,"url":"https:\/\/librairie7l.com\/wp-content\/uploads\/2017\/11\/9782930451237_1_75.jpg","type":"image\/jpeg"}],"twitter_card":"summary_large_image","twitter_misc":{"Est. reading time":"1 minute"},"schema":{"@context":"https:\/\/schema.org","@graph":[{"@type":"WebPage","@id":"https:\/\/librairie7l.com\/en\/produit\/frank-steyaert-memorabilia\/","url":"https:\/\/librairie7l.com\/en\/produit\/frank-steyaert-memorabilia\/","name":"FRANK STEYAERT ; MEMORABILIA - Librairie 7L","isPartOf":{"@id":"https:\/\/librairie7l.com\/en\/#website"},"datePublished":"2023-05-09T16:33:44+00:00","dateModified":"2026-04-20T18:06:41+00:00","breadcrumb":{"@id":"https:\/\/librairie7l.com\/en\/produit\/frank-steyaert-memorabilia\/#breadcrumb"},"inLanguage":"en-US","potentialAction":[{"@type":"ReadAction","target":["https:\/\/librairie7l.com\/en\/produit\/frank-steyaert-memorabilia\/"]}]},{"@type":"BreadcrumbList","@id":"https:\/\/librairie7l.com\/en\/produit\/frank-steyaert-memorabilia\/#breadcrumb","itemListElement":[{"@type":"ListItem","position":1,"name":"Accueil","item":"https:\/\/librairie7l.com\/en\/"},{"@type":"ListItem","position":2,"name":"Shop","item":"https:\/\/librairie7l.com\/en\/shop\/"},{"@type":"ListItem","position":3,"name":"FRANK STEYAERT ; MEMORABILIA"}]},{"@type":"WebSite","@id":"https:\/\/librairie7l.com\/en\/#website","url":"https:\/\/librairie7l.com\/en\/","name":"Librairie 7L","description":"Librairie fond\u00e9e en 1999 par Karl Lagerfeld \u00e0 Paris","publisher":{"@id":"https:\/\/librairie7l.com\/en\/#organization"},"potentialAction":[{"@type":"SearchAction","target":{"@type":"EntryPoint","urlTemplate":"https:\/\/librairie7l.com\/en\/?s={search_term_string}"},"query-input":"required name=search_term_string"}],"inLanguage":"en-US"},{"@type":"Organization","@id":"https:\/\/librairie7l.com\/en\/#organization","name":"Librairie 7L","url":"https:\/\/librairie7l.com\/en\/","logo":{"@type":"ImageObject","inLanguage":"en-US","@id":"https:\/\/librairie7l.com\/en\/#\/schema\/logo\/image\/","url":"https:\/\/librairie7l.com\/wp-content\/uploads\/2022\/08\/logo-1.png","contentUrl":"https:\/\/librairie7l.com\/wp-content\/uploads\/2022\/08\/logo-1.png","width":227,"height":301,"caption":"Librairie 7L"},"image":{"@id":"https:\/\/librairie7l.com\/en\/#\/schema\/logo\/image\/"}}]}},"_links":{"self":[{"href":"https:\/\/librairie7l.com\/en\/wp-json\/wp\/v2\/product\/21943"}],"collection":[{"href":"https:\/\/librairie7l.com\/en\/wp-json\/wp\/v2\/product"}],"about":[{"href":"https:\/\/librairie7l.com\/en\/wp-json\/wp\/v2\/types\/product"}],"wp:featuredmedia":[{"embeddable":true,"href":"https:\/\/librairie7l.com\/en\/wp-json\/wp\/v2\/media\/21941"}],"wp:attachment":[{"href":"https:\/\/librairie7l.com\/en\/wp-json\/wp\/v2\/media?parent=21943"}],"wp:term":[{"taxonomy":"product_cat","embeddable":true,"href":"https:\/\/librairie7l.com\/en\/wp-json\/wp\/v2\/product_cat?post=21943"},{"taxonomy":"product_tag","embeddable":true,"href":"https:\/\/librairie7l.com\/en\/wp-json\/wp\/v2\/product_tag?post=21943"}],"curies":[{"name":"wp","href":"https:\/\/api.w.org\/{rel}","templated":true}]}}