{"id":21947,"date":"2023-05-09T18:33:47","date_gmt":"2023-05-09T16:33:47","guid":{"rendered":"https:\/\/librairie7l.com\/?post_type=product&#038;p=21947"},"modified":"2026-04-15T01:19:12","modified_gmt":"2026-04-14T23:19:12","slug":"henri-samuel-master-of-the-french-interior","status":"publish","type":"product","link":"https:\/\/librairie7l.com\/en\/produit\/henri-samuel-master-of-the-french-interior\/","title":{"rendered":"HENRI SAMUEL ; MASTER OF THE FRENCH INTERIOR"},"content":{"rendered":"<p>Une monographie du c\u00e9l\u00e8bre d\u00e9corateur fran\u00e7ais Henri Samuel (1904-1996) ayant r\u00e9alis\u00e9 de nombreux d\u00e9cors pour Guy et Marie-H\u00e9l\u00e8ne de Rothschild, Louise de Vilmorin, les Vanderbilt, le prince Aga Khan, le couturier Valentino. Apr\u00e8s sa participation \u00e0 la restauration des ch\u00e2teaux de Ferri\u00e8res et Lafite dans les ann\u00e9es 1950, son \u00e9rudition sur l&#8217;Art D\u00e9coratif fran\u00e7ais lui permettra de r\u00e9aliser la restauration du Petit Trianon et la reconstitution de la Chambre de la Reine \u00e0 Versailles.<\/p>\n","protected":false},"excerpt":{"rendered":"<p>Une monographie du c\u00e9l\u00e8bre d\u00e9corateur fran\u00e7ais Henri Samuel (1904-1996) ayant r\u00e9alis\u00e9 de nombreux d\u00e9cors pour Guy et Marie-H\u00e9l\u00e8ne de Rothschild, Louise de Vilmorin, les Vanderbilt, le prince Aga Khan, le couturier Valentino. Apr\u00e8s sa participation \u00e0 la restauration des ch\u00e2teaux de Ferri\u00e8res et Lafite dans les ann\u00e9es 1950, son \u00e9rudition sur l&#8217;Art D\u00e9coratif fran\u00e7ais lui [&hellip;]<\/p>\n","protected":false},"featured_media":21945,"template":"","meta":[],"product_cat":[2948,2951],"product_tag":[],"acf":[],"yoast_head":"<!-- This site is optimized with the Yoast SEO plugin v20.11 - https:\/\/yoast.com\/wordpress\/plugins\/seo\/ -->\n<title>HENRI SAMUEL ; MASTER OF THE FRENCH INTERIOR - Librairie 7L<\/title>\n<meta name=\"robots\" content=\"index, follow, max-snippet:-1, max-image-preview:large, max-video-preview:-1\" \/>\n<link rel=\"canonical\" href=\"https:\/\/librairie7l.com\/en\/produit\/henri-samuel-master-of-the-french-interior\/\" \/>\n<meta property=\"og:locale\" content=\"en_US\" \/>\n<meta property=\"og:type\" content=\"article\" \/>\n<meta property=\"og:title\" content=\"HENRI SAMUEL ; MASTER OF THE FRENCH INTERIOR - Librairie 7L\" \/>\n<meta property=\"og:description\" content=\"Une monographie du c\u00e9l\u00e8bre d\u00e9corateur fran\u00e7ais Henri Samuel (1904-1996) ayant r\u00e9alis\u00e9 de nombreux d\u00e9cors pour Guy et Marie-H\u00e9l\u00e8ne de Rothschild, Louise de Vilmorin, les Vanderbilt, le prince Aga Khan, le couturier Valentino. Apr\u00e8s sa participation \u00e0 la restauration des ch\u00e2teaux de Ferri\u00e8res et Lafite dans les ann\u00e9es 1950, son \u00e9rudition sur l&#8217;Art D\u00e9coratif fran\u00e7ais lui [&hellip;]\" \/>\n<meta property=\"og:url\" content=\"https:\/\/librairie7l.com\/en\/produit\/henri-samuel-master-of-the-french-interior\/\" \/>\n<meta property=\"og:site_name\" content=\"Librairie 7L\" \/>\n<meta property=\"article:modified_time\" content=\"2026-04-14T23:19:12+00:00\" \/>\n<meta property=\"og:image\" content=\"https:\/\/librairie7l.com\/wp-content\/uploads\/2018\/02\/9780847861866_1_75.jpg\" \/>\n\t<meta property=\"og:image:width\" content=\"339\" \/>\n\t<meta property=\"og:image:height\" content=\"450\" \/>\n\t<meta property=\"og:image:type\" content=\"image\/jpeg\" \/>\n<meta name=\"twitter:card\" content=\"summary_large_image\" \/>\n<script type=\"application\/ld+json\" class=\"yoast-schema-graph\">{\"@context\":\"https:\/\/schema.org\",\"@graph\":[{\"@type\":\"WebPage\",\"@id\":\"https:\/\/librairie7l.com\/en\/produit\/henri-samuel-master-of-the-french-interior\/\",\"url\":\"https:\/\/librairie7l.com\/en\/produit\/henri-samuel-master-of-the-french-interior\/\",\"name\":\"HENRI SAMUEL ; MASTER OF THE FRENCH INTERIOR - Librairie 7L\",\"isPartOf\":{\"@id\":\"https:\/\/librairie7l.com\/en\/#website\"},\"datePublished\":\"2023-05-09T16:33:47+00:00\",\"dateModified\":\"2026-04-14T23:19:12+00:00\",\"breadcrumb\":{\"@id\":\"https:\/\/librairie7l.com\/en\/produit\/henri-samuel-master-of-the-french-interior\/#breadcrumb\"},\"inLanguage\":\"en-US\",\"potentialAction\":[{\"@type\":\"ReadAction\",\"target\":[\"https:\/\/librairie7l.com\/en\/produit\/henri-samuel-master-of-the-french-interior\/\"]}]},{\"@type\":\"BreadcrumbList\",\"@id\":\"https:\/\/librairie7l.com\/en\/produit\/henri-samuel-master-of-the-french-interior\/#breadcrumb\",\"itemListElement\":[{\"@type\":\"ListItem\",\"position\":1,\"name\":\"Accueil\",\"item\":\"https:\/\/librairie7l.com\/en\/\"},{\"@type\":\"ListItem\",\"position\":2,\"name\":\"Shop\",\"item\":\"https:\/\/librairie7l.com\/en\/shop\/\"},{\"@type\":\"ListItem\",\"position\":3,\"name\":\"HENRI SAMUEL ; MASTER OF THE FRENCH INTERIOR\"}]},{\"@type\":\"WebSite\",\"@id\":\"https:\/\/librairie7l.com\/en\/#website\",\"url\":\"https:\/\/librairie7l.com\/en\/\",\"name\":\"Librairie 7L\",\"description\":\"Librairie fond\u00e9e en 1999 par Karl Lagerfeld \u00e0 Paris\",\"publisher\":{\"@id\":\"https:\/\/librairie7l.com\/en\/#organization\"},\"potentialAction\":[{\"@type\":\"SearchAction\",\"target\":{\"@type\":\"EntryPoint\",\"urlTemplate\":\"https:\/\/librairie7l.com\/en\/?s={search_term_string}\"},\"query-input\":\"required name=search_term_string\"}],\"inLanguage\":\"en-US\"},{\"@type\":\"Organization\",\"@id\":\"https:\/\/librairie7l.com\/en\/#organization\",\"name\":\"Librairie 7L\",\"url\":\"https:\/\/librairie7l.com\/en\/\",\"logo\":{\"@type\":\"ImageObject\",\"inLanguage\":\"en-US\",\"@id\":\"https:\/\/librairie7l.com\/en\/#\/schema\/logo\/image\/\",\"url\":\"https:\/\/librairie7l.com\/wp-content\/uploads\/2022\/08\/logo-1.png\",\"contentUrl\":\"https:\/\/librairie7l.com\/wp-content\/uploads\/2022\/08\/logo-1.png\",\"width\":227,\"height\":301,\"caption\":\"Librairie 7L\"},\"image\":{\"@id\":\"https:\/\/librairie7l.com\/en\/#\/schema\/logo\/image\/\"}}]}<\/script>\n<!-- \/ Yoast SEO plugin. -->","yoast_head_json":{"title":"HENRI SAMUEL ; MASTER OF THE FRENCH INTERIOR - Librairie 7L","robots":{"index":"index","follow":"follow","max-snippet":"max-snippet:-1","max-image-preview":"max-image-preview:large","max-video-preview":"max-video-preview:-1"},"canonical":"https:\/\/librairie7l.com\/en\/produit\/henri-samuel-master-of-the-french-interior\/","og_locale":"en_US","og_type":"article","og_title":"HENRI SAMUEL ; MASTER OF THE FRENCH INTERIOR - Librairie 7L","og_description":"Une monographie du c\u00e9l\u00e8bre d\u00e9corateur fran\u00e7ais Henri Samuel (1904-1996) ayant r\u00e9alis\u00e9 de nombreux d\u00e9cors pour Guy et Marie-H\u00e9l\u00e8ne de Rothschild, Louise de Vilmorin, les Vanderbilt, le prince Aga Khan, le couturier Valentino. Apr\u00e8s sa participation \u00e0 la restauration des ch\u00e2teaux de Ferri\u00e8res et Lafite dans les ann\u00e9es 1950, son \u00e9rudition sur l&#8217;Art D\u00e9coratif fran\u00e7ais lui [&hellip;]","og_url":"https:\/\/librairie7l.com\/en\/produit\/henri-samuel-master-of-the-french-interior\/","og_site_name":"Librairie 7L","article_modified_time":"2026-04-14T23:19:12+00:00","og_image":[{"width":339,"height":450,"url":"https:\/\/librairie7l.com\/wp-content\/uploads\/2018\/02\/9780847861866_1_75.jpg","type":"image\/jpeg"}],"twitter_card":"summary_large_image","schema":{"@context":"https:\/\/schema.org","@graph":[{"@type":"WebPage","@id":"https:\/\/librairie7l.com\/en\/produit\/henri-samuel-master-of-the-french-interior\/","url":"https:\/\/librairie7l.com\/en\/produit\/henri-samuel-master-of-the-french-interior\/","name":"HENRI SAMUEL ; MASTER OF THE FRENCH INTERIOR - Librairie 7L","isPartOf":{"@id":"https:\/\/librairie7l.com\/en\/#website"},"datePublished":"2023-05-09T16:33:47+00:00","dateModified":"2026-04-14T23:19:12+00:00","breadcrumb":{"@id":"https:\/\/librairie7l.com\/en\/produit\/henri-samuel-master-of-the-french-interior\/#breadcrumb"},"inLanguage":"en-US","potentialAction":[{"@type":"ReadAction","target":["https:\/\/librairie7l.com\/en\/produit\/henri-samuel-master-of-the-french-interior\/"]}]},{"@type":"BreadcrumbList","@id":"https:\/\/librairie7l.com\/en\/produit\/henri-samuel-master-of-the-french-interior\/#breadcrumb","itemListElement":[{"@type":"ListItem","position":1,"name":"Accueil","item":"https:\/\/librairie7l.com\/en\/"},{"@type":"ListItem","position":2,"name":"Shop","item":"https:\/\/librairie7l.com\/en\/shop\/"},{"@type":"ListItem","position":3,"name":"HENRI SAMUEL ; MASTER OF THE FRENCH INTERIOR"}]},{"@type":"WebSite","@id":"https:\/\/librairie7l.com\/en\/#website","url":"https:\/\/librairie7l.com\/en\/","name":"Librairie 7L","description":"Librairie fond\u00e9e en 1999 par Karl Lagerfeld \u00e0 Paris","publisher":{"@id":"https:\/\/librairie7l.com\/en\/#organization"},"potentialAction":[{"@type":"SearchAction","target":{"@type":"EntryPoint","urlTemplate":"https:\/\/librairie7l.com\/en\/?s={search_term_string}"},"query-input":"required name=search_term_string"}],"inLanguage":"en-US"},{"@type":"Organization","@id":"https:\/\/librairie7l.com\/en\/#organization","name":"Librairie 7L","url":"https:\/\/librairie7l.com\/en\/","logo":{"@type":"ImageObject","inLanguage":"en-US","@id":"https:\/\/librairie7l.com\/en\/#\/schema\/logo\/image\/","url":"https:\/\/librairie7l.com\/wp-content\/uploads\/2022\/08\/logo-1.png","contentUrl":"https:\/\/librairie7l.com\/wp-content\/uploads\/2022\/08\/logo-1.png","width":227,"height":301,"caption":"Librairie 7L"},"image":{"@id":"https:\/\/librairie7l.com\/en\/#\/schema\/logo\/image\/"}}]}},"_links":{"self":[{"href":"https:\/\/librairie7l.com\/en\/wp-json\/wp\/v2\/product\/21947"}],"collection":[{"href":"https:\/\/librairie7l.com\/en\/wp-json\/wp\/v2\/product"}],"about":[{"href":"https:\/\/librairie7l.com\/en\/wp-json\/wp\/v2\/types\/product"}],"wp:featuredmedia":[{"embeddable":true,"href":"https:\/\/librairie7l.com\/en\/wp-json\/wp\/v2\/media\/21945"}],"wp:attachment":[{"href":"https:\/\/librairie7l.com\/en\/wp-json\/wp\/v2\/media?parent=21947"}],"wp:term":[{"taxonomy":"product_cat","embeddable":true,"href":"https:\/\/librairie7l.com\/en\/wp-json\/wp\/v2\/product_cat?post=21947"},{"taxonomy":"product_tag","embeddable":true,"href":"https:\/\/librairie7l.com\/en\/wp-json\/wp\/v2\/product_tag?post=21947"}],"curies":[{"name":"wp","href":"https:\/\/api.w.org\/{rel}","templated":true}]}}