{"id":21959,"date":"2023-05-09T18:33:59","date_gmt":"2023-05-09T16:33:59","guid":{"rendered":"https:\/\/librairie7l.com\/?post_type=product&#038;p=21959"},"modified":"2026-04-08T23:06:50","modified_gmt":"2026-04-08T21:06:50","slug":"francois-xavier-claude-lalanne-in-the-domain-of-dreams-2","status":"publish","type":"product","link":"https:\/\/librairie7l.com\/en\/produit\/francois-xavier-claude-lalanne-in-the-domain-of-dreams-2\/","title":{"rendered":"FRANCOIS XAVIER &AMP; CLAUDE LALANNE IN THE DOMAIN OF DREAMS"},"content":{"rendered":"<p>Le c\u00e9l\u00e8bre couple de designers a \u00e9t\u00e9 une inspiration pour les collectionneurs et les artistes comme Pierre Berg\u00e9, Serge Gainsbourg ou encore Peter Marino pendant plus de cinquante ans. Les oeuvres des Lalane, de leur petit mouton au fonctionnel bar-hippopotame, sont devenus des classiques de la d\u00e9coration d&#8217;int\u00e9rieure et d&#8217;arrachent dans les ventes aux ench\u00e8res \u00e0 prix d&#8217;or. Pr\u00e9fac\u00e9 par Marc Jacobs, cet ouvrage nous plonge dans l&#8217;univers empreint de surr\u00e9alisme de Fran\u00e7ois-Xavier et Claude, de leur rencontre \u00e0 leurs derni\u00e8res r\u00e9alisations, qui rend ainsi vibrant hommage \u00e0 la cr\u00e9ativit\u00e9 et \u00e0 l&#8217;ing\u00e9niosit\u00e9 d&#8217;un couple mythique.<\/p>\n","protected":false},"excerpt":{"rendered":"<p>Le c\u00e9l\u00e8bre couple de designers a \u00e9t\u00e9 une inspiration pour les collectionneurs et les artistes comme Pierre Berg\u00e9, Serge Gainsbourg ou encore Peter Marino pendant plus de cinquante ans. Les oeuvres des Lalane, de leur petit mouton au fonctionnel bar-hippopotame, sont devenus des classiques de la d\u00e9coration d&#8217;int\u00e9rieure et d&#8217;arrachent dans les ventes aux ench\u00e8res [&hellip;]<\/p>\n","protected":false},"featured_media":21957,"template":"","meta":[],"product_cat":[2948,2952],"product_tag":[],"acf":[],"yoast_head":"<!-- This site is optimized with the Yoast SEO plugin v20.11 - https:\/\/yoast.com\/wordpress\/plugins\/seo\/ -->\n<title>FRANCOIS XAVIER &amp; CLAUDE LALANNE IN THE DOMAIN OF DREAMS - Librairie 7L<\/title>\n<meta name=\"robots\" content=\"index, follow, max-snippet:-1, max-image-preview:large, max-video-preview:-1\" \/>\n<link rel=\"canonical\" href=\"https:\/\/librairie7l.com\/en\/produit\/francois-xavier-claude-lalanne-in-the-domain-of-dreams-2\/\" \/>\n<meta property=\"og:locale\" content=\"en_US\" \/>\n<meta property=\"og:type\" content=\"article\" \/>\n<meta property=\"og:title\" content=\"FRANCOIS XAVIER &amp; CLAUDE LALANNE IN THE DOMAIN OF DREAMS - Librairie 7L\" \/>\n<meta property=\"og:description\" content=\"Le c\u00e9l\u00e8bre couple de designers a \u00e9t\u00e9 une inspiration pour les collectionneurs et les artistes comme Pierre Berg\u00e9, Serge Gainsbourg ou encore Peter Marino pendant plus de cinquante ans. Les oeuvres des Lalane, de leur petit mouton au fonctionnel bar-hippopotame, sont devenus des classiques de la d\u00e9coration d&#8217;int\u00e9rieure et d&#8217;arrachent dans les ventes aux ench\u00e8res [&hellip;]\" \/>\n<meta property=\"og:url\" content=\"https:\/\/librairie7l.com\/en\/produit\/francois-xavier-claude-lalanne-in-the-domain-of-dreams-2\/\" \/>\n<meta property=\"og:site_name\" content=\"Librairie 7L\" \/>\n<meta property=\"article:modified_time\" content=\"2026-04-08T21:06:50+00:00\" \/>\n<meta property=\"og:image\" content=\"https:\/\/librairie7l.com\/wp-content\/uploads\/2018\/10\/9780847862863_1_75.jpg\" \/>\n\t<meta property=\"og:image:width\" content=\"500\" \/>\n\t<meta property=\"og:image:height\" content=\"602\" \/>\n\t<meta property=\"og:image:type\" content=\"image\/jpeg\" \/>\n<meta name=\"twitter:card\" content=\"summary_large_image\" \/>\n<meta name=\"twitter:label1\" content=\"Est. reading time\" \/>\n\t<meta name=\"twitter:data1\" content=\"1 minute\" \/>\n<script type=\"application\/ld+json\" class=\"yoast-schema-graph\">{\"@context\":\"https:\/\/schema.org\",\"@graph\":[{\"@type\":\"WebPage\",\"@id\":\"https:\/\/librairie7l.com\/en\/produit\/francois-xavier-claude-lalanne-in-the-domain-of-dreams-2\/\",\"url\":\"https:\/\/librairie7l.com\/en\/produit\/francois-xavier-claude-lalanne-in-the-domain-of-dreams-2\/\",\"name\":\"FRANCOIS XAVIER &amp; CLAUDE LALANNE IN THE DOMAIN OF DREAMS - Librairie 7L\",\"isPartOf\":{\"@id\":\"https:\/\/librairie7l.com\/en\/#website\"},\"datePublished\":\"2023-05-09T16:33:59+00:00\",\"dateModified\":\"2026-04-08T21:06:50+00:00\",\"breadcrumb\":{\"@id\":\"https:\/\/librairie7l.com\/en\/produit\/francois-xavier-claude-lalanne-in-the-domain-of-dreams-2\/#breadcrumb\"},\"inLanguage\":\"en-US\",\"potentialAction\":[{\"@type\":\"ReadAction\",\"target\":[\"https:\/\/librairie7l.com\/en\/produit\/francois-xavier-claude-lalanne-in-the-domain-of-dreams-2\/\"]}]},{\"@type\":\"BreadcrumbList\",\"@id\":\"https:\/\/librairie7l.com\/en\/produit\/francois-xavier-claude-lalanne-in-the-domain-of-dreams-2\/#breadcrumb\",\"itemListElement\":[{\"@type\":\"ListItem\",\"position\":1,\"name\":\"Accueil\",\"item\":\"https:\/\/librairie7l.com\/en\/\"},{\"@type\":\"ListItem\",\"position\":2,\"name\":\"Shop\",\"item\":\"https:\/\/librairie7l.com\/en\/shop\/\"},{\"@type\":\"ListItem\",\"position\":3,\"name\":\"FRANCOIS XAVIER &AMP; CLAUDE LALANNE IN THE DOMAIN OF DREAMS\"}]},{\"@type\":\"WebSite\",\"@id\":\"https:\/\/librairie7l.com\/en\/#website\",\"url\":\"https:\/\/librairie7l.com\/en\/\",\"name\":\"Librairie 7L\",\"description\":\"Librairie fond\u00e9e en 1999 par Karl Lagerfeld \u00e0 Paris\",\"publisher\":{\"@id\":\"https:\/\/librairie7l.com\/en\/#organization\"},\"potentialAction\":[{\"@type\":\"SearchAction\",\"target\":{\"@type\":\"EntryPoint\",\"urlTemplate\":\"https:\/\/librairie7l.com\/en\/?s={search_term_string}\"},\"query-input\":\"required name=search_term_string\"}],\"inLanguage\":\"en-US\"},{\"@type\":\"Organization\",\"@id\":\"https:\/\/librairie7l.com\/en\/#organization\",\"name\":\"Librairie 7L\",\"url\":\"https:\/\/librairie7l.com\/en\/\",\"logo\":{\"@type\":\"ImageObject\",\"inLanguage\":\"en-US\",\"@id\":\"https:\/\/librairie7l.com\/en\/#\/schema\/logo\/image\/\",\"url\":\"https:\/\/librairie7l.com\/wp-content\/uploads\/2022\/08\/logo-1.png\",\"contentUrl\":\"https:\/\/librairie7l.com\/wp-content\/uploads\/2022\/08\/logo-1.png\",\"width\":227,\"height\":301,\"caption\":\"Librairie 7L\"},\"image\":{\"@id\":\"https:\/\/librairie7l.com\/en\/#\/schema\/logo\/image\/\"}}]}<\/script>\n<!-- \/ Yoast SEO plugin. -->","yoast_head_json":{"title":"FRANCOIS XAVIER &amp; CLAUDE LALANNE IN THE DOMAIN OF DREAMS - Librairie 7L","robots":{"index":"index","follow":"follow","max-snippet":"max-snippet:-1","max-image-preview":"max-image-preview:large","max-video-preview":"max-video-preview:-1"},"canonical":"https:\/\/librairie7l.com\/en\/produit\/francois-xavier-claude-lalanne-in-the-domain-of-dreams-2\/","og_locale":"en_US","og_type":"article","og_title":"FRANCOIS XAVIER &amp; CLAUDE LALANNE IN THE DOMAIN OF DREAMS - Librairie 7L","og_description":"Le c\u00e9l\u00e8bre couple de designers a \u00e9t\u00e9 une inspiration pour les collectionneurs et les artistes comme Pierre Berg\u00e9, Serge Gainsbourg ou encore Peter Marino pendant plus de cinquante ans. Les oeuvres des Lalane, de leur petit mouton au fonctionnel bar-hippopotame, sont devenus des classiques de la d\u00e9coration d&#8217;int\u00e9rieure et d&#8217;arrachent dans les ventes aux ench\u00e8res [&hellip;]","og_url":"https:\/\/librairie7l.com\/en\/produit\/francois-xavier-claude-lalanne-in-the-domain-of-dreams-2\/","og_site_name":"Librairie 7L","article_modified_time":"2026-04-08T21:06:50+00:00","og_image":[{"width":500,"height":602,"url":"https:\/\/librairie7l.com\/wp-content\/uploads\/2018\/10\/9780847862863_1_75.jpg","type":"image\/jpeg"}],"twitter_card":"summary_large_image","twitter_misc":{"Est. reading time":"1 minute"},"schema":{"@context":"https:\/\/schema.org","@graph":[{"@type":"WebPage","@id":"https:\/\/librairie7l.com\/en\/produit\/francois-xavier-claude-lalanne-in-the-domain-of-dreams-2\/","url":"https:\/\/librairie7l.com\/en\/produit\/francois-xavier-claude-lalanne-in-the-domain-of-dreams-2\/","name":"FRANCOIS XAVIER &amp; CLAUDE LALANNE IN THE DOMAIN OF DREAMS - Librairie 7L","isPartOf":{"@id":"https:\/\/librairie7l.com\/en\/#website"},"datePublished":"2023-05-09T16:33:59+00:00","dateModified":"2026-04-08T21:06:50+00:00","breadcrumb":{"@id":"https:\/\/librairie7l.com\/en\/produit\/francois-xavier-claude-lalanne-in-the-domain-of-dreams-2\/#breadcrumb"},"inLanguage":"en-US","potentialAction":[{"@type":"ReadAction","target":["https:\/\/librairie7l.com\/en\/produit\/francois-xavier-claude-lalanne-in-the-domain-of-dreams-2\/"]}]},{"@type":"BreadcrumbList","@id":"https:\/\/librairie7l.com\/en\/produit\/francois-xavier-claude-lalanne-in-the-domain-of-dreams-2\/#breadcrumb","itemListElement":[{"@type":"ListItem","position":1,"name":"Accueil","item":"https:\/\/librairie7l.com\/en\/"},{"@type":"ListItem","position":2,"name":"Shop","item":"https:\/\/librairie7l.com\/en\/shop\/"},{"@type":"ListItem","position":3,"name":"FRANCOIS XAVIER &AMP; CLAUDE LALANNE IN THE DOMAIN OF DREAMS"}]},{"@type":"WebSite","@id":"https:\/\/librairie7l.com\/en\/#website","url":"https:\/\/librairie7l.com\/en\/","name":"Librairie 7L","description":"Librairie fond\u00e9e en 1999 par Karl Lagerfeld \u00e0 Paris","publisher":{"@id":"https:\/\/librairie7l.com\/en\/#organization"},"potentialAction":[{"@type":"SearchAction","target":{"@type":"EntryPoint","urlTemplate":"https:\/\/librairie7l.com\/en\/?s={search_term_string}"},"query-input":"required name=search_term_string"}],"inLanguage":"en-US"},{"@type":"Organization","@id":"https:\/\/librairie7l.com\/en\/#organization","name":"Librairie 7L","url":"https:\/\/librairie7l.com\/en\/","logo":{"@type":"ImageObject","inLanguage":"en-US","@id":"https:\/\/librairie7l.com\/en\/#\/schema\/logo\/image\/","url":"https:\/\/librairie7l.com\/wp-content\/uploads\/2022\/08\/logo-1.png","contentUrl":"https:\/\/librairie7l.com\/wp-content\/uploads\/2022\/08\/logo-1.png","width":227,"height":301,"caption":"Librairie 7L"},"image":{"@id":"https:\/\/librairie7l.com\/en\/#\/schema\/logo\/image\/"}}]}},"_links":{"self":[{"href":"https:\/\/librairie7l.com\/en\/wp-json\/wp\/v2\/product\/21959"}],"collection":[{"href":"https:\/\/librairie7l.com\/en\/wp-json\/wp\/v2\/product"}],"about":[{"href":"https:\/\/librairie7l.com\/en\/wp-json\/wp\/v2\/types\/product"}],"wp:featuredmedia":[{"embeddable":true,"href":"https:\/\/librairie7l.com\/en\/wp-json\/wp\/v2\/media\/21957"}],"wp:attachment":[{"href":"https:\/\/librairie7l.com\/en\/wp-json\/wp\/v2\/media?parent=21959"}],"wp:term":[{"taxonomy":"product_cat","embeddable":true,"href":"https:\/\/librairie7l.com\/en\/wp-json\/wp\/v2\/product_cat?post=21959"},{"taxonomy":"product_tag","embeddable":true,"href":"https:\/\/librairie7l.com\/en\/wp-json\/wp\/v2\/product_tag?post=21959"}],"curies":[{"name":"wp","href":"https:\/\/api.w.org\/{rel}","templated":true}]}}