{"id":21967,"date":"2023-05-09T18:34:05","date_gmt":"2023-05-09T16:34:05","guid":{"rendered":"https:\/\/librairie7l.com\/?post_type=product&#038;p=21967"},"modified":"2026-04-05T14:22:07","modified_gmt":"2026-04-05T12:22:07","slug":"maison-lesage-haute-couture-embroidery","status":"publish","type":"product","link":"https:\/\/librairie7l.com\/en\/produit\/maison-lesage-haute-couture-embroidery\/","title":{"rendered":"MAISON LESAGE: HAUTE COUTURE EMBROIDERY"},"content":{"rendered":"<p>La Maison Lesage incarne la quintessence de la haute-couture en mati\u00e8re de broderie. Fond\u00e9s en 1858 puis rachet\u00e9s en 2002 par Chanel, ses atelier de cr\u00e9ation ont produit plus de 70 000 broderies et ont collabor\u00e9 avec les couturiers les plus exceptionnels : Elsa Schiaparelli, Hubert de Givenchy, Cristobal Balenciaga, Christian Dior, Yves Saint Laurent, Valentino, Alexander McQueen&#8230; Cet \u00e9l\u00e9gant ouvrage sous coffret nous ouvre les portes des archives de la Maison Lesage et nous fait entrer dans le monde priv\u00e9 des chefs-d&#8217;oeuvre de l&#8217;artisanat de haute vol\u00e9e.<\/p>\n","protected":false},"excerpt":{"rendered":"<p>La Maison Lesage incarne la quintessence de la haute-couture en mati\u00e8re de broderie. Fond\u00e9s en 1858 puis rachet\u00e9s en 2002 par Chanel, ses atelier de cr\u00e9ation ont produit plus de 70 000 broderies et ont collabor\u00e9 avec les couturiers les plus exceptionnels : Elsa Schiaparelli, Hubert de Givenchy, Cristobal Balenciaga, Christian Dior, Yves Saint Laurent, [&hellip;]<\/p>\n","protected":false},"featured_media":21965,"template":"","meta":[],"product_cat":[2948,2957],"product_tag":[],"acf":[],"yoast_head":"<!-- This site is optimized with the Yoast SEO plugin v20.11 - https:\/\/yoast.com\/wordpress\/plugins\/seo\/ -->\n<title>MAISON LESAGE: HAUTE COUTURE EMBROIDERY - Librairie 7L<\/title>\n<meta name=\"robots\" content=\"index, follow, max-snippet:-1, max-image-preview:large, max-video-preview:-1\" \/>\n<link rel=\"canonical\" href=\"https:\/\/librairie7l.com\/en\/produit\/maison-lesage-haute-couture-embroidery\/\" \/>\n<meta property=\"og:locale\" content=\"en_US\" \/>\n<meta property=\"og:type\" content=\"article\" \/>\n<meta property=\"og:title\" content=\"MAISON LESAGE: HAUTE COUTURE EMBROIDERY - Librairie 7L\" \/>\n<meta property=\"og:description\" content=\"La Maison Lesage incarne la quintessence de la haute-couture en mati\u00e8re de broderie. Fond\u00e9s en 1858 puis rachet\u00e9s en 2002 par Chanel, ses atelier de cr\u00e9ation ont produit plus de 70 000 broderies et ont collabor\u00e9 avec les couturiers les plus exceptionnels : Elsa Schiaparelli, Hubert de Givenchy, Cristobal Balenciaga, Christian Dior, Yves Saint Laurent, [&hellip;]\" \/>\n<meta property=\"og:url\" content=\"https:\/\/librairie7l.com\/en\/produit\/maison-lesage-haute-couture-embroidery\/\" \/>\n<meta property=\"og:site_name\" content=\"Librairie 7L\" \/>\n<meta property=\"article:modified_time\" content=\"2026-04-05T12:22:07+00:00\" \/>\n<meta property=\"og:image\" content=\"https:\/\/librairie7l.com\/wp-content\/uploads\/2020\/01\/9780500021538_1_75.jpg\" \/>\n\t<meta property=\"og:image:width\" content=\"600\" \/>\n\t<meta property=\"og:image:height\" content=\"754\" \/>\n\t<meta property=\"og:image:type\" content=\"image\/jpeg\" \/>\n<meta name=\"twitter:card\" content=\"summary_large_image\" \/>\n<script type=\"application\/ld+json\" class=\"yoast-schema-graph\">{\"@context\":\"https:\/\/schema.org\",\"@graph\":[{\"@type\":\"WebPage\",\"@id\":\"https:\/\/librairie7l.com\/en\/produit\/maison-lesage-haute-couture-embroidery\/\",\"url\":\"https:\/\/librairie7l.com\/en\/produit\/maison-lesage-haute-couture-embroidery\/\",\"name\":\"MAISON LESAGE: HAUTE COUTURE EMBROIDERY - Librairie 7L\",\"isPartOf\":{\"@id\":\"https:\/\/librairie7l.com\/en\/#website\"},\"datePublished\":\"2023-05-09T16:34:05+00:00\",\"dateModified\":\"2026-04-05T12:22:07+00:00\",\"breadcrumb\":{\"@id\":\"https:\/\/librairie7l.com\/en\/produit\/maison-lesage-haute-couture-embroidery\/#breadcrumb\"},\"inLanguage\":\"en-US\",\"potentialAction\":[{\"@type\":\"ReadAction\",\"target\":[\"https:\/\/librairie7l.com\/en\/produit\/maison-lesage-haute-couture-embroidery\/\"]}]},{\"@type\":\"BreadcrumbList\",\"@id\":\"https:\/\/librairie7l.com\/en\/produit\/maison-lesage-haute-couture-embroidery\/#breadcrumb\",\"itemListElement\":[{\"@type\":\"ListItem\",\"position\":1,\"name\":\"Accueil\",\"item\":\"https:\/\/librairie7l.com\/en\/\"},{\"@type\":\"ListItem\",\"position\":2,\"name\":\"Shop\",\"item\":\"https:\/\/librairie7l.com\/en\/shop\/\"},{\"@type\":\"ListItem\",\"position\":3,\"name\":\"MAISON LESAGE: HAUTE COUTURE EMBROIDERY\"}]},{\"@type\":\"WebSite\",\"@id\":\"https:\/\/librairie7l.com\/en\/#website\",\"url\":\"https:\/\/librairie7l.com\/en\/\",\"name\":\"Librairie 7L\",\"description\":\"Librairie fond\u00e9e en 1999 par Karl Lagerfeld \u00e0 Paris\",\"publisher\":{\"@id\":\"https:\/\/librairie7l.com\/en\/#organization\"},\"potentialAction\":[{\"@type\":\"SearchAction\",\"target\":{\"@type\":\"EntryPoint\",\"urlTemplate\":\"https:\/\/librairie7l.com\/en\/?s={search_term_string}\"},\"query-input\":\"required name=search_term_string\"}],\"inLanguage\":\"en-US\"},{\"@type\":\"Organization\",\"@id\":\"https:\/\/librairie7l.com\/en\/#organization\",\"name\":\"Librairie 7L\",\"url\":\"https:\/\/librairie7l.com\/en\/\",\"logo\":{\"@type\":\"ImageObject\",\"inLanguage\":\"en-US\",\"@id\":\"https:\/\/librairie7l.com\/en\/#\/schema\/logo\/image\/\",\"url\":\"https:\/\/librairie7l.com\/wp-content\/uploads\/2022\/08\/logo-1.png\",\"contentUrl\":\"https:\/\/librairie7l.com\/wp-content\/uploads\/2022\/08\/logo-1.png\",\"width\":227,\"height\":301,\"caption\":\"Librairie 7L\"},\"image\":{\"@id\":\"https:\/\/librairie7l.com\/en\/#\/schema\/logo\/image\/\"}}]}<\/script>\n<!-- \/ Yoast SEO plugin. -->","yoast_head_json":{"title":"MAISON LESAGE: HAUTE COUTURE EMBROIDERY - Librairie 7L","robots":{"index":"index","follow":"follow","max-snippet":"max-snippet:-1","max-image-preview":"max-image-preview:large","max-video-preview":"max-video-preview:-1"},"canonical":"https:\/\/librairie7l.com\/en\/produit\/maison-lesage-haute-couture-embroidery\/","og_locale":"en_US","og_type":"article","og_title":"MAISON LESAGE: HAUTE COUTURE EMBROIDERY - Librairie 7L","og_description":"La Maison Lesage incarne la quintessence de la haute-couture en mati\u00e8re de broderie. Fond\u00e9s en 1858 puis rachet\u00e9s en 2002 par Chanel, ses atelier de cr\u00e9ation ont produit plus de 70 000 broderies et ont collabor\u00e9 avec les couturiers les plus exceptionnels : Elsa Schiaparelli, Hubert de Givenchy, Cristobal Balenciaga, Christian Dior, Yves Saint Laurent, [&hellip;]","og_url":"https:\/\/librairie7l.com\/en\/produit\/maison-lesage-haute-couture-embroidery\/","og_site_name":"Librairie 7L","article_modified_time":"2026-04-05T12:22:07+00:00","og_image":[{"width":600,"height":754,"url":"https:\/\/librairie7l.com\/wp-content\/uploads\/2020\/01\/9780500021538_1_75.jpg","type":"image\/jpeg"}],"twitter_card":"summary_large_image","schema":{"@context":"https:\/\/schema.org","@graph":[{"@type":"WebPage","@id":"https:\/\/librairie7l.com\/en\/produit\/maison-lesage-haute-couture-embroidery\/","url":"https:\/\/librairie7l.com\/en\/produit\/maison-lesage-haute-couture-embroidery\/","name":"MAISON LESAGE: HAUTE COUTURE EMBROIDERY - Librairie 7L","isPartOf":{"@id":"https:\/\/librairie7l.com\/en\/#website"},"datePublished":"2023-05-09T16:34:05+00:00","dateModified":"2026-04-05T12:22:07+00:00","breadcrumb":{"@id":"https:\/\/librairie7l.com\/en\/produit\/maison-lesage-haute-couture-embroidery\/#breadcrumb"},"inLanguage":"en-US","potentialAction":[{"@type":"ReadAction","target":["https:\/\/librairie7l.com\/en\/produit\/maison-lesage-haute-couture-embroidery\/"]}]},{"@type":"BreadcrumbList","@id":"https:\/\/librairie7l.com\/en\/produit\/maison-lesage-haute-couture-embroidery\/#breadcrumb","itemListElement":[{"@type":"ListItem","position":1,"name":"Accueil","item":"https:\/\/librairie7l.com\/en\/"},{"@type":"ListItem","position":2,"name":"Shop","item":"https:\/\/librairie7l.com\/en\/shop\/"},{"@type":"ListItem","position":3,"name":"MAISON LESAGE: HAUTE COUTURE EMBROIDERY"}]},{"@type":"WebSite","@id":"https:\/\/librairie7l.com\/en\/#website","url":"https:\/\/librairie7l.com\/en\/","name":"Librairie 7L","description":"Librairie fond\u00e9e en 1999 par Karl Lagerfeld \u00e0 Paris","publisher":{"@id":"https:\/\/librairie7l.com\/en\/#organization"},"potentialAction":[{"@type":"SearchAction","target":{"@type":"EntryPoint","urlTemplate":"https:\/\/librairie7l.com\/en\/?s={search_term_string}"},"query-input":"required name=search_term_string"}],"inLanguage":"en-US"},{"@type":"Organization","@id":"https:\/\/librairie7l.com\/en\/#organization","name":"Librairie 7L","url":"https:\/\/librairie7l.com\/en\/","logo":{"@type":"ImageObject","inLanguage":"en-US","@id":"https:\/\/librairie7l.com\/en\/#\/schema\/logo\/image\/","url":"https:\/\/librairie7l.com\/wp-content\/uploads\/2022\/08\/logo-1.png","contentUrl":"https:\/\/librairie7l.com\/wp-content\/uploads\/2022\/08\/logo-1.png","width":227,"height":301,"caption":"Librairie 7L"},"image":{"@id":"https:\/\/librairie7l.com\/en\/#\/schema\/logo\/image\/"}}]}},"_links":{"self":[{"href":"https:\/\/librairie7l.com\/en\/wp-json\/wp\/v2\/product\/21967"}],"collection":[{"href":"https:\/\/librairie7l.com\/en\/wp-json\/wp\/v2\/product"}],"about":[{"href":"https:\/\/librairie7l.com\/en\/wp-json\/wp\/v2\/types\/product"}],"wp:featuredmedia":[{"embeddable":true,"href":"https:\/\/librairie7l.com\/en\/wp-json\/wp\/v2\/media\/21965"}],"wp:attachment":[{"href":"https:\/\/librairie7l.com\/en\/wp-json\/wp\/v2\/media?parent=21967"}],"wp:term":[{"taxonomy":"product_cat","embeddable":true,"href":"https:\/\/librairie7l.com\/en\/wp-json\/wp\/v2\/product_cat?post=21967"},{"taxonomy":"product_tag","embeddable":true,"href":"https:\/\/librairie7l.com\/en\/wp-json\/wp\/v2\/product_tag?post=21967"}],"curies":[{"name":"wp","href":"https:\/\/api.w.org\/{rel}","templated":true}]}}