{"id":22011,"date":"2023-05-09T18:34:45","date_gmt":"2023-05-09T16:34:45","guid":{"rendered":"https:\/\/librairie7l.com\/?post_type=product&#038;p=22011"},"modified":"2026-04-09T09:17:18","modified_gmt":"2026-04-09T07:17:18","slug":"lagerfeld-the-chanel-shows","status":"publish","type":"product","link":"https:\/\/librairie7l.com\/en\/produit\/lagerfeld-the-chanel-shows\/","title":{"rendered":"LAGERFELD THE CHANEL SHOWS"},"content":{"rendered":"<p>\u00c0 travers dix des d\u00e9fil\u00e9s de mode les plus embl\u00e9matiques de Karl Lagerfeld pour Chanel, photographi\u00e9s par Simon Procter, le livre offre au lecteur un aper\u00e7u exhaustif de la cr\u00e9ativit\u00e9 \u00e9tendue de l&#8217;un des designers les plus respect\u00e9s et embl\u00e9matiques de l&#8217;histoire de la mode.<\/p>\n","protected":false},"excerpt":{"rendered":"<p>\u00c0 travers dix des d\u00e9fil\u00e9s de mode les plus embl\u00e9matiques de Karl Lagerfeld pour Chanel, photographi\u00e9s par Simon Procter, le livre offre au lecteur un aper\u00e7u exhaustif de la cr\u00e9ativit\u00e9 \u00e9tendue de l&#8217;un des designers les plus respect\u00e9s et embl\u00e9matiques de l&#8217;histoire de la mode.<\/p>\n","protected":false},"featured_media":22009,"template":"","meta":[],"product_cat":[2948,2957],"product_tag":[],"acf":[],"yoast_head":"<!-- This site is optimized with the Yoast SEO plugin v20.11 - https:\/\/yoast.com\/wordpress\/plugins\/seo\/ -->\n<title>LAGERFELD THE CHANEL SHOWS - Librairie 7L<\/title>\n<meta name=\"robots\" content=\"index, follow, max-snippet:-1, max-image-preview:large, max-video-preview:-1\" \/>\n<link rel=\"canonical\" href=\"https:\/\/librairie7l.com\/en\/produit\/lagerfeld-the-chanel-shows\/\" \/>\n<meta property=\"og:locale\" content=\"en_US\" \/>\n<meta property=\"og:type\" content=\"article\" \/>\n<meta property=\"og:title\" content=\"LAGERFELD THE CHANEL SHOWS - Librairie 7L\" \/>\n<meta property=\"og:description\" content=\"\u00c0 travers dix des d\u00e9fil\u00e9s de mode les plus embl\u00e9matiques de Karl Lagerfeld pour Chanel, photographi\u00e9s par Simon Procter, le livre offre au lecteur un aper\u00e7u exhaustif de la cr\u00e9ativit\u00e9 \u00e9tendue de l&#8217;un des designers les plus respect\u00e9s et embl\u00e9matiques de l&#8217;histoire de la mode.\" \/>\n<meta property=\"og:url\" content=\"https:\/\/librairie7l.com\/en\/produit\/lagerfeld-the-chanel-shows\/\" \/>\n<meta property=\"og:site_name\" content=\"Librairie 7L\" \/>\n<meta property=\"article:modified_time\" content=\"2026-04-09T07:17:18+00:00\" \/>\n<meta property=\"og:image\" content=\"https:\/\/librairie7l.com\/wp-content\/uploads\/2019\/08\/9780847863815_1_75.jpg\" \/>\n\t<meta property=\"og:image:width\" content=\"500\" \/>\n\t<meta property=\"og:image:height\" content=\"358\" \/>\n\t<meta property=\"og:image:type\" content=\"image\/jpeg\" \/>\n<meta name=\"twitter:card\" content=\"summary_large_image\" \/>\n<script type=\"application\/ld+json\" class=\"yoast-schema-graph\">{\"@context\":\"https:\/\/schema.org\",\"@graph\":[{\"@type\":\"WebPage\",\"@id\":\"https:\/\/librairie7l.com\/en\/produit\/lagerfeld-the-chanel-shows\/\",\"url\":\"https:\/\/librairie7l.com\/en\/produit\/lagerfeld-the-chanel-shows\/\",\"name\":\"LAGERFELD THE CHANEL SHOWS - Librairie 7L\",\"isPartOf\":{\"@id\":\"https:\/\/librairie7l.com\/en\/#website\"},\"datePublished\":\"2023-05-09T16:34:45+00:00\",\"dateModified\":\"2026-04-09T07:17:18+00:00\",\"breadcrumb\":{\"@id\":\"https:\/\/librairie7l.com\/en\/produit\/lagerfeld-the-chanel-shows\/#breadcrumb\"},\"inLanguage\":\"en-US\",\"potentialAction\":[{\"@type\":\"ReadAction\",\"target\":[\"https:\/\/librairie7l.com\/en\/produit\/lagerfeld-the-chanel-shows\/\"]}]},{\"@type\":\"BreadcrumbList\",\"@id\":\"https:\/\/librairie7l.com\/en\/produit\/lagerfeld-the-chanel-shows\/#breadcrumb\",\"itemListElement\":[{\"@type\":\"ListItem\",\"position\":1,\"name\":\"Accueil\",\"item\":\"https:\/\/librairie7l.com\/en\/\"},{\"@type\":\"ListItem\",\"position\":2,\"name\":\"Shop\",\"item\":\"https:\/\/librairie7l.com\/en\/shop\/\"},{\"@type\":\"ListItem\",\"position\":3,\"name\":\"LAGERFELD THE CHANEL SHOWS\"}]},{\"@type\":\"WebSite\",\"@id\":\"https:\/\/librairie7l.com\/en\/#website\",\"url\":\"https:\/\/librairie7l.com\/en\/\",\"name\":\"Librairie 7L\",\"description\":\"Librairie fond\u00e9e en 1999 par Karl Lagerfeld \u00e0 Paris\",\"publisher\":{\"@id\":\"https:\/\/librairie7l.com\/en\/#organization\"},\"potentialAction\":[{\"@type\":\"SearchAction\",\"target\":{\"@type\":\"EntryPoint\",\"urlTemplate\":\"https:\/\/librairie7l.com\/en\/?s={search_term_string}\"},\"query-input\":\"required name=search_term_string\"}],\"inLanguage\":\"en-US\"},{\"@type\":\"Organization\",\"@id\":\"https:\/\/librairie7l.com\/en\/#organization\",\"name\":\"Librairie 7L\",\"url\":\"https:\/\/librairie7l.com\/en\/\",\"logo\":{\"@type\":\"ImageObject\",\"inLanguage\":\"en-US\",\"@id\":\"https:\/\/librairie7l.com\/en\/#\/schema\/logo\/image\/\",\"url\":\"https:\/\/librairie7l.com\/wp-content\/uploads\/2022\/08\/logo-1.png\",\"contentUrl\":\"https:\/\/librairie7l.com\/wp-content\/uploads\/2022\/08\/logo-1.png\",\"width\":227,\"height\":301,\"caption\":\"Librairie 7L\"},\"image\":{\"@id\":\"https:\/\/librairie7l.com\/en\/#\/schema\/logo\/image\/\"}}]}<\/script>\n<!-- \/ Yoast SEO plugin. -->","yoast_head_json":{"title":"LAGERFELD THE CHANEL SHOWS - Librairie 7L","robots":{"index":"index","follow":"follow","max-snippet":"max-snippet:-1","max-image-preview":"max-image-preview:large","max-video-preview":"max-video-preview:-1"},"canonical":"https:\/\/librairie7l.com\/en\/produit\/lagerfeld-the-chanel-shows\/","og_locale":"en_US","og_type":"article","og_title":"LAGERFELD THE CHANEL SHOWS - Librairie 7L","og_description":"\u00c0 travers dix des d\u00e9fil\u00e9s de mode les plus embl\u00e9matiques de Karl Lagerfeld pour Chanel, photographi\u00e9s par Simon Procter, le livre offre au lecteur un aper\u00e7u exhaustif de la cr\u00e9ativit\u00e9 \u00e9tendue de l&#8217;un des designers les plus respect\u00e9s et embl\u00e9matiques de l&#8217;histoire de la mode.","og_url":"https:\/\/librairie7l.com\/en\/produit\/lagerfeld-the-chanel-shows\/","og_site_name":"Librairie 7L","article_modified_time":"2026-04-09T07:17:18+00:00","og_image":[{"width":500,"height":358,"url":"https:\/\/librairie7l.com\/wp-content\/uploads\/2019\/08\/9780847863815_1_75.jpg","type":"image\/jpeg"}],"twitter_card":"summary_large_image","schema":{"@context":"https:\/\/schema.org","@graph":[{"@type":"WebPage","@id":"https:\/\/librairie7l.com\/en\/produit\/lagerfeld-the-chanel-shows\/","url":"https:\/\/librairie7l.com\/en\/produit\/lagerfeld-the-chanel-shows\/","name":"LAGERFELD THE CHANEL SHOWS - Librairie 7L","isPartOf":{"@id":"https:\/\/librairie7l.com\/en\/#website"},"datePublished":"2023-05-09T16:34:45+00:00","dateModified":"2026-04-09T07:17:18+00:00","breadcrumb":{"@id":"https:\/\/librairie7l.com\/en\/produit\/lagerfeld-the-chanel-shows\/#breadcrumb"},"inLanguage":"en-US","potentialAction":[{"@type":"ReadAction","target":["https:\/\/librairie7l.com\/en\/produit\/lagerfeld-the-chanel-shows\/"]}]},{"@type":"BreadcrumbList","@id":"https:\/\/librairie7l.com\/en\/produit\/lagerfeld-the-chanel-shows\/#breadcrumb","itemListElement":[{"@type":"ListItem","position":1,"name":"Accueil","item":"https:\/\/librairie7l.com\/en\/"},{"@type":"ListItem","position":2,"name":"Shop","item":"https:\/\/librairie7l.com\/en\/shop\/"},{"@type":"ListItem","position":3,"name":"LAGERFELD THE CHANEL SHOWS"}]},{"@type":"WebSite","@id":"https:\/\/librairie7l.com\/en\/#website","url":"https:\/\/librairie7l.com\/en\/","name":"Librairie 7L","description":"Librairie fond\u00e9e en 1999 par Karl Lagerfeld \u00e0 Paris","publisher":{"@id":"https:\/\/librairie7l.com\/en\/#organization"},"potentialAction":[{"@type":"SearchAction","target":{"@type":"EntryPoint","urlTemplate":"https:\/\/librairie7l.com\/en\/?s={search_term_string}"},"query-input":"required name=search_term_string"}],"inLanguage":"en-US"},{"@type":"Organization","@id":"https:\/\/librairie7l.com\/en\/#organization","name":"Librairie 7L","url":"https:\/\/librairie7l.com\/en\/","logo":{"@type":"ImageObject","inLanguage":"en-US","@id":"https:\/\/librairie7l.com\/en\/#\/schema\/logo\/image\/","url":"https:\/\/librairie7l.com\/wp-content\/uploads\/2022\/08\/logo-1.png","contentUrl":"https:\/\/librairie7l.com\/wp-content\/uploads\/2022\/08\/logo-1.png","width":227,"height":301,"caption":"Librairie 7L"},"image":{"@id":"https:\/\/librairie7l.com\/en\/#\/schema\/logo\/image\/"}}]}},"_links":{"self":[{"href":"https:\/\/librairie7l.com\/en\/wp-json\/wp\/v2\/product\/22011"}],"collection":[{"href":"https:\/\/librairie7l.com\/en\/wp-json\/wp\/v2\/product"}],"about":[{"href":"https:\/\/librairie7l.com\/en\/wp-json\/wp\/v2\/types\/product"}],"wp:featuredmedia":[{"embeddable":true,"href":"https:\/\/librairie7l.com\/en\/wp-json\/wp\/v2\/media\/22009"}],"wp:attachment":[{"href":"https:\/\/librairie7l.com\/en\/wp-json\/wp\/v2\/media?parent=22011"}],"wp:term":[{"taxonomy":"product_cat","embeddable":true,"href":"https:\/\/librairie7l.com\/en\/wp-json\/wp\/v2\/product_cat?post=22011"},{"taxonomy":"product_tag","embeddable":true,"href":"https:\/\/librairie7l.com\/en\/wp-json\/wp\/v2\/product_tag?post=22011"}],"curies":[{"name":"wp","href":"https:\/\/api.w.org\/{rel}","templated":true}]}}