{"id":22095,"date":"2023-05-09T18:36:00","date_gmt":"2023-05-09T16:36:00","guid":{"rendered":"https:\/\/librairie7l.com\/?post_type=product&#038;p=22095"},"modified":"2026-05-02T11:12:30","modified_gmt":"2026-05-02T09:12:30","slug":"terres-tracees-t-3","status":"publish","type":"product","link":"https:\/\/librairie7l.com\/en\/produit\/terres-tracees-t-3\/","title":{"rendered":"TERRES TRAC\u00c9ES T.3"},"content":{"rendered":"<p>Chez les aborig\u00e8nes d&#8217;Australie l&#8217;imaginaire territorial, culturel, historique et sacr\u00e9 s&#8217;appelle \u00ab le temps du R\u00eave \u00bb ou plus simplement le R\u00eave. L&#8217;expression artistique de cet imaginaire passe notamment par la peinture, dont les couleurs viennent de la terre, la terre d&#8217;ocre.<\/p>\n<p>Apr\u00e8s l&#8217;hommage au petit bol \u00e0 th\u00e9 indien de 1001 bols et le voyage avec l&#8217;argile dans les mythes et la cr\u00e9ation artistique d&#8217;Argiles vives, Terres trac\u00e9es s&#8217;int\u00e9resse \u00e0 la terre d&#8217;ocre dans son rapport avec la peinture. Des artistes de cultures radicalement diff\u00e9rentes, aborig\u00e8ne, moyen-orientale, chinoise et europ\u00e9enne, r\u00e9alisent chacun son temps du R\u00eave ancestral ou personnel avec cette m\u00eame base de couleur originelle. D&#8217;autres moyens sont partag\u00e9s aussi : par les peintres, un papier d&#8217;art de la maison Arches, et par les c\u00e9ramistes, le papier porcelaine fait par les artistes eux-m\u00eames. Ainsi, en m\u00eame temps que de c\u00e9l\u00e9brer l&#8217;universalit\u00e9 du geste artistique et la diversit\u00e9 des oeuvres, le projet Terres trac\u00e9es met en jeu le rapport subtil et toujours complexe entre les notions de tradition et de modernit\u00e9.<\/p>\n","protected":false},"excerpt":{"rendered":"<p>Chez les aborig\u00e8nes d&#8217;Australie l&#8217;imaginaire territorial, culturel, historique et sacr\u00e9 s&#8217;appelle \u00ab le temps du R\u00eave \u00bb ou plus simplement le R\u00eave. L&#8217;expression artistique de cet imaginaire passe notamment par la peinture, dont les couleurs viennent de la terre, la terre d&#8217;ocre. Apr\u00e8s l&#8217;hommage au petit bol \u00e0 th\u00e9 indien de 1001 bols et le [&hellip;]<\/p>\n","protected":false},"featured_media":22093,"template":"","meta":[],"product_cat":[2948,2952],"product_tag":[],"acf":[],"yoast_head":"<!-- This site is optimized with the Yoast SEO plugin v20.11 - https:\/\/yoast.com\/wordpress\/plugins\/seo\/ -->\n<title>TERRES TRAC\u00c9ES T.3 - Librairie 7L<\/title>\n<meta name=\"robots\" content=\"index, follow, max-snippet:-1, max-image-preview:large, max-video-preview:-1\" \/>\n<link rel=\"canonical\" href=\"https:\/\/librairie7l.com\/en\/produit\/terres-tracees-t-3\/\" \/>\n<meta property=\"og:locale\" content=\"en_US\" \/>\n<meta property=\"og:type\" content=\"article\" \/>\n<meta property=\"og:title\" content=\"TERRES TRAC\u00c9ES T.3 - Librairie 7L\" \/>\n<meta property=\"og:description\" content=\"Chez les aborig\u00e8nes d&#8217;Australie l&#8217;imaginaire territorial, culturel, historique et sacr\u00e9 s&#8217;appelle \u00ab le temps du R\u00eave \u00bb ou plus simplement le R\u00eave. L&#8217;expression artistique de cet imaginaire passe notamment par la peinture, dont les couleurs viennent de la terre, la terre d&#8217;ocre. Apr\u00e8s l&#8217;hommage au petit bol \u00e0 th\u00e9 indien de 1001 bols et le [&hellip;]\" \/>\n<meta property=\"og:url\" content=\"https:\/\/librairie7l.com\/en\/produit\/terres-tracees-t-3\/\" \/>\n<meta property=\"og:site_name\" content=\"Librairie 7L\" \/>\n<meta property=\"article:modified_time\" content=\"2026-05-02T09:12:30+00:00\" \/>\n<meta property=\"og:image\" content=\"https:\/\/librairie7l.com\/wp-content\/uploads\/2021\/07\/9788836649358_1_75.jpg\" \/>\n\t<meta property=\"og:image:width\" content=\"600\" \/>\n\t<meta property=\"og:image:height\" content=\"652\" \/>\n\t<meta property=\"og:image:type\" content=\"image\/jpeg\" \/>\n<meta name=\"twitter:card\" content=\"summary_large_image\" \/>\n<meta name=\"twitter:label1\" content=\"Est. reading time\" \/>\n\t<meta name=\"twitter:data1\" content=\"1 minute\" \/>\n<script type=\"application\/ld+json\" class=\"yoast-schema-graph\">{\"@context\":\"https:\/\/schema.org\",\"@graph\":[{\"@type\":\"WebPage\",\"@id\":\"https:\/\/librairie7l.com\/en\/produit\/terres-tracees-t-3\/\",\"url\":\"https:\/\/librairie7l.com\/en\/produit\/terres-tracees-t-3\/\",\"name\":\"TERRES TRAC\u00c9ES T.3 - Librairie 7L\",\"isPartOf\":{\"@id\":\"https:\/\/librairie7l.com\/en\/#website\"},\"datePublished\":\"2023-05-09T16:36:00+00:00\",\"dateModified\":\"2026-05-02T09:12:30+00:00\",\"breadcrumb\":{\"@id\":\"https:\/\/librairie7l.com\/en\/produit\/terres-tracees-t-3\/#breadcrumb\"},\"inLanguage\":\"en-US\",\"potentialAction\":[{\"@type\":\"ReadAction\",\"target\":[\"https:\/\/librairie7l.com\/en\/produit\/terres-tracees-t-3\/\"]}]},{\"@type\":\"BreadcrumbList\",\"@id\":\"https:\/\/librairie7l.com\/en\/produit\/terres-tracees-t-3\/#breadcrumb\",\"itemListElement\":[{\"@type\":\"ListItem\",\"position\":1,\"name\":\"Accueil\",\"item\":\"https:\/\/librairie7l.com\/en\/\"},{\"@type\":\"ListItem\",\"position\":2,\"name\":\"Shop\",\"item\":\"https:\/\/librairie7l.com\/en\/shop\/\"},{\"@type\":\"ListItem\",\"position\":3,\"name\":\"TERRES TRAC\u00c9ES T.3\"}]},{\"@type\":\"WebSite\",\"@id\":\"https:\/\/librairie7l.com\/en\/#website\",\"url\":\"https:\/\/librairie7l.com\/en\/\",\"name\":\"Librairie 7L\",\"description\":\"Librairie fond\u00e9e en 1999 par Karl Lagerfeld \u00e0 Paris\",\"publisher\":{\"@id\":\"https:\/\/librairie7l.com\/en\/#organization\"},\"potentialAction\":[{\"@type\":\"SearchAction\",\"target\":{\"@type\":\"EntryPoint\",\"urlTemplate\":\"https:\/\/librairie7l.com\/en\/?s={search_term_string}\"},\"query-input\":\"required name=search_term_string\"}],\"inLanguage\":\"en-US\"},{\"@type\":\"Organization\",\"@id\":\"https:\/\/librairie7l.com\/en\/#organization\",\"name\":\"Librairie 7L\",\"url\":\"https:\/\/librairie7l.com\/en\/\",\"logo\":{\"@type\":\"ImageObject\",\"inLanguage\":\"en-US\",\"@id\":\"https:\/\/librairie7l.com\/en\/#\/schema\/logo\/image\/\",\"url\":\"https:\/\/librairie7l.com\/wp-content\/uploads\/2022\/08\/logo-1.png\",\"contentUrl\":\"https:\/\/librairie7l.com\/wp-content\/uploads\/2022\/08\/logo-1.png\",\"width\":227,\"height\":301,\"caption\":\"Librairie 7L\"},\"image\":{\"@id\":\"https:\/\/librairie7l.com\/en\/#\/schema\/logo\/image\/\"}}]}<\/script>\n<!-- \/ Yoast SEO plugin. -->","yoast_head_json":{"title":"TERRES TRAC\u00c9ES T.3 - Librairie 7L","robots":{"index":"index","follow":"follow","max-snippet":"max-snippet:-1","max-image-preview":"max-image-preview:large","max-video-preview":"max-video-preview:-1"},"canonical":"https:\/\/librairie7l.com\/en\/produit\/terres-tracees-t-3\/","og_locale":"en_US","og_type":"article","og_title":"TERRES TRAC\u00c9ES T.3 - Librairie 7L","og_description":"Chez les aborig\u00e8nes d&#8217;Australie l&#8217;imaginaire territorial, culturel, historique et sacr\u00e9 s&#8217;appelle \u00ab le temps du R\u00eave \u00bb ou plus simplement le R\u00eave. L&#8217;expression artistique de cet imaginaire passe notamment par la peinture, dont les couleurs viennent de la terre, la terre d&#8217;ocre. Apr\u00e8s l&#8217;hommage au petit bol \u00e0 th\u00e9 indien de 1001 bols et le [&hellip;]","og_url":"https:\/\/librairie7l.com\/en\/produit\/terres-tracees-t-3\/","og_site_name":"Librairie 7L","article_modified_time":"2026-05-02T09:12:30+00:00","og_image":[{"width":600,"height":652,"url":"https:\/\/librairie7l.com\/wp-content\/uploads\/2021\/07\/9788836649358_1_75.jpg","type":"image\/jpeg"}],"twitter_card":"summary_large_image","twitter_misc":{"Est. reading time":"1 minute"},"schema":{"@context":"https:\/\/schema.org","@graph":[{"@type":"WebPage","@id":"https:\/\/librairie7l.com\/en\/produit\/terres-tracees-t-3\/","url":"https:\/\/librairie7l.com\/en\/produit\/terres-tracees-t-3\/","name":"TERRES TRAC\u00c9ES T.3 - Librairie 7L","isPartOf":{"@id":"https:\/\/librairie7l.com\/en\/#website"},"datePublished":"2023-05-09T16:36:00+00:00","dateModified":"2026-05-02T09:12:30+00:00","breadcrumb":{"@id":"https:\/\/librairie7l.com\/en\/produit\/terres-tracees-t-3\/#breadcrumb"},"inLanguage":"en-US","potentialAction":[{"@type":"ReadAction","target":["https:\/\/librairie7l.com\/en\/produit\/terres-tracees-t-3\/"]}]},{"@type":"BreadcrumbList","@id":"https:\/\/librairie7l.com\/en\/produit\/terres-tracees-t-3\/#breadcrumb","itemListElement":[{"@type":"ListItem","position":1,"name":"Accueil","item":"https:\/\/librairie7l.com\/en\/"},{"@type":"ListItem","position":2,"name":"Shop","item":"https:\/\/librairie7l.com\/en\/shop\/"},{"@type":"ListItem","position":3,"name":"TERRES TRAC\u00c9ES T.3"}]},{"@type":"WebSite","@id":"https:\/\/librairie7l.com\/en\/#website","url":"https:\/\/librairie7l.com\/en\/","name":"Librairie 7L","description":"Librairie fond\u00e9e en 1999 par Karl Lagerfeld \u00e0 Paris","publisher":{"@id":"https:\/\/librairie7l.com\/en\/#organization"},"potentialAction":[{"@type":"SearchAction","target":{"@type":"EntryPoint","urlTemplate":"https:\/\/librairie7l.com\/en\/?s={search_term_string}"},"query-input":"required name=search_term_string"}],"inLanguage":"en-US"},{"@type":"Organization","@id":"https:\/\/librairie7l.com\/en\/#organization","name":"Librairie 7L","url":"https:\/\/librairie7l.com\/en\/","logo":{"@type":"ImageObject","inLanguage":"en-US","@id":"https:\/\/librairie7l.com\/en\/#\/schema\/logo\/image\/","url":"https:\/\/librairie7l.com\/wp-content\/uploads\/2022\/08\/logo-1.png","contentUrl":"https:\/\/librairie7l.com\/wp-content\/uploads\/2022\/08\/logo-1.png","width":227,"height":301,"caption":"Librairie 7L"},"image":{"@id":"https:\/\/librairie7l.com\/en\/#\/schema\/logo\/image\/"}}]}},"_links":{"self":[{"href":"https:\/\/librairie7l.com\/en\/wp-json\/wp\/v2\/product\/22095"}],"collection":[{"href":"https:\/\/librairie7l.com\/en\/wp-json\/wp\/v2\/product"}],"about":[{"href":"https:\/\/librairie7l.com\/en\/wp-json\/wp\/v2\/types\/product"}],"wp:featuredmedia":[{"embeddable":true,"href":"https:\/\/librairie7l.com\/en\/wp-json\/wp\/v2\/media\/22093"}],"wp:attachment":[{"href":"https:\/\/librairie7l.com\/en\/wp-json\/wp\/v2\/media?parent=22095"}],"wp:term":[{"taxonomy":"product_cat","embeddable":true,"href":"https:\/\/librairie7l.com\/en\/wp-json\/wp\/v2\/product_cat?post=22095"},{"taxonomy":"product_tag","embeddable":true,"href":"https:\/\/librairie7l.com\/en\/wp-json\/wp\/v2\/product_tag?post=22095"}],"curies":[{"name":"wp","href":"https:\/\/api.w.org\/{rel}","templated":true}]}}