{"id":22139,"date":"2023-05-09T18:36:38","date_gmt":"2023-05-09T16:36:38","guid":{"rendered":"https:\/\/librairie7l.com\/?post_type=product&#038;p=22139"},"modified":"2026-04-19T01:41:19","modified_gmt":"2026-04-18T23:41:19","slug":"temples","status":"publish","type":"product","link":"https:\/\/librairie7l.com\/en\/produit\/temples\/","title":{"rendered":"TEMPLES"},"content":{"rendered":"<p>Dans l&#8217;\u00eele nomm\u00e9e Ichnusa par les Grecs et compar\u00e9e \u00e0 un pied humain, parmi les chardons sauvages, les touffes de lentisques et d&#8217;immortelles au parfum intense, dans des paysages br\u00fbl\u00e9s par le soleil et battus par les vents, se trouvent des \u00e9glises et des monast\u00e8res fort anciens dont la plupart sont d\u00e9saffect\u00e9s. Il s&#8217;agit d&#8217;\u00e9difices portant un nom de saint, qui faisaient partie jadis d&#8217;un tissu urbain aujourd&#8217;hui d\u00e9sert\u00e9 par les hommes, qui ont en commun un isolement qui en accentue la fascination paysag\u00e8re : v\u00e9ritables miracles de pierre, d&#8217;une rare beaut\u00e9, symbole de la sacralit\u00e9 intrins\u00e8que du territoire. C&#8217;est dans cette Sardaigne m\u00e9connue, loin de la mer, que lors de son voyage dans l&#8217;arri\u00e8re-pays Giancarlo Pradelli puise son inspiration. Son regard ne s&#8217;arr\u00eate pas seulement sur des \u00e9difices prestigieux, fruit des incursions culturelles historiques dans l&#8217;\u00eele, mais privil\u00e9gie des constructions modestes de styles divers et des \u00e9glises rustiques d&#8217;origine pastorale, que des artisans locaux ont b\u00e2ties pour r\u00e9sister au vent et au climat m\u00e9diterran\u00e9en.<br \/>\nSouvenir vague des architectures d&#8217;origine, ces vestiges que la force corrosive du temps a souvent r\u00e9duits \u00e0 l&#8217;\u00e9tat de murs effondr\u00e9s, ont pris une nouvelle forme, inexorablement destin\u00e9e \u00e0 conna\u00eetre d&#8217;autres mutations silencieuses.<\/p>\n","protected":false},"excerpt":{"rendered":"<p>Dans l&#8217;\u00eele nomm\u00e9e Ichnusa par les Grecs et compar\u00e9e \u00e0 un pied humain, parmi les chardons sauvages, les touffes de lentisques et d&#8217;immortelles au parfum intense, dans des paysages br\u00fbl\u00e9s par le soleil et battus par les vents, se trouvent des \u00e9glises et des monast\u00e8res fort anciens dont la plupart sont d\u00e9saffect\u00e9s. Il s&#8217;agit d&#8217;\u00e9difices [&hellip;]<\/p>\n","protected":false},"featured_media":0,"template":"","meta":[],"product_cat":[2948,2958],"product_tag":[],"acf":[],"yoast_head":"<!-- This site is optimized with the Yoast SEO plugin v20.11 - https:\/\/yoast.com\/wordpress\/plugins\/seo\/ -->\n<title>TEMPLES - Librairie 7L<\/title>\n<meta name=\"robots\" content=\"index, follow, max-snippet:-1, max-image-preview:large, max-video-preview:-1\" \/>\n<link rel=\"canonical\" href=\"https:\/\/librairie7l.com\/en\/produit\/temples\/\" \/>\n<meta property=\"og:locale\" content=\"en_US\" \/>\n<meta property=\"og:type\" content=\"article\" \/>\n<meta property=\"og:title\" content=\"TEMPLES - Librairie 7L\" \/>\n<meta property=\"og:description\" content=\"Dans l&#8217;\u00eele nomm\u00e9e Ichnusa par les Grecs et compar\u00e9e \u00e0 un pied humain, parmi les chardons sauvages, les touffes de lentisques et d&#8217;immortelles au parfum intense, dans des paysages br\u00fbl\u00e9s par le soleil et battus par les vents, se trouvent des \u00e9glises et des monast\u00e8res fort anciens dont la plupart sont d\u00e9saffect\u00e9s. Il s&#8217;agit d&#8217;\u00e9difices [&hellip;]\" \/>\n<meta property=\"og:url\" content=\"https:\/\/librairie7l.com\/en\/produit\/temples\/\" \/>\n<meta property=\"og:site_name\" content=\"Librairie 7L\" \/>\n<meta property=\"article:modified_time\" content=\"2026-04-18T23:41:19+00:00\" \/>\n<meta name=\"twitter:card\" content=\"summary_large_image\" \/>\n<meta name=\"twitter:label1\" content=\"Est. reading time\" \/>\n\t<meta name=\"twitter:data1\" content=\"1 minute\" \/>\n<script type=\"application\/ld+json\" class=\"yoast-schema-graph\">{\"@context\":\"https:\/\/schema.org\",\"@graph\":[{\"@type\":\"WebPage\",\"@id\":\"https:\/\/librairie7l.com\/en\/produit\/temples\/\",\"url\":\"https:\/\/librairie7l.com\/en\/produit\/temples\/\",\"name\":\"TEMPLES - Librairie 7L\",\"isPartOf\":{\"@id\":\"https:\/\/librairie7l.com\/en\/#website\"},\"datePublished\":\"2023-05-09T16:36:38+00:00\",\"dateModified\":\"2026-04-18T23:41:19+00:00\",\"breadcrumb\":{\"@id\":\"https:\/\/librairie7l.com\/en\/produit\/temples\/#breadcrumb\"},\"inLanguage\":\"en-US\",\"potentialAction\":[{\"@type\":\"ReadAction\",\"target\":[\"https:\/\/librairie7l.com\/en\/produit\/temples\/\"]}]},{\"@type\":\"BreadcrumbList\",\"@id\":\"https:\/\/librairie7l.com\/en\/produit\/temples\/#breadcrumb\",\"itemListElement\":[{\"@type\":\"ListItem\",\"position\":1,\"name\":\"Accueil\",\"item\":\"https:\/\/librairie7l.com\/en\/\"},{\"@type\":\"ListItem\",\"position\":2,\"name\":\"Shop\",\"item\":\"https:\/\/librairie7l.com\/en\/shop\/\"},{\"@type\":\"ListItem\",\"position\":3,\"name\":\"TEMPLES\"}]},{\"@type\":\"WebSite\",\"@id\":\"https:\/\/librairie7l.com\/en\/#website\",\"url\":\"https:\/\/librairie7l.com\/en\/\",\"name\":\"Librairie 7L\",\"description\":\"Librairie fond\u00e9e en 1999 par Karl Lagerfeld \u00e0 Paris\",\"publisher\":{\"@id\":\"https:\/\/librairie7l.com\/en\/#organization\"},\"potentialAction\":[{\"@type\":\"SearchAction\",\"target\":{\"@type\":\"EntryPoint\",\"urlTemplate\":\"https:\/\/librairie7l.com\/en\/?s={search_term_string}\"},\"query-input\":\"required name=search_term_string\"}],\"inLanguage\":\"en-US\"},{\"@type\":\"Organization\",\"@id\":\"https:\/\/librairie7l.com\/en\/#organization\",\"name\":\"Librairie 7L\",\"url\":\"https:\/\/librairie7l.com\/en\/\",\"logo\":{\"@type\":\"ImageObject\",\"inLanguage\":\"en-US\",\"@id\":\"https:\/\/librairie7l.com\/en\/#\/schema\/logo\/image\/\",\"url\":\"https:\/\/librairie7l.com\/wp-content\/uploads\/2022\/08\/logo-1.png\",\"contentUrl\":\"https:\/\/librairie7l.com\/wp-content\/uploads\/2022\/08\/logo-1.png\",\"width\":227,\"height\":301,\"caption\":\"Librairie 7L\"},\"image\":{\"@id\":\"https:\/\/librairie7l.com\/en\/#\/schema\/logo\/image\/\"}}]}<\/script>\n<!-- \/ Yoast SEO plugin. -->","yoast_head_json":{"title":"TEMPLES - Librairie 7L","robots":{"index":"index","follow":"follow","max-snippet":"max-snippet:-1","max-image-preview":"max-image-preview:large","max-video-preview":"max-video-preview:-1"},"canonical":"https:\/\/librairie7l.com\/en\/produit\/temples\/","og_locale":"en_US","og_type":"article","og_title":"TEMPLES - Librairie 7L","og_description":"Dans l&#8217;\u00eele nomm\u00e9e Ichnusa par les Grecs et compar\u00e9e \u00e0 un pied humain, parmi les chardons sauvages, les touffes de lentisques et d&#8217;immortelles au parfum intense, dans des paysages br\u00fbl\u00e9s par le soleil et battus par les vents, se trouvent des \u00e9glises et des monast\u00e8res fort anciens dont la plupart sont d\u00e9saffect\u00e9s. Il s&#8217;agit d&#8217;\u00e9difices [&hellip;]","og_url":"https:\/\/librairie7l.com\/en\/produit\/temples\/","og_site_name":"Librairie 7L","article_modified_time":"2026-04-18T23:41:19+00:00","twitter_card":"summary_large_image","twitter_misc":{"Est. reading time":"1 minute"},"schema":{"@context":"https:\/\/schema.org","@graph":[{"@type":"WebPage","@id":"https:\/\/librairie7l.com\/en\/produit\/temples\/","url":"https:\/\/librairie7l.com\/en\/produit\/temples\/","name":"TEMPLES - Librairie 7L","isPartOf":{"@id":"https:\/\/librairie7l.com\/en\/#website"},"datePublished":"2023-05-09T16:36:38+00:00","dateModified":"2026-04-18T23:41:19+00:00","breadcrumb":{"@id":"https:\/\/librairie7l.com\/en\/produit\/temples\/#breadcrumb"},"inLanguage":"en-US","potentialAction":[{"@type":"ReadAction","target":["https:\/\/librairie7l.com\/en\/produit\/temples\/"]}]},{"@type":"BreadcrumbList","@id":"https:\/\/librairie7l.com\/en\/produit\/temples\/#breadcrumb","itemListElement":[{"@type":"ListItem","position":1,"name":"Accueil","item":"https:\/\/librairie7l.com\/en\/"},{"@type":"ListItem","position":2,"name":"Shop","item":"https:\/\/librairie7l.com\/en\/shop\/"},{"@type":"ListItem","position":3,"name":"TEMPLES"}]},{"@type":"WebSite","@id":"https:\/\/librairie7l.com\/en\/#website","url":"https:\/\/librairie7l.com\/en\/","name":"Librairie 7L","description":"Librairie fond\u00e9e en 1999 par Karl Lagerfeld \u00e0 Paris","publisher":{"@id":"https:\/\/librairie7l.com\/en\/#organization"},"potentialAction":[{"@type":"SearchAction","target":{"@type":"EntryPoint","urlTemplate":"https:\/\/librairie7l.com\/en\/?s={search_term_string}"},"query-input":"required name=search_term_string"}],"inLanguage":"en-US"},{"@type":"Organization","@id":"https:\/\/librairie7l.com\/en\/#organization","name":"Librairie 7L","url":"https:\/\/librairie7l.com\/en\/","logo":{"@type":"ImageObject","inLanguage":"en-US","@id":"https:\/\/librairie7l.com\/en\/#\/schema\/logo\/image\/","url":"https:\/\/librairie7l.com\/wp-content\/uploads\/2022\/08\/logo-1.png","contentUrl":"https:\/\/librairie7l.com\/wp-content\/uploads\/2022\/08\/logo-1.png","width":227,"height":301,"caption":"Librairie 7L"},"image":{"@id":"https:\/\/librairie7l.com\/en\/#\/schema\/logo\/image\/"}}]}},"_links":{"self":[{"href":"https:\/\/librairie7l.com\/en\/wp-json\/wp\/v2\/product\/22139"}],"collection":[{"href":"https:\/\/librairie7l.com\/en\/wp-json\/wp\/v2\/product"}],"about":[{"href":"https:\/\/librairie7l.com\/en\/wp-json\/wp\/v2\/types\/product"}],"wp:attachment":[{"href":"https:\/\/librairie7l.com\/en\/wp-json\/wp\/v2\/media?parent=22139"}],"wp:term":[{"taxonomy":"product_cat","embeddable":true,"href":"https:\/\/librairie7l.com\/en\/wp-json\/wp\/v2\/product_cat?post=22139"},{"taxonomy":"product_tag","embeddable":true,"href":"https:\/\/librairie7l.com\/en\/wp-json\/wp\/v2\/product_tag?post=22139"}],"curies":[{"name":"wp","href":"https:\/\/api.w.org\/{rel}","templated":true}]}}