{"id":22151,"date":"2023-05-09T18:36:48","date_gmt":"2023-05-09T16:36:48","guid":{"rendered":"https:\/\/librairie7l.com\/?post_type=product&#038;p=22151"},"modified":"2026-04-19T01:40:42","modified_gmt":"2026-04-18T23:40:42","slug":"tino-nivola","status":"publish","type":"product","link":"https:\/\/librairie7l.com\/en\/produit\/tino-nivola\/","title":{"rendered":"TINO NIVOLA"},"content":{"rendered":"<p>Le volume pr\u00e9sente une campagne photographique magistrale avec laquelle Marco Anelli a document\u00e9 les travaux publics de Costantino (Tino) Nivola (1911-1988) pr\u00e9sent \u00e0 New York.<br \/>\nPar une savante modulation entre ombre et lumi\u00e8re, caract\u00e9ristique du langage d&#8217;Anelli, les images, strictement en noir et blanc, offrent une compr\u00e9hension pleine et suggestive de l&#8217;oeuvre du sculpteur &#8211; figure de proue de la sc\u00e8ne artistique du XXe si\u00e8cle &#8211; mais aussi du contexte qui les accueille, gr\u00e2ce \u00e0 l&#8217;implication de la communaut\u00e9 nvironnante qui particip\u00e9 au travail du photographe.<br \/>\nLe projet a donc consist\u00e9 en la recherche des oeuvres de Nivola, \u00e9parpill\u00e9es dans les cinq quartiers de la ville (Manhattan, Brooklyn, Queens, The Bronx, Staten Island) dans le but de les valoriser, de relancer les connaissances et favoriser la protection par une sensibilisation partag\u00e9e.<\/p>\n<p>Exposition :Du 8 mai 2021 au 10 janvier 2022, au Maggazzino Italian art de Cold Spring (NY).<\/p>\n","protected":false},"excerpt":{"rendered":"<p>Le volume pr\u00e9sente une campagne photographique magistrale avec laquelle Marco Anelli a document\u00e9 les travaux publics de Costantino (Tino) Nivola (1911-1988) pr\u00e9sent \u00e0 New York. Par une savante modulation entre ombre et lumi\u00e8re, caract\u00e9ristique du langage d&#8217;Anelli, les images, strictement en noir et blanc, offrent une compr\u00e9hension pleine et suggestive de l&#8217;oeuvre du sculpteur &#8211; [&hellip;]<\/p>\n","protected":false},"featured_media":22149,"template":"","meta":[],"product_cat":[2948,2958],"product_tag":[],"acf":[],"yoast_head":"<!-- This site is optimized with the Yoast SEO plugin v20.11 - https:\/\/yoast.com\/wordpress\/plugins\/seo\/ -->\n<title>TINO NIVOLA - Librairie 7L<\/title>\n<meta name=\"robots\" content=\"index, follow, max-snippet:-1, max-image-preview:large, max-video-preview:-1\" \/>\n<link rel=\"canonical\" href=\"https:\/\/librairie7l.com\/en\/produit\/tino-nivola\/\" \/>\n<meta property=\"og:locale\" content=\"en_US\" \/>\n<meta property=\"og:type\" content=\"article\" \/>\n<meta property=\"og:title\" content=\"TINO NIVOLA - Librairie 7L\" \/>\n<meta property=\"og:description\" content=\"Le volume pr\u00e9sente une campagne photographique magistrale avec laquelle Marco Anelli a document\u00e9 les travaux publics de Costantino (Tino) Nivola (1911-1988) pr\u00e9sent \u00e0 New York. Par une savante modulation entre ombre et lumi\u00e8re, caract\u00e9ristique du langage d&#8217;Anelli, les images, strictement en noir et blanc, offrent une compr\u00e9hension pleine et suggestive de l&#8217;oeuvre du sculpteur &#8211; [&hellip;]\" \/>\n<meta property=\"og:url\" content=\"https:\/\/librairie7l.com\/en\/produit\/tino-nivola\/\" \/>\n<meta property=\"og:site_name\" content=\"Librairie 7L\" \/>\n<meta property=\"article:modified_time\" content=\"2026-04-18T23:40:42+00:00\" \/>\n<meta property=\"og:image\" content=\"https:\/\/librairie7l.com\/wp-content\/uploads\/2022\/03\/9788836649969_1_75.jpg\" \/>\n\t<meta property=\"og:image:width\" content=\"400\" \/>\n\t<meta property=\"og:image:height\" content=\"519\" \/>\n\t<meta property=\"og:image:type\" content=\"image\/jpeg\" \/>\n<meta name=\"twitter:card\" content=\"summary_large_image\" \/>\n<meta name=\"twitter:label1\" content=\"Est. reading time\" \/>\n\t<meta name=\"twitter:data1\" content=\"1 minute\" \/>\n<script type=\"application\/ld+json\" class=\"yoast-schema-graph\">{\"@context\":\"https:\/\/schema.org\",\"@graph\":[{\"@type\":\"WebPage\",\"@id\":\"https:\/\/librairie7l.com\/en\/produit\/tino-nivola\/\",\"url\":\"https:\/\/librairie7l.com\/en\/produit\/tino-nivola\/\",\"name\":\"TINO NIVOLA - Librairie 7L\",\"isPartOf\":{\"@id\":\"https:\/\/librairie7l.com\/en\/#website\"},\"datePublished\":\"2023-05-09T16:36:48+00:00\",\"dateModified\":\"2026-04-18T23:40:42+00:00\",\"breadcrumb\":{\"@id\":\"https:\/\/librairie7l.com\/en\/produit\/tino-nivola\/#breadcrumb\"},\"inLanguage\":\"en-US\",\"potentialAction\":[{\"@type\":\"ReadAction\",\"target\":[\"https:\/\/librairie7l.com\/en\/produit\/tino-nivola\/\"]}]},{\"@type\":\"BreadcrumbList\",\"@id\":\"https:\/\/librairie7l.com\/en\/produit\/tino-nivola\/#breadcrumb\",\"itemListElement\":[{\"@type\":\"ListItem\",\"position\":1,\"name\":\"Accueil\",\"item\":\"https:\/\/librairie7l.com\/en\/\"},{\"@type\":\"ListItem\",\"position\":2,\"name\":\"Shop\",\"item\":\"https:\/\/librairie7l.com\/en\/shop\/\"},{\"@type\":\"ListItem\",\"position\":3,\"name\":\"TINO NIVOLA\"}]},{\"@type\":\"WebSite\",\"@id\":\"https:\/\/librairie7l.com\/en\/#website\",\"url\":\"https:\/\/librairie7l.com\/en\/\",\"name\":\"Librairie 7L\",\"description\":\"Librairie fond\u00e9e en 1999 par Karl Lagerfeld \u00e0 Paris\",\"publisher\":{\"@id\":\"https:\/\/librairie7l.com\/en\/#organization\"},\"potentialAction\":[{\"@type\":\"SearchAction\",\"target\":{\"@type\":\"EntryPoint\",\"urlTemplate\":\"https:\/\/librairie7l.com\/en\/?s={search_term_string}\"},\"query-input\":\"required name=search_term_string\"}],\"inLanguage\":\"en-US\"},{\"@type\":\"Organization\",\"@id\":\"https:\/\/librairie7l.com\/en\/#organization\",\"name\":\"Librairie 7L\",\"url\":\"https:\/\/librairie7l.com\/en\/\",\"logo\":{\"@type\":\"ImageObject\",\"inLanguage\":\"en-US\",\"@id\":\"https:\/\/librairie7l.com\/en\/#\/schema\/logo\/image\/\",\"url\":\"https:\/\/librairie7l.com\/wp-content\/uploads\/2022\/08\/logo-1.png\",\"contentUrl\":\"https:\/\/librairie7l.com\/wp-content\/uploads\/2022\/08\/logo-1.png\",\"width\":227,\"height\":301,\"caption\":\"Librairie 7L\"},\"image\":{\"@id\":\"https:\/\/librairie7l.com\/en\/#\/schema\/logo\/image\/\"}}]}<\/script>\n<!-- \/ Yoast SEO plugin. -->","yoast_head_json":{"title":"TINO NIVOLA - Librairie 7L","robots":{"index":"index","follow":"follow","max-snippet":"max-snippet:-1","max-image-preview":"max-image-preview:large","max-video-preview":"max-video-preview:-1"},"canonical":"https:\/\/librairie7l.com\/en\/produit\/tino-nivola\/","og_locale":"en_US","og_type":"article","og_title":"TINO NIVOLA - Librairie 7L","og_description":"Le volume pr\u00e9sente une campagne photographique magistrale avec laquelle Marco Anelli a document\u00e9 les travaux publics de Costantino (Tino) Nivola (1911-1988) pr\u00e9sent \u00e0 New York. Par une savante modulation entre ombre et lumi\u00e8re, caract\u00e9ristique du langage d&#8217;Anelli, les images, strictement en noir et blanc, offrent une compr\u00e9hension pleine et suggestive de l&#8217;oeuvre du sculpteur &#8211; [&hellip;]","og_url":"https:\/\/librairie7l.com\/en\/produit\/tino-nivola\/","og_site_name":"Librairie 7L","article_modified_time":"2026-04-18T23:40:42+00:00","og_image":[{"width":400,"height":519,"url":"https:\/\/librairie7l.com\/wp-content\/uploads\/2022\/03\/9788836649969_1_75.jpg","type":"image\/jpeg"}],"twitter_card":"summary_large_image","twitter_misc":{"Est. reading time":"1 minute"},"schema":{"@context":"https:\/\/schema.org","@graph":[{"@type":"WebPage","@id":"https:\/\/librairie7l.com\/en\/produit\/tino-nivola\/","url":"https:\/\/librairie7l.com\/en\/produit\/tino-nivola\/","name":"TINO NIVOLA - Librairie 7L","isPartOf":{"@id":"https:\/\/librairie7l.com\/en\/#website"},"datePublished":"2023-05-09T16:36:48+00:00","dateModified":"2026-04-18T23:40:42+00:00","breadcrumb":{"@id":"https:\/\/librairie7l.com\/en\/produit\/tino-nivola\/#breadcrumb"},"inLanguage":"en-US","potentialAction":[{"@type":"ReadAction","target":["https:\/\/librairie7l.com\/en\/produit\/tino-nivola\/"]}]},{"@type":"BreadcrumbList","@id":"https:\/\/librairie7l.com\/en\/produit\/tino-nivola\/#breadcrumb","itemListElement":[{"@type":"ListItem","position":1,"name":"Accueil","item":"https:\/\/librairie7l.com\/en\/"},{"@type":"ListItem","position":2,"name":"Shop","item":"https:\/\/librairie7l.com\/en\/shop\/"},{"@type":"ListItem","position":3,"name":"TINO NIVOLA"}]},{"@type":"WebSite","@id":"https:\/\/librairie7l.com\/en\/#website","url":"https:\/\/librairie7l.com\/en\/","name":"Librairie 7L","description":"Librairie fond\u00e9e en 1999 par Karl Lagerfeld \u00e0 Paris","publisher":{"@id":"https:\/\/librairie7l.com\/en\/#organization"},"potentialAction":[{"@type":"SearchAction","target":{"@type":"EntryPoint","urlTemplate":"https:\/\/librairie7l.com\/en\/?s={search_term_string}"},"query-input":"required name=search_term_string"}],"inLanguage":"en-US"},{"@type":"Organization","@id":"https:\/\/librairie7l.com\/en\/#organization","name":"Librairie 7L","url":"https:\/\/librairie7l.com\/en\/","logo":{"@type":"ImageObject","inLanguage":"en-US","@id":"https:\/\/librairie7l.com\/en\/#\/schema\/logo\/image\/","url":"https:\/\/librairie7l.com\/wp-content\/uploads\/2022\/08\/logo-1.png","contentUrl":"https:\/\/librairie7l.com\/wp-content\/uploads\/2022\/08\/logo-1.png","width":227,"height":301,"caption":"Librairie 7L"},"image":{"@id":"https:\/\/librairie7l.com\/en\/#\/schema\/logo\/image\/"}}]}},"_links":{"self":[{"href":"https:\/\/librairie7l.com\/en\/wp-json\/wp\/v2\/product\/22151"}],"collection":[{"href":"https:\/\/librairie7l.com\/en\/wp-json\/wp\/v2\/product"}],"about":[{"href":"https:\/\/librairie7l.com\/en\/wp-json\/wp\/v2\/types\/product"}],"wp:featuredmedia":[{"embeddable":true,"href":"https:\/\/librairie7l.com\/en\/wp-json\/wp\/v2\/media\/22149"}],"wp:attachment":[{"href":"https:\/\/librairie7l.com\/en\/wp-json\/wp\/v2\/media?parent=22151"}],"wp:term":[{"taxonomy":"product_cat","embeddable":true,"href":"https:\/\/librairie7l.com\/en\/wp-json\/wp\/v2\/product_cat?post=22151"},{"taxonomy":"product_tag","embeddable":true,"href":"https:\/\/librairie7l.com\/en\/wp-json\/wp\/v2\/product_tag?post=22151"}],"curies":[{"name":"wp","href":"https:\/\/api.w.org\/{rel}","templated":true}]}}