{"id":22263,"date":"2023-05-09T18:38:30","date_gmt":"2023-05-09T16:38:30","guid":{"rendered":"https:\/\/librairie7l.com\/?post_type=product&#038;p=22263"},"modified":"2026-04-21T03:07:04","modified_gmt":"2026-04-21T01:07:04","slug":"les-lalanne-a-trianon","status":"publish","type":"product","link":"https:\/\/librairie7l.com\/en\/produit\/les-lalanne-a-trianon\/","title":{"rendered":"LES LALANNE \u00c0 TRIANON"},"content":{"rendered":"<p>Le Ch\u00e2teau de Versailles, avec la Galerie Mitterrand, pr\u00e9sentait cette ann\u00e9e les oeuvres des sculpteurs Claude et Fran\u00e7ois-Xavier Lalanne dans un parcours allant du Petit Trianon au Hameau de la Reine en passant par le Jardin Anglais. L&#8217;exposition Les Lalanne \u00e0 Trianon permettait alors de d\u00e9couvrir des sculptures animali\u00e8res, po\u00e9tiques et surr\u00e9alistes mises en dialogue avec l&#8217;univers romantique du parc.<br \/>\nCet ouvrage constitue une occasion exceptionnelle de (re)d\u00e9couvrir certaines des oeuvres majeures du couple et l&#8217;impressionnante diversit\u00e9 des cr\u00e9ations des Lalanne r\u00e9alis\u00e9es (sur une dur\u00e9e de) pendant cinquante ann\u00e9es.<br \/>\nClaude et Fran\u00e7ois-Xavier Lalanne sont dor\u00e9navant c\u00e9l\u00e9br\u00e9s dans le monde entier et fascinent les plus grands collectionneurs par leurs oeuvres inspir\u00e9es par la nature. Elles sont faites d&#8217;associations ludiques, teint\u00e9es d&#8217;humour et d&#8217;un charme unique. Les Lalanne ont poursuivi toute leur vie, et \u00e0 travers leur oeuvre, un \u00e9loge \u00e0 la nature en passant par l&#8217;\u00e9vocation de sa faune et de sa flore avec les moyens de la sculpture.<\/p>\n<p>Les Lalanne partagent le sentiment que l&#8217;oeuvre d&#8217;art peut avoir une fonction. Toute leur carri\u00e8re est tendue par la volont\u00e9 de restituer \u00e0 la sculpture, trop longtemps sacralis\u00e9e, une dimension famili\u00e8re, un \u00e9ventuel usage. On la regarde mais on la touche aussi, on l&#8217;ouvre, on s&#8217;y assoit, on s&#8217;y allonge, on y mange, on la porte au cou : La nature, et plus particuli\u00e8rement le monde animal, leur offre une infinit\u00e9 de formes reconnaissables par tous. Moutons, singes, rhinoc\u00e9ros, \u00e2nes, chameaux, crapauds, hippopotames etc. constituent un r\u00e9pertoire que les Lalanne soumettent aux contraintes de l&#8217;art d\u00e9coratif avec beaucoup d&#8217;humour. Apr\u00e8s une premi\u00e8re exposition \u00e0 la Galerie J \u00e0 Paris en 1964, les Lalanne exposent leurs sculptures chez Alexandre Iolas \u00e0 Paris, New York, Milan, Gen\u00e8ve et Ath\u00e8nes de 1965 \u00e0 1979. Ils sont li\u00e9s \u00e0 la Galerie Mitterrand depuis le d\u00e9but des ann\u00e9es 1990. Une r\u00e9trospective leur a \u00e9t\u00e9 consacr\u00e9e en 2010 aux Arts D\u00e9coratifs \u00e0 Paris.<\/p>\n","protected":false},"excerpt":{"rendered":"<p>Le Ch\u00e2teau de Versailles, avec la Galerie Mitterrand, pr\u00e9sentait cette ann\u00e9e les oeuvres des sculpteurs Claude et Fran\u00e7ois-Xavier Lalanne dans un parcours allant du Petit Trianon au Hameau de la Reine en passant par le Jardin Anglais. L&#8217;exposition Les Lalanne \u00e0 Trianon permettait alors de d\u00e9couvrir des sculptures animali\u00e8res, po\u00e9tiques et surr\u00e9alistes mises en dialogue [&hellip;]<\/p>\n","protected":false},"featured_media":22261,"template":"","meta":[],"product_cat":[2948,2952],"product_tag":[],"acf":[],"yoast_head":"<!-- This site is optimized with the Yoast SEO plugin v20.11 - https:\/\/yoast.com\/wordpress\/plugins\/seo\/ -->\n<title>LES LALANNE \u00c0 TRIANON - Librairie 7L<\/title>\n<meta name=\"robots\" content=\"index, follow, max-snippet:-1, max-image-preview:large, max-video-preview:-1\" \/>\n<link rel=\"canonical\" href=\"https:\/\/librairie7l.com\/en\/produit\/les-lalanne-a-trianon\/\" \/>\n<meta property=\"og:locale\" content=\"en_US\" \/>\n<meta property=\"og:type\" content=\"article\" \/>\n<meta property=\"og:title\" content=\"LES LALANNE \u00c0 TRIANON - Librairie 7L\" \/>\n<meta property=\"og:description\" content=\"Le Ch\u00e2teau de Versailles, avec la Galerie Mitterrand, pr\u00e9sentait cette ann\u00e9e les oeuvres des sculpteurs Claude et Fran\u00e7ois-Xavier Lalanne dans un parcours allant du Petit Trianon au Hameau de la Reine en passant par le Jardin Anglais. L&#8217;exposition Les Lalanne \u00e0 Trianon permettait alors de d\u00e9couvrir des sculptures animali\u00e8res, po\u00e9tiques et surr\u00e9alistes mises en dialogue [&hellip;]\" \/>\n<meta property=\"og:url\" content=\"https:\/\/librairie7l.com\/en\/produit\/les-lalanne-a-trianon\/\" \/>\n<meta property=\"og:site_name\" content=\"Librairie 7L\" \/>\n<meta property=\"article:modified_time\" content=\"2026-04-21T01:07:04+00:00\" \/>\n<meta property=\"og:image\" content=\"https:\/\/librairie7l.com\/wp-content\/uploads\/2021\/11\/9782841054121_1_75.jpg\" \/>\n\t<meta property=\"og:image:width\" content=\"200\" \/>\n\t<meta property=\"og:image:height\" content=\"87\" \/>\n\t<meta property=\"og:image:type\" content=\"image\/jpeg\" \/>\n<meta name=\"twitter:card\" content=\"summary_large_image\" \/>\n<meta name=\"twitter:label1\" content=\"Est. reading time\" \/>\n\t<meta name=\"twitter:data1\" content=\"2 minutes\" \/>\n<script type=\"application\/ld+json\" class=\"yoast-schema-graph\">{\"@context\":\"https:\/\/schema.org\",\"@graph\":[{\"@type\":\"WebPage\",\"@id\":\"https:\/\/librairie7l.com\/en\/produit\/les-lalanne-a-trianon\/\",\"url\":\"https:\/\/librairie7l.com\/en\/produit\/les-lalanne-a-trianon\/\",\"name\":\"LES LALANNE \u00c0 TRIANON - Librairie 7L\",\"isPartOf\":{\"@id\":\"https:\/\/librairie7l.com\/en\/#website\"},\"datePublished\":\"2023-05-09T16:38:30+00:00\",\"dateModified\":\"2026-04-21T01:07:04+00:00\",\"breadcrumb\":{\"@id\":\"https:\/\/librairie7l.com\/en\/produit\/les-lalanne-a-trianon\/#breadcrumb\"},\"inLanguage\":\"en-US\",\"potentialAction\":[{\"@type\":\"ReadAction\",\"target\":[\"https:\/\/librairie7l.com\/en\/produit\/les-lalanne-a-trianon\/\"]}]},{\"@type\":\"BreadcrumbList\",\"@id\":\"https:\/\/librairie7l.com\/en\/produit\/les-lalanne-a-trianon\/#breadcrumb\",\"itemListElement\":[{\"@type\":\"ListItem\",\"position\":1,\"name\":\"Accueil\",\"item\":\"https:\/\/librairie7l.com\/en\/\"},{\"@type\":\"ListItem\",\"position\":2,\"name\":\"Shop\",\"item\":\"https:\/\/librairie7l.com\/en\/shop\/\"},{\"@type\":\"ListItem\",\"position\":3,\"name\":\"LES LALANNE \u00c0 TRIANON\"}]},{\"@type\":\"WebSite\",\"@id\":\"https:\/\/librairie7l.com\/en\/#website\",\"url\":\"https:\/\/librairie7l.com\/en\/\",\"name\":\"Librairie 7L\",\"description\":\"Librairie fond\u00e9e en 1999 par Karl Lagerfeld \u00e0 Paris\",\"publisher\":{\"@id\":\"https:\/\/librairie7l.com\/en\/#organization\"},\"potentialAction\":[{\"@type\":\"SearchAction\",\"target\":{\"@type\":\"EntryPoint\",\"urlTemplate\":\"https:\/\/librairie7l.com\/en\/?s={search_term_string}\"},\"query-input\":\"required name=search_term_string\"}],\"inLanguage\":\"en-US\"},{\"@type\":\"Organization\",\"@id\":\"https:\/\/librairie7l.com\/en\/#organization\",\"name\":\"Librairie 7L\",\"url\":\"https:\/\/librairie7l.com\/en\/\",\"logo\":{\"@type\":\"ImageObject\",\"inLanguage\":\"en-US\",\"@id\":\"https:\/\/librairie7l.com\/en\/#\/schema\/logo\/image\/\",\"url\":\"https:\/\/librairie7l.com\/wp-content\/uploads\/2022\/08\/logo-1.png\",\"contentUrl\":\"https:\/\/librairie7l.com\/wp-content\/uploads\/2022\/08\/logo-1.png\",\"width\":227,\"height\":301,\"caption\":\"Librairie 7L\"},\"image\":{\"@id\":\"https:\/\/librairie7l.com\/en\/#\/schema\/logo\/image\/\"}}]}<\/script>\n<!-- \/ Yoast SEO plugin. -->","yoast_head_json":{"title":"LES LALANNE \u00c0 TRIANON - Librairie 7L","robots":{"index":"index","follow":"follow","max-snippet":"max-snippet:-1","max-image-preview":"max-image-preview:large","max-video-preview":"max-video-preview:-1"},"canonical":"https:\/\/librairie7l.com\/en\/produit\/les-lalanne-a-trianon\/","og_locale":"en_US","og_type":"article","og_title":"LES LALANNE \u00c0 TRIANON - Librairie 7L","og_description":"Le Ch\u00e2teau de Versailles, avec la Galerie Mitterrand, pr\u00e9sentait cette ann\u00e9e les oeuvres des sculpteurs Claude et Fran\u00e7ois-Xavier Lalanne dans un parcours allant du Petit Trianon au Hameau de la Reine en passant par le Jardin Anglais. L&#8217;exposition Les Lalanne \u00e0 Trianon permettait alors de d\u00e9couvrir des sculptures animali\u00e8res, po\u00e9tiques et surr\u00e9alistes mises en dialogue [&hellip;]","og_url":"https:\/\/librairie7l.com\/en\/produit\/les-lalanne-a-trianon\/","og_site_name":"Librairie 7L","article_modified_time":"2026-04-21T01:07:04+00:00","og_image":[{"width":200,"height":87,"url":"https:\/\/librairie7l.com\/wp-content\/uploads\/2021\/11\/9782841054121_1_75.jpg","type":"image\/jpeg"}],"twitter_card":"summary_large_image","twitter_misc":{"Est. reading time":"2 minutes"},"schema":{"@context":"https:\/\/schema.org","@graph":[{"@type":"WebPage","@id":"https:\/\/librairie7l.com\/en\/produit\/les-lalanne-a-trianon\/","url":"https:\/\/librairie7l.com\/en\/produit\/les-lalanne-a-trianon\/","name":"LES LALANNE \u00c0 TRIANON - Librairie 7L","isPartOf":{"@id":"https:\/\/librairie7l.com\/en\/#website"},"datePublished":"2023-05-09T16:38:30+00:00","dateModified":"2026-04-21T01:07:04+00:00","breadcrumb":{"@id":"https:\/\/librairie7l.com\/en\/produit\/les-lalanne-a-trianon\/#breadcrumb"},"inLanguage":"en-US","potentialAction":[{"@type":"ReadAction","target":["https:\/\/librairie7l.com\/en\/produit\/les-lalanne-a-trianon\/"]}]},{"@type":"BreadcrumbList","@id":"https:\/\/librairie7l.com\/en\/produit\/les-lalanne-a-trianon\/#breadcrumb","itemListElement":[{"@type":"ListItem","position":1,"name":"Accueil","item":"https:\/\/librairie7l.com\/en\/"},{"@type":"ListItem","position":2,"name":"Shop","item":"https:\/\/librairie7l.com\/en\/shop\/"},{"@type":"ListItem","position":3,"name":"LES LALANNE \u00c0 TRIANON"}]},{"@type":"WebSite","@id":"https:\/\/librairie7l.com\/en\/#website","url":"https:\/\/librairie7l.com\/en\/","name":"Librairie 7L","description":"Librairie fond\u00e9e en 1999 par Karl Lagerfeld \u00e0 Paris","publisher":{"@id":"https:\/\/librairie7l.com\/en\/#organization"},"potentialAction":[{"@type":"SearchAction","target":{"@type":"EntryPoint","urlTemplate":"https:\/\/librairie7l.com\/en\/?s={search_term_string}"},"query-input":"required name=search_term_string"}],"inLanguage":"en-US"},{"@type":"Organization","@id":"https:\/\/librairie7l.com\/en\/#organization","name":"Librairie 7L","url":"https:\/\/librairie7l.com\/en\/","logo":{"@type":"ImageObject","inLanguage":"en-US","@id":"https:\/\/librairie7l.com\/en\/#\/schema\/logo\/image\/","url":"https:\/\/librairie7l.com\/wp-content\/uploads\/2022\/08\/logo-1.png","contentUrl":"https:\/\/librairie7l.com\/wp-content\/uploads\/2022\/08\/logo-1.png","width":227,"height":301,"caption":"Librairie 7L"},"image":{"@id":"https:\/\/librairie7l.com\/en\/#\/schema\/logo\/image\/"}}]}},"_links":{"self":[{"href":"https:\/\/librairie7l.com\/en\/wp-json\/wp\/v2\/product\/22263"}],"collection":[{"href":"https:\/\/librairie7l.com\/en\/wp-json\/wp\/v2\/product"}],"about":[{"href":"https:\/\/librairie7l.com\/en\/wp-json\/wp\/v2\/types\/product"}],"wp:featuredmedia":[{"embeddable":true,"href":"https:\/\/librairie7l.com\/en\/wp-json\/wp\/v2\/media\/22261"}],"wp:attachment":[{"href":"https:\/\/librairie7l.com\/en\/wp-json\/wp\/v2\/media?parent=22263"}],"wp:term":[{"taxonomy":"product_cat","embeddable":true,"href":"https:\/\/librairie7l.com\/en\/wp-json\/wp\/v2\/product_cat?post=22263"},{"taxonomy":"product_tag","embeddable":true,"href":"https:\/\/librairie7l.com\/en\/wp-json\/wp\/v2\/product_tag?post=22263"}],"curies":[{"name":"wp","href":"https:\/\/api.w.org\/{rel}","templated":true}]}}