{"id":22291,"date":"2023-05-09T18:38:52","date_gmt":"2023-05-09T16:38:52","guid":{"rendered":"https:\/\/librairie7l.com\/?post_type=product&#038;p=22291"},"modified":"2026-04-07T01:56:08","modified_gmt":"2026-04-06T23:56:08","slug":"serge-roche-2","status":"publish","type":"product","link":"https:\/\/librairie7l.com\/en\/produit\/serge-roche-2\/","title":{"rendered":"SERGE ROCHE"},"content":{"rendered":"<p>Autour de 1930, un peu \u00e0 rebours de l&#8217;\u00e9poque, Serge Roche embrassa la cause du baroque. Fils d&#8217;un marchand d&#8217;art, qui devait finir aquarelliste r\u00e9put\u00e9, il connut d\u00e8s l&#8217;enfance les artistes qui fr\u00e9quentaient, \u00e0 Montmartre, la boutique familiale et n&#8217;\u00e9taient autres que Picasso, Renoir ou Pissaro. Fascin\u00e9 par ces oeuvres d&#8217;art \u00e0 la fois virtuoses et invisibles que sont les cadres et les miroirs, il en devint l&#8217;archiviste, l&#8217;\u00e9rudit et le galeriste. Sa familiarit\u00e9 avec les d\u00e9cors rococo et les cabinets de glaces de l&#8217;Europe baroque, de Venise \u00e0 Wurtzburg, eut une autre cons\u00e9quence : il imagina et produisit meubles, objets et d\u00e9cors que se disputerait pendant plus de trente ans une client\u00e8le choisie, de Chanel \u00e0 Ali Khan. De stuc et de miroirs, ses consoles, ses ob\u00e9lisques, ses chemin\u00e9es et ses objets d\u00e9coratifs r\u00e9inventent le r\u00e9pertoire des styles qui le fascinaient, jouant des brisures de lumi\u00e8re et des reflets d&#8217;eau morte des miroirs vieillis. Ses cr\u00e9ations prennent place aupr\u00e8s de celles d&#8217;autres cr\u00e9ateurs, tels Andr\u00e9 Arbus et Jean-Charles Moreux, qui se refus\u00e8rent \u00e0 consid\u00e9rer l&#8217;ornement comme un crime et font aujourd&#8217;hui l&#8217;objet d&#8217;une r\u00e9\u00e9valuation radicale.<\/p>\n","protected":false},"excerpt":{"rendered":"<p>Autour de 1930, un peu \u00e0 rebours de l&#8217;\u00e9poque, Serge Roche embrassa la cause du baroque. Fils d&#8217;un marchand d&#8217;art, qui devait finir aquarelliste r\u00e9put\u00e9, il connut d\u00e8s l&#8217;enfance les artistes qui fr\u00e9quentaient, \u00e0 Montmartre, la boutique familiale et n&#8217;\u00e9taient autres que Picasso, Renoir ou Pissaro. Fascin\u00e9 par ces oeuvres d&#8217;art \u00e0 la fois virtuoses [&hellip;]<\/p>\n","protected":false},"featured_media":22289,"template":"","meta":[],"product_cat":[2948,2952],"product_tag":[],"acf":[],"yoast_head":"<!-- This site is optimized with the Yoast SEO plugin v20.11 - https:\/\/yoast.com\/wordpress\/plugins\/seo\/ -->\n<title>SERGE ROCHE - Librairie 7L<\/title>\n<meta name=\"robots\" content=\"index, follow, max-snippet:-1, max-image-preview:large, max-video-preview:-1\" \/>\n<link rel=\"canonical\" href=\"https:\/\/librairie7l.com\/en\/produit\/serge-roche-2\/\" \/>\n<meta property=\"og:locale\" content=\"en_US\" \/>\n<meta property=\"og:type\" content=\"article\" \/>\n<meta property=\"og:title\" content=\"SERGE ROCHE - Librairie 7L\" \/>\n<meta property=\"og:description\" content=\"Autour de 1930, un peu \u00e0 rebours de l&#8217;\u00e9poque, Serge Roche embrassa la cause du baroque. Fils d&#8217;un marchand d&#8217;art, qui devait finir aquarelliste r\u00e9put\u00e9, il connut d\u00e8s l&#8217;enfance les artistes qui fr\u00e9quentaient, \u00e0 Montmartre, la boutique familiale et n&#8217;\u00e9taient autres que Picasso, Renoir ou Pissaro. Fascin\u00e9 par ces oeuvres d&#8217;art \u00e0 la fois virtuoses [&hellip;]\" \/>\n<meta property=\"og:url\" content=\"https:\/\/librairie7l.com\/en\/produit\/serge-roche-2\/\" \/>\n<meta property=\"og:site_name\" content=\"Librairie 7L\" \/>\n<meta property=\"article:modified_time\" content=\"2026-04-06T23:56:08+00:00\" \/>\n<meta property=\"og:image\" content=\"https:\/\/librairie7l.com\/wp-content\/uploads\/2006\/09\/9782070781355_1_75.jpg\" \/>\n\t<meta property=\"og:image:width\" content=\"689\" \/>\n\t<meta property=\"og:image:height\" content=\"838\" \/>\n\t<meta property=\"og:image:type\" content=\"image\/jpeg\" \/>\n<meta name=\"twitter:card\" content=\"summary_large_image\" \/>\n<meta name=\"twitter:label1\" content=\"Est. reading time\" \/>\n\t<meta name=\"twitter:data1\" content=\"1 minute\" \/>\n<script type=\"application\/ld+json\" class=\"yoast-schema-graph\">{\"@context\":\"https:\/\/schema.org\",\"@graph\":[{\"@type\":\"WebPage\",\"@id\":\"https:\/\/librairie7l.com\/en\/produit\/serge-roche-2\/\",\"url\":\"https:\/\/librairie7l.com\/en\/produit\/serge-roche-2\/\",\"name\":\"SERGE ROCHE - Librairie 7L\",\"isPartOf\":{\"@id\":\"https:\/\/librairie7l.com\/en\/#website\"},\"datePublished\":\"2023-05-09T16:38:52+00:00\",\"dateModified\":\"2026-04-06T23:56:08+00:00\",\"breadcrumb\":{\"@id\":\"https:\/\/librairie7l.com\/en\/produit\/serge-roche-2\/#breadcrumb\"},\"inLanguage\":\"en-US\",\"potentialAction\":[{\"@type\":\"ReadAction\",\"target\":[\"https:\/\/librairie7l.com\/en\/produit\/serge-roche-2\/\"]}]},{\"@type\":\"BreadcrumbList\",\"@id\":\"https:\/\/librairie7l.com\/en\/produit\/serge-roche-2\/#breadcrumb\",\"itemListElement\":[{\"@type\":\"ListItem\",\"position\":1,\"name\":\"Accueil\",\"item\":\"https:\/\/librairie7l.com\/en\/\"},{\"@type\":\"ListItem\",\"position\":2,\"name\":\"Shop\",\"item\":\"https:\/\/librairie7l.com\/en\/shop\/\"},{\"@type\":\"ListItem\",\"position\":3,\"name\":\"SERGE ROCHE\"}]},{\"@type\":\"WebSite\",\"@id\":\"https:\/\/librairie7l.com\/en\/#website\",\"url\":\"https:\/\/librairie7l.com\/en\/\",\"name\":\"Librairie 7L\",\"description\":\"Librairie fond\u00e9e en 1999 par Karl Lagerfeld \u00e0 Paris\",\"publisher\":{\"@id\":\"https:\/\/librairie7l.com\/en\/#organization\"},\"potentialAction\":[{\"@type\":\"SearchAction\",\"target\":{\"@type\":\"EntryPoint\",\"urlTemplate\":\"https:\/\/librairie7l.com\/en\/?s={search_term_string}\"},\"query-input\":\"required name=search_term_string\"}],\"inLanguage\":\"en-US\"},{\"@type\":\"Organization\",\"@id\":\"https:\/\/librairie7l.com\/en\/#organization\",\"name\":\"Librairie 7L\",\"url\":\"https:\/\/librairie7l.com\/en\/\",\"logo\":{\"@type\":\"ImageObject\",\"inLanguage\":\"en-US\",\"@id\":\"https:\/\/librairie7l.com\/en\/#\/schema\/logo\/image\/\",\"url\":\"https:\/\/librairie7l.com\/wp-content\/uploads\/2022\/08\/logo-1.png\",\"contentUrl\":\"https:\/\/librairie7l.com\/wp-content\/uploads\/2022\/08\/logo-1.png\",\"width\":227,\"height\":301,\"caption\":\"Librairie 7L\"},\"image\":{\"@id\":\"https:\/\/librairie7l.com\/en\/#\/schema\/logo\/image\/\"}}]}<\/script>\n<!-- \/ Yoast SEO plugin. -->","yoast_head_json":{"title":"SERGE ROCHE - Librairie 7L","robots":{"index":"index","follow":"follow","max-snippet":"max-snippet:-1","max-image-preview":"max-image-preview:large","max-video-preview":"max-video-preview:-1"},"canonical":"https:\/\/librairie7l.com\/en\/produit\/serge-roche-2\/","og_locale":"en_US","og_type":"article","og_title":"SERGE ROCHE - Librairie 7L","og_description":"Autour de 1930, un peu \u00e0 rebours de l&#8217;\u00e9poque, Serge Roche embrassa la cause du baroque. Fils d&#8217;un marchand d&#8217;art, qui devait finir aquarelliste r\u00e9put\u00e9, il connut d\u00e8s l&#8217;enfance les artistes qui fr\u00e9quentaient, \u00e0 Montmartre, la boutique familiale et n&#8217;\u00e9taient autres que Picasso, Renoir ou Pissaro. Fascin\u00e9 par ces oeuvres d&#8217;art \u00e0 la fois virtuoses [&hellip;]","og_url":"https:\/\/librairie7l.com\/en\/produit\/serge-roche-2\/","og_site_name":"Librairie 7L","article_modified_time":"2026-04-06T23:56:08+00:00","og_image":[{"width":689,"height":838,"url":"https:\/\/librairie7l.com\/wp-content\/uploads\/2006\/09\/9782070781355_1_75.jpg","type":"image\/jpeg"}],"twitter_card":"summary_large_image","twitter_misc":{"Est. reading time":"1 minute"},"schema":{"@context":"https:\/\/schema.org","@graph":[{"@type":"WebPage","@id":"https:\/\/librairie7l.com\/en\/produit\/serge-roche-2\/","url":"https:\/\/librairie7l.com\/en\/produit\/serge-roche-2\/","name":"SERGE ROCHE - Librairie 7L","isPartOf":{"@id":"https:\/\/librairie7l.com\/en\/#website"},"datePublished":"2023-05-09T16:38:52+00:00","dateModified":"2026-04-06T23:56:08+00:00","breadcrumb":{"@id":"https:\/\/librairie7l.com\/en\/produit\/serge-roche-2\/#breadcrumb"},"inLanguage":"en-US","potentialAction":[{"@type":"ReadAction","target":["https:\/\/librairie7l.com\/en\/produit\/serge-roche-2\/"]}]},{"@type":"BreadcrumbList","@id":"https:\/\/librairie7l.com\/en\/produit\/serge-roche-2\/#breadcrumb","itemListElement":[{"@type":"ListItem","position":1,"name":"Accueil","item":"https:\/\/librairie7l.com\/en\/"},{"@type":"ListItem","position":2,"name":"Shop","item":"https:\/\/librairie7l.com\/en\/shop\/"},{"@type":"ListItem","position":3,"name":"SERGE ROCHE"}]},{"@type":"WebSite","@id":"https:\/\/librairie7l.com\/en\/#website","url":"https:\/\/librairie7l.com\/en\/","name":"Librairie 7L","description":"Librairie fond\u00e9e en 1999 par Karl Lagerfeld \u00e0 Paris","publisher":{"@id":"https:\/\/librairie7l.com\/en\/#organization"},"potentialAction":[{"@type":"SearchAction","target":{"@type":"EntryPoint","urlTemplate":"https:\/\/librairie7l.com\/en\/?s={search_term_string}"},"query-input":"required name=search_term_string"}],"inLanguage":"en-US"},{"@type":"Organization","@id":"https:\/\/librairie7l.com\/en\/#organization","name":"Librairie 7L","url":"https:\/\/librairie7l.com\/en\/","logo":{"@type":"ImageObject","inLanguage":"en-US","@id":"https:\/\/librairie7l.com\/en\/#\/schema\/logo\/image\/","url":"https:\/\/librairie7l.com\/wp-content\/uploads\/2022\/08\/logo-1.png","contentUrl":"https:\/\/librairie7l.com\/wp-content\/uploads\/2022\/08\/logo-1.png","width":227,"height":301,"caption":"Librairie 7L"},"image":{"@id":"https:\/\/librairie7l.com\/en\/#\/schema\/logo\/image\/"}}]}},"_links":{"self":[{"href":"https:\/\/librairie7l.com\/en\/wp-json\/wp\/v2\/product\/22291"}],"collection":[{"href":"https:\/\/librairie7l.com\/en\/wp-json\/wp\/v2\/product"}],"about":[{"href":"https:\/\/librairie7l.com\/en\/wp-json\/wp\/v2\/types\/product"}],"wp:featuredmedia":[{"embeddable":true,"href":"https:\/\/librairie7l.com\/en\/wp-json\/wp\/v2\/media\/22289"}],"wp:attachment":[{"href":"https:\/\/librairie7l.com\/en\/wp-json\/wp\/v2\/media?parent=22291"}],"wp:term":[{"taxonomy":"product_cat","embeddable":true,"href":"https:\/\/librairie7l.com\/en\/wp-json\/wp\/v2\/product_cat?post=22291"},{"taxonomy":"product_tag","embeddable":true,"href":"https:\/\/librairie7l.com\/en\/wp-json\/wp\/v2\/product_tag?post=22291"}],"curies":[{"name":"wp","href":"https:\/\/api.w.org\/{rel}","templated":true}]}}