{"id":22367,"date":"2023-05-09T18:39:58","date_gmt":"2023-05-09T16:39:58","guid":{"rendered":"https:\/\/librairie7l.com\/?post_type=product&#038;p=22367"},"modified":"2026-04-05T19:01:22","modified_gmt":"2026-04-05T17:01:22","slug":"etoffe-et-litterature-la-litterature-dans-les-etoffes-aux-xviiie-et-xixe-siecles","status":"publish","type":"product","link":"https:\/\/librairie7l.com\/en\/produit\/etoffe-et-litterature-la-litterature-dans-les-etoffes-aux-xviiie-et-xixe-siecles\/","title":{"rendered":"\u00c9TOFFE ET LITT\u00c9RATURE : LA LITT\u00c9RATURE DANS LES \u00c9TOFFES AUX XVIIIE ET XIXE SI\u00c8CLES"},"content":{"rendered":"<p>L&#8217;ouvrage vise \u00e0 un voyage dans la culture litt\u00e9raire et visuelle des XVIIIe et XIXe si\u00e8cles. Gr\u00e2ce aux progr\u00e8s de l&#8217;indiennerie, avec l&#8217;impression \u00ab en cuivre \u00bb notamment, les toiles \u00e0 personnages deviennent un support privil\u00e9gi\u00e9 pour la repr\u00e9sentation de th\u00e8mes litt\u00e9raires et musicaux.<br \/>\nSi la Manufacture Oberkampf semble \u00e0 l&#8217;origine de ce courant en France, elle est tr\u00e8s vite suivie par de nombreuses fabriques qui donnent autant d&#8217;images \u00e0 lire qu&#8217;\u00e0 voir. Les toiles histori\u00e9es repr\u00e9sentent sans aucun doute une mani\u00e8re de s&#8217;afficher, d&#8217;affirmer aux yeux des autres, et d&#8217;abord de soi-m\u00eame, le bon go\u00fbt. Outre leur fonction id\u00e9ologique et m\u00e9morielle, elles ont, en donnant \u00e0 voir les principaux \u00e9pisodes d&#8217;une oeuvre, une fonction p\u00e9dagogique dans la sph\u00e8re familiale, pour les adultes comme pour les enfants.<br \/>\nPropre \u00e0 la r\u00eaverie, r\u00e9pondant \u00e0 une logique narrative, les toiles \u00e0 personnages s&#8217;imposent rapidement comme un nouvel art d\u00e9coratif.<\/p>\n<p>Exposition : Jouy, Mus\u00e9e de la Toile, d&#8217;octobre 2021 \u00e0 mars 2022<\/p>\n","protected":false},"excerpt":{"rendered":"<p>L&#8217;ouvrage vise \u00e0 un voyage dans la culture litt\u00e9raire et visuelle des XVIIIe et XIXe si\u00e8cles. Gr\u00e2ce aux progr\u00e8s de l&#8217;indiennerie, avec l&#8217;impression \u00ab en cuivre \u00bb notamment, les toiles \u00e0 personnages deviennent un support privil\u00e9gi\u00e9 pour la repr\u00e9sentation de th\u00e8mes litt\u00e9raires et musicaux. Si la Manufacture Oberkampf semble \u00e0 l&#8217;origine de ce courant en [&hellip;]<\/p>\n","protected":false},"featured_media":22365,"template":"","meta":[],"product_cat":[2948,2957],"product_tag":[],"acf":[],"yoast_head":"<!-- This site is optimized with the Yoast SEO plugin v20.11 - https:\/\/yoast.com\/wordpress\/plugins\/seo\/ -->\n<title>\u00c9TOFFE ET LITT\u00c9RATURE : LA LITT\u00c9RATURE DANS LES \u00c9TOFFES AUX XVIIIE ET XIXE SI\u00c8CLES - Librairie 7L<\/title>\n<meta name=\"robots\" content=\"index, follow, max-snippet:-1, max-image-preview:large, max-video-preview:-1\" \/>\n<link rel=\"canonical\" href=\"https:\/\/librairie7l.com\/en\/produit\/etoffe-et-litterature-la-litterature-dans-les-etoffes-aux-xviiie-et-xixe-siecles\/\" \/>\n<meta property=\"og:locale\" content=\"en_US\" \/>\n<meta property=\"og:type\" content=\"article\" \/>\n<meta property=\"og:title\" content=\"\u00c9TOFFE ET LITT\u00c9RATURE : LA LITT\u00c9RATURE DANS LES \u00c9TOFFES AUX XVIIIE ET XIXE SI\u00c8CLES - Librairie 7L\" \/>\n<meta property=\"og:description\" content=\"L&#8217;ouvrage vise \u00e0 un voyage dans la culture litt\u00e9raire et visuelle des XVIIIe et XIXe si\u00e8cles. Gr\u00e2ce aux progr\u00e8s de l&#8217;indiennerie, avec l&#8217;impression \u00ab en cuivre \u00bb notamment, les toiles \u00e0 personnages deviennent un support privil\u00e9gi\u00e9 pour la repr\u00e9sentation de th\u00e8mes litt\u00e9raires et musicaux. Si la Manufacture Oberkampf semble \u00e0 l&#8217;origine de ce courant en [&hellip;]\" \/>\n<meta property=\"og:url\" content=\"https:\/\/librairie7l.com\/en\/produit\/etoffe-et-litterature-la-litterature-dans-les-etoffes-aux-xviiie-et-xixe-siecles\/\" \/>\n<meta property=\"og:site_name\" content=\"Librairie 7L\" \/>\n<meta property=\"article:modified_time\" content=\"2026-04-05T17:01:22+00:00\" \/>\n<meta property=\"og:image\" content=\"https:\/\/librairie7l.com\/wp-content\/uploads\/2022\/01\/9788836649242_1_75.jpg\" \/>\n\t<meta property=\"og:image:width\" content=\"300\" \/>\n\t<meta property=\"og:image:height\" content=\"348\" \/>\n\t<meta property=\"og:image:type\" content=\"image\/jpeg\" \/>\n<meta name=\"twitter:card\" content=\"summary_large_image\" \/>\n<meta name=\"twitter:label1\" content=\"Est. reading time\" \/>\n\t<meta name=\"twitter:data1\" content=\"1 minute\" \/>\n<script type=\"application\/ld+json\" class=\"yoast-schema-graph\">{\"@context\":\"https:\/\/schema.org\",\"@graph\":[{\"@type\":\"WebPage\",\"@id\":\"https:\/\/librairie7l.com\/en\/produit\/etoffe-et-litterature-la-litterature-dans-les-etoffes-aux-xviiie-et-xixe-siecles\/\",\"url\":\"https:\/\/librairie7l.com\/en\/produit\/etoffe-et-litterature-la-litterature-dans-les-etoffes-aux-xviiie-et-xixe-siecles\/\",\"name\":\"\u00c9TOFFE ET LITT\u00c9RATURE : LA LITT\u00c9RATURE DANS LES \u00c9TOFFES AUX XVIIIE ET XIXE SI\u00c8CLES - Librairie 7L\",\"isPartOf\":{\"@id\":\"https:\/\/librairie7l.com\/en\/#website\"},\"datePublished\":\"2023-05-09T16:39:58+00:00\",\"dateModified\":\"2026-04-05T17:01:22+00:00\",\"breadcrumb\":{\"@id\":\"https:\/\/librairie7l.com\/en\/produit\/etoffe-et-litterature-la-litterature-dans-les-etoffes-aux-xviiie-et-xixe-siecles\/#breadcrumb\"},\"inLanguage\":\"en-US\",\"potentialAction\":[{\"@type\":\"ReadAction\",\"target\":[\"https:\/\/librairie7l.com\/en\/produit\/etoffe-et-litterature-la-litterature-dans-les-etoffes-aux-xviiie-et-xixe-siecles\/\"]}]},{\"@type\":\"BreadcrumbList\",\"@id\":\"https:\/\/librairie7l.com\/en\/produit\/etoffe-et-litterature-la-litterature-dans-les-etoffes-aux-xviiie-et-xixe-siecles\/#breadcrumb\",\"itemListElement\":[{\"@type\":\"ListItem\",\"position\":1,\"name\":\"Accueil\",\"item\":\"https:\/\/librairie7l.com\/en\/\"},{\"@type\":\"ListItem\",\"position\":2,\"name\":\"Shop\",\"item\":\"https:\/\/librairie7l.com\/en\/shop\/\"},{\"@type\":\"ListItem\",\"position\":3,\"name\":\"\u00c9TOFFE ET LITT\u00c9RATURE : LA LITT\u00c9RATURE DANS LES \u00c9TOFFES AUX XVIIIE ET XIXE SI\u00c8CLES\"}]},{\"@type\":\"WebSite\",\"@id\":\"https:\/\/librairie7l.com\/en\/#website\",\"url\":\"https:\/\/librairie7l.com\/en\/\",\"name\":\"Librairie 7L\",\"description\":\"Librairie fond\u00e9e en 1999 par Karl Lagerfeld \u00e0 Paris\",\"publisher\":{\"@id\":\"https:\/\/librairie7l.com\/en\/#organization\"},\"potentialAction\":[{\"@type\":\"SearchAction\",\"target\":{\"@type\":\"EntryPoint\",\"urlTemplate\":\"https:\/\/librairie7l.com\/en\/?s={search_term_string}\"},\"query-input\":\"required name=search_term_string\"}],\"inLanguage\":\"en-US\"},{\"@type\":\"Organization\",\"@id\":\"https:\/\/librairie7l.com\/en\/#organization\",\"name\":\"Librairie 7L\",\"url\":\"https:\/\/librairie7l.com\/en\/\",\"logo\":{\"@type\":\"ImageObject\",\"inLanguage\":\"en-US\",\"@id\":\"https:\/\/librairie7l.com\/en\/#\/schema\/logo\/image\/\",\"url\":\"https:\/\/librairie7l.com\/wp-content\/uploads\/2022\/08\/logo-1.png\",\"contentUrl\":\"https:\/\/librairie7l.com\/wp-content\/uploads\/2022\/08\/logo-1.png\",\"width\":227,\"height\":301,\"caption\":\"Librairie 7L\"},\"image\":{\"@id\":\"https:\/\/librairie7l.com\/en\/#\/schema\/logo\/image\/\"}}]}<\/script>\n<!-- \/ Yoast SEO plugin. -->","yoast_head_json":{"title":"\u00c9TOFFE ET LITT\u00c9RATURE : LA LITT\u00c9RATURE DANS LES \u00c9TOFFES AUX XVIIIE ET XIXE SI\u00c8CLES - Librairie 7L","robots":{"index":"index","follow":"follow","max-snippet":"max-snippet:-1","max-image-preview":"max-image-preview:large","max-video-preview":"max-video-preview:-1"},"canonical":"https:\/\/librairie7l.com\/en\/produit\/etoffe-et-litterature-la-litterature-dans-les-etoffes-aux-xviiie-et-xixe-siecles\/","og_locale":"en_US","og_type":"article","og_title":"\u00c9TOFFE ET LITT\u00c9RATURE : LA LITT\u00c9RATURE DANS LES \u00c9TOFFES AUX XVIIIE ET XIXE SI\u00c8CLES - Librairie 7L","og_description":"L&#8217;ouvrage vise \u00e0 un voyage dans la culture litt\u00e9raire et visuelle des XVIIIe et XIXe si\u00e8cles. Gr\u00e2ce aux progr\u00e8s de l&#8217;indiennerie, avec l&#8217;impression \u00ab en cuivre \u00bb notamment, les toiles \u00e0 personnages deviennent un support privil\u00e9gi\u00e9 pour la repr\u00e9sentation de th\u00e8mes litt\u00e9raires et musicaux. Si la Manufacture Oberkampf semble \u00e0 l&#8217;origine de ce courant en [&hellip;]","og_url":"https:\/\/librairie7l.com\/en\/produit\/etoffe-et-litterature-la-litterature-dans-les-etoffes-aux-xviiie-et-xixe-siecles\/","og_site_name":"Librairie 7L","article_modified_time":"2026-04-05T17:01:22+00:00","og_image":[{"width":300,"height":348,"url":"https:\/\/librairie7l.com\/wp-content\/uploads\/2022\/01\/9788836649242_1_75.jpg","type":"image\/jpeg"}],"twitter_card":"summary_large_image","twitter_misc":{"Est. reading time":"1 minute"},"schema":{"@context":"https:\/\/schema.org","@graph":[{"@type":"WebPage","@id":"https:\/\/librairie7l.com\/en\/produit\/etoffe-et-litterature-la-litterature-dans-les-etoffes-aux-xviiie-et-xixe-siecles\/","url":"https:\/\/librairie7l.com\/en\/produit\/etoffe-et-litterature-la-litterature-dans-les-etoffes-aux-xviiie-et-xixe-siecles\/","name":"\u00c9TOFFE ET LITT\u00c9RATURE : LA LITT\u00c9RATURE DANS LES \u00c9TOFFES AUX XVIIIE ET XIXE SI\u00c8CLES - Librairie 7L","isPartOf":{"@id":"https:\/\/librairie7l.com\/en\/#website"},"datePublished":"2023-05-09T16:39:58+00:00","dateModified":"2026-04-05T17:01:22+00:00","breadcrumb":{"@id":"https:\/\/librairie7l.com\/en\/produit\/etoffe-et-litterature-la-litterature-dans-les-etoffes-aux-xviiie-et-xixe-siecles\/#breadcrumb"},"inLanguage":"en-US","potentialAction":[{"@type":"ReadAction","target":["https:\/\/librairie7l.com\/en\/produit\/etoffe-et-litterature-la-litterature-dans-les-etoffes-aux-xviiie-et-xixe-siecles\/"]}]},{"@type":"BreadcrumbList","@id":"https:\/\/librairie7l.com\/en\/produit\/etoffe-et-litterature-la-litterature-dans-les-etoffes-aux-xviiie-et-xixe-siecles\/#breadcrumb","itemListElement":[{"@type":"ListItem","position":1,"name":"Accueil","item":"https:\/\/librairie7l.com\/en\/"},{"@type":"ListItem","position":2,"name":"Shop","item":"https:\/\/librairie7l.com\/en\/shop\/"},{"@type":"ListItem","position":3,"name":"\u00c9TOFFE ET LITT\u00c9RATURE : LA LITT\u00c9RATURE DANS LES \u00c9TOFFES AUX XVIIIE ET XIXE SI\u00c8CLES"}]},{"@type":"WebSite","@id":"https:\/\/librairie7l.com\/en\/#website","url":"https:\/\/librairie7l.com\/en\/","name":"Librairie 7L","description":"Librairie fond\u00e9e en 1999 par Karl Lagerfeld \u00e0 Paris","publisher":{"@id":"https:\/\/librairie7l.com\/en\/#organization"},"potentialAction":[{"@type":"SearchAction","target":{"@type":"EntryPoint","urlTemplate":"https:\/\/librairie7l.com\/en\/?s={search_term_string}"},"query-input":"required name=search_term_string"}],"inLanguage":"en-US"},{"@type":"Organization","@id":"https:\/\/librairie7l.com\/en\/#organization","name":"Librairie 7L","url":"https:\/\/librairie7l.com\/en\/","logo":{"@type":"ImageObject","inLanguage":"en-US","@id":"https:\/\/librairie7l.com\/en\/#\/schema\/logo\/image\/","url":"https:\/\/librairie7l.com\/wp-content\/uploads\/2022\/08\/logo-1.png","contentUrl":"https:\/\/librairie7l.com\/wp-content\/uploads\/2022\/08\/logo-1.png","width":227,"height":301,"caption":"Librairie 7L"},"image":{"@id":"https:\/\/librairie7l.com\/en\/#\/schema\/logo\/image\/"}}]}},"_links":{"self":[{"href":"https:\/\/librairie7l.com\/en\/wp-json\/wp\/v2\/product\/22367"}],"collection":[{"href":"https:\/\/librairie7l.com\/en\/wp-json\/wp\/v2\/product"}],"about":[{"href":"https:\/\/librairie7l.com\/en\/wp-json\/wp\/v2\/types\/product"}],"wp:featuredmedia":[{"embeddable":true,"href":"https:\/\/librairie7l.com\/en\/wp-json\/wp\/v2\/media\/22365"}],"wp:attachment":[{"href":"https:\/\/librairie7l.com\/en\/wp-json\/wp\/v2\/media?parent=22367"}],"wp:term":[{"taxonomy":"product_cat","embeddable":true,"href":"https:\/\/librairie7l.com\/en\/wp-json\/wp\/v2\/product_cat?post=22367"},{"taxonomy":"product_tag","embeddable":true,"href":"https:\/\/librairie7l.com\/en\/wp-json\/wp\/v2\/product_tag?post=22367"}],"curies":[{"name":"wp","href":"https:\/\/api.w.org\/{rel}","templated":true}]}}