{"id":22411,"date":"2023-05-09T18:40:35","date_gmt":"2023-05-09T16:40:35","guid":{"rendered":"https:\/\/librairie7l.com\/?post_type=product&#038;p=22411"},"modified":"2026-04-26T23:33:37","modified_gmt":"2026-04-26T21:33:37","slug":"la-chambre-des-merveilles-les-collections-de-gaston-louis-vuitton","status":"publish","type":"product","link":"https:\/\/librairie7l.com\/en\/produit\/la-chambre-des-merveilles-les-collections-de-gaston-louis-vuitton\/","title":{"rendered":"LA CHAMBRE DES MERVEILLES ; LES COLLECTIONS DE GASTON-LOUIS VUITTON"},"content":{"rendered":"<p>Cet ouvrage luxueux pr\u00e9sente l&#8217;extraordinaire collection d&#8217;objets de voyage de Gaston-Louis Vuitton, petit-fils de Louis Vuitton, fondateur de l&#8217;une des plus c\u00e9l\u00e8bres marques de luxe du monde.<br \/>\nCollectionneur depuis l&#8217;enfance, Gaston-Louis Vuitton (1883-1970) accumule des centaines d&#8217;objets tout au long de sa vie. Ses int\u00e9r\u00eats multiples et sa curiosit\u00e9 insatiable sont intimement li\u00e9s \u00e0 l&#8217;avenir de l&#8217;entreprise familiale, qui propose des malles d&#8217;une qualit\u00e9 in\u00e9gal\u00e9e pour les voyageurs exigeants. Si l&#8217;oeil vagabond de Gaston-Louis Vuitton lui permet de constituer sa propre collection de malles, il s&#8217;int\u00e9resse \u00e9galement aux articles de voyage rares et anciens, aux serrures, aux outils, aux flacons de parfum, aux arts premiers, aux cannes, aux jouets, aux livres, aux \u00e9tiquettes d&#8217;h\u00f4tel, aux monogrammes imprim\u00e9s et autres raret\u00e9s typographiques. Il se dit lui-m\u00eame \u00ab collectionneur imp\u00e9nitent \u00bb.<br \/>\nV\u00e9ritable cabinet de \u00ab curiosit\u00e9s industrielles \u00bb &#8211; comme il aimait les appeler -, ces collections \u00e9clectiques captiveront l&#8217;imagination de tous les passionn\u00e9s d&#8217;objets singuliers, et donnent \u00e0 voir le go\u00fbt d&#8217;un homme qui a v\u00e9cu au coeur de la p\u00e9riode Arts d\u00e9co, un homme dont la vie a \u00e9t\u00e9 fa\u00e7onn\u00e9e par ses voyages autour du monde et ce qu&#8217;il en a rapport\u00e9.<\/p>\n","protected":false},"excerpt":{"rendered":"<p>Cet ouvrage luxueux pr\u00e9sente l&#8217;extraordinaire collection d&#8217;objets de voyage de Gaston-Louis Vuitton, petit-fils de Louis Vuitton, fondateur de l&#8217;une des plus c\u00e9l\u00e8bres marques de luxe du monde. Collectionneur depuis l&#8217;enfance, Gaston-Louis Vuitton (1883-1970) accumule des centaines d&#8217;objets tout au long de sa vie. Ses int\u00e9r\u00eats multiples et sa curiosit\u00e9 insatiable sont intimement li\u00e9s \u00e0 l&#8217;avenir [&hellip;]<\/p>\n","protected":false},"featured_media":22409,"template":"","meta":[],"product_cat":[2948,2957],"product_tag":[],"acf":[],"yoast_head":"<!-- This site is optimized with the Yoast SEO plugin v20.11 - https:\/\/yoast.com\/wordpress\/plugins\/seo\/ -->\n<title>LA CHAMBRE DES MERVEILLES ; LES COLLECTIONS DE GASTON-LOUIS VUITTON - Librairie 7L<\/title>\n<meta name=\"robots\" content=\"index, follow, max-snippet:-1, max-image-preview:large, max-video-preview:-1\" \/>\n<link rel=\"canonical\" href=\"https:\/\/librairie7l.com\/en\/produit\/la-chambre-des-merveilles-les-collections-de-gaston-louis-vuitton\/\" \/>\n<meta property=\"og:locale\" content=\"en_US\" \/>\n<meta property=\"og:type\" content=\"article\" \/>\n<meta property=\"og:title\" content=\"LA CHAMBRE DES MERVEILLES ; LES COLLECTIONS DE GASTON-LOUIS VUITTON - Librairie 7L\" \/>\n<meta property=\"og:description\" content=\"Cet ouvrage luxueux pr\u00e9sente l&#8217;extraordinaire collection d&#8217;objets de voyage de Gaston-Louis Vuitton, petit-fils de Louis Vuitton, fondateur de l&#8217;une des plus c\u00e9l\u00e8bres marques de luxe du monde. Collectionneur depuis l&#8217;enfance, Gaston-Louis Vuitton (1883-1970) accumule des centaines d&#8217;objets tout au long de sa vie. Ses int\u00e9r\u00eats multiples et sa curiosit\u00e9 insatiable sont intimement li\u00e9s \u00e0 l&#8217;avenir [&hellip;]\" \/>\n<meta property=\"og:url\" content=\"https:\/\/librairie7l.com\/en\/produit\/la-chambre-des-merveilles-les-collections-de-gaston-louis-vuitton\/\" \/>\n<meta property=\"og:site_name\" content=\"Librairie 7L\" \/>\n<meta property=\"article:modified_time\" content=\"2026-04-26T21:33:37+00:00\" \/>\n<meta property=\"og:image\" content=\"https:\/\/librairie7l.com\/wp-content\/uploads\/2017\/09\/9782072737923_1_75.jpg\" \/>\n\t<meta property=\"og:image:width\" content=\"1000\" \/>\n\t<meta property=\"og:image:height\" content=\"1342\" \/>\n\t<meta property=\"og:image:type\" content=\"image\/jpeg\" \/>\n<meta name=\"twitter:card\" content=\"summary_large_image\" \/>\n<meta name=\"twitter:label1\" content=\"Est. reading time\" \/>\n\t<meta name=\"twitter:data1\" content=\"1 minute\" \/>\n<script type=\"application\/ld+json\" class=\"yoast-schema-graph\">{\"@context\":\"https:\/\/schema.org\",\"@graph\":[{\"@type\":\"WebPage\",\"@id\":\"https:\/\/librairie7l.com\/en\/produit\/la-chambre-des-merveilles-les-collections-de-gaston-louis-vuitton\/\",\"url\":\"https:\/\/librairie7l.com\/en\/produit\/la-chambre-des-merveilles-les-collections-de-gaston-louis-vuitton\/\",\"name\":\"LA CHAMBRE DES MERVEILLES ; LES COLLECTIONS DE GASTON-LOUIS VUITTON - Librairie 7L\",\"isPartOf\":{\"@id\":\"https:\/\/librairie7l.com\/en\/#website\"},\"datePublished\":\"2023-05-09T16:40:35+00:00\",\"dateModified\":\"2026-04-26T21:33:37+00:00\",\"breadcrumb\":{\"@id\":\"https:\/\/librairie7l.com\/en\/produit\/la-chambre-des-merveilles-les-collections-de-gaston-louis-vuitton\/#breadcrumb\"},\"inLanguage\":\"en-US\",\"potentialAction\":[{\"@type\":\"ReadAction\",\"target\":[\"https:\/\/librairie7l.com\/en\/produit\/la-chambre-des-merveilles-les-collections-de-gaston-louis-vuitton\/\"]}]},{\"@type\":\"BreadcrumbList\",\"@id\":\"https:\/\/librairie7l.com\/en\/produit\/la-chambre-des-merveilles-les-collections-de-gaston-louis-vuitton\/#breadcrumb\",\"itemListElement\":[{\"@type\":\"ListItem\",\"position\":1,\"name\":\"Accueil\",\"item\":\"https:\/\/librairie7l.com\/en\/\"},{\"@type\":\"ListItem\",\"position\":2,\"name\":\"Shop\",\"item\":\"https:\/\/librairie7l.com\/en\/shop\/\"},{\"@type\":\"ListItem\",\"position\":3,\"name\":\"LA CHAMBRE DES MERVEILLES ; LES COLLECTIONS DE GASTON-LOUIS VUITTON\"}]},{\"@type\":\"WebSite\",\"@id\":\"https:\/\/librairie7l.com\/en\/#website\",\"url\":\"https:\/\/librairie7l.com\/en\/\",\"name\":\"Librairie 7L\",\"description\":\"Librairie fond\u00e9e en 1999 par Karl Lagerfeld \u00e0 Paris\",\"publisher\":{\"@id\":\"https:\/\/librairie7l.com\/en\/#organization\"},\"potentialAction\":[{\"@type\":\"SearchAction\",\"target\":{\"@type\":\"EntryPoint\",\"urlTemplate\":\"https:\/\/librairie7l.com\/en\/?s={search_term_string}\"},\"query-input\":\"required name=search_term_string\"}],\"inLanguage\":\"en-US\"},{\"@type\":\"Organization\",\"@id\":\"https:\/\/librairie7l.com\/en\/#organization\",\"name\":\"Librairie 7L\",\"url\":\"https:\/\/librairie7l.com\/en\/\",\"logo\":{\"@type\":\"ImageObject\",\"inLanguage\":\"en-US\",\"@id\":\"https:\/\/librairie7l.com\/en\/#\/schema\/logo\/image\/\",\"url\":\"https:\/\/librairie7l.com\/wp-content\/uploads\/2022\/08\/logo-1.png\",\"contentUrl\":\"https:\/\/librairie7l.com\/wp-content\/uploads\/2022\/08\/logo-1.png\",\"width\":227,\"height\":301,\"caption\":\"Librairie 7L\"},\"image\":{\"@id\":\"https:\/\/librairie7l.com\/en\/#\/schema\/logo\/image\/\"}}]}<\/script>\n<!-- \/ Yoast SEO plugin. -->","yoast_head_json":{"title":"LA CHAMBRE DES MERVEILLES ; LES COLLECTIONS DE GASTON-LOUIS VUITTON - Librairie 7L","robots":{"index":"index","follow":"follow","max-snippet":"max-snippet:-1","max-image-preview":"max-image-preview:large","max-video-preview":"max-video-preview:-1"},"canonical":"https:\/\/librairie7l.com\/en\/produit\/la-chambre-des-merveilles-les-collections-de-gaston-louis-vuitton\/","og_locale":"en_US","og_type":"article","og_title":"LA CHAMBRE DES MERVEILLES ; LES COLLECTIONS DE GASTON-LOUIS VUITTON - Librairie 7L","og_description":"Cet ouvrage luxueux pr\u00e9sente l&#8217;extraordinaire collection d&#8217;objets de voyage de Gaston-Louis Vuitton, petit-fils de Louis Vuitton, fondateur de l&#8217;une des plus c\u00e9l\u00e8bres marques de luxe du monde. Collectionneur depuis l&#8217;enfance, Gaston-Louis Vuitton (1883-1970) accumule des centaines d&#8217;objets tout au long de sa vie. Ses int\u00e9r\u00eats multiples et sa curiosit\u00e9 insatiable sont intimement li\u00e9s \u00e0 l&#8217;avenir [&hellip;]","og_url":"https:\/\/librairie7l.com\/en\/produit\/la-chambre-des-merveilles-les-collections-de-gaston-louis-vuitton\/","og_site_name":"Librairie 7L","article_modified_time":"2026-04-26T21:33:37+00:00","og_image":[{"width":1000,"height":1342,"url":"https:\/\/librairie7l.com\/wp-content\/uploads\/2017\/09\/9782072737923_1_75.jpg","type":"image\/jpeg"}],"twitter_card":"summary_large_image","twitter_misc":{"Est. reading time":"1 minute"},"schema":{"@context":"https:\/\/schema.org","@graph":[{"@type":"WebPage","@id":"https:\/\/librairie7l.com\/en\/produit\/la-chambre-des-merveilles-les-collections-de-gaston-louis-vuitton\/","url":"https:\/\/librairie7l.com\/en\/produit\/la-chambre-des-merveilles-les-collections-de-gaston-louis-vuitton\/","name":"LA CHAMBRE DES MERVEILLES ; LES COLLECTIONS DE GASTON-LOUIS VUITTON - Librairie 7L","isPartOf":{"@id":"https:\/\/librairie7l.com\/en\/#website"},"datePublished":"2023-05-09T16:40:35+00:00","dateModified":"2026-04-26T21:33:37+00:00","breadcrumb":{"@id":"https:\/\/librairie7l.com\/en\/produit\/la-chambre-des-merveilles-les-collections-de-gaston-louis-vuitton\/#breadcrumb"},"inLanguage":"en-US","potentialAction":[{"@type":"ReadAction","target":["https:\/\/librairie7l.com\/en\/produit\/la-chambre-des-merveilles-les-collections-de-gaston-louis-vuitton\/"]}]},{"@type":"BreadcrumbList","@id":"https:\/\/librairie7l.com\/en\/produit\/la-chambre-des-merveilles-les-collections-de-gaston-louis-vuitton\/#breadcrumb","itemListElement":[{"@type":"ListItem","position":1,"name":"Accueil","item":"https:\/\/librairie7l.com\/en\/"},{"@type":"ListItem","position":2,"name":"Shop","item":"https:\/\/librairie7l.com\/en\/shop\/"},{"@type":"ListItem","position":3,"name":"LA CHAMBRE DES MERVEILLES ; LES COLLECTIONS DE GASTON-LOUIS VUITTON"}]},{"@type":"WebSite","@id":"https:\/\/librairie7l.com\/en\/#website","url":"https:\/\/librairie7l.com\/en\/","name":"Librairie 7L","description":"Librairie fond\u00e9e en 1999 par Karl Lagerfeld \u00e0 Paris","publisher":{"@id":"https:\/\/librairie7l.com\/en\/#organization"},"potentialAction":[{"@type":"SearchAction","target":{"@type":"EntryPoint","urlTemplate":"https:\/\/librairie7l.com\/en\/?s={search_term_string}"},"query-input":"required name=search_term_string"}],"inLanguage":"en-US"},{"@type":"Organization","@id":"https:\/\/librairie7l.com\/en\/#organization","name":"Librairie 7L","url":"https:\/\/librairie7l.com\/en\/","logo":{"@type":"ImageObject","inLanguage":"en-US","@id":"https:\/\/librairie7l.com\/en\/#\/schema\/logo\/image\/","url":"https:\/\/librairie7l.com\/wp-content\/uploads\/2022\/08\/logo-1.png","contentUrl":"https:\/\/librairie7l.com\/wp-content\/uploads\/2022\/08\/logo-1.png","width":227,"height":301,"caption":"Librairie 7L"},"image":{"@id":"https:\/\/librairie7l.com\/en\/#\/schema\/logo\/image\/"}}]}},"_links":{"self":[{"href":"https:\/\/librairie7l.com\/en\/wp-json\/wp\/v2\/product\/22411"}],"collection":[{"href":"https:\/\/librairie7l.com\/en\/wp-json\/wp\/v2\/product"}],"about":[{"href":"https:\/\/librairie7l.com\/en\/wp-json\/wp\/v2\/types\/product"}],"wp:featuredmedia":[{"embeddable":true,"href":"https:\/\/librairie7l.com\/en\/wp-json\/wp\/v2\/media\/22409"}],"wp:attachment":[{"href":"https:\/\/librairie7l.com\/en\/wp-json\/wp\/v2\/media?parent=22411"}],"wp:term":[{"taxonomy":"product_cat","embeddable":true,"href":"https:\/\/librairie7l.com\/en\/wp-json\/wp\/v2\/product_cat?post=22411"},{"taxonomy":"product_tag","embeddable":true,"href":"https:\/\/librairie7l.com\/en\/wp-json\/wp\/v2\/product_tag?post=22411"}],"curies":[{"name":"wp","href":"https:\/\/api.w.org\/{rel}","templated":true}]}}