{"id":22419,"date":"2023-05-09T18:40:43","date_gmt":"2023-05-09T16:40:43","guid":{"rendered":"https:\/\/librairie7l.com\/?post_type=product&#038;p=22419"},"modified":"2026-04-16T03:20:22","modified_gmt":"2026-04-16T01:20:22","slug":"martin-szekely-ne-plus-dessiner","status":"publish","type":"product","link":"https:\/\/librairie7l.com\/en\/produit\/martin-szekely-ne-plus-dessiner\/","title":{"rendered":"MARTIN SZEKELY ; NE PLUS DESSINER"},"content":{"rendered":"<p>En 1996, le designer fran\u00e7ais Martin Szekely prend la d\u00e9cision de placer son travail sous l&#8217;\u00e9gide d&#8217;une r\u00e8gle : ne plus dessiner.<br \/>\nIl s&#8217;agissait d&#8217;un principe de cr\u00e9ation et d&#8217;un principe de proc\u00e9dure auxquels le designer reste fid\u00e8le encore aujourd&#8217;hui. L&#8217;ouvrage Ne plus dessiner est publi\u00e9 \u00e0 l&#8217;occasion de l&#8217;exposition \u00e9ponyme au Centre Pompidou \u00e0 Paris du 12 octobre 2011 au 2 janvier 2012. A travers les diff\u00e9rents textes et projets qui y sont pr\u00e9sent\u00e9s (ceux montr\u00e9s dans l&#8217;exposition), il revient sur les fondements de cette d\u00e9marche singuli\u00e8re et permet d&#8217;en constater les effets sur les r\u00e9alisations des quinze derni\u00e8res ann\u00e9es.<br \/>\nChaque projet, des \u00e9ditions de meubles et d&#8217;objets de recherche aux produits industriels, est accompagn\u00e9 d&#8217;un texte \u00e9crit par le designer lui-m\u00eame avec Fran\u00e7oise Guichon, conservatrice et chef du service Design au Mus\u00e9e national d&#8217;art moderne &#8211; Centre Pompidou. En fin d&#8217;ouvrage, le th\u00e9oricien de l&#8217;art Philippe-Alain Michaud, conservateur charg\u00e9 de la collection des films au Mus\u00e9e national d&#8217;art moderne &#8211; Centre Pompidou, revient sur le film de Mark Lewis, Black Mirror at the National Gallery, cr\u00e9\u00e9 sp\u00e9cialement pour l&#8217;exposition.<br \/>\nFruit de la rencontre entre le designer et l&#8217;artiste, cette oeuvre met en sc\u00e8ne Soleil Noir, un miroir con\u00e7u par Martin Szekely en 2007, dans les salles de peintures hollandaises de la National Gallery de Londres. Modeste dans son format et par son nombre de page, Ne plus dessiner est un joli compl\u00e9ment de l&#8217;ouvrage Martin Szekely, une monographie en grand format publi\u00e9e en 2010 aux \u00e9ditions JRP\/Ringier.<\/p>\n","protected":false},"excerpt":{"rendered":"<p>En 1996, le designer fran\u00e7ais Martin Szekely prend la d\u00e9cision de placer son travail sous l&#8217;\u00e9gide d&#8217;une r\u00e8gle : ne plus dessiner. Il s&#8217;agissait d&#8217;un principe de cr\u00e9ation et d&#8217;un principe de proc\u00e9dure auxquels le designer reste fid\u00e8le encore aujourd&#8217;hui. L&#8217;ouvrage Ne plus dessiner est publi\u00e9 \u00e0 l&#8217;occasion de l&#8217;exposition \u00e9ponyme au Centre Pompidou \u00e0 [&hellip;]<\/p>\n","protected":false},"featured_media":22417,"template":"","meta":[],"product_cat":[2948,2952],"product_tag":[],"acf":[],"yoast_head":"<!-- This site is optimized with the Yoast SEO plugin v20.11 - https:\/\/yoast.com\/wordpress\/plugins\/seo\/ -->\n<title>MARTIN SZEKELY ; NE PLUS DESSINER - Librairie 7L<\/title>\n<meta name=\"robots\" content=\"index, follow, max-snippet:-1, max-image-preview:large, max-video-preview:-1\" \/>\n<link rel=\"canonical\" href=\"https:\/\/librairie7l.com\/en\/produit\/martin-szekely-ne-plus-dessiner\/\" \/>\n<meta property=\"og:locale\" content=\"en_US\" \/>\n<meta property=\"og:type\" content=\"article\" \/>\n<meta property=\"og:title\" content=\"MARTIN SZEKELY ; NE PLUS DESSINER - Librairie 7L\" \/>\n<meta property=\"og:description\" content=\"En 1996, le designer fran\u00e7ais Martin Szekely prend la d\u00e9cision de placer son travail sous l&#8217;\u00e9gide d&#8217;une r\u00e8gle : ne plus dessiner. Il s&#8217;agissait d&#8217;un principe de cr\u00e9ation et d&#8217;un principe de proc\u00e9dure auxquels le designer reste fid\u00e8le encore aujourd&#8217;hui. L&#8217;ouvrage Ne plus dessiner est publi\u00e9 \u00e0 l&#8217;occasion de l&#8217;exposition \u00e9ponyme au Centre Pompidou \u00e0 [&hellip;]\" \/>\n<meta property=\"og:url\" content=\"https:\/\/librairie7l.com\/en\/produit\/martin-szekely-ne-plus-dessiner\/\" \/>\n<meta property=\"og:site_name\" content=\"Librairie 7L\" \/>\n<meta property=\"article:modified_time\" content=\"2026-04-16T01:20:22+00:00\" \/>\n<meta property=\"og:image\" content=\"https:\/\/librairie7l.com\/wp-content\/uploads\/2012\/01\/9782917855263_1_75.jpg\" \/>\n\t<meta property=\"og:image:width\" content=\"336\" \/>\n\t<meta property=\"og:image:height\" content=\"475\" \/>\n\t<meta property=\"og:image:type\" content=\"image\/jpeg\" \/>\n<meta name=\"twitter:card\" content=\"summary_large_image\" \/>\n<meta name=\"twitter:label1\" content=\"Est. reading time\" \/>\n\t<meta name=\"twitter:data1\" content=\"1 minute\" \/>\n<script type=\"application\/ld+json\" class=\"yoast-schema-graph\">{\"@context\":\"https:\/\/schema.org\",\"@graph\":[{\"@type\":\"WebPage\",\"@id\":\"https:\/\/librairie7l.com\/en\/produit\/martin-szekely-ne-plus-dessiner\/\",\"url\":\"https:\/\/librairie7l.com\/en\/produit\/martin-szekely-ne-plus-dessiner\/\",\"name\":\"MARTIN SZEKELY ; NE PLUS DESSINER - Librairie 7L\",\"isPartOf\":{\"@id\":\"https:\/\/librairie7l.com\/en\/#website\"},\"datePublished\":\"2023-05-09T16:40:43+00:00\",\"dateModified\":\"2026-04-16T01:20:22+00:00\",\"breadcrumb\":{\"@id\":\"https:\/\/librairie7l.com\/en\/produit\/martin-szekely-ne-plus-dessiner\/#breadcrumb\"},\"inLanguage\":\"en-US\",\"potentialAction\":[{\"@type\":\"ReadAction\",\"target\":[\"https:\/\/librairie7l.com\/en\/produit\/martin-szekely-ne-plus-dessiner\/\"]}]},{\"@type\":\"BreadcrumbList\",\"@id\":\"https:\/\/librairie7l.com\/en\/produit\/martin-szekely-ne-plus-dessiner\/#breadcrumb\",\"itemListElement\":[{\"@type\":\"ListItem\",\"position\":1,\"name\":\"Accueil\",\"item\":\"https:\/\/librairie7l.com\/en\/\"},{\"@type\":\"ListItem\",\"position\":2,\"name\":\"Shop\",\"item\":\"https:\/\/librairie7l.com\/en\/shop\/\"},{\"@type\":\"ListItem\",\"position\":3,\"name\":\"MARTIN SZEKELY ; NE PLUS DESSINER\"}]},{\"@type\":\"WebSite\",\"@id\":\"https:\/\/librairie7l.com\/en\/#website\",\"url\":\"https:\/\/librairie7l.com\/en\/\",\"name\":\"Librairie 7L\",\"description\":\"Librairie fond\u00e9e en 1999 par Karl Lagerfeld \u00e0 Paris\",\"publisher\":{\"@id\":\"https:\/\/librairie7l.com\/en\/#organization\"},\"potentialAction\":[{\"@type\":\"SearchAction\",\"target\":{\"@type\":\"EntryPoint\",\"urlTemplate\":\"https:\/\/librairie7l.com\/en\/?s={search_term_string}\"},\"query-input\":\"required name=search_term_string\"}],\"inLanguage\":\"en-US\"},{\"@type\":\"Organization\",\"@id\":\"https:\/\/librairie7l.com\/en\/#organization\",\"name\":\"Librairie 7L\",\"url\":\"https:\/\/librairie7l.com\/en\/\",\"logo\":{\"@type\":\"ImageObject\",\"inLanguage\":\"en-US\",\"@id\":\"https:\/\/librairie7l.com\/en\/#\/schema\/logo\/image\/\",\"url\":\"https:\/\/librairie7l.com\/wp-content\/uploads\/2022\/08\/logo-1.png\",\"contentUrl\":\"https:\/\/librairie7l.com\/wp-content\/uploads\/2022\/08\/logo-1.png\",\"width\":227,\"height\":301,\"caption\":\"Librairie 7L\"},\"image\":{\"@id\":\"https:\/\/librairie7l.com\/en\/#\/schema\/logo\/image\/\"}}]}<\/script>\n<!-- \/ Yoast SEO plugin. -->","yoast_head_json":{"title":"MARTIN SZEKELY ; NE PLUS DESSINER - Librairie 7L","robots":{"index":"index","follow":"follow","max-snippet":"max-snippet:-1","max-image-preview":"max-image-preview:large","max-video-preview":"max-video-preview:-1"},"canonical":"https:\/\/librairie7l.com\/en\/produit\/martin-szekely-ne-plus-dessiner\/","og_locale":"en_US","og_type":"article","og_title":"MARTIN SZEKELY ; NE PLUS DESSINER - Librairie 7L","og_description":"En 1996, le designer fran\u00e7ais Martin Szekely prend la d\u00e9cision de placer son travail sous l&#8217;\u00e9gide d&#8217;une r\u00e8gle : ne plus dessiner. Il s&#8217;agissait d&#8217;un principe de cr\u00e9ation et d&#8217;un principe de proc\u00e9dure auxquels le designer reste fid\u00e8le encore aujourd&#8217;hui. L&#8217;ouvrage Ne plus dessiner est publi\u00e9 \u00e0 l&#8217;occasion de l&#8217;exposition \u00e9ponyme au Centre Pompidou \u00e0 [&hellip;]","og_url":"https:\/\/librairie7l.com\/en\/produit\/martin-szekely-ne-plus-dessiner\/","og_site_name":"Librairie 7L","article_modified_time":"2026-04-16T01:20:22+00:00","og_image":[{"width":336,"height":475,"url":"https:\/\/librairie7l.com\/wp-content\/uploads\/2012\/01\/9782917855263_1_75.jpg","type":"image\/jpeg"}],"twitter_card":"summary_large_image","twitter_misc":{"Est. reading time":"1 minute"},"schema":{"@context":"https:\/\/schema.org","@graph":[{"@type":"WebPage","@id":"https:\/\/librairie7l.com\/en\/produit\/martin-szekely-ne-plus-dessiner\/","url":"https:\/\/librairie7l.com\/en\/produit\/martin-szekely-ne-plus-dessiner\/","name":"MARTIN SZEKELY ; NE PLUS DESSINER - Librairie 7L","isPartOf":{"@id":"https:\/\/librairie7l.com\/en\/#website"},"datePublished":"2023-05-09T16:40:43+00:00","dateModified":"2026-04-16T01:20:22+00:00","breadcrumb":{"@id":"https:\/\/librairie7l.com\/en\/produit\/martin-szekely-ne-plus-dessiner\/#breadcrumb"},"inLanguage":"en-US","potentialAction":[{"@type":"ReadAction","target":["https:\/\/librairie7l.com\/en\/produit\/martin-szekely-ne-plus-dessiner\/"]}]},{"@type":"BreadcrumbList","@id":"https:\/\/librairie7l.com\/en\/produit\/martin-szekely-ne-plus-dessiner\/#breadcrumb","itemListElement":[{"@type":"ListItem","position":1,"name":"Accueil","item":"https:\/\/librairie7l.com\/en\/"},{"@type":"ListItem","position":2,"name":"Shop","item":"https:\/\/librairie7l.com\/en\/shop\/"},{"@type":"ListItem","position":3,"name":"MARTIN SZEKELY ; NE PLUS DESSINER"}]},{"@type":"WebSite","@id":"https:\/\/librairie7l.com\/en\/#website","url":"https:\/\/librairie7l.com\/en\/","name":"Librairie 7L","description":"Librairie fond\u00e9e en 1999 par Karl Lagerfeld \u00e0 Paris","publisher":{"@id":"https:\/\/librairie7l.com\/en\/#organization"},"potentialAction":[{"@type":"SearchAction","target":{"@type":"EntryPoint","urlTemplate":"https:\/\/librairie7l.com\/en\/?s={search_term_string}"},"query-input":"required name=search_term_string"}],"inLanguage":"en-US"},{"@type":"Organization","@id":"https:\/\/librairie7l.com\/en\/#organization","name":"Librairie 7L","url":"https:\/\/librairie7l.com\/en\/","logo":{"@type":"ImageObject","inLanguage":"en-US","@id":"https:\/\/librairie7l.com\/en\/#\/schema\/logo\/image\/","url":"https:\/\/librairie7l.com\/wp-content\/uploads\/2022\/08\/logo-1.png","contentUrl":"https:\/\/librairie7l.com\/wp-content\/uploads\/2022\/08\/logo-1.png","width":227,"height":301,"caption":"Librairie 7L"},"image":{"@id":"https:\/\/librairie7l.com\/en\/#\/schema\/logo\/image\/"}}]}},"_links":{"self":[{"href":"https:\/\/librairie7l.com\/en\/wp-json\/wp\/v2\/product\/22419"}],"collection":[{"href":"https:\/\/librairie7l.com\/en\/wp-json\/wp\/v2\/product"}],"about":[{"href":"https:\/\/librairie7l.com\/en\/wp-json\/wp\/v2\/types\/product"}],"wp:featuredmedia":[{"embeddable":true,"href":"https:\/\/librairie7l.com\/en\/wp-json\/wp\/v2\/media\/22417"}],"wp:attachment":[{"href":"https:\/\/librairie7l.com\/en\/wp-json\/wp\/v2\/media?parent=22419"}],"wp:term":[{"taxonomy":"product_cat","embeddable":true,"href":"https:\/\/librairie7l.com\/en\/wp-json\/wp\/v2\/product_cat?post=22419"},{"taxonomy":"product_tag","embeddable":true,"href":"https:\/\/librairie7l.com\/en\/wp-json\/wp\/v2\/product_tag?post=22419"}],"curies":[{"name":"wp","href":"https:\/\/api.w.org\/{rel}","templated":true}]}}