{"id":22435,"date":"2023-05-09T18:40:55","date_gmt":"2023-05-09T16:40:55","guid":{"rendered":"https:\/\/librairie7l.com\/?post_type=product&#038;p=22435"},"modified":"2026-04-13T15:06:14","modified_gmt":"2026-04-13T13:06:14","slug":"chanel-figures-du-style","status":"publish","type":"product","link":"https:\/\/librairie7l.com\/en\/produit\/chanel-figures-du-style\/","title":{"rendered":"CHANEL ; FIGURES DU STYLE"},"content":{"rendered":"<p>R\u00e9\u00e9dition d&#8217;un livre paru en 2011, cet ouvrage retrace 80 ans de cr\u00e9ation qui ont fa\u00e7onn\u00e9 le style inimitable de la Maison Chanel, de Gabrielle Chanel qui en a pos\u00e9 les bases aux cr\u00e9ations les plus r\u00e9centes de Karl Lagerfeld. Le livre pr\u00e9sente en 11 chapitres 11 d\u00e9tails caract\u00e9ristiques comme la petite robe noire, le tweed, le baroque, et bien d&#8217;autres, devenus des incontournables qui prouvent que l&#8217;h\u00e9ritage Chanel est encore bien vivant.<\/p>\n","protected":false},"excerpt":{"rendered":"<p>R\u00e9\u00e9dition d&#8217;un livre paru en 2011, cet ouvrage retrace 80 ans de cr\u00e9ation qui ont fa\u00e7onn\u00e9 le style inimitable de la Maison Chanel, de Gabrielle Chanel qui en a pos\u00e9 les bases aux cr\u00e9ations les plus r\u00e9centes de Karl Lagerfeld. Le livre pr\u00e9sente en 11 chapitres 11 d\u00e9tails caract\u00e9ristiques comme la petite robe noire, le [&hellip;]<\/p>\n","protected":false},"featured_media":22433,"template":"","meta":[],"product_cat":[2948,2957],"product_tag":[],"acf":[],"yoast_head":"<!-- This site is optimized with the Yoast SEO plugin v20.11 - https:\/\/yoast.com\/wordpress\/plugins\/seo\/ -->\n<title>CHANEL ; FIGURES DU STYLE - Librairie 7L<\/title>\n<meta name=\"robots\" content=\"index, follow, max-snippet:-1, max-image-preview:large, max-video-preview:-1\" \/>\n<link rel=\"canonical\" href=\"https:\/\/librairie7l.com\/en\/produit\/chanel-figures-du-style\/\" \/>\n<meta property=\"og:locale\" content=\"en_US\" \/>\n<meta property=\"og:type\" content=\"article\" \/>\n<meta property=\"og:title\" content=\"CHANEL ; FIGURES DU STYLE - Librairie 7L\" \/>\n<meta property=\"og:description\" content=\"R\u00e9\u00e9dition d&#8217;un livre paru en 2011, cet ouvrage retrace 80 ans de cr\u00e9ation qui ont fa\u00e7onn\u00e9 le style inimitable de la Maison Chanel, de Gabrielle Chanel qui en a pos\u00e9 les bases aux cr\u00e9ations les plus r\u00e9centes de Karl Lagerfeld. Le livre pr\u00e9sente en 11 chapitres 11 d\u00e9tails caract\u00e9ristiques comme la petite robe noire, le [&hellip;]\" \/>\n<meta property=\"og:url\" content=\"https:\/\/librairie7l.com\/en\/produit\/chanel-figures-du-style\/\" \/>\n<meta property=\"og:site_name\" content=\"Librairie 7L\" \/>\n<meta property=\"article:modified_time\" content=\"2026-04-13T13:06:14+00:00\" \/>\n<meta property=\"og:image\" content=\"https:\/\/librairie7l.com\/wp-content\/uploads\/2017\/07\/9780500021446_1_75.jpg\" \/>\n\t<meta property=\"og:image:width\" content=\"582\" \/>\n\t<meta property=\"og:image:height\" content=\"779\" \/>\n\t<meta property=\"og:image:type\" content=\"image\/jpeg\" \/>\n<meta name=\"twitter:card\" content=\"summary_large_image\" \/>\n<script type=\"application\/ld+json\" class=\"yoast-schema-graph\">{\"@context\":\"https:\/\/schema.org\",\"@graph\":[{\"@type\":\"WebPage\",\"@id\":\"https:\/\/librairie7l.com\/en\/produit\/chanel-figures-du-style\/\",\"url\":\"https:\/\/librairie7l.com\/en\/produit\/chanel-figures-du-style\/\",\"name\":\"CHANEL ; FIGURES DU STYLE - Librairie 7L\",\"isPartOf\":{\"@id\":\"https:\/\/librairie7l.com\/en\/#website\"},\"datePublished\":\"2023-05-09T16:40:55+00:00\",\"dateModified\":\"2026-04-13T13:06:14+00:00\",\"breadcrumb\":{\"@id\":\"https:\/\/librairie7l.com\/en\/produit\/chanel-figures-du-style\/#breadcrumb\"},\"inLanguage\":\"en-US\",\"potentialAction\":[{\"@type\":\"ReadAction\",\"target\":[\"https:\/\/librairie7l.com\/en\/produit\/chanel-figures-du-style\/\"]}]},{\"@type\":\"BreadcrumbList\",\"@id\":\"https:\/\/librairie7l.com\/en\/produit\/chanel-figures-du-style\/#breadcrumb\",\"itemListElement\":[{\"@type\":\"ListItem\",\"position\":1,\"name\":\"Accueil\",\"item\":\"https:\/\/librairie7l.com\/en\/\"},{\"@type\":\"ListItem\",\"position\":2,\"name\":\"Shop\",\"item\":\"https:\/\/librairie7l.com\/en\/shop\/\"},{\"@type\":\"ListItem\",\"position\":3,\"name\":\"CHANEL ; FIGURES DU STYLE\"}]},{\"@type\":\"WebSite\",\"@id\":\"https:\/\/librairie7l.com\/en\/#website\",\"url\":\"https:\/\/librairie7l.com\/en\/\",\"name\":\"Librairie 7L\",\"description\":\"Librairie fond\u00e9e en 1999 par Karl Lagerfeld \u00e0 Paris\",\"publisher\":{\"@id\":\"https:\/\/librairie7l.com\/en\/#organization\"},\"potentialAction\":[{\"@type\":\"SearchAction\",\"target\":{\"@type\":\"EntryPoint\",\"urlTemplate\":\"https:\/\/librairie7l.com\/en\/?s={search_term_string}\"},\"query-input\":\"required name=search_term_string\"}],\"inLanguage\":\"en-US\"},{\"@type\":\"Organization\",\"@id\":\"https:\/\/librairie7l.com\/en\/#organization\",\"name\":\"Librairie 7L\",\"url\":\"https:\/\/librairie7l.com\/en\/\",\"logo\":{\"@type\":\"ImageObject\",\"inLanguage\":\"en-US\",\"@id\":\"https:\/\/librairie7l.com\/en\/#\/schema\/logo\/image\/\",\"url\":\"https:\/\/librairie7l.com\/wp-content\/uploads\/2022\/08\/logo-1.png\",\"contentUrl\":\"https:\/\/librairie7l.com\/wp-content\/uploads\/2022\/08\/logo-1.png\",\"width\":227,\"height\":301,\"caption\":\"Librairie 7L\"},\"image\":{\"@id\":\"https:\/\/librairie7l.com\/en\/#\/schema\/logo\/image\/\"}}]}<\/script>\n<!-- \/ Yoast SEO plugin. -->","yoast_head_json":{"title":"CHANEL ; FIGURES DU STYLE - Librairie 7L","robots":{"index":"index","follow":"follow","max-snippet":"max-snippet:-1","max-image-preview":"max-image-preview:large","max-video-preview":"max-video-preview:-1"},"canonical":"https:\/\/librairie7l.com\/en\/produit\/chanel-figures-du-style\/","og_locale":"en_US","og_type":"article","og_title":"CHANEL ; FIGURES DU STYLE - Librairie 7L","og_description":"R\u00e9\u00e9dition d&#8217;un livre paru en 2011, cet ouvrage retrace 80 ans de cr\u00e9ation qui ont fa\u00e7onn\u00e9 le style inimitable de la Maison Chanel, de Gabrielle Chanel qui en a pos\u00e9 les bases aux cr\u00e9ations les plus r\u00e9centes de Karl Lagerfeld. Le livre pr\u00e9sente en 11 chapitres 11 d\u00e9tails caract\u00e9ristiques comme la petite robe noire, le [&hellip;]","og_url":"https:\/\/librairie7l.com\/en\/produit\/chanel-figures-du-style\/","og_site_name":"Librairie 7L","article_modified_time":"2026-04-13T13:06:14+00:00","og_image":[{"width":582,"height":779,"url":"https:\/\/librairie7l.com\/wp-content\/uploads\/2017\/07\/9780500021446_1_75.jpg","type":"image\/jpeg"}],"twitter_card":"summary_large_image","schema":{"@context":"https:\/\/schema.org","@graph":[{"@type":"WebPage","@id":"https:\/\/librairie7l.com\/en\/produit\/chanel-figures-du-style\/","url":"https:\/\/librairie7l.com\/en\/produit\/chanel-figures-du-style\/","name":"CHANEL ; FIGURES DU STYLE - Librairie 7L","isPartOf":{"@id":"https:\/\/librairie7l.com\/en\/#website"},"datePublished":"2023-05-09T16:40:55+00:00","dateModified":"2026-04-13T13:06:14+00:00","breadcrumb":{"@id":"https:\/\/librairie7l.com\/en\/produit\/chanel-figures-du-style\/#breadcrumb"},"inLanguage":"en-US","potentialAction":[{"@type":"ReadAction","target":["https:\/\/librairie7l.com\/en\/produit\/chanel-figures-du-style\/"]}]},{"@type":"BreadcrumbList","@id":"https:\/\/librairie7l.com\/en\/produit\/chanel-figures-du-style\/#breadcrumb","itemListElement":[{"@type":"ListItem","position":1,"name":"Accueil","item":"https:\/\/librairie7l.com\/en\/"},{"@type":"ListItem","position":2,"name":"Shop","item":"https:\/\/librairie7l.com\/en\/shop\/"},{"@type":"ListItem","position":3,"name":"CHANEL ; FIGURES DU STYLE"}]},{"@type":"WebSite","@id":"https:\/\/librairie7l.com\/en\/#website","url":"https:\/\/librairie7l.com\/en\/","name":"Librairie 7L","description":"Librairie fond\u00e9e en 1999 par Karl Lagerfeld \u00e0 Paris","publisher":{"@id":"https:\/\/librairie7l.com\/en\/#organization"},"potentialAction":[{"@type":"SearchAction","target":{"@type":"EntryPoint","urlTemplate":"https:\/\/librairie7l.com\/en\/?s={search_term_string}"},"query-input":"required name=search_term_string"}],"inLanguage":"en-US"},{"@type":"Organization","@id":"https:\/\/librairie7l.com\/en\/#organization","name":"Librairie 7L","url":"https:\/\/librairie7l.com\/en\/","logo":{"@type":"ImageObject","inLanguage":"en-US","@id":"https:\/\/librairie7l.com\/en\/#\/schema\/logo\/image\/","url":"https:\/\/librairie7l.com\/wp-content\/uploads\/2022\/08\/logo-1.png","contentUrl":"https:\/\/librairie7l.com\/wp-content\/uploads\/2022\/08\/logo-1.png","width":227,"height":301,"caption":"Librairie 7L"},"image":{"@id":"https:\/\/librairie7l.com\/en\/#\/schema\/logo\/image\/"}}]}},"_links":{"self":[{"href":"https:\/\/librairie7l.com\/en\/wp-json\/wp\/v2\/product\/22435"}],"collection":[{"href":"https:\/\/librairie7l.com\/en\/wp-json\/wp\/v2\/product"}],"about":[{"href":"https:\/\/librairie7l.com\/en\/wp-json\/wp\/v2\/types\/product"}],"wp:featuredmedia":[{"embeddable":true,"href":"https:\/\/librairie7l.com\/en\/wp-json\/wp\/v2\/media\/22433"}],"wp:attachment":[{"href":"https:\/\/librairie7l.com\/en\/wp-json\/wp\/v2\/media?parent=22435"}],"wp:term":[{"taxonomy":"product_cat","embeddable":true,"href":"https:\/\/librairie7l.com\/en\/wp-json\/wp\/v2\/product_cat?post=22435"},{"taxonomy":"product_tag","embeddable":true,"href":"https:\/\/librairie7l.com\/en\/wp-json\/wp\/v2\/product_tag?post=22435"}],"curies":[{"name":"wp","href":"https:\/\/api.w.org\/{rel}","templated":true}]}}