{"id":22463,"date":"2023-05-09T18:41:23","date_gmt":"2023-05-09T16:41:23","guid":{"rendered":"https:\/\/librairie7l.com\/?post_type=product&#038;p=22463"},"modified":"2026-04-07T16:21:59","modified_gmt":"2026-04-07T14:21:59","slug":"ceramique-contemporaine-collection-maurice-lambiotte","status":"publish","type":"product","link":"https:\/\/librairie7l.com\/en\/produit\/ceramique-contemporaine-collection-maurice-lambiotte\/","title":{"rendered":"C\u00c9RAMIQUES CONTEMPORAINES \/ CONTEMPORARY POTTERY"},"content":{"rendered":"<p>Pourquoi devient-on collectionneur, pourquoi choisit-on certains objets plut\u00f4t que d&#8217;autres ? au moment de la donation de ses c\u00e9ramiques contemporaines au mus\u00e9e adrien-dubouch\u00e9 \u00e0 limoges, maurice lambiotte s&#8217;interroge sur la passion pour le gr\u00e8s qui a accompagn\u00e9 toute sa vie.<br \/>\n Une mati\u00e8re dont l&#8217;aust\u00e9rit\u00e9 renforce la sensualit\u00e9, dont la sobri\u00e9t\u00e9 r\u00e9v\u00e8le la forme.  a une \u00e9poque o\u00fa collectionner est pour beaucoup l&#8217;affirmation d&#8217;un statut social, il nous fait retrouver une relation intime \u00e0 l&#8217;objet qui donne leur sensibilit\u00e9 aux grandes collections.  etablissant un parall\u00e8le entre le m\u00e9tier de chercheur qui est le sien et le travail du potier, lambiotte questionne le myst\u00e8re de la cr\u00e9ation, la naissance de la forme dans l&#8217;argile, le secret de la cuisson, le chaos arch\u00e9ologique du d\u00e9fournement, autant de rites universels et imm\u00e9moriaux.<br \/>\n Raconter la gen\u00e8se de ces pi\u00e8ces que pour beaucoup il a vu na\u00eetre et souvent baptis\u00e9es, les int\u00e9grant ainsi \u00e0 sa propre histoire, est la plus belle autobiographie que puisse \u00e9crire un amateur amoureux.  la pr\u00e9face de robert deblander, dont l&#8217;oeuvre sculpturale a contribu\u00e9 \u00e0 faire rena\u00eetre une discipline consid\u00e9r\u00e9e jusque-l\u00e0 comme simplement utilitaire, souligne l&#8217;importance d&#8217;une collection qui compte plus de 300 pi\u00e8ces d&#8217;une qualit\u00e9 exceptionnelle.<br \/>\n Gr\u00e8s, terres enfum\u00e9es, rakus, \u00e9maux et c\u00e9ladons constituent un ensemble unique de la poterie fran\u00e7aise de l&#8217;apr\u00e8s-guerre qui, gr\u00e2ce \u00e0 la t\u00e9nacit\u00e9 de celui que deblander d\u00e9crit comme &#8220;un sage aventurier &#8220;, restera pr\u00e9serv\u00e9.  dans la seconde partie de l&#8217;ouvrage, carole andr\u00e9ani, historienne de l&#8217;art, a recueilli les biographies de seize c\u00e9ramistes, tels eric astoul, claude champy, elisabeth joulia, herv\u00e9 rousseau ou seung-ho yang, avec lesquels maurice lambiotte n&#8217;a cess\u00e9 de dialoguer depuis le d\u00e9but des ann\u00e9es 1960.<\/p>\n","protected":false},"excerpt":{"rendered":"<p>Pourquoi devient-on collectionneur, pourquoi choisit-on certains objets plut\u00f4t que d&#8217;autres ? au moment de la donation de ses c\u00e9ramiques contemporaines au mus\u00e9e adrien-dubouch\u00e9 \u00e0 limoges, maurice lambiotte s&#8217;interroge sur la passion pour le gr\u00e8s qui a accompagn\u00e9 toute sa vie. Une mati\u00e8re dont l&#8217;aust\u00e9rit\u00e9 renforce la sensualit\u00e9, dont la sobri\u00e9t\u00e9 r\u00e9v\u00e8le la forme. a une [&hellip;]<\/p>\n","protected":false},"featured_media":22461,"template":"","meta":[],"product_cat":[2948,2952],"product_tag":[],"acf":[],"yoast_head":"<!-- This site is optimized with the Yoast SEO plugin v20.11 - https:\/\/yoast.com\/wordpress\/plugins\/seo\/ -->\n<title>C\u00c9RAMIQUES CONTEMPORAINES \/ CONTEMPORARY POTTERY - Librairie 7L<\/title>\n<meta name=\"robots\" content=\"index, follow, max-snippet:-1, max-image-preview:large, max-video-preview:-1\" \/>\n<link rel=\"canonical\" href=\"https:\/\/librairie7l.com\/en\/produit\/ceramique-contemporaine-collection-maurice-lambiotte\/\" \/>\n<meta property=\"og:locale\" content=\"en_US\" \/>\n<meta property=\"og:type\" content=\"article\" \/>\n<meta property=\"og:title\" content=\"C\u00c9RAMIQUES CONTEMPORAINES \/ CONTEMPORARY POTTERY - Librairie 7L\" \/>\n<meta property=\"og:description\" content=\"Pourquoi devient-on collectionneur, pourquoi choisit-on certains objets plut\u00f4t que d&#8217;autres ? au moment de la donation de ses c\u00e9ramiques contemporaines au mus\u00e9e adrien-dubouch\u00e9 \u00e0 limoges, maurice lambiotte s&#8217;interroge sur la passion pour le gr\u00e8s qui a accompagn\u00e9 toute sa vie. Une mati\u00e8re dont l&#8217;aust\u00e9rit\u00e9 renforce la sensualit\u00e9, dont la sobri\u00e9t\u00e9 r\u00e9v\u00e8le la forme. a une [&hellip;]\" \/>\n<meta property=\"og:url\" content=\"https:\/\/librairie7l.com\/en\/produit\/ceramique-contemporaine-collection-maurice-lambiotte\/\" \/>\n<meta property=\"og:site_name\" content=\"Librairie 7L\" \/>\n<meta property=\"article:modified_time\" content=\"2026-04-07T14:21:59+00:00\" \/>\n<meta property=\"og:image\" content=\"https:\/\/librairie7l.com\/wp-content\/uploads\/2007\/11\/9782915542127_1_75.jpg\" \/>\n\t<meta property=\"og:image:width\" content=\"356\" \/>\n\t<meta property=\"og:image:height\" content=\"475\" \/>\n\t<meta property=\"og:image:type\" content=\"image\/jpeg\" \/>\n<meta name=\"twitter:card\" content=\"summary_large_image\" \/>\n<meta name=\"twitter:label1\" content=\"Est. reading time\" \/>\n\t<meta name=\"twitter:data1\" content=\"2 minutes\" \/>\n<script type=\"application\/ld+json\" class=\"yoast-schema-graph\">{\"@context\":\"https:\/\/schema.org\",\"@graph\":[{\"@type\":\"WebPage\",\"@id\":\"https:\/\/librairie7l.com\/en\/produit\/ceramique-contemporaine-collection-maurice-lambiotte\/\",\"url\":\"https:\/\/librairie7l.com\/en\/produit\/ceramique-contemporaine-collection-maurice-lambiotte\/\",\"name\":\"C\u00c9RAMIQUES CONTEMPORAINES \/ CONTEMPORARY POTTERY - Librairie 7L\",\"isPartOf\":{\"@id\":\"https:\/\/librairie7l.com\/en\/#website\"},\"datePublished\":\"2023-05-09T16:41:23+00:00\",\"dateModified\":\"2026-04-07T14:21:59+00:00\",\"breadcrumb\":{\"@id\":\"https:\/\/librairie7l.com\/en\/produit\/ceramique-contemporaine-collection-maurice-lambiotte\/#breadcrumb\"},\"inLanguage\":\"en-US\",\"potentialAction\":[{\"@type\":\"ReadAction\",\"target\":[\"https:\/\/librairie7l.com\/en\/produit\/ceramique-contemporaine-collection-maurice-lambiotte\/\"]}]},{\"@type\":\"BreadcrumbList\",\"@id\":\"https:\/\/librairie7l.com\/en\/produit\/ceramique-contemporaine-collection-maurice-lambiotte\/#breadcrumb\",\"itemListElement\":[{\"@type\":\"ListItem\",\"position\":1,\"name\":\"Accueil\",\"item\":\"https:\/\/librairie7l.com\/en\/\"},{\"@type\":\"ListItem\",\"position\":2,\"name\":\"Shop\",\"item\":\"https:\/\/librairie7l.com\/en\/shop\/\"},{\"@type\":\"ListItem\",\"position\":3,\"name\":\"C\u00c9RAMIQUES CONTEMPORAINES \/ CONTEMPORARY POTTERY\"}]},{\"@type\":\"WebSite\",\"@id\":\"https:\/\/librairie7l.com\/en\/#website\",\"url\":\"https:\/\/librairie7l.com\/en\/\",\"name\":\"Librairie 7L\",\"description\":\"Librairie fond\u00e9e en 1999 par Karl Lagerfeld \u00e0 Paris\",\"publisher\":{\"@id\":\"https:\/\/librairie7l.com\/en\/#organization\"},\"potentialAction\":[{\"@type\":\"SearchAction\",\"target\":{\"@type\":\"EntryPoint\",\"urlTemplate\":\"https:\/\/librairie7l.com\/en\/?s={search_term_string}\"},\"query-input\":\"required name=search_term_string\"}],\"inLanguage\":\"en-US\"},{\"@type\":\"Organization\",\"@id\":\"https:\/\/librairie7l.com\/en\/#organization\",\"name\":\"Librairie 7L\",\"url\":\"https:\/\/librairie7l.com\/en\/\",\"logo\":{\"@type\":\"ImageObject\",\"inLanguage\":\"en-US\",\"@id\":\"https:\/\/librairie7l.com\/en\/#\/schema\/logo\/image\/\",\"url\":\"https:\/\/librairie7l.com\/wp-content\/uploads\/2022\/08\/logo-1.png\",\"contentUrl\":\"https:\/\/librairie7l.com\/wp-content\/uploads\/2022\/08\/logo-1.png\",\"width\":227,\"height\":301,\"caption\":\"Librairie 7L\"},\"image\":{\"@id\":\"https:\/\/librairie7l.com\/en\/#\/schema\/logo\/image\/\"}}]}<\/script>\n<!-- \/ Yoast SEO plugin. -->","yoast_head_json":{"title":"C\u00c9RAMIQUES CONTEMPORAINES \/ CONTEMPORARY POTTERY - Librairie 7L","robots":{"index":"index","follow":"follow","max-snippet":"max-snippet:-1","max-image-preview":"max-image-preview:large","max-video-preview":"max-video-preview:-1"},"canonical":"https:\/\/librairie7l.com\/en\/produit\/ceramique-contemporaine-collection-maurice-lambiotte\/","og_locale":"en_US","og_type":"article","og_title":"C\u00c9RAMIQUES CONTEMPORAINES \/ CONTEMPORARY POTTERY - Librairie 7L","og_description":"Pourquoi devient-on collectionneur, pourquoi choisit-on certains objets plut\u00f4t que d&#8217;autres ? au moment de la donation de ses c\u00e9ramiques contemporaines au mus\u00e9e adrien-dubouch\u00e9 \u00e0 limoges, maurice lambiotte s&#8217;interroge sur la passion pour le gr\u00e8s qui a accompagn\u00e9 toute sa vie. Une mati\u00e8re dont l&#8217;aust\u00e9rit\u00e9 renforce la sensualit\u00e9, dont la sobri\u00e9t\u00e9 r\u00e9v\u00e8le la forme. a une [&hellip;]","og_url":"https:\/\/librairie7l.com\/en\/produit\/ceramique-contemporaine-collection-maurice-lambiotte\/","og_site_name":"Librairie 7L","article_modified_time":"2026-04-07T14:21:59+00:00","og_image":[{"width":356,"height":475,"url":"https:\/\/librairie7l.com\/wp-content\/uploads\/2007\/11\/9782915542127_1_75.jpg","type":"image\/jpeg"}],"twitter_card":"summary_large_image","twitter_misc":{"Est. reading time":"2 minutes"},"schema":{"@context":"https:\/\/schema.org","@graph":[{"@type":"WebPage","@id":"https:\/\/librairie7l.com\/en\/produit\/ceramique-contemporaine-collection-maurice-lambiotte\/","url":"https:\/\/librairie7l.com\/en\/produit\/ceramique-contemporaine-collection-maurice-lambiotte\/","name":"C\u00c9RAMIQUES CONTEMPORAINES \/ CONTEMPORARY POTTERY - Librairie 7L","isPartOf":{"@id":"https:\/\/librairie7l.com\/en\/#website"},"datePublished":"2023-05-09T16:41:23+00:00","dateModified":"2026-04-07T14:21:59+00:00","breadcrumb":{"@id":"https:\/\/librairie7l.com\/en\/produit\/ceramique-contemporaine-collection-maurice-lambiotte\/#breadcrumb"},"inLanguage":"en-US","potentialAction":[{"@type":"ReadAction","target":["https:\/\/librairie7l.com\/en\/produit\/ceramique-contemporaine-collection-maurice-lambiotte\/"]}]},{"@type":"BreadcrumbList","@id":"https:\/\/librairie7l.com\/en\/produit\/ceramique-contemporaine-collection-maurice-lambiotte\/#breadcrumb","itemListElement":[{"@type":"ListItem","position":1,"name":"Accueil","item":"https:\/\/librairie7l.com\/en\/"},{"@type":"ListItem","position":2,"name":"Shop","item":"https:\/\/librairie7l.com\/en\/shop\/"},{"@type":"ListItem","position":3,"name":"C\u00c9RAMIQUES CONTEMPORAINES \/ CONTEMPORARY POTTERY"}]},{"@type":"WebSite","@id":"https:\/\/librairie7l.com\/en\/#website","url":"https:\/\/librairie7l.com\/en\/","name":"Librairie 7L","description":"Librairie fond\u00e9e en 1999 par Karl Lagerfeld \u00e0 Paris","publisher":{"@id":"https:\/\/librairie7l.com\/en\/#organization"},"potentialAction":[{"@type":"SearchAction","target":{"@type":"EntryPoint","urlTemplate":"https:\/\/librairie7l.com\/en\/?s={search_term_string}"},"query-input":"required name=search_term_string"}],"inLanguage":"en-US"},{"@type":"Organization","@id":"https:\/\/librairie7l.com\/en\/#organization","name":"Librairie 7L","url":"https:\/\/librairie7l.com\/en\/","logo":{"@type":"ImageObject","inLanguage":"en-US","@id":"https:\/\/librairie7l.com\/en\/#\/schema\/logo\/image\/","url":"https:\/\/librairie7l.com\/wp-content\/uploads\/2022\/08\/logo-1.png","contentUrl":"https:\/\/librairie7l.com\/wp-content\/uploads\/2022\/08\/logo-1.png","width":227,"height":301,"caption":"Librairie 7L"},"image":{"@id":"https:\/\/librairie7l.com\/en\/#\/schema\/logo\/image\/"}}]}},"_links":{"self":[{"href":"https:\/\/librairie7l.com\/en\/wp-json\/wp\/v2\/product\/22463"}],"collection":[{"href":"https:\/\/librairie7l.com\/en\/wp-json\/wp\/v2\/product"}],"about":[{"href":"https:\/\/librairie7l.com\/en\/wp-json\/wp\/v2\/types\/product"}],"wp:featuredmedia":[{"embeddable":true,"href":"https:\/\/librairie7l.com\/en\/wp-json\/wp\/v2\/media\/22461"}],"wp:attachment":[{"href":"https:\/\/librairie7l.com\/en\/wp-json\/wp\/v2\/media?parent=22463"}],"wp:term":[{"taxonomy":"product_cat","embeddable":true,"href":"https:\/\/librairie7l.com\/en\/wp-json\/wp\/v2\/product_cat?post=22463"},{"taxonomy":"product_tag","embeddable":true,"href":"https:\/\/librairie7l.com\/en\/wp-json\/wp\/v2\/product_tag?post=22463"}],"curies":[{"name":"wp","href":"https:\/\/api.w.org\/{rel}","templated":true}]}}