{"id":22507,"date":"2023-05-09T18:42:00","date_gmt":"2023-05-09T16:42:00","guid":{"rendered":"https:\/\/librairie7l.com\/?post_type=product&#038;p=22507"},"modified":"2026-04-03T19:25:58","modified_gmt":"2026-04-03T17:25:58","slug":"andre-arbus-architecte-decorateur-des-annees-40-2","status":"publish","type":"product","link":"https:\/\/librairie7l.com\/en\/produit\/andre-arbus-architecte-decorateur-des-annees-40-2\/","title":{"rendered":"ANDRE ARBUS &#8211; ARCHITECTE-DECORATEUR DES ANNEES 40"},"content":{"rendered":"<p>Andr\u00e9 arbus (toulouse 1903-paris 1969) &#8221; je suis d&#8217;une vieille famille d&#8217;\u00e9b\u00e9nistes.<br \/>\n De p\u00e8re en fils depuis tr\u00e8s longtemps.  autant dire que je suis n\u00e9 dans un atelier d&#8217;\u00e9b\u00e9nisterie.  &#8221; andr\u00e9 arbus compl\u00e8te cette formation par une culture classique, acquise \u00e0 l&#8217;\u00e9cole des beaux-arts de toulouse.  il choisit l&#8217;art d\u00e9coratif alors que s&#8217;ouvre \u00e0 paris l&#8217;exposition internationale des arts d\u00e9coratifs de 1925, o\u00fa il expose une coiffeuse.  en 1933, il s&#8217;installe \u00e0 paris.  les salons, les galeries, les expositions, les critiques lui permettent de se faire conna\u00eetre de l&#8217;\u00e9lite \u00e0 laquelle ses cr\u00e9ations sont destin\u00e9es.<br \/>\n \u00e0 30 ans, il s&#8217;impose comme le chef de file du retour \u00e0 la tradition et \u00e0 la qualit\u00e9 fran\u00e7aises.  il est le repr\u00e9sentant de cet &#8221; esprit de suite &#8221; du xviiie si\u00e8cle, dans lequel le critique waldemar george voit le salut du mobilier contemporain.  en 1936, arbus re\u00e7oit sa premi\u00e8re commande officielle : l&#8217;ameublement du minist\u00e8re de l&#8217;agriculture.  il est pr\u00e9sent dans de nombreux pavillons \u00e0 l&#8217;exposition des arts et techniques dans la vie moderne de 1937, o\u00fa les m\u00e9tiers d&#8217;art et les r\u00e9gions sont \u00e0 l&#8217;honneur.<br \/>\n Il participe \u00e0 l&#8217;exposition universelle de new york, en 1939, avec un meuble-manifeste, monumental, architectural, en sycomore et laque d&#8217;or, annonciateur de son oeuvre des ann\u00e9es 40.  \u00e0 partir de 1946, il devient l&#8217;un des fournisseurs attitr\u00e9s du mobilier national qui, sous la direction de georges fontaine, entreprend un ambitieux programme d&#8217;ameublement des minist\u00e8res et des palais nationaux.  il participe au &#8221; rajeunissement &#8221; du ch\u00e2teau de rambouillet et du palais de l&#8217;\u00e9lys\u00e9e, avec ses amis louis s\u00fce et jean-charles moreux.<br \/>\n Entre 1947 et 1951, il est l&#8217;architecte du phare du planier, au large de marseille.<br \/>\nDans les ann\u00e9es 50, il am\u00e9nage des paquebots, participe \u00e0 de nombreuses expositions, multiplie les r\u00e9alisations prestigieuses, publiques et priv\u00e9es.  la sculpture a toujours occup\u00e9 une place importante dans ses meubles et dans ses d\u00e9cors.  andr\u00e9 arbus la confie \u00e0 des artistes amis tels que vadim androusov, henry parayre, sylva bernt.<\/p>\n<p>En 1952, il cr\u00e9e ses premiers meubles-sculptures fondus en bronze.  d\u00e8s lors, et jusqu&#8217;\u00e0 sa mort, il se consacre \u00e0 son oeuvre de sculpteur.  la vie et l&#8217;oeuvre d&#8217;andr\u00e9 arbus sont l&#8217;histoire d&#8217;une fid\u00e9lit\u00e9 \u00e0 la tradition fran\u00e7aise.  elles sont l&#8217;histoire d&#8217;une conviction qui revient comme un leitmotiv tout au long de ses \u00e9crits, reprenant \u00e0 son compte les mots de l\u00e9onard de vinci : &#8221; l&#8217;homme est la mesure des choses &#8220;.<\/p>\n","protected":false},"excerpt":{"rendered":"<p>Andr\u00e9 arbus (toulouse 1903-paris 1969) &#8221; je suis d&#8217;une vieille famille d&#8217;\u00e9b\u00e9nistes. De p\u00e8re en fils depuis tr\u00e8s longtemps. autant dire que je suis n\u00e9 dans un atelier d&#8217;\u00e9b\u00e9nisterie. &#8221; andr\u00e9 arbus compl\u00e8te cette formation par une culture classique, acquise \u00e0 l&#8217;\u00e9cole des beaux-arts de toulouse. il choisit l&#8217;art d\u00e9coratif alors que s&#8217;ouvre \u00e0 paris [&hellip;]<\/p>\n","protected":false},"featured_media":22505,"template":"","meta":[],"product_cat":[2948,2952],"product_tag":[],"acf":[],"yoast_head":"<!-- This site is optimized with the Yoast SEO plugin v20.11 - https:\/\/yoast.com\/wordpress\/plugins\/seo\/ -->\n<title>ANDRE ARBUS - ARCHITECTE-DECORATEUR DES ANNEES 40 - Librairie 7L<\/title>\n<meta name=\"robots\" content=\"index, follow, max-snippet:-1, max-image-preview:large, max-video-preview:-1\" \/>\n<link rel=\"canonical\" href=\"https:\/\/librairie7l.com\/en\/produit\/andre-arbus-architecte-decorateur-des-annees-40-2\/\" \/>\n<meta property=\"og:locale\" content=\"en_US\" \/>\n<meta property=\"og:type\" content=\"article\" \/>\n<meta property=\"og:title\" content=\"ANDRE ARBUS - ARCHITECTE-DECORATEUR DES ANNEES 40 - Librairie 7L\" \/>\n<meta property=\"og:description\" content=\"Andr\u00e9 arbus (toulouse 1903-paris 1969) &#8221; je suis d&#8217;une vieille famille d&#8217;\u00e9b\u00e9nistes. De p\u00e8re en fils depuis tr\u00e8s longtemps. autant dire que je suis n\u00e9 dans un atelier d&#8217;\u00e9b\u00e9nisterie. &#8221; andr\u00e9 arbus compl\u00e8te cette formation par une culture classique, acquise \u00e0 l&#8217;\u00e9cole des beaux-arts de toulouse. il choisit l&#8217;art d\u00e9coratif alors que s&#8217;ouvre \u00e0 paris [&hellip;]\" \/>\n<meta property=\"og:url\" content=\"https:\/\/librairie7l.com\/en\/produit\/andre-arbus-architecte-decorateur-des-annees-40-2\/\" \/>\n<meta property=\"og:site_name\" content=\"Librairie 7L\" \/>\n<meta property=\"article:modified_time\" content=\"2026-04-03T17:25:58+00:00\" \/>\n<meta property=\"og:image\" content=\"https:\/\/librairie7l.com\/wp-content\/uploads\/2003\/05\/9782909283845_1_75.jpg\" \/>\n\t<meta property=\"og:image:width\" content=\"388\" \/>\n\t<meta property=\"og:image:height\" content=\"500\" \/>\n\t<meta property=\"og:image:type\" content=\"image\/jpeg\" \/>\n<meta name=\"twitter:card\" content=\"summary_large_image\" \/>\n<meta name=\"twitter:label1\" content=\"Est. reading time\" \/>\n\t<meta name=\"twitter:data1\" content=\"2 minutes\" \/>\n<script type=\"application\/ld+json\" class=\"yoast-schema-graph\">{\"@context\":\"https:\/\/schema.org\",\"@graph\":[{\"@type\":\"WebPage\",\"@id\":\"https:\/\/librairie7l.com\/en\/produit\/andre-arbus-architecte-decorateur-des-annees-40-2\/\",\"url\":\"https:\/\/librairie7l.com\/en\/produit\/andre-arbus-architecte-decorateur-des-annees-40-2\/\",\"name\":\"ANDRE ARBUS - ARCHITECTE-DECORATEUR DES ANNEES 40 - Librairie 7L\",\"isPartOf\":{\"@id\":\"https:\/\/librairie7l.com\/en\/#website\"},\"datePublished\":\"2023-05-09T16:42:00+00:00\",\"dateModified\":\"2026-04-03T17:25:58+00:00\",\"breadcrumb\":{\"@id\":\"https:\/\/librairie7l.com\/en\/produit\/andre-arbus-architecte-decorateur-des-annees-40-2\/#breadcrumb\"},\"inLanguage\":\"en-US\",\"potentialAction\":[{\"@type\":\"ReadAction\",\"target\":[\"https:\/\/librairie7l.com\/en\/produit\/andre-arbus-architecte-decorateur-des-annees-40-2\/\"]}]},{\"@type\":\"BreadcrumbList\",\"@id\":\"https:\/\/librairie7l.com\/en\/produit\/andre-arbus-architecte-decorateur-des-annees-40-2\/#breadcrumb\",\"itemListElement\":[{\"@type\":\"ListItem\",\"position\":1,\"name\":\"Accueil\",\"item\":\"https:\/\/librairie7l.com\/en\/\"},{\"@type\":\"ListItem\",\"position\":2,\"name\":\"Shop\",\"item\":\"https:\/\/librairie7l.com\/en\/shop\/\"},{\"@type\":\"ListItem\",\"position\":3,\"name\":\"ANDRE ARBUS &#8211; ARCHITECTE-DECORATEUR DES ANNEES 40\"}]},{\"@type\":\"WebSite\",\"@id\":\"https:\/\/librairie7l.com\/en\/#website\",\"url\":\"https:\/\/librairie7l.com\/en\/\",\"name\":\"Librairie 7L\",\"description\":\"Librairie fond\u00e9e en 1999 par Karl Lagerfeld \u00e0 Paris\",\"publisher\":{\"@id\":\"https:\/\/librairie7l.com\/en\/#organization\"},\"potentialAction\":[{\"@type\":\"SearchAction\",\"target\":{\"@type\":\"EntryPoint\",\"urlTemplate\":\"https:\/\/librairie7l.com\/en\/?s={search_term_string}\"},\"query-input\":\"required name=search_term_string\"}],\"inLanguage\":\"en-US\"},{\"@type\":\"Organization\",\"@id\":\"https:\/\/librairie7l.com\/en\/#organization\",\"name\":\"Librairie 7L\",\"url\":\"https:\/\/librairie7l.com\/en\/\",\"logo\":{\"@type\":\"ImageObject\",\"inLanguage\":\"en-US\",\"@id\":\"https:\/\/librairie7l.com\/en\/#\/schema\/logo\/image\/\",\"url\":\"https:\/\/librairie7l.com\/wp-content\/uploads\/2022\/08\/logo-1.png\",\"contentUrl\":\"https:\/\/librairie7l.com\/wp-content\/uploads\/2022\/08\/logo-1.png\",\"width\":227,\"height\":301,\"caption\":\"Librairie 7L\"},\"image\":{\"@id\":\"https:\/\/librairie7l.com\/en\/#\/schema\/logo\/image\/\"}}]}<\/script>\n<!-- \/ Yoast SEO plugin. -->","yoast_head_json":{"title":"ANDRE ARBUS - ARCHITECTE-DECORATEUR DES ANNEES 40 - Librairie 7L","robots":{"index":"index","follow":"follow","max-snippet":"max-snippet:-1","max-image-preview":"max-image-preview:large","max-video-preview":"max-video-preview:-1"},"canonical":"https:\/\/librairie7l.com\/en\/produit\/andre-arbus-architecte-decorateur-des-annees-40-2\/","og_locale":"en_US","og_type":"article","og_title":"ANDRE ARBUS - ARCHITECTE-DECORATEUR DES ANNEES 40 - Librairie 7L","og_description":"Andr\u00e9 arbus (toulouse 1903-paris 1969) &#8221; je suis d&#8217;une vieille famille d&#8217;\u00e9b\u00e9nistes. De p\u00e8re en fils depuis tr\u00e8s longtemps. autant dire que je suis n\u00e9 dans un atelier d&#8217;\u00e9b\u00e9nisterie. &#8221; andr\u00e9 arbus compl\u00e8te cette formation par une culture classique, acquise \u00e0 l&#8217;\u00e9cole des beaux-arts de toulouse. il choisit l&#8217;art d\u00e9coratif alors que s&#8217;ouvre \u00e0 paris [&hellip;]","og_url":"https:\/\/librairie7l.com\/en\/produit\/andre-arbus-architecte-decorateur-des-annees-40-2\/","og_site_name":"Librairie 7L","article_modified_time":"2026-04-03T17:25:58+00:00","og_image":[{"width":388,"height":500,"url":"https:\/\/librairie7l.com\/wp-content\/uploads\/2003\/05\/9782909283845_1_75.jpg","type":"image\/jpeg"}],"twitter_card":"summary_large_image","twitter_misc":{"Est. reading time":"2 minutes"},"schema":{"@context":"https:\/\/schema.org","@graph":[{"@type":"WebPage","@id":"https:\/\/librairie7l.com\/en\/produit\/andre-arbus-architecte-decorateur-des-annees-40-2\/","url":"https:\/\/librairie7l.com\/en\/produit\/andre-arbus-architecte-decorateur-des-annees-40-2\/","name":"ANDRE ARBUS - ARCHITECTE-DECORATEUR DES ANNEES 40 - Librairie 7L","isPartOf":{"@id":"https:\/\/librairie7l.com\/en\/#website"},"datePublished":"2023-05-09T16:42:00+00:00","dateModified":"2026-04-03T17:25:58+00:00","breadcrumb":{"@id":"https:\/\/librairie7l.com\/en\/produit\/andre-arbus-architecte-decorateur-des-annees-40-2\/#breadcrumb"},"inLanguage":"en-US","potentialAction":[{"@type":"ReadAction","target":["https:\/\/librairie7l.com\/en\/produit\/andre-arbus-architecte-decorateur-des-annees-40-2\/"]}]},{"@type":"BreadcrumbList","@id":"https:\/\/librairie7l.com\/en\/produit\/andre-arbus-architecte-decorateur-des-annees-40-2\/#breadcrumb","itemListElement":[{"@type":"ListItem","position":1,"name":"Accueil","item":"https:\/\/librairie7l.com\/en\/"},{"@type":"ListItem","position":2,"name":"Shop","item":"https:\/\/librairie7l.com\/en\/shop\/"},{"@type":"ListItem","position":3,"name":"ANDRE ARBUS &#8211; ARCHITECTE-DECORATEUR DES ANNEES 40"}]},{"@type":"WebSite","@id":"https:\/\/librairie7l.com\/en\/#website","url":"https:\/\/librairie7l.com\/en\/","name":"Librairie 7L","description":"Librairie fond\u00e9e en 1999 par Karl Lagerfeld \u00e0 Paris","publisher":{"@id":"https:\/\/librairie7l.com\/en\/#organization"},"potentialAction":[{"@type":"SearchAction","target":{"@type":"EntryPoint","urlTemplate":"https:\/\/librairie7l.com\/en\/?s={search_term_string}"},"query-input":"required name=search_term_string"}],"inLanguage":"en-US"},{"@type":"Organization","@id":"https:\/\/librairie7l.com\/en\/#organization","name":"Librairie 7L","url":"https:\/\/librairie7l.com\/en\/","logo":{"@type":"ImageObject","inLanguage":"en-US","@id":"https:\/\/librairie7l.com\/en\/#\/schema\/logo\/image\/","url":"https:\/\/librairie7l.com\/wp-content\/uploads\/2022\/08\/logo-1.png","contentUrl":"https:\/\/librairie7l.com\/wp-content\/uploads\/2022\/08\/logo-1.png","width":227,"height":301,"caption":"Librairie 7L"},"image":{"@id":"https:\/\/librairie7l.com\/en\/#\/schema\/logo\/image\/"}}]}},"_links":{"self":[{"href":"https:\/\/librairie7l.com\/en\/wp-json\/wp\/v2\/product\/22507"}],"collection":[{"href":"https:\/\/librairie7l.com\/en\/wp-json\/wp\/v2\/product"}],"about":[{"href":"https:\/\/librairie7l.com\/en\/wp-json\/wp\/v2\/types\/product"}],"wp:featuredmedia":[{"embeddable":true,"href":"https:\/\/librairie7l.com\/en\/wp-json\/wp\/v2\/media\/22505"}],"wp:attachment":[{"href":"https:\/\/librairie7l.com\/en\/wp-json\/wp\/v2\/media?parent=22507"}],"wp:term":[{"taxonomy":"product_cat","embeddable":true,"href":"https:\/\/librairie7l.com\/en\/wp-json\/wp\/v2\/product_cat?post=22507"},{"taxonomy":"product_tag","embeddable":true,"href":"https:\/\/librairie7l.com\/en\/wp-json\/wp\/v2\/product_tag?post=22507"}],"curies":[{"name":"wp","href":"https:\/\/api.w.org\/{rel}","templated":true}]}}