{"id":22515,"date":"2023-05-09T18:42:06","date_gmt":"2023-05-09T16:42:06","guid":{"rendered":"https:\/\/librairie7l.com\/?post_type=product&#038;p=22515"},"modified":"2026-04-19T01:54:38","modified_gmt":"2026-04-18T23:54:38","slug":"collection-martin-szekely-t-3-construction","status":"publish","type":"product","link":"https:\/\/librairie7l.com\/en\/produit\/collection-martin-szekely-t-3-construction\/","title":{"rendered":"COLLECTION MARTIN SZEKELY T.3 ; CONSTRUCTION"},"content":{"rendered":"<p>B42 s&#8217;associe avec le designer fran\u00e7ais Martin Szekely pour pr\u00e9senter une s\u00e9rie d&#8217;ouvrages consacr\u00e9s \u00e0 son travail. Chaque ouvrage s&#8217;attardera sur une pi\u00e8ce, une s\u00e9rie de pi\u00e8ces ou une exposition et montrera, essentiellement par l&#8217;image, les projets du designer.<br \/>\nLe premier ouvrage est une promenade au sein de l&#8217;exposition Ne plus dessiner pr\u00e9sent\u00e9e au Centre Pompidou en 2012. Cette pr\u00e9sentation monographique est compos\u00e9e de photographies de l&#8217;exposition, compos\u00e9es en pleine page.<br \/>\nLe deuxi\u00e8me est consacr\u00e9 \u00e0 4 pi\u00e8ces Artefact, MAP, Mani\u00e8re Noire et FAR. Ces quatre pi\u00e8ces jouent toutes de d&#8217;illusion entre la forme de l&#8217;objet et le mat\u00e9riau qui les constituent.<br \/>\nLe troisi\u00e8me, intitul\u00e9 Construction pr\u00e9sente un syst\u00e8me d&#8217;\u00e9tag\u00e8re modulaire con\u00e7u et produit par le designer dont la construction d\u00e9gage une impression de chaos. Cette impression, d&#8217;un apparent d\u00e9sordre, r\u00e9sulte pourtant de l&#8217;application rigoureuse de la r\u00e8gle qui r\u00e9gie le maintien de l&#8217;ensemble construit. C&#8217;est en fait, le d\u00e9calage syst\u00e9matique des planches entres elles et le \u00ab noeud \u00bb provoqu\u00e9 \u00e0 chaque intersection de quatre planches, r\u00e9p\u00e9t\u00e9 autant de fois que la structure se renouvelle et se d\u00e9ploie dans l&#8217;espace qui g\u00e9n\u00e8re en fin de compte sa robustesse et sa dimension esth\u00e9tique.<\/p>\n","protected":false},"excerpt":{"rendered":"<p>B42 s&#8217;associe avec le designer fran\u00e7ais Martin Szekely pour pr\u00e9senter une s\u00e9rie d&#8217;ouvrages consacr\u00e9s \u00e0 son travail. Chaque ouvrage s&#8217;attardera sur une pi\u00e8ce, une s\u00e9rie de pi\u00e8ces ou une exposition et montrera, essentiellement par l&#8217;image, les projets du designer. Le premier ouvrage est une promenade au sein de l&#8217;exposition Ne plus dessiner pr\u00e9sent\u00e9e au Centre [&hellip;]<\/p>\n","protected":false},"featured_media":22513,"template":"","meta":[],"product_cat":[2948,2952],"product_tag":[],"acf":[],"yoast_head":"<!-- This site is optimized with the Yoast SEO plugin v20.11 - https:\/\/yoast.com\/wordpress\/plugins\/seo\/ -->\n<title>COLLECTION MARTIN SZEKELY T.3 ; CONSTRUCTION - Librairie 7L<\/title>\n<meta name=\"robots\" content=\"index, follow, max-snippet:-1, max-image-preview:large, max-video-preview:-1\" \/>\n<link rel=\"canonical\" href=\"https:\/\/librairie7l.com\/en\/produit\/collection-martin-szekely-t-3-construction\/\" \/>\n<meta property=\"og:locale\" content=\"en_US\" \/>\n<meta property=\"og:type\" content=\"article\" \/>\n<meta property=\"og:title\" content=\"COLLECTION MARTIN SZEKELY T.3 ; CONSTRUCTION - Librairie 7L\" \/>\n<meta property=\"og:description\" content=\"B42 s&#8217;associe avec le designer fran\u00e7ais Martin Szekely pour pr\u00e9senter une s\u00e9rie d&#8217;ouvrages consacr\u00e9s \u00e0 son travail. Chaque ouvrage s&#8217;attardera sur une pi\u00e8ce, une s\u00e9rie de pi\u00e8ces ou une exposition et montrera, essentiellement par l&#8217;image, les projets du designer. Le premier ouvrage est une promenade au sein de l&#8217;exposition Ne plus dessiner pr\u00e9sent\u00e9e au Centre [&hellip;]\" \/>\n<meta property=\"og:url\" content=\"https:\/\/librairie7l.com\/en\/produit\/collection-martin-szekely-t-3-construction\/\" \/>\n<meta property=\"og:site_name\" content=\"Librairie 7L\" \/>\n<meta property=\"article:modified_time\" content=\"2026-04-18T23:54:38+00:00\" \/>\n<meta property=\"og:image\" content=\"https:\/\/librairie7l.com\/wp-content\/uploads\/2017\/05\/9782917855843_1_75.jpg\" \/>\n\t<meta property=\"og:image:width\" content=\"200\" \/>\n\t<meta property=\"og:image:height\" content=\"292\" \/>\n\t<meta property=\"og:image:type\" content=\"image\/jpeg\" \/>\n<meta name=\"twitter:card\" content=\"summary_large_image\" \/>\n<meta name=\"twitter:label1\" content=\"Est. reading time\" \/>\n\t<meta name=\"twitter:data1\" content=\"1 minute\" \/>\n<script type=\"application\/ld+json\" class=\"yoast-schema-graph\">{\"@context\":\"https:\/\/schema.org\",\"@graph\":[{\"@type\":\"WebPage\",\"@id\":\"https:\/\/librairie7l.com\/en\/produit\/collection-martin-szekely-t-3-construction\/\",\"url\":\"https:\/\/librairie7l.com\/en\/produit\/collection-martin-szekely-t-3-construction\/\",\"name\":\"COLLECTION MARTIN SZEKELY T.3 ; CONSTRUCTION - Librairie 7L\",\"isPartOf\":{\"@id\":\"https:\/\/librairie7l.com\/en\/#website\"},\"datePublished\":\"2023-05-09T16:42:06+00:00\",\"dateModified\":\"2026-04-18T23:54:38+00:00\",\"breadcrumb\":{\"@id\":\"https:\/\/librairie7l.com\/en\/produit\/collection-martin-szekely-t-3-construction\/#breadcrumb\"},\"inLanguage\":\"en-US\",\"potentialAction\":[{\"@type\":\"ReadAction\",\"target\":[\"https:\/\/librairie7l.com\/en\/produit\/collection-martin-szekely-t-3-construction\/\"]}]},{\"@type\":\"BreadcrumbList\",\"@id\":\"https:\/\/librairie7l.com\/en\/produit\/collection-martin-szekely-t-3-construction\/#breadcrumb\",\"itemListElement\":[{\"@type\":\"ListItem\",\"position\":1,\"name\":\"Accueil\",\"item\":\"https:\/\/librairie7l.com\/en\/\"},{\"@type\":\"ListItem\",\"position\":2,\"name\":\"Shop\",\"item\":\"https:\/\/librairie7l.com\/en\/shop\/\"},{\"@type\":\"ListItem\",\"position\":3,\"name\":\"COLLECTION MARTIN SZEKELY T.3 ; CONSTRUCTION\"}]},{\"@type\":\"WebSite\",\"@id\":\"https:\/\/librairie7l.com\/en\/#website\",\"url\":\"https:\/\/librairie7l.com\/en\/\",\"name\":\"Librairie 7L\",\"description\":\"Librairie fond\u00e9e en 1999 par Karl Lagerfeld \u00e0 Paris\",\"publisher\":{\"@id\":\"https:\/\/librairie7l.com\/en\/#organization\"},\"potentialAction\":[{\"@type\":\"SearchAction\",\"target\":{\"@type\":\"EntryPoint\",\"urlTemplate\":\"https:\/\/librairie7l.com\/en\/?s={search_term_string}\"},\"query-input\":\"required name=search_term_string\"}],\"inLanguage\":\"en-US\"},{\"@type\":\"Organization\",\"@id\":\"https:\/\/librairie7l.com\/en\/#organization\",\"name\":\"Librairie 7L\",\"url\":\"https:\/\/librairie7l.com\/en\/\",\"logo\":{\"@type\":\"ImageObject\",\"inLanguage\":\"en-US\",\"@id\":\"https:\/\/librairie7l.com\/en\/#\/schema\/logo\/image\/\",\"url\":\"https:\/\/librairie7l.com\/wp-content\/uploads\/2022\/08\/logo-1.png\",\"contentUrl\":\"https:\/\/librairie7l.com\/wp-content\/uploads\/2022\/08\/logo-1.png\",\"width\":227,\"height\":301,\"caption\":\"Librairie 7L\"},\"image\":{\"@id\":\"https:\/\/librairie7l.com\/en\/#\/schema\/logo\/image\/\"}}]}<\/script>\n<!-- \/ Yoast SEO plugin. -->","yoast_head_json":{"title":"COLLECTION MARTIN SZEKELY T.3 ; CONSTRUCTION - Librairie 7L","robots":{"index":"index","follow":"follow","max-snippet":"max-snippet:-1","max-image-preview":"max-image-preview:large","max-video-preview":"max-video-preview:-1"},"canonical":"https:\/\/librairie7l.com\/en\/produit\/collection-martin-szekely-t-3-construction\/","og_locale":"en_US","og_type":"article","og_title":"COLLECTION MARTIN SZEKELY T.3 ; CONSTRUCTION - Librairie 7L","og_description":"B42 s&#8217;associe avec le designer fran\u00e7ais Martin Szekely pour pr\u00e9senter une s\u00e9rie d&#8217;ouvrages consacr\u00e9s \u00e0 son travail. Chaque ouvrage s&#8217;attardera sur une pi\u00e8ce, une s\u00e9rie de pi\u00e8ces ou une exposition et montrera, essentiellement par l&#8217;image, les projets du designer. Le premier ouvrage est une promenade au sein de l&#8217;exposition Ne plus dessiner pr\u00e9sent\u00e9e au Centre [&hellip;]","og_url":"https:\/\/librairie7l.com\/en\/produit\/collection-martin-szekely-t-3-construction\/","og_site_name":"Librairie 7L","article_modified_time":"2026-04-18T23:54:38+00:00","og_image":[{"width":200,"height":292,"url":"https:\/\/librairie7l.com\/wp-content\/uploads\/2017\/05\/9782917855843_1_75.jpg","type":"image\/jpeg"}],"twitter_card":"summary_large_image","twitter_misc":{"Est. reading time":"1 minute"},"schema":{"@context":"https:\/\/schema.org","@graph":[{"@type":"WebPage","@id":"https:\/\/librairie7l.com\/en\/produit\/collection-martin-szekely-t-3-construction\/","url":"https:\/\/librairie7l.com\/en\/produit\/collection-martin-szekely-t-3-construction\/","name":"COLLECTION MARTIN SZEKELY T.3 ; CONSTRUCTION - Librairie 7L","isPartOf":{"@id":"https:\/\/librairie7l.com\/en\/#website"},"datePublished":"2023-05-09T16:42:06+00:00","dateModified":"2026-04-18T23:54:38+00:00","breadcrumb":{"@id":"https:\/\/librairie7l.com\/en\/produit\/collection-martin-szekely-t-3-construction\/#breadcrumb"},"inLanguage":"en-US","potentialAction":[{"@type":"ReadAction","target":["https:\/\/librairie7l.com\/en\/produit\/collection-martin-szekely-t-3-construction\/"]}]},{"@type":"BreadcrumbList","@id":"https:\/\/librairie7l.com\/en\/produit\/collection-martin-szekely-t-3-construction\/#breadcrumb","itemListElement":[{"@type":"ListItem","position":1,"name":"Accueil","item":"https:\/\/librairie7l.com\/en\/"},{"@type":"ListItem","position":2,"name":"Shop","item":"https:\/\/librairie7l.com\/en\/shop\/"},{"@type":"ListItem","position":3,"name":"COLLECTION MARTIN SZEKELY T.3 ; CONSTRUCTION"}]},{"@type":"WebSite","@id":"https:\/\/librairie7l.com\/en\/#website","url":"https:\/\/librairie7l.com\/en\/","name":"Librairie 7L","description":"Librairie fond\u00e9e en 1999 par Karl Lagerfeld \u00e0 Paris","publisher":{"@id":"https:\/\/librairie7l.com\/en\/#organization"},"potentialAction":[{"@type":"SearchAction","target":{"@type":"EntryPoint","urlTemplate":"https:\/\/librairie7l.com\/en\/?s={search_term_string}"},"query-input":"required name=search_term_string"}],"inLanguage":"en-US"},{"@type":"Organization","@id":"https:\/\/librairie7l.com\/en\/#organization","name":"Librairie 7L","url":"https:\/\/librairie7l.com\/en\/","logo":{"@type":"ImageObject","inLanguage":"en-US","@id":"https:\/\/librairie7l.com\/en\/#\/schema\/logo\/image\/","url":"https:\/\/librairie7l.com\/wp-content\/uploads\/2022\/08\/logo-1.png","contentUrl":"https:\/\/librairie7l.com\/wp-content\/uploads\/2022\/08\/logo-1.png","width":227,"height":301,"caption":"Librairie 7L"},"image":{"@id":"https:\/\/librairie7l.com\/en\/#\/schema\/logo\/image\/"}}]}},"_links":{"self":[{"href":"https:\/\/librairie7l.com\/en\/wp-json\/wp\/v2\/product\/22515"}],"collection":[{"href":"https:\/\/librairie7l.com\/en\/wp-json\/wp\/v2\/product"}],"about":[{"href":"https:\/\/librairie7l.com\/en\/wp-json\/wp\/v2\/types\/product"}],"wp:featuredmedia":[{"embeddable":true,"href":"https:\/\/librairie7l.com\/en\/wp-json\/wp\/v2\/media\/22513"}],"wp:attachment":[{"href":"https:\/\/librairie7l.com\/en\/wp-json\/wp\/v2\/media?parent=22515"}],"wp:term":[{"taxonomy":"product_cat","embeddable":true,"href":"https:\/\/librairie7l.com\/en\/wp-json\/wp\/v2\/product_cat?post=22515"},{"taxonomy":"product_tag","embeddable":true,"href":"https:\/\/librairie7l.com\/en\/wp-json\/wp\/v2\/product_tag?post=22515"}],"curies":[{"name":"wp","href":"https:\/\/api.w.org\/{rel}","templated":true}]}}